{"id":6598,"date":"2024-08-27T22:06:10","date_gmt":"2024-08-27T22:06:10","guid":{"rendered":"https:\/\/rental-car.company\/?page_id=6598"},"modified":"2024-08-27T22:06:10","modified_gmt":"2024-08-27T22:06:10","slug":"noleggio-auto-baton-rouge","status":"publish","type":"page","link":"https:\/\/rental-car.company\/it\/noleggio-auto-baton-rouge\/","title":{"rendered":"Noleggio auto Baton Rouge: esplorare la capitale con facilit\u00e0"},"content":{"rendered":"<div class=\"wpb-content-wrapper\"><h2>Noleggiare un'auto a Baton Rouge per viaggiare in modo conveniente<\/h2>\n<p>Avete in programma un viaggio a Baton Rouge, la capitale della Louisiana? Non cercate oltre il noleggio auto di Baton Rouge per tutte le vostre esigenze di trasporto. Con la sua cultura variegata, la ricca storia e la vivace scena musicale, c'\u00e8 molto da vedere e da fare in questa vivace citt\u00e0. Ma spostarsi pu\u00f2 essere una sfida senza un veicolo proprio. \u00c8 qui che entra in gioco rental-car.company, che offre servizi di noleggio auto affidabili e convenienti che renderanno il vostro viaggio a Baton Rouge un gioco da ragazzi.<\/p>\n<div class=\"vc_row wpb_row vc_row-fluid\"><div class=\"wpb_column vc_column_container vc_col-sm-12\"><div class=\"vc_column-inner\"><div class=\"wpb_wrapper\">\n\t<div class=\"wpb_text_column wpb_content_element\" >\n\t\t<div class=\"wpb_wrapper\">\n\t\t\t<p><script id=\"dchwidget\" src=\"https:\/\/www.discovercars.com\/wg.js\" async=\"\" data-dev-env=\"com\" data-location=\"\" data-lang=\"en\" data-utm-source=\"malina\" data-utm-medium=\"widget\" data-aff-code=\"a_aid\" data-autocomplete=\"on\" data-style-submit-bg-color=\"00A200\" data-style-submit-font-color=\"white\" data-style-form-bg-color=\"FAD130\" data-style-form-font-color=\"333\" data-style-submit-text=\"Search now\"><\/script><\/p>\n\n\t\t<\/div>\n\t<\/div>\n<\/div><\/div><\/div><\/div>\n<p>&nbsp;<\/p>\n<h2>Scopri le opzioni di noleggio auto a Baton Rouge<\/h2>\n<p><img loading=\"lazy\" decoding=\"async\" class=\"alignleft\" src=\"\/wp-content\/uploads\/images\/rent_car_230.png\" alt=\"noleggio auto baton rouge\" width=\"350\" height=\"350\" \/><\/p>\n<p>Rental-car.company offre un'ampia selezione di veicoli per soddisfare le vostre specifiche esigenze di viaggio. Dalle auto compatte per chi viaggia da solo o in coppia, agli spaziosi SUV per i gruppi pi\u00f9 numerosi o le famiglie, abbiamo tutto. La nostra flotta viene regolarmente mantenuta e aggiornata con gli ultimi modelli delle migliori marche come Toyota, Ford e Chevrolet.<\/p>\n<p>Per coloro che desiderano un ulteriore lusso durante il loro soggiorno a Baton Rouge, offriamo anche opzioni di auto premium come Mercedes-Benz e BMW. E se avete intenzione di esplorare le strade panoramiche fuori citt\u00e0, i nostri veicoli 4\u00d74 sono perfetti per le avventure in fuoristrada.<\/p>\n<h3>Vantaggi del noleggio di un'auto a Baton Rouge<\/h3>\n<p>- Libert\u00e0 di esplorare al proprio ritmo: Quando noleggiate un'auto a Baton Rouge, avete il controllo completo del vostro itinerario. Non dovrete pi\u00f9 aspettare i mezzi pubblici o rispettare i rigidi orari dei tour.<br \/>\n- Comodi punti di ritiro e riconsegna: Grazie ai numerosi punti di ritiro e riconsegna in tutta la citt\u00e0, compreso l'aeroporto, i nostri servizi di autonoleggio sono facilmente accessibili.<br \/>\n- Economico: Noleggiare un'auto pu\u00f2 spesso essere pi\u00f9 conveniente che affidarsi ai taxi o ai servizi di ride-sharing per tutto il viaggio.<br \/>\n- Esperienza di viaggio confortevole: I nostri veicoli sono ben tenuti e dotati di aria condizionata, per rendere il vostro viaggio confortevole anche nel caldo della Louisiana.<\/p>\n<h3>Cose da considerare prima di noleggiare un'auto a Baton Rouge<\/h3>\n<p>- Limiti di et\u00e0: Per noleggiare un'auto a Baton Rouge \u00e8 necessario avere almeno 21 anni. I conducenti di et\u00e0 inferiore ai 25 anni possono incorrere in costi aggiuntivi.<br \/>\n- Copertura assicurativa: Le nostre tariffe di noleggio includono una copertura assicurativa di base, ma consigliamo di acquistare un'assicurazione aggiuntiva per stare tranquilli durante il viaggio.<br \/>\n- Politica sul carburante: Prima di noleggiare un'auto, accertatevi di aver chiarito la nostra politica sul carburante. Alcune opzioni includono il pagamento anticipato di un pieno o la restituzione del veicolo con la stessa quantit\u00e0 di carburante del momento del ritiro.<\/p>\n<h4>Pro e contro<\/h4>\n<p>Pro:<br \/>\n- Flessibilit\u00e0 e convenienza<br \/>\n- Opzione di trasporto conveniente<br \/>\n- Ampia selezione di veicoli tra cui scegliere<\/p>\n<p>Contro:<br \/>\n- Tasse aggiuntive per i conducenti di et\u00e0 inferiore ai 25 anni<br \/>\n- Potenziali costi aggiuntivi per assicurazione e carburante<br \/>\n- Possibile congestione del traffico nelle ore di punta<\/p>\n<h4>Domande frequenti<\/h4>\n<p><img loading=\"lazy\" decoding=\"async\" class=\"alignright\" src=\"\/wp-content\/uploads\/images\/rent_car_863.png\" alt=\"noleggio auto baton rouge\" width=\"350\" height=\"350\" \/><\/p>\n<p>D: Posso noleggiare un'auto senza carta di credito?<br \/>\nR: S\u00ec, accettiamo anche carte di debito, purch\u00e9 abbiano il logo Visa o Mastercard.<\/p>\n<p>D: Ho bisogno di una patente di guida internazionale?<br \/>\nR: Se la vostra patente di guida \u00e8 in inglese, non avete bisogno di una patente internazionale. Tuttavia, se non \u00e8 in inglese, ne avrete bisogno.<\/p>\n<p>D: Cosa succede se restituisco la mia auto a noleggio in ritardo?<br \/>\nR: Le restituzioni tardive possono comportare costi aggiuntivi. Vi preghiamo di informarci in anticipo se prevedete di arrivare in ritardo, in modo da poter prendere le disposizioni necessarie.<\/p>\n<p>In conclusione, noleggiare un'auto a Baton Rouge con rental-car.company \u00e8 il modo migliore per scoprire tutto ci\u00f2 che questa vivace citt\u00e0 ha da offrire. Con la nostra ampia selezione di veicoli e i nostri servizi convenienti, ci proponiamo di rendere il vostro viaggio piacevole e senza problemi. Prenotate oggi stesso il vostro noleggio auto a Baton Rouge e preparatevi a esplorare la capitale della Louisiana con stile.<\/p>\n<\/div>","protected":false},"excerpt":{"rendered":"<p>Rent a Car in Baton Rouge for Convenient Travel Are you planning a trip to Baton Rouge, the capital city of Louisiana? Look no further than Baton Rouge car rental for all your transportation needs. With its diverse culture, rich history, and vibrant music scene, there&#8217;s plenty to see and do in this bustling city. [&hellip;]<\/p>\n","protected":false},"author":1,"featured_media":5928,"parent":0,"menu_order":0,"comment_status":"closed","ping_status":"closed","template":"","meta":{"rs_blank_template":"","rs_page_bg_color":"","slide_template_v7":"","footnotes":""},"categories":[1],"tags":[],"class_list":["post-6598","page","type-page","status-publish","has-post-thumbnail","hentry","category-blog"],"_links":{"self":[{"href":"https:\/\/rental-car.company\/it\/wp-json\/wp\/v2\/pages\/6598","targetHints":{"allow":["GET"]}}],"collection":[{"href":"https:\/\/rental-car.company\/it\/wp-json\/wp\/v2\/pages"}],"about":[{"href":"https:\/\/rental-car.company\/it\/wp-json\/wp\/v2\/types\/page"}],"author":[{"embeddable":true,"href":"https:\/\/rental-car.company\/it\/wp-json\/wp\/v2\/users\/1"}],"replies":[{"embeddable":true,"href":"https:\/\/rental-car.company\/it\/wp-json\/wp\/v2\/comments?post=6598"}],"version-history":[{"count":0,"href":"https:\/\/rental-car.company\/it\/wp-json\/wp\/v2\/pages\/6598\/revisions"}],"wp:featuredmedia":[{"embeddable":true,"href":"https:\/\/rental-car.company\/it\/wp-json\/wp\/v2\/media\/5928"}],"wp:attachment":[{"href":"https:\/\/rental-car.company\/it\/wp-json\/wp\/v2\/media?parent=6598"}],"wp:term":[{"taxonomy":"category","embeddable":true,"href":"https:\/\/rental-car.company\/it\/wp-json\/wp\/v2\/categories?post=6598"},{"taxonomy":"post_tag","embeddable":true,"href":"https:\/\/rental-car.company\/it\/wp-json\/wp\/v2\/tags?post=6598"}],"curies":[{"name":"wp","href":"https:\/\/api.w.org\/{rel}","templated":true}]}}