{"id":6606,"date":"2024-08-28T00:06:12","date_gmt":"2024-08-28T00:06:12","guid":{"rendered":"https:\/\/rental-car.company\/?page_id=6606"},"modified":"2024-08-28T00:06:12","modified_gmt":"2024-08-28T00:06:12","slug":"impresa-lem-turner","status":"publish","type":"page","link":"https:\/\/rental-car.company\/it\/impresa-lem-turner\/","title":{"rendered":"Enterprise Lem Turner: La vostra soluzione di autonoleggio definitiva"},"content":{"rendered":"<div class=\"wpb-content-wrapper\"><h2>Le migliori offerte Enterprise Lem Turner per il vostro prossimo viaggio<\/h2>\n<p>Avete in programma un viaggio a Jacksonville, in Florida, e avete bisogno di un mezzo di trasporto affidabile e conveniente? Non cercate oltre Enterprise Lem Turner. Questa societ\u00e0 di autonoleggio offre un'ampia gamma di veicoli per soddisfare le vostre esigenze, sia che viaggiate da soli che in gruppo. Con diverse sedi in tutta Jacksonville, tra cui la famosa filiale di Lem Turner Road, Enterprise vi permette di noleggiare facilmente un'auto e di esplorare tutto ci\u00f2 che questa vivace citt\u00e0 ha da offrire.<\/p>\n<div class=\"vc_row wpb_row vc_row-fluid\"><div class=\"wpb_column vc_column_container vc_col-sm-12\"><div class=\"vc_column-inner\"><div class=\"wpb_wrapper\">\n\t<div class=\"wpb_text_column wpb_content_element\" >\n\t\t<div class=\"wpb_wrapper\">\n\t\t\t<p><script id=\"dchwidget\" src=\"https:\/\/www.discovercars.com\/wg.js\" async=\"\" data-dev-env=\"com\" data-location=\"\" data-lang=\"en\" data-utm-source=\"malina\" data-utm-medium=\"widget\" data-aff-code=\"a_aid\" data-autocomplete=\"on\" data-style-submit-bg-color=\"00A200\" data-style-submit-font-color=\"white\" data-style-form-bg-color=\"FAD130\" data-style-form-font-color=\"333\" data-style-submit-text=\"Search now\"><\/script><\/p>\n\n\t\t<\/div>\n\t<\/div>\n<\/div><\/div><\/div><\/div>\n<p>&nbsp;<\/p>\n<h2>Scoprire l'impresa Lem Turner<\/h2>\n<p><img loading=\"lazy\" decoding=\"async\" class=\"alignleft\" src=\"\/wp-content\/uploads\/images\/rent_car_667.png\" alt=\"impresa lem turner\" width=\"350\" height=\"350\" \/><\/p>\n<p>Fondata nel 1957 da Jack Taylor, Enterprise \u00e8 cresciuta fino a diventare una delle principali societ\u00e0 di autonoleggio del mondo. Con oltre 7.600 sedi in pi\u00f9 di 85 paesi, Enterprise \u00e8 orgogliosa di fornire un servizio clienti eccezionale e veicoli di alta qualit\u00e0 a prezzi competitivi. Il motto dell'azienda \u00e8 \"Ti veniamo a prendere\", che riflette il suo impegno a rendere la vostra esperienza di viaggio il pi\u00f9 conveniente possibile.<\/p>\n<p>Presso la filiale Lem Turner di Enterprise a Jacksonville, potrete scegliere tra un'ampia gamma di auto, tra cui berline, SUV, camion e furgoni. Che abbiate bisogno di un veicolo per viaggi di lavoro o di piacere, in questa sede ce n'\u00e8 per tutti i gusti. Inoltre, grazie alle sue opzioni di noleggio flessibili, come il noleggio di una sola tratta e il noleggio a lungo termine, Enterprise vi permette di personalizzare facilmente il vostro viaggio in base alle vostre esigenze.<\/p>\n<h3>Affittare con facilit\u00e0<\/h3>\n<p>Noleggiare un'auto da Enterprise Lem Turner \u00e8 semplice e senza problemi. Potete prenotare online o per telefono in qualsiasi momento prima del vostro viaggio. Il loro sito web di facile consultazione vi permette di scegliere il tipo di veicolo e il luogo di ritiro che preferite, fornendovi anche una stima dei costi in anticipo, in modo da non avere sorprese quando arriva il momento di pagare.<\/p>\n<p>All'arrivo al banco di noleggio della filiale Lem Turner di Enterprise a Jacksonville, il personale cordiale vi assister\u00e0 nel processo di check-in e vi metter\u00e0 in viaggio in pochissimo tempo. Le auto a noleggio sono ben tenute e sottoposte a regolare manutenzione, per garantire a tutti i clienti un'esperienza di guida tranquilla e sicura.<\/p>\n<h3>Pro e contro<\/h3>\n<p>Pro:<br \/>\n- Comodi punti di ritiro in tutta Jacksonville<br \/>\n- Ampia scelta di opzioni per i veicoli<br \/>\n- Opzioni di noleggio flessibili per soddisfare le vostre esigenze<br \/>\n- Servizio clienti eccellente<\/p>\n<p>Contro:<br \/>\n- Potrebbero essere applicati costi aggiuntivi per servizi extra come il GPS o i seggiolini per bambini.<br \/>\n- Disponibilit\u00e0 limitata durante le stagioni di punta<\/p>\n<h4>FAQ<\/h4>\n<p><img loading=\"lazy\" decoding=\"async\" class=\"alignright\" src=\"\/wp-content\/uploads\/images\/rent_car_1061.png\" alt=\"impresa lem turner\" width=\"350\" height=\"350\" \/><\/p>\n<p>D: Qual \u00e8 l'et\u00e0 minima richiesta per noleggiare un'auto da Enterprise Lem Turner?<br \/>\nR: L'et\u00e0 minima per noleggiare un'auto da Enterprise \u00e8 di 21 anni. Tuttavia, i conducenti di et\u00e0 compresa tra i 21 e i 24 anni possono essere soggetti a un supplemento per giovani conducenti.<\/p>\n<p>D: Posso restituire l'auto a noleggio in un luogo diverso?<br \/>\nR: S\u00ec, Enterprise offre noleggi di sola andata che consentono di riconsegnare il veicolo in un luogo diverso pagando un supplemento.<\/p>\n<p>D: Quali tipi di pagamento accetta Enterprise?<br \/>\nR: Enterprise accetta la maggior parte delle carte di credito, tra cui Visa, Mastercard, American Express e Discover. Accetta anche carte di debito con alcune restrizioni.<\/p>\n<p>In conclusione, se avete bisogno di un trasporto affidabile e conveniente durante il vostro viaggio a Jacksonville, non cercate oltre Enterprise Lem Turner. Grazie all'ampia scelta di veicoli e ai comodi punti di ritiro, noleggiare un'auto non \u00e8 mai stato cos\u00ec facile. Prenotate oggi stesso il vostro prossimo viaggio con Enterprise!<\/p>\n<\/div>","protected":false},"excerpt":{"rendered":"<p>The Best Enterprise Lem Turner Deals for Your Next Trip Are you planning a trip to Jacksonville, Florida and in need of reliable and affordable transportation? Look no further than Enterprise Lem Turner. This rental car company offers an extensive range of vehicles to suit your needs, whether you&#8217;re traveling alone or with a group. [&hellip;]<\/p>\n","protected":false},"author":1,"featured_media":2418,"parent":0,"menu_order":0,"comment_status":"closed","ping_status":"closed","template":"","meta":{"rs_blank_template":"","rs_page_bg_color":"","slide_template_v7":"","footnotes":""},"categories":[1],"tags":[],"class_list":["post-6606","page","type-page","status-publish","has-post-thumbnail","hentry","category-blog"],"_links":{"self":[{"href":"https:\/\/rental-car.company\/it\/wp-json\/wp\/v2\/pages\/6606","targetHints":{"allow":["GET"]}}],"collection":[{"href":"https:\/\/rental-car.company\/it\/wp-json\/wp\/v2\/pages"}],"about":[{"href":"https:\/\/rental-car.company\/it\/wp-json\/wp\/v2\/types\/page"}],"author":[{"embeddable":true,"href":"https:\/\/rental-car.company\/it\/wp-json\/wp\/v2\/users\/1"}],"replies":[{"embeddable":true,"href":"https:\/\/rental-car.company\/it\/wp-json\/wp\/v2\/comments?post=6606"}],"version-history":[{"count":0,"href":"https:\/\/rental-car.company\/it\/wp-json\/wp\/v2\/pages\/6606\/revisions"}],"wp:featuredmedia":[{"embeddable":true,"href":"https:\/\/rental-car.company\/it\/wp-json\/wp\/v2\/media\/2418"}],"wp:attachment":[{"href":"https:\/\/rental-car.company\/it\/wp-json\/wp\/v2\/media?parent=6606"}],"wp:term":[{"taxonomy":"category","embeddable":true,"href":"https:\/\/rental-car.company\/it\/wp-json\/wp\/v2\/categories?post=6606"},{"taxonomy":"post_tag","embeddable":true,"href":"https:\/\/rental-car.company\/it\/wp-json\/wp\/v2\/tags?post=6606"}],"curies":[{"name":"wp","href":"https:\/\/api.w.org\/{rel}","templated":true}]}}