{"id":6612,"date":"2024-08-28T01:07:38","date_gmt":"2024-08-28T01:07:38","guid":{"rendered":"https:\/\/rental-car.company\/?page_id=6612"},"modified":"2024-08-28T01:07:38","modified_gmt":"2024-08-28T01:07:38","slug":"impresa-forest-city-nc","status":"publish","type":"page","link":"https:\/\/rental-car.company\/it\/impresa-forest-city-nc\/","title":{"rendered":"Enterprise Forest City NC - La guida definitiva al noleggio di un'auto"},"content":{"rendered":"<div class=\"wpb-content-wrapper\"><div class=\"vc_row wpb_row vc_row-fluid\"><div class=\"wpb_column vc_column_container vc_col-sm-12\"><div class=\"vc_column-inner\"><div class=\"wpb_wrapper\">\n\t<div class=\"wpb_text_column wpb_content_element\" >\n\t\t<div class=\"wpb_wrapper\">\n\t\t\t<p><script id=\"dchwidget\" src=\"https:\/\/www.discovercars.com\/wg.js\" async=\"\" data-dev-env=\"com\" data-location=\"\" data-lang=\"en\" data-utm-source=\"malina\" data-utm-medium=\"widget\" data-aff-code=\"a_aid\" data-autocomplete=\"on\" data-style-submit-bg-color=\"00A200\" data-style-submit-font-color=\"white\" data-style-form-bg-color=\"FAD130\" data-style-form-font-color=\"333\" data-style-submit-text=\"Search now\"><\/script><\/p>\n\n\t\t<\/div>\n\t<\/div>\n<\/div><\/div><\/div><\/div>\n<p>&nbsp;<\/p>\n<h2>Esplorate Enterprise Forest City NC per il vostro prossimo noleggio auto<\/h2>\n<p><img loading=\"lazy\" decoding=\"async\" class=\"alignleft\" src=\"\/wp-content\/uploads\/images\/rent_car_443.png\" alt=\"impresa forest city nc\" width=\"350\" height=\"350\" \/><\/p>\n<p>Quando si tratta di noleggiare un'auto in North Carolina, Enterprise \u00e8 una scelta popolare sia per gli abitanti che per i turisti. Con la sua comoda posizione nell'affascinante citt\u00e0 di Forest City, Enterprise offre un'ampia gamma di veicoli e un eccellente servizio clienti. In questa guida, daremo un'occhiata pi\u00f9 da vicino a ci\u00f2 che rende Enterprise Forest City NC la societ\u00e0 di autonoleggio preferita da molti viaggiatori.<\/p>\n<h3>La convenienza di Enterprise Forest City NC<\/h3>\n<p>Situato appena fuori dall'autostrada US Highway 74, l'Enterprise Forest City NC \u00e8 facilmente accessibile a chiunque transiti o soggiorni nella zona. La sua posizione centrale lo rende anche un punto di partenza ideale per esplorare tutto ci\u00f2 che la Carolina del Nord ha da offrire.<\/p>\n<p>La filiale offre una variet\u00e0 di veicoli tra cui scegliere, tra cui berline, SUV, camion e furgoni. Che abbiate bisogno di un'auto compatta per spostarvi in citt\u00e0 o di un minivan spazioso per le vacanze con la famiglia, Enterprise vi copre.<\/p>\n<p>Uno dei principali vantaggi del noleggio presso Enterprise \u00e8 la flessibilit\u00e0 delle opzioni di ritiro e riconsegna. Se arrivate all'aeroporto internazionale di Charlotte Douglas (CLT), potete facilmente organizzare il ritiro dell'auto a noleggio presso la filiale dell'aeroporto e riconsegnarla presso la sede di Forest City prima di tornare a casa.<\/p>\n<p>Inoltre, se avete bisogno di restituire l'auto a noleggio al di fuori degli orari di lavoro, nessun problema! Basta comunicarlo al personale al momento della prenotazione e il personale provveder\u00e0 a organizzare la riconsegna dopo l'orario di lavoro.<\/p>\n<h3>I pro e i contro del noleggio presso Enterprise Forest City NC<\/h3>\n<p>Pro:<br \/>\n- Posizione comoda vicino alle principali autostrade<br \/>\n- Opzioni flessibili di ritiro e consegna<br \/>\n- Ampia selezione di veicoli tra cui scegliere<br \/>\n- Servizio clienti eccellente<br \/>\n- Prezzi competitivi<\/p>\n<p>Contro:<br \/>\n- Orari limitati nel fine settimana (sabato 9.00-12.00, domenica chiuso)<br \/>\n- Nessuna opzione di veicoli di lusso o esotici<\/p>\n<h3>Domande e risposte sul noleggio presso Enterprise Forest City NC<\/h3>\n<p><img loading=\"lazy\" decoding=\"async\" class=\"alignright\" src=\"\/wp-content\/uploads\/images\/rent_car_1515.png\" alt=\"impresa forest city nc\" width=\"350\" height=\"350\" \/><\/p>\n<p>D: Qual \u00e8 l'et\u00e0 minima per noleggiare un'auto da Enterprise?<br \/>\nR: L'et\u00e0 minima richiesta \u00e8 di 21 anni. Tuttavia, i conducenti di et\u00e0 compresa tra i 21 e i 24 anni possono essere soggetti a una tariffa per giovani noleggiatori.<\/p>\n<p>D: Posso aggiungere un ulteriore conducente al mio contratto di noleggio?<br \/>\nR: S\u00ec, \u00e8 possibile aggiungere un guidatore supplementare pagando una piccola somma. Sia il noleggiatore principale che il conducente aggiuntivo devono presentare una patente di guida valida e soddisfare altri requisiti di noleggio.<\/p>\n<p>D: Enterprise offre sconti o promozioni?<br \/>\nR: S\u00ec, Enterprise propone spesso offerte promozionali e sconti sul proprio sito web. Inoltre, offre tariffe speciali per i dipendenti statali e il personale militare.<\/p>\n<p>In conclusione, se avete bisogno di un'auto a noleggio affidabile durante il vostro soggiorno in North Carolina, non cercate oltre Enterprise Forest City NC. Grazie alla sua comoda posizione, alle opzioni flessibili e all'eccellente servizio clienti, non c'\u00e8 da stupirsi che questa filiale sia la scelta migliore per molti viaggiatori. Prenotate oggi stesso la vostra auto a noleggio e scoprite tutto ci\u00f2 che la Carolina del Nord ha da offrire con la comodit\u00e0 di Enterprise al vostro fianco.<\/p>\n<\/div>","protected":false},"excerpt":{"rendered":"<p>&nbsp; Explore Enterprise Forest City NC for Your Next Rental Car When it comes to renting a car in North Carolina, Enterprise is a popular choice for both locals and tourists alike. With its convenient location in the charming town of Forest City, Enterprise offers a wide range of vehicles and excellent customer service. In [&hellip;]<\/p>\n","protected":false},"author":1,"featured_media":6614,"parent":0,"menu_order":0,"comment_status":"closed","ping_status":"closed","template":"","meta":{"rs_blank_template":"","rs_page_bg_color":"","slide_template_v7":"","footnotes":""},"categories":[1],"tags":[],"class_list":["post-6612","page","type-page","status-publish","has-post-thumbnail","hentry","category-blog"],"_links":{"self":[{"href":"https:\/\/rental-car.company\/it\/wp-json\/wp\/v2\/pages\/6612","targetHints":{"allow":["GET"]}}],"collection":[{"href":"https:\/\/rental-car.company\/it\/wp-json\/wp\/v2\/pages"}],"about":[{"href":"https:\/\/rental-car.company\/it\/wp-json\/wp\/v2\/types\/page"}],"author":[{"embeddable":true,"href":"https:\/\/rental-car.company\/it\/wp-json\/wp\/v2\/users\/1"}],"replies":[{"embeddable":true,"href":"https:\/\/rental-car.company\/it\/wp-json\/wp\/v2\/comments?post=6612"}],"version-history":[{"count":0,"href":"https:\/\/rental-car.company\/it\/wp-json\/wp\/v2\/pages\/6612\/revisions"}],"wp:featuredmedia":[{"embeddable":true,"href":"https:\/\/rental-car.company\/it\/wp-json\/wp\/v2\/media\/6614"}],"wp:attachment":[{"href":"https:\/\/rental-car.company\/it\/wp-json\/wp\/v2\/media?parent=6612"}],"wp:term":[{"taxonomy":"category","embeddable":true,"href":"https:\/\/rental-car.company\/it\/wp-json\/wp\/v2\/categories?post=6612"},{"taxonomy":"post_tag","embeddable":true,"href":"https:\/\/rental-car.company\/it\/wp-json\/wp\/v2\/tags?post=6612"}],"curies":[{"name":"wp","href":"https:\/\/api.w.org\/{rel}","templated":true}]}}