{"id":6666,"date":"2024-08-28T14:11:44","date_gmt":"2024-08-28T14:11:44","guid":{"rendered":"https:\/\/rental-car.company\/?page_id=6666"},"modified":"2024-08-28T14:11:44","modified_gmt":"2024-08-28T14:11:44","slug":"impresa-su-figueroa","status":"publish","type":"page","link":"https:\/\/rental-car.company\/it\/impresa-su-figueroa\/","title":{"rendered":"Enterprise on Figueroa: Una guida completa per noleggiare un'auto"},"content":{"rendered":"<div class=\"wpb-content-wrapper\"><div class=\"vc_row wpb_row vc_row-fluid\"><div class=\"wpb_column vc_column_container vc_col-sm-12\"><div class=\"vc_column-inner\"><div class=\"wpb_wrapper\">\n\t<div class=\"wpb_text_column wpb_content_element\" >\n\t\t<div class=\"wpb_wrapper\">\n\t\t\t<p><script id=\"dchwidget\" src=\"https:\/\/www.discovercars.com\/wg.js\" async=\"\" data-dev-env=\"com\" data-location=\"\" data-lang=\"en\" data-utm-source=\"malina\" data-utm-medium=\"widget\" data-aff-code=\"a_aid\" data-autocomplete=\"on\" data-style-submit-bg-color=\"00A200\" data-style-submit-font-color=\"white\" data-style-form-bg-color=\"FAD130\" data-style-form-font-color=\"333\" data-style-submit-text=\"Search now\"><\/script><\/p>\n\n\t\t<\/div>\n\t<\/div>\n<\/div><\/div><\/div><\/div>\n<p>&nbsp;<\/p>\n<h2>I vantaggi di scegliere Enterprise on Figueroa per le vostre esigenze di noleggio auto<\/h2>\n<p><img loading=\"lazy\" decoding=\"async\" class=\"alignleft\" src=\"\/wp-content\/uploads\/images\/rent_car_1332.png\" alt=\"impresa su figueroa\" width=\"350\" height=\"350\" \/><\/p>\n<p>Avete bisogno di un'azienda di noleggio auto affidabile e conveniente nella vivace citt\u00e0 di Los Angeles? Non cercate oltre Enterprise on Figueroa. Situata nel cuore del centro di Los Angeles, questa societ\u00e0 di autonoleggio offre un'ampia gamma di veicoli per soddisfare le vostre esigenze di trasporto. Dalle auto compatte ai SUV di lusso, Enterprise on Figueroa \u00e8 in grado di soddisfarvi.<\/p>\n<p>Ma cosa distingue questa azienda dalle altre societ\u00e0 di autonoleggio? Scopriamo i dettagli e i motivi per cui Enterprise on Figueroa dovrebbe essere la vostra scelta ideale per il noleggio di un'auto.<\/p>\n<h3>Posizione comoda<\/h3>\n<p>Uno dei maggiori vantaggi di scegliere Enterprise on Figueroa \u00e8 la sua posizione privilegiata. Situata nel cuore del centro di Los Angeles, questa societ\u00e0 di autonoleggio \u00e8 facilmente raggiungibile dalle principali autostrade e dalle pi\u00f9 famose destinazioni turistiche. Che siate qui per lavoro o per piacere, ritirare e riconsegnare la vostra auto a noleggio in questa sede vi far\u00e0 risparmiare tempo e fatica.<\/p>\n<h3>Tariffe convenienti<\/h3>\n<p>Un altro motivo per cui Enterprise on Figueroa \u00e8 una scelta popolare tra i viaggiatori \u00e8 il suo prezzo competitivo. Con tariffe giornaliere, settimanali e mensili, potete scegliere l'opzione pi\u00f9 adatta al vostro budget. Inoltre, grazie ai frequenti sconti e promozioni offerti dall'azienda, potrete risparmiare ancora di pi\u00f9 noleggiando un'auto da Enterprise.<\/p>\n<h3>Ampia scelta di veicoli<\/h3>\n<p>Non importa quale tipo di veicolo vi serva per il vostro viaggio a Los Angeles, \u00e8 probabile che Enterprise on Figueroa lo abbia. Dalle auto compatte a basso consumo di carburante agli spaziosi SUV e tutto il resto, la loro flotta ha qualcosa per tutti. Potete anche scegliere tra diverse marche e modelli in base alle vostre preferenze.<\/p>\n<h3>Servizio clienti eccellente<\/h3>\n<p>Una delle caratteristiche che distinguono Enterprise on Figueroa dalle altre societ\u00e0 di autonoleggio \u00e8 l'eccezionale servizio clienti. Il personale di questa sede \u00e8 cordiale, competente e sempre disposto a fare il possibile per garantire ai clienti un'esperienza di noleggio senza problemi. Inoltre, sono in grado di fornire consigli e raccomandazioni utili per orientarsi tra le strade trafficate di Los Angeles.<\/p>\n<h4>Pro:<\/h4>\n<p>- Posizione comoda nel centro di Los Angeles<br \/>\n- Tariffe convenienti e promozioni frequenti<br \/>\n- Ampia selezione di veicoli tra cui scegliere<br \/>\n- Servizio clienti eccellente<\/p>\n<h4>Contro:<\/h4>\n<p>- Parcheggio limitato presso la sede di Figueroa<\/p>\n<h4>Domande frequenti (FAQ):<\/h4>\n<p><img loading=\"lazy\" decoding=\"async\" class=\"alignright\" src=\"\/wp-content\/uploads\/images\/rent_car_444.png\" alt=\"impresa su figueroa\" width=\"350\" height=\"350\" \/><\/p>\n<p><strong>D: Posso noleggiare un'auto da Enterprise on Figueroa se ho meno di 25 anni?<\/strong><br \/>\nR: S\u00ec, a condizione che si soddisfino tutti gli altri requisiti di noleggio, come la patente di guida e la carta di credito valide.<\/p>\n<p><strong>D: C'\u00e8 un costo aggiuntivo per l'aggiunta di un altro conducente al mio noleggio?<\/strong><br \/>\nR: S\u00ec, \u00e8 prevista una tariffa giornaliera per ogni conducente aggiuntivo aggiunto al contratto di noleggio.<\/p>\n<p><strong>D: Cosa devo portare con me quando ritiro l'auto a noleggio?<\/strong><br \/>\nR: \u00c8 necessario avere una patente di guida valida, una carta di credito a proprio nome e una prova di assicurazione se si rifiutano le opzioni di copertura.<\/p>\n<p>In conclusione, scegliere Enterprise on Figueroa per le vostre esigenze di noleggio auto a Los Angeles \u00e8 una decisione intelligente. Grazie alla sua posizione comoda, alle tariffe convenienti, all'ampia scelta di veicoli e all'eccellente servizio clienti, potete essere certi che il vostro viaggio sar\u00e0 privo di problemi. La prossima volta che programmate un viaggio a Los Angeles, ricordatevi di noleggiare da Enterprise on Figueroa, il vostro partner di fiducia per i trasporti.<\/p>\n<\/div>","protected":false},"excerpt":{"rendered":"<p>&nbsp; The Benefits of Choosing Enterprise on Figueroa for Your Car Rental Needs Are you in need of a reliable and affordable car rental company in the bustling city of Los Angeles? Look no further than Enterprise on Figueroa. Located conveniently in the heart of downtown LA, this rental-car.company offers a wide range of vehicles [&hellip;]<\/p>\n","protected":false},"author":1,"featured_media":4545,"parent":0,"menu_order":0,"comment_status":"closed","ping_status":"closed","template":"","meta":{"rs_blank_template":"","rs_page_bg_color":"","slide_template_v7":"","footnotes":""},"categories":[1],"tags":[],"class_list":["post-6666","page","type-page","status-publish","has-post-thumbnail","hentry","category-blog"],"_links":{"self":[{"href":"https:\/\/rental-car.company\/it\/wp-json\/wp\/v2\/pages\/6666","targetHints":{"allow":["GET"]}}],"collection":[{"href":"https:\/\/rental-car.company\/it\/wp-json\/wp\/v2\/pages"}],"about":[{"href":"https:\/\/rental-car.company\/it\/wp-json\/wp\/v2\/types\/page"}],"author":[{"embeddable":true,"href":"https:\/\/rental-car.company\/it\/wp-json\/wp\/v2\/users\/1"}],"replies":[{"embeddable":true,"href":"https:\/\/rental-car.company\/it\/wp-json\/wp\/v2\/comments?post=6666"}],"version-history":[{"count":0,"href":"https:\/\/rental-car.company\/it\/wp-json\/wp\/v2\/pages\/6666\/revisions"}],"wp:featuredmedia":[{"embeddable":true,"href":"https:\/\/rental-car.company\/it\/wp-json\/wp\/v2\/media\/4545"}],"wp:attachment":[{"href":"https:\/\/rental-car.company\/it\/wp-json\/wp\/v2\/media?parent=6666"}],"wp:term":[{"taxonomy":"category","embeddable":true,"href":"https:\/\/rental-car.company\/it\/wp-json\/wp\/v2\/categories?post=6666"},{"taxonomy":"post_tag","embeddable":true,"href":"https:\/\/rental-car.company\/it\/wp-json\/wp\/v2\/tags?post=6666"}],"curies":[{"name":"wp","href":"https:\/\/api.w.org\/{rel}","templated":true}]}}