{"id":6811,"date":"2024-08-30T00:05:59","date_gmt":"2024-08-30T00:05:59","guid":{"rendered":"https:\/\/rental-car.company\/?page_id=6811"},"modified":"2024-08-30T00:05:59","modified_gmt":"2024-08-30T00:05:59","slug":"impresa-alessandria-la","status":"publish","type":"page","link":"https:\/\/rental-car.company\/it\/impresa-alessandria-la\/","title":{"rendered":"Enterprise Alexandria La - La vostra guida al noleggio di un'auto"},"content":{"rendered":"<div class=\"wpb-content-wrapper\"><div class=\"vc_row wpb_row vc_row-fluid\"><div class=\"wpb_column vc_column_container vc_col-sm-12\"><div class=\"vc_column-inner\"><div class=\"wpb_wrapper\">\n\t<div class=\"wpb_text_column wpb_content_element\" >\n\t\t<div class=\"wpb_wrapper\">\n\t\t\t<p><script id=\"dchwidget\" src=\"https:\/\/www.discovercars.com\/wg.js\" async=\"\" data-dev-env=\"com\" data-location=\"\" data-lang=\"en\" data-utm-source=\"malina\" data-utm-medium=\"widget\" data-aff-code=\"a_aid\" data-autocomplete=\"on\" data-style-submit-bg-color=\"00A200\" data-style-submit-font-color=\"white\" data-style-form-bg-color=\"FAD130\" data-style-form-font-color=\"333\" data-style-submit-text=\"Search now\"><\/script><\/p>\n\n\t\t<\/div>\n\t<\/div>\n<\/div><\/div><\/div><\/div>\n<p>&nbsp;<\/p>\n<h2>Esplorate Enterprise Alexandria La e i suoi vantaggi<\/h2>\n<p><img loading=\"lazy\" decoding=\"async\" class=\"alignleft\" src=\"\/wp-content\/uploads\/images\/rent_car_692.png\" alt=\"impresa alessandria la\" width=\"350\" height=\"350\" \/><\/p>\n<p>State programmando un viaggio in Louisiana e avete bisogno di un mezzo di trasporto affidabile? Non cercate oltre Enterprise Alexandria La, la societ\u00e0 di autonoleggio di riferimento per i viaggiatori della zona. Con sedi convenienti in tutta la citt\u00e0, Enterprise offre un'ampia scelta di veicoli a prezzi competitivi. Che siate in visita per affari o per piacere, noleggiare un'auto da Enterprise vi garantir\u00e0 la libert\u00e0 e la flessibilit\u00e0 necessarie per esplorare tutto ci\u00f2 che Alexandria ha da offrire.<\/p>\n<h3>La convenienza di Enterprise Alexandria La<\/h3>\n<p>Situata in posizione strategica nei principali aeroporti e nelle pi\u00f9 popolari destinazioni turistiche, Enterprise facilita ai viaggiatori il ritiro e la riconsegna delle auto a noleggio. Inoltre, offre servizi di navetta gratuiti da alcune localit\u00e0, rendendo ancora pi\u00f9 facile per i clienti accedere ai loro veicoli. Questo livello di convenienza \u00e8 perfetto per chi ha poco tempo o semplicemente vuole un'esperienza senza problemi.<\/p>\n<p>Inoltre, con oltre 7.600 sedi in tutto il mondo, tra cui diverse in Europa e nelle regioni dell'Asia-Pacifico, Enterprise offre ai clienti un accesso globale ai propri servizi. Ci\u00f2 significa che se i vostri viaggi vi portano oltre i confini della Louisiana, potete sempre contare su Enterprise per le vostre esigenze di noleggio auto.<\/p>\n<h3>La variet\u00e0 di veicoli disponibili presso Enterprise Alexandria La<\/h3>\n<p>Enterprise offre un'ampia scelta di veicoli che vanno dalle auto compatte agli spaziosi SUV. La loro flotta comprende anche modelli di lusso come BMW e Mercedes-Benz, per chi cerca un'esperienza di guida elevata. Inoltre, grazie ai regolari controlli di manutenzione e ai rigorosi protocolli di pulizia, potete essere certi che la vostra auto a noleggio sar\u00e0 in ottime condizioni quando la ritirerete.<\/p>\n<p>Questa variet\u00e0 non solo permette ai clienti di scegliere il veicolo perfetto per le loro esigenze, ma soddisfa anche diversi livelli di budget. Dalle auto economiche a prezzi accessibili alle opzioni di lusso di fascia alta, Enterprise Alexandria La ne ha per tutti i gusti.<\/p>\n<h3>Pro e contro della scelta di Enterprise Alexandria La<\/h3>\n<p>Come per qualsiasi societ\u00e0 di autonoleggio, ci sono pro e contro da considerare prima di prendere una decisione. Ecco alcuni vantaggi e svantaggi della scelta di Enterprise Alexandria La per il vostro prossimo viaggio:<\/p>\n<h4>Pro:<\/h4>\n<p>- Ampia selezione di veicoli tra cui scegliere<br \/>\n- Sedi comode e servizi di navetta<br \/>\n- Accesso globale ai servizi<br \/>\n- Controlli regolari di manutenzione dei veicoli<\/p>\n<h4>Contro:<\/h4>\n<p>- I prezzi possono essere leggermente pi\u00f9 alti rispetto ad altre compagnie di autonoleggio.<br \/>\n- Disponibilit\u00e0 limitata in alcune localit\u00e0 remote<\/p>\n<p>In definitiva, i pro superano i contro quando si parla di Enterprise Alexandria La. Grazie all'affidabilit\u00e0 del servizio, alla convenienza delle sedi e alle diverse opzioni di veicoli, \u00e8 chiaro perch\u00e9 l'azienda \u00e8 la scelta migliore per i viaggiatori.<\/p>\n<h3>Domande frequenti su Enterprise Alexandria La<\/h3>\n<p>Ecco alcune domande comuni che le persone hanno sul noleggio di un'auto da Enterprise ad Alessandria:<\/p>\n<h4>D: Quanti anni devo avere per noleggiare un'auto da Enterprise?<\/h4>\n<p>R: L'et\u00e0 minima richiesta \u00e8 di 21 anni. Tuttavia, i conducenti di et\u00e0 inferiore ai 25 anni possono essere soggetti a una tariffa giornaliera aggiuntiva.<\/p>\n<h4>D: Posso aggiungere conducenti aggiuntivi al mio contratto di noleggio?<\/h4>\n<p>R: S\u00ec, \u00e8 possibile aggiungere fino a tre autisti supplementari con un costo aggiuntivo al giorno.<\/p>\n<h4>D: Qual \u00e8 la politica dei carburanti di Enterprise?<\/h4>\n<p><img loading=\"lazy\" decoding=\"async\" class=\"alignright\" src=\"\/wp-content\/uploads\/images\/rent_car_886.png\" alt=\"impresa alessandria la\" width=\"350\" height=\"350\" \/><\/p>\n<p>R: La maggior parte dei veicoli viene fornita con un pieno di carburante e deve essere restituita con il serbatoio pieno. In caso contrario, vi verr\u00e0 addebitato il costo del carburante mancante.<\/p>\n<p>In conclusione, se siete alla ricerca di convenienza, variet\u00e0 e qualit\u00e0 del servizio quando noleggiate un'auto ad Alexandria Louisiana, non cercate oltre Enterprise Alexandria La. Con la sua portata globale e il suo impegno per la soddisfazione del cliente, \u00e8 sicuro di fornirvi un'esperienza di noleggio eccellente durante la vostra visita. Quindi, noleggiate un'auto da Enterprise e partite alla scoperta di tutto ci\u00f2 che questa affascinante citt\u00e0 ha da offrire.<\/p>\n<\/div>","protected":false},"excerpt":{"rendered":"<p>&nbsp; Explore Enterprise Alexandria La and its Benefits Are you planning a trip to Louisiana and need a reliable mode of transportation? Look no further than Enterprise Alexandria La, the go-to rental car company for travelers in the area. With convenient locations throughout the city, Enterprise offers a wide selection of vehicles at competitive prices. [&hellip;]<\/p>\n","protected":false},"author":1,"featured_media":5855,"parent":0,"menu_order":0,"comment_status":"closed","ping_status":"closed","template":"","meta":{"rs_blank_template":"","rs_page_bg_color":"","slide_template_v7":"","footnotes":""},"categories":[1],"tags":[],"class_list":["post-6811","page","type-page","status-publish","has-post-thumbnail","hentry","category-blog"],"_links":{"self":[{"href":"https:\/\/rental-car.company\/it\/wp-json\/wp\/v2\/pages\/6811","targetHints":{"allow":["GET"]}}],"collection":[{"href":"https:\/\/rental-car.company\/it\/wp-json\/wp\/v2\/pages"}],"about":[{"href":"https:\/\/rental-car.company\/it\/wp-json\/wp\/v2\/types\/page"}],"author":[{"embeddable":true,"href":"https:\/\/rental-car.company\/it\/wp-json\/wp\/v2\/users\/1"}],"replies":[{"embeddable":true,"href":"https:\/\/rental-car.company\/it\/wp-json\/wp\/v2\/comments?post=6811"}],"version-history":[{"count":0,"href":"https:\/\/rental-car.company\/it\/wp-json\/wp\/v2\/pages\/6811\/revisions"}],"wp:featuredmedia":[{"embeddable":true,"href":"https:\/\/rental-car.company\/it\/wp-json\/wp\/v2\/media\/5855"}],"wp:attachment":[{"href":"https:\/\/rental-car.company\/it\/wp-json\/wp\/v2\/media?parent=6811"}],"wp:term":[{"taxonomy":"category","embeddable":true,"href":"https:\/\/rental-car.company\/it\/wp-json\/wp\/v2\/categories?post=6811"},{"taxonomy":"post_tag","embeddable":true,"href":"https:\/\/rental-car.company\/it\/wp-json\/wp\/v2\/tags?post=6811"}],"curies":[{"name":"wp","href":"https:\/\/api.w.org\/{rel}","templated":true}]}}