{"id":6871,"date":"2024-08-30T15:05:19","date_gmt":"2024-08-30T15:05:19","guid":{"rendered":"https:\/\/rental-car.company\/?page_id=6871"},"modified":"2024-08-30T15:05:19","modified_gmt":"2024-08-30T15:05:19","slug":"noleggiare-unauto-in-repubblica-dominicana","status":"publish","type":"page","link":"https:\/\/rental-car.company\/it\/noleggiare-unauto-in-repubblica-dominicana\/","title":{"rendered":"Noleggio auto in Repubblica Dominicana - La guida definitiva"},"content":{"rendered":"<div class=\"wpb-content-wrapper\"><h2>Esplorate la bellezza della Repubblica Dominicana con un'auto a noleggio<\/h2>\n<p>Quando si pianifica un viaggio ai Caraibi, una destinazione da non trascurare \u00e8 la bellissima Repubblica Dominicana. Con le sue splendide spiagge, la sua vibrante cultura e la sua ricca storia, questo Paese ha qualcosa per tutti. E quale modo migliore per vivere appieno tutto ci\u00f2 che ha da offrire se non quello di noleggiare un'auto? In questa guida vi illustreremo tutto quello che c'\u00e8 da sapere sul noleggio di un'auto in Repubblica Dominicana.<\/p>\n<div class=\"vc_row wpb_row vc_row-fluid\"><div class=\"wpb_column vc_column_container vc_col-sm-12\"><div class=\"vc_column-inner\"><div class=\"wpb_wrapper\">\n\t<div class=\"wpb_text_column wpb_content_element\" >\n\t\t<div class=\"wpb_wrapper\">\n\t\t\t<p><script id=\"dchwidget\" src=\"https:\/\/www.discovercars.com\/wg.js\" async=\"\" data-dev-env=\"com\" data-location=\"\" data-lang=\"en\" data-utm-source=\"malina\" data-utm-medium=\"widget\" data-aff-code=\"a_aid\" data-autocomplete=\"on\" data-style-submit-bg-color=\"00A200\" data-style-submit-font-color=\"white\" data-style-form-bg-color=\"FAD130\" data-style-form-font-color=\"333\" data-style-submit-text=\"Search now\"><\/script><\/p>\n\n\t\t<\/div>\n\t<\/div>\n<\/div><\/div><\/div><\/div>\n<p>&nbsp;<\/p>\n<h2>Scoprire il noleggio auto in Repubblica Dominicana<\/h2>\n<p><img loading=\"lazy\" decoding=\"async\" class=\"alignleft\" src=\"\/wp-content\/uploads\/images\/rent_car_168.png\" alt=\"noleggiare un&#039;auto in repubblica dominicana\" width=\"350\" height=\"350\" \/><\/p>\n<p>Il processo di noleggio di un'auto in Repubblica Dominicana \u00e8 abbastanza semplice. Nel Paese operano diverse societ\u00e0 di noleggio internazionali come Hertz, Avis e Budget. Inoltre, ci sono anche compagnie locali che offrono tariffe competitive e servizi personalizzati.<\/p>\n<p>Per noleggiare un'auto in Repubblica Dominicana \u00e8 necessario avere almeno 21 anni e una patente di guida valida del proprio Paese. Alcune societ\u00e0 di noleggio potrebbero richiedere anche un permesso di guida internazionale. \u00c8 importante verificare in anticipo con la societ\u00e0 scelta per assicurarsi di avere tutti i documenti necessari.<\/p>\n<p>Quando si tratta di scegliere l'auto a noleggio, sono disponibili diverse opzioni a seconda delle esigenze e del budget. Si pu\u00f2 scegliere tra auto economiche per chi viaggia da solo o per piccoli gruppi, SUV per famiglie o gruppi pi\u00f9 numerosi e persino auto di lusso per chi cerca un tocco di comfort in pi\u00f9 durante il viaggio.<\/p>\n<h3>I vantaggi del noleggio di un'auto in Repubblica Dominicana<\/h3>\n<p>- Libert\u00e0 e flessibilit\u00e0: Con la vostra auto a noleggio, avrete la piena libert\u00e0 di esplorare l'isola al vostro ritmo, senza dovervi affidare ai mezzi pubblici o alle guide turistiche.<br \/>\n- Economico: Noleggiare un'auto pu\u00f2 spesso essere pi\u00f9 conveniente che prendere taxi o assumere servizi di trasporto privati.<br \/>\n- Convenienza: Avere un veicolo proprio significa poter accedere facilmente a zone remote o ad attrazioni che potrebbero non essere raggiungibili con i mezzi pubblici.<\/p>\n<h3>I contro del noleggio di un'auto in Repubblica Dominicana<\/h3>\n<p>- Condizioni di guida: Le strade della Repubblica Dominicana possono essere impegnative, soprattutto per chi non \u00e8 abituato a guidare sul lato destro della strada.<br \/>\n- Traffico: Nelle grandi citt\u00e0 come Santo Domingo e Punta Cana il traffico pu\u00f2 essere intenso, quindi \u00e8 importante pianificare gli itinerari di conseguenza.<br \/>\n- Assicurazione: Sebbene la maggior parte delle societ\u00e0 di noleggio offra una copertura assicurativa, \u00e8 importante leggere attentamente i termini e le condizioni per assicurarsi di avere una copertura adeguata.<\/p>\n<h4>Domande frequenti<\/h4>\n<p><img loading=\"lazy\" decoding=\"async\" class=\"alignright\" src=\"\/wp-content\/uploads\/images\/rent_car_1367.png\" alt=\"noleggiare un&#039;auto in repubblica dominicana\" width=\"350\" height=\"350\" \/><\/p>\n<p>D: \u00c8 sicuro noleggiare un'auto in Repubblica Dominicana?<br \/>\nR: S\u00ec, a patto di rispettare il codice della strada e di prendere precauzioni come chiudere a chiave le porte e non lasciare oggetti di valore in bella vista.<\/p>\n<p>D: Ci sono costi aggiuntivi quando si noleggia un'auto in Repubblica Dominicana?<br \/>\nR: Alcune societ\u00e0 di noleggio possono addebitare costi aggiuntivi per cose come il navigatore GPS o un autista extra. \u00c8 meglio verificare in anticipo con la societ\u00e0 scelta.<\/p>\n<p>D: Posso usare la mia carta di credito per il deposito cauzionale?<br \/>\nR: S\u00ec, la maggior parte delle societ\u00e0 di noleggio accetta le carte di credito per il deposito cauzionale. Tuttavia, si consiglia sempre di verificare con la compagnia della carta di credito le transazioni internazionali.<\/p>\n<p>In conclusione, noleggiare un'auto in Repubblica Dominicana pu\u00f2 migliorare notevolmente la vostra esperienza di viaggio. Vi offre la libert\u00e0 e la flessibilit\u00e0 di esplorare questo bellissimo Paese al vostro ritmo. Assicuratevi solo di fare qualche ricerca in anticipo e di seguire tutte le precauzioni di sicurezza durante la guida. Buon viaggio!<\/p>\n<\/div>","protected":false},"excerpt":{"rendered":"<p>Explore the Beauty of Dominican Republic with a Rental Car When planning a trip to the Caribbean, one destination that should not be overlooked is the beautiful Dominican Republic. With its stunning beaches, vibrant culture, and rich history, this country has something for everyone. And what better way to fully experience all that it has [&hellip;]<\/p>\n","protected":false},"author":1,"featured_media":3058,"parent":0,"menu_order":0,"comment_status":"closed","ping_status":"closed","template":"","meta":{"rs_blank_template":"","rs_page_bg_color":"","slide_template_v7":"","footnotes":""},"categories":[1],"tags":[],"class_list":["post-6871","page","type-page","status-publish","has-post-thumbnail","hentry","category-blog"],"_links":{"self":[{"href":"https:\/\/rental-car.company\/it\/wp-json\/wp\/v2\/pages\/6871","targetHints":{"allow":["GET"]}}],"collection":[{"href":"https:\/\/rental-car.company\/it\/wp-json\/wp\/v2\/pages"}],"about":[{"href":"https:\/\/rental-car.company\/it\/wp-json\/wp\/v2\/types\/page"}],"author":[{"embeddable":true,"href":"https:\/\/rental-car.company\/it\/wp-json\/wp\/v2\/users\/1"}],"replies":[{"embeddable":true,"href":"https:\/\/rental-car.company\/it\/wp-json\/wp\/v2\/comments?post=6871"}],"version-history":[{"count":0,"href":"https:\/\/rental-car.company\/it\/wp-json\/wp\/v2\/pages\/6871\/revisions"}],"wp:featuredmedia":[{"embeddable":true,"href":"https:\/\/rental-car.company\/it\/wp-json\/wp\/v2\/media\/3058"}],"wp:attachment":[{"href":"https:\/\/rental-car.company\/it\/wp-json\/wp\/v2\/media?parent=6871"}],"wp:term":[{"taxonomy":"category","embeddable":true,"href":"https:\/\/rental-car.company\/it\/wp-json\/wp\/v2\/categories?post=6871"},{"taxonomy":"post_tag","embeddable":true,"href":"https:\/\/rental-car.company\/it\/wp-json\/wp\/v2\/tags?post=6871"}],"curies":[{"name":"wp","href":"https:\/\/api.w.org\/{rel}","templated":true}]}}