{"id":6873,"date":"2024-08-30T15:05:20","date_gmt":"2024-08-30T15:05:20","guid":{"rendered":"https:\/\/rental-car.company\/?page_id=6873"},"modified":"2024-08-30T15:05:20","modified_gmt":"2024-08-30T15:05:20","slug":"noleggio-auto-redding","status":"publish","type":"page","link":"https:\/\/rental-car.company\/it\/noleggio-auto-redding\/","title":{"rendered":"Noleggio auto Redding - Il modo migliore per esplorare la citt\u00e0"},"content":{"rendered":"<div class=\"wpb-content-wrapper\"><h2>Provate la convenienza dei servizi di noleggio auto di Redding<\/h2>\n<p>Avete in programma un viaggio a Redding, in California? Se s\u00ec, una cosa da non perdere \u00e8 il noleggio di un'auto. In una citt\u00e0 cos\u00ec bella e varia come Redding, avere un veicolo proprio per esplorare le sue numerose attrazioni \u00e8 essenziale. E con i servizi di noleggio auto affidabili e convenienti di rental-car.company, potrete avere la libert\u00e0 di scoprire la citt\u00e0 al vostro ritmo.<\/p>\n<div class=\"vc_row wpb_row vc_row-fluid\"><div class=\"wpb_column vc_column_container vc_col-sm-12\"><div class=\"vc_column-inner\"><div class=\"wpb_wrapper\">\n\t<div class=\"wpb_text_column wpb_content_element\" >\n\t\t<div class=\"wpb_wrapper\">\n\t\t\t<p><script id=\"dchwidget\" src=\"https:\/\/www.discovercars.com\/wg.js\" async=\"\" data-dev-env=\"com\" data-location=\"\" data-lang=\"en\" data-utm-source=\"malina\" data-utm-medium=\"widget\" data-aff-code=\"a_aid\" data-autocomplete=\"on\" data-style-submit-bg-color=\"00A200\" data-style-submit-font-color=\"white\" data-style-form-bg-color=\"FAD130\" data-style-form-font-color=\"333\" data-style-submit-text=\"Search now\"><\/script><\/p>\n\n\t\t<\/div>\n\t<\/div>\n<\/div><\/div><\/div><\/div>\n<p>&nbsp;<\/p>\n<h2>Scopri il noleggio auto di Redding<\/h2>\n<p><img loading=\"lazy\" decoding=\"async\" class=\"alignleft\" src=\"\/wp-content\/uploads\/images\/rent_car_343.png\" alt=\"noleggio auto redding\" width=\"350\" height=\"350\" \/><\/p>\n<p>Su rental-car.company offriamo un'ampia gamma di veicoli per soddisfare le vostre esigenze e il vostro budget. Dalle auto compatte per chi viaggia da solo agli spaziosi SUV per famiglie o gruppi, abbiamo tutto. La nostra flotta comprende le migliori marche come Toyota, Ford e Chevrolet, per garantirvi qualit\u00e0 e comfort durante il vostro viaggio.<\/p>\n<p>Una delle cose migliori del noleggio di un'auto a Redding \u00e8 che vi permette di accedere facilmente ad alcuni dei paesaggi naturali pi\u00f9 belli della California. Con il vostro veicolo noleggiato da rental-car.company, potrete facilmente raggiungere destinazioni popolari come il Lassen Volcanic National Park o la Shasta-Trinity National Forest. Potete anche fare un giro panoramico lungo la Highway 299, che offre viste mozzafiato su montagne e laghi.<\/p>\n<p>Ma non \u00e8 tutto: avere un'auto a Redding vi permette anche di esplorare con facilit\u00e0 il vivace centro della citt\u00e0. Qui troverete numerosi ristoranti che servono una deliziosa cucina locale, negozi affascinanti che vendono souvenir unici e varie attrazioni culturali come il Turtle Bay Exploration Park.<\/p>\n<h3>I pro e i contro del noleggio di un'auto a Redding<\/h3>\n<p>Pro:<br \/>\n- Libert\u00e0 di esplorare al proprio ritmo<br \/>\n- Accesso a destinazioni remote<br \/>\n- Convenienza per famiglie o gruppi numerosi<br \/>\n- Opzione di trasporto conveniente<\/p>\n<p>Contro:<br \/>\n- Spese aggiuntive (benzina, assicurazione, ecc.)<br \/>\n- Il parcheggio pu\u00f2 essere limitato nelle aree pi\u00f9 frequentate<br \/>\n- Potenziale di traffico durante l'alta stagione turistica<\/p>\n<h3>Domande frequenti<\/h3>\n<h4>D: Quanti anni devo avere per noleggiare un'auto a Redding?<\/h4>\n<p>R: L'et\u00e0 minima richiesta per noleggiare un'auto a Redding \u00e8 di 21 anni. Tuttavia, alcune societ\u00e0 di noleggio possono avere restrizioni di et\u00e0 pi\u00f9 elevate e possono addebitare un costo aggiuntivo per i conducenti di et\u00e0 inferiore ai 25 anni.<\/p>\n<h4>D: Ho bisogno di un'assicurazione quando noleggio un'auto a Redding?<\/h4>\n<p>R: S\u00ec, \u00e8 obbligatorio avere un'assicurazione quando si noleggia un'auto a Redding. \u00c8 possibile acquistare l'assicurazione della societ\u00e0 di noleggio o utilizzare la propria copertura personale.<\/p>\n<h4>D: Ci sono costi aggiuntivi quando si noleggia un'auto a Redding?<\/h4>\n<p><img loading=\"lazy\" decoding=\"async\" class=\"alignright\" src=\"\/wp-content\/uploads\/images\/rent_car_853.png\" alt=\"noleggio auto redding\" width=\"350\" height=\"350\" \/><\/p>\n<p>R: Le spese aggiuntive, come tasse e supplementi, sono comuni quando si noleggia un'auto a Redding. \u00c8 importante leggere attentamente i termini e le condizioni prima di prenotare il noleggio.<\/p>\n<p>In conclusione, scegliere i servizi di noleggio auto di redding da rental-car.company \u00e8 il modo migliore per esplorare questa bellissima citt\u00e0. Con i nostri veicoli affidabili e le nostre tariffe convenienti, potrete sfruttare al massimo il vostro viaggio senza spendere una fortuna. Quindi perch\u00e9 aspettare? Prenotate oggi stesso il vostro noleggio auto a redding e preparatevi a vivere un'avventura indimenticabile!<\/p>\n<\/div>","protected":false},"excerpt":{"rendered":"<p>Experience the Convenience of Redding Car Rental Services Are you planning a trip to Redding, California? If so, then one thing you definitely shouldn&#8217;t miss is renting a car. With a city as beautiful and diverse as Redding, having your own vehicle to explore its many attractions is essential. And with rental-car.company&#8217;s reliable and affordable [&hellip;]<\/p>\n","protected":false},"author":1,"featured_media":2511,"parent":0,"menu_order":0,"comment_status":"closed","ping_status":"closed","template":"","meta":{"rs_blank_template":"","rs_page_bg_color":"","slide_template_v7":"","footnotes":""},"categories":[1],"tags":[],"class_list":["post-6873","page","type-page","status-publish","has-post-thumbnail","hentry","category-blog"],"_links":{"self":[{"href":"https:\/\/rental-car.company\/it\/wp-json\/wp\/v2\/pages\/6873","targetHints":{"allow":["GET"]}}],"collection":[{"href":"https:\/\/rental-car.company\/it\/wp-json\/wp\/v2\/pages"}],"about":[{"href":"https:\/\/rental-car.company\/it\/wp-json\/wp\/v2\/types\/page"}],"author":[{"embeddable":true,"href":"https:\/\/rental-car.company\/it\/wp-json\/wp\/v2\/users\/1"}],"replies":[{"embeddable":true,"href":"https:\/\/rental-car.company\/it\/wp-json\/wp\/v2\/comments?post=6873"}],"version-history":[{"count":0,"href":"https:\/\/rental-car.company\/it\/wp-json\/wp\/v2\/pages\/6873\/revisions"}],"wp:featuredmedia":[{"embeddable":true,"href":"https:\/\/rental-car.company\/it\/wp-json\/wp\/v2\/media\/2511"}],"wp:attachment":[{"href":"https:\/\/rental-car.company\/it\/wp-json\/wp\/v2\/media?parent=6873"}],"wp:term":[{"taxonomy":"category","embeddable":true,"href":"https:\/\/rental-car.company\/it\/wp-json\/wp\/v2\/categories?post=6873"},{"taxonomy":"post_tag","embeddable":true,"href":"https:\/\/rental-car.company\/it\/wp-json\/wp\/v2\/tags?post=6873"}],"curies":[{"name":"wp","href":"https:\/\/api.w.org\/{rel}","templated":true}]}}