{"id":6957,"date":"2024-08-31T11:09:58","date_gmt":"2024-08-31T11:09:58","guid":{"rendered":"https:\/\/rental-car.company\/?page_id=6957"},"modified":"2024-08-31T11:09:58","modified_gmt":"2024-08-31T11:09:58","slug":"el-paso-noleggio-auto","status":"publish","type":"page","link":"https:\/\/rental-car.company\/it\/el-paso-noleggio-auto\/","title":{"rendered":"Auto a noleggio a El Paso - La vostra guida per esplorare la Citt\u00e0 del Sole con facilit\u00e0"},"content":{"rendered":"<div class=\"wpb-content-wrapper\"><h2>Esplorate El Paso con auto a noleggio economiche e convenienti<\/h2>\n<p>Avete in programma un viaggio nella vivace citt\u00e0 di El Paso, in Texas? Non cercate oltre rental-car.company per tutte le vostre esigenze di noleggio auto. Con un'ampia selezione di auto a noleggio a prezzi accessibili, esplorare questa affascinante citt\u00e0 non \u00e8 mai stato cos\u00ec facile.<\/p>\n<div class=\"vc_row wpb_row vc_row-fluid\"><div class=\"wpb_column vc_column_container vc_col-sm-12\"><div class=\"vc_column-inner\"><div class=\"wpb_wrapper\">\n\t<div class=\"wpb_text_column wpb_content_element\" >\n\t\t<div class=\"wpb_wrapper\">\n\t\t\t<p><script id=\"dchwidget\" src=\"https:\/\/www.discovercars.com\/wg.js\" async=\"\" data-dev-env=\"com\" data-location=\"\" data-lang=\"en\" data-utm-source=\"malina\" data-utm-medium=\"widget\" data-aff-code=\"a_aid\" data-autocomplete=\"on\" data-style-submit-bg-color=\"00A200\" data-style-submit-font-color=\"white\" data-style-form-bg-color=\"FAD130\" data-style-form-font-color=\"333\" data-style-submit-text=\"Search now\"><\/script><\/p>\n\n\t\t<\/div>\n\t<\/div>\n<\/div><\/div><\/div><\/div>\n<p>&nbsp;<\/p>\n<h2>Scoprire le auto a noleggio di El Paso<\/h2>\n<p><img loading=\"lazy\" decoding=\"async\" class=\"alignleft\" src=\"\/wp-content\/uploads\/images\/rent_car_959.png\" alt=\"el paso noleggio auto\" width=\"350\" height=\"350\" \/><\/p>\n<p>El Paso \u00e8 conosciuta come la \"Citt\u00e0 del Sole\" per il suo clima caldo e soleggiato tutto l'anno. Dai monumenti storici alla deliziosa cucina Tex-Mex, in questa vivace citt\u00e0 ce n'\u00e8 per tutti i gusti. E quale modo migliore di viverla se non con la propria auto a noleggio?<\/p>\n<p>Su rental-car.company offriamo una variet\u00e0 di veicoli che si adattano alle vostre esigenze e al vostro budget. Che siate in viaggio da soli o con un gruppo, abbiamo opzioni che vanno dalle auto compatte agli spaziosi SUV. La nostra comoda posizione all'aeroporto internazionale di El Paso vi consente di ritirare facilmente la vostra auto all'arrivo e di iniziare subito a esplorare la citt\u00e0.<\/p>\n<h3>I vantaggi del noleggio di un'auto a El Paso<\/h3>\n<p>Quando si visita una nuova citt\u00e0, il noleggio di un'auto offre numerosi vantaggi rispetto ad altre modalit\u00e0 di trasporto come i mezzi pubblici o i servizi di rideshare.<\/p>\n<p>In primo luogo, avere un veicolo proprio vi permette di avere un controllo completo sul vostro itinerario. Potete visitare attrazioni popolari come il Franklin Mountains State Park o il Plaza Theatre secondo i vostri programmi, senza preoccuparvi degli orari degli autobus o dei treni.<\/p>\n<p>Inoltre, noleggiare un'auto vi d\u00e0 maggiore libert\u00e0 di esplorare oltre i confini della citt\u00e0 di El Paso. Grazie alle nostre tariffe convenienti e alle opzioni di chilometraggio illimitato, potrete fare gite di un giorno verso destinazioni vicine come il White Sands National Park o il Carlsbad Caverns National Park.<\/p>\n<h4>Pro:<\/h4>\n<p>- Flessibilit\u00e0 e indipendenza nella pianificazione del viaggio<br \/>\n- Possibilit\u00e0 di visitare le attrazioni fuori citt\u00e0<br \/>\n- Comodo e conveniente, soprattutto per i viaggi brevi<\/p>\n<h4>Contro:<\/h4>\n<p>- Costi aggiuntivi come gas, assicurazione e parcheggio<br \/>\n- Potenziale presenza di condizioni di guida non familiari in una nuova citt\u00e0<\/p>\n<h3>Domande frequenti<\/h3>\n<h4>D: Di cosa ho bisogno per noleggiare un'auto a El Paso?<\/h4>\n<p>R: Per noleggiare un'auto a El Paso, \u00e8 necessario avere almeno 21 anni e una patente di guida valida. Per i conducenti internazionali \u00e8 necessario anche un permesso di guida internazionale.<\/p>\n<h4>D: L'assicurazione \u00e8 inclusa nel prezzo del noleggio?<\/h4>\n<p>R: L'assicurazione di base \u00e8 inclusa nei nostri prezzi di noleggio. Tuttavia, offriamo anche opzioni di copertura aggiuntive per la vostra tranquillit\u00e0.<\/p>\n<h4>D: Posso restituire l'auto a noleggio in un luogo diverso?<\/h4>\n<p><img loading=\"lazy\" decoding=\"async\" class=\"alignright\" src=\"\/wp-content\/uploads\/images\/rent_car_212.png\" alt=\"el paso noleggio auto\" width=\"350\" height=\"350\" \/><\/p>\n<p>R: S\u00ec, offriamo noleggi di sola andata in cui \u00e8 possibile ritirare l'auto in un luogo e riconsegnarla in un altro. Potrebbero essere applicati costi aggiuntivi.<\/p>\n<h2>Noleggiate con fiducia su rental-car.company<\/h2>\n<p>Con oltre 50 anni di esperienza nel settore dell'autonoleggio, potete fidarvi di noi per un servizio affidabile e di qualit\u00e0. Il nostro personale cordiale \u00e8 a disposizione per assistervi in caso di domande o dubbi durante il processo di noleggio.<\/p>\n<p>Per rendere il vostro viaggio ancora pi\u00f9 conveniente, offriamo la possibilit\u00e0 di prenotare online la vostra auto a noleggio in anticipo. Potete anche approfittare dei nostri sconti e offerte per risparmiare ulteriormente sulla vostra avventura a El Paso.<\/p>\n<p>Non perdetevi tutto ci\u00f2 che El Paso ha da offrire. Noleggiate un'auto con noi oggi stesso e scoprite questa affascinante citt\u00e0 al vostro ritmo!<\/p>\n<\/div>","protected":false},"excerpt":{"rendered":"<p>Explore El Paso with Affordable and Convenient El Paso Rental Cars Are you planning a trip to the vibrant city of El Paso, Texas? Look no further than rental-car.company for all your car rental needs. With a wide selection of rental cars at affordable prices, exploring this charming city has never been easier. &nbsp; Discover [&hellip;]<\/p>\n","protected":false},"author":1,"featured_media":5886,"parent":0,"menu_order":0,"comment_status":"closed","ping_status":"closed","template":"","meta":{"rs_blank_template":"","rs_page_bg_color":"","slide_template_v7":"","footnotes":""},"categories":[1],"tags":[],"class_list":["post-6957","page","type-page","status-publish","has-post-thumbnail","hentry","category-blog"],"_links":{"self":[{"href":"https:\/\/rental-car.company\/it\/wp-json\/wp\/v2\/pages\/6957","targetHints":{"allow":["GET"]}}],"collection":[{"href":"https:\/\/rental-car.company\/it\/wp-json\/wp\/v2\/pages"}],"about":[{"href":"https:\/\/rental-car.company\/it\/wp-json\/wp\/v2\/types\/page"}],"author":[{"embeddable":true,"href":"https:\/\/rental-car.company\/it\/wp-json\/wp\/v2\/users\/1"}],"replies":[{"embeddable":true,"href":"https:\/\/rental-car.company\/it\/wp-json\/wp\/v2\/comments?post=6957"}],"version-history":[{"count":0,"href":"https:\/\/rental-car.company\/it\/wp-json\/wp\/v2\/pages\/6957\/revisions"}],"wp:featuredmedia":[{"embeddable":true,"href":"https:\/\/rental-car.company\/it\/wp-json\/wp\/v2\/media\/5886"}],"wp:attachment":[{"href":"https:\/\/rental-car.company\/it\/wp-json\/wp\/v2\/media?parent=6957"}],"wp:term":[{"taxonomy":"category","embeddable":true,"href":"https:\/\/rental-car.company\/it\/wp-json\/wp\/v2\/categories?post=6957"},{"taxonomy":"post_tag","embeddable":true,"href":"https:\/\/rental-car.company\/it\/wp-json\/wp\/v2\/tags?post=6957"}],"curies":[{"name":"wp","href":"https:\/\/api.w.org\/{rel}","templated":true}]}}