{"id":6965,"date":"2024-08-31T13:05:34","date_gmt":"2024-08-31T13:05:34","guid":{"rendered":"https:\/\/rental-car.company\/?page_id=6965"},"modified":"2024-08-31T13:05:34","modified_gmt":"2024-08-31T13:05:34","slug":"noleggio-auto-warrington-2","status":"publish","type":"page","link":"https:\/\/rental-car.company\/it\/noleggio-auto-warrington-2\/","title":{"rendered":"Noleggio auto Warrington: La vostra guida al noleggio di un'auto a Warrington"},"content":{"rendered":"<div class=\"wpb-content-wrapper\"><h2>Perch\u00e9 scegliere il noleggio auto a Warrington?<\/h2>\n<p>State programmando un viaggio a Warrington e vi state chiedendo come fare per spostarvi? Non cercate oltre il noleggio auto a Warrington. Grazie alla sua posizione comoda e all'ampia gamma di opzioni di noleggio, l'autonoleggio warrington \u00e8 la scelta perfetta per i viaggiatori che cercano flessibilit\u00e0 e convenienza durante il loro soggiorno.<\/p>\n<div class=\"vc_row wpb_row vc_row-fluid\"><div class=\"wpb_column vc_column_container vc_col-sm-12\"><div class=\"vc_column-inner\"><div class=\"wpb_wrapper\">\n\t<div class=\"wpb_text_column wpb_content_element\" >\n\t\t<div class=\"wpb_wrapper\">\n\t\t\t<p><script id=\"dchwidget\" src=\"https:\/\/www.discovercars.com\/wg.js\" async=\"\" data-dev-env=\"com\" data-location=\"\" data-lang=\"en\" data-utm-source=\"malina\" data-utm-medium=\"widget\" data-aff-code=\"a_aid\" data-autocomplete=\"on\" data-style-submit-bg-color=\"00A200\" data-style-submit-font-color=\"white\" data-style-form-bg-color=\"FAD130\" data-style-form-font-color=\"333\" data-style-submit-text=\"Search now\"><\/script><\/p>\n\n\t\t<\/div>\n\t<\/div>\n<\/div><\/div><\/div><\/div>\n<p>&nbsp;<\/p>\n<h2>Scoprire il noleggio auto a Warrington<\/h2>\n<p><img loading=\"lazy\" decoding=\"async\" class=\"alignleft\" src=\"\/wp-content\/uploads\/images\/rent_car_1264.png\" alt=\"noleggio auto warrington\" width=\"350\" height=\"350\" \/><\/p>\n<p>Al noleggio auto di Warrington, offriamo una variet\u00e0 di veicoli per soddisfare le vostre esigenze. Che siate in viaggio da soli o in gruppo, abbiamo l'auto perfetta per voi. Dalle auto compatte agli spaziosi SUV, la nostra flotta ha qualcosa per tutti.<\/p>\n<h3>Luoghi convenienti<\/h3>\n<p>Con diverse sedi in tutta Warrington, trovare una filiale di noleggio auto a Warrington vicina a voi \u00e8 facile. La nostra sede principale all'aeroporto rende semplice per i viaggiatori che arrivano in aereo ritirare il proprio veicolo all'arrivo. Abbiamo anche filiali comodamente situate nel centro della citt\u00e0 e vicino a popolari destinazioni turistiche.<\/p>\n<h3>Prezzi convenienti<\/h3>\n<p>Sappiamo che il budget \u00e8 un fattore importante nella scelta di un'auto a noleggio. Ecco perch\u00e9 offriamo prezzi competitivi senza compromettere la qualit\u00e0 o il servizio. Inoltre, grazie alla nostra garanzia di corrispondenza dei prezzi, potete essere certi di ottenere la migliore offerta possibile.<\/p>\n<h3>Opzioni di noleggio flessibili<\/h3>\n<p>All'Autonoleggio Warrington crediamo nel dare ai nostri clienti delle opzioni. Ecco perch\u00e9 offriamo noleggi a breve e a lungo termine per soddisfare le vostre esigenze specifiche. Sia che abbiate bisogno di un'auto per un solo giorno o per un periodo di tempo prolungato, siamo a vostra disposizione.<\/p>\n<h4>Pro e contro<\/h4>\n<p>Pro:<br \/>\n- Sedi convenienti in tutta Warrington<br \/>\n- Prezzi convenienti con garanzia di corrispondenza del prezzo<br \/>\n- Ampia gamma di opzioni di veicoli tra cui scegliere<br \/>\n- Opzioni di noleggio flessibili per esigenze di breve o lungo periodo<\/p>\n<p>Contro:<br \/>\n- Costi aggiuntivi per servizi extra come GPS o seggiolini auto<br \/>\n- Disponibilit\u00e0 limitata durante le stagioni di punta<\/p>\n<h4>FAQ<\/h4>\n<p><img loading=\"lazy\" decoding=\"async\" class=\"alignright\" src=\"\/wp-content\/uploads\/images\/rent_car_210.png\" alt=\"noleggio auto warrington\" width=\"350\" height=\"350\" \/><\/p>\n<p>D: Quanti anni devo avere per noleggiare un'auto a Warrington?<br \/>\nR: L'et\u00e0 minima richiesta per noleggiare un'auto a Warrington \u00e8 di 21 anni. I conducenti di et\u00e0 inferiore ai 25 anni possono essere soggetti a un supplemento per i giovani conducenti.<\/p>\n<p>D: Posso restituire l'auto a noleggio in un luogo diverso?<br \/>\nR: S\u00ec, offriamo la possibilit\u00e0 di riconsegnare l'auto a noleggio in un altro luogo a un costo aggiuntivo. Si prega di informare il nostro personale al momento della prenotazione.<\/p>\n<p>D: Quali documenti devo portare con me al momento del ritiro dell'auto a noleggio?<br \/>\nR: \u00c8 necessario avere una patente di guida valida, una carta di credito e una prova di assicurazione (se non si acquista la nostra assicurazione).<\/p>\n<p>In conclusione, scegliere il noleggio auto a Warrington \u00e8 il modo migliore per esplorare tutto ci\u00f2 che questa vivace citt\u00e0 ha da offrire. Grazie alla sua posizione comoda, ai prezzi accessibili e alle opzioni flessibili, non potete sbagliare con il noleggio auto da noi. Quindi perch\u00e9 aspettare? Prenotate oggi stesso il vostro noleggio e preparatevi a un viaggio indimenticabile a Warrington!<\/p>\n<\/div>","protected":false},"excerpt":{"rendered":"<p>Why Choose Car Rental Warrington? Are you planning a trip to Warrington and wondering how you&#8217;ll get around? Look no further than car rental warrington. With its convenient location and wide range of rental options, car rental warrington is the perfect choice for travelers looking for flexibility and convenience during their stay. &nbsp; Discover Car [&hellip;]<\/p>\n","protected":false},"author":1,"featured_media":2653,"parent":0,"menu_order":0,"comment_status":"closed","ping_status":"closed","template":"","meta":{"rs_blank_template":"","rs_page_bg_color":"","slide_template_v7":"","footnotes":""},"categories":[1],"tags":[],"class_list":["post-6965","page","type-page","status-publish","has-post-thumbnail","hentry","category-blog"],"_links":{"self":[{"href":"https:\/\/rental-car.company\/it\/wp-json\/wp\/v2\/pages\/6965","targetHints":{"allow":["GET"]}}],"collection":[{"href":"https:\/\/rental-car.company\/it\/wp-json\/wp\/v2\/pages"}],"about":[{"href":"https:\/\/rental-car.company\/it\/wp-json\/wp\/v2\/types\/page"}],"author":[{"embeddable":true,"href":"https:\/\/rental-car.company\/it\/wp-json\/wp\/v2\/users\/1"}],"replies":[{"embeddable":true,"href":"https:\/\/rental-car.company\/it\/wp-json\/wp\/v2\/comments?post=6965"}],"version-history":[{"count":0,"href":"https:\/\/rental-car.company\/it\/wp-json\/wp\/v2\/pages\/6965\/revisions"}],"wp:featuredmedia":[{"embeddable":true,"href":"https:\/\/rental-car.company\/it\/wp-json\/wp\/v2\/media\/2653"}],"wp:attachment":[{"href":"https:\/\/rental-car.company\/it\/wp-json\/wp\/v2\/media?parent=6965"}],"wp:term":[{"taxonomy":"category","embeddable":true,"href":"https:\/\/rental-car.company\/it\/wp-json\/wp\/v2\/categories?post=6965"},{"taxonomy":"post_tag","embeddable":true,"href":"https:\/\/rental-car.company\/it\/wp-json\/wp\/v2\/tags?post=6965"}],"curies":[{"name":"wp","href":"https:\/\/api.w.org\/{rel}","templated":true}]}}