{"id":6967,"date":"2024-08-31T13:05:34","date_gmt":"2024-08-31T13:05:34","guid":{"rendered":"https:\/\/rental-car.company\/?page_id=6967"},"modified":"2024-08-31T13:05:34","modified_gmt":"2024-08-31T13:05:34","slug":"noleggio-auto-aeroporto-di-lisbona","status":"publish","type":"page","link":"https:\/\/rental-car.company\/it\/noleggio-auto-aeroporto-di-lisbona\/","title":{"rendered":"Noleggio auto Lisbona Aeroporto - La guida definitiva"},"content":{"rendered":"<div class=\"wpb-content-wrapper\"><h2>Noleggio auto all'aeroporto di Lisbona<\/h2>\n<p>Noleggiare un'auto all'aeroporto di Lisbona \u00e8 il modo pi\u00f9 comodo ed efficiente per esplorare la splendida citt\u00e0 di Lisbona e le aree circostanti. Con il noleggio auto all'aeroporto di Lisbona, avrete la libert\u00e0 di creare il vostro itinerario e di viaggiare al vostro ritmo. Non dovrete pi\u00f9 affidarvi ai mezzi pubblici o ai costosi taxi: il noleggio di un'auto vi offre la flessibilit\u00e0 necessaria per vivere appieno tutto ci\u00f2 che Lisbona ha da offrire.<\/p>\n<div class=\"vc_row wpb_row vc_row-fluid\"><div class=\"wpb_column vc_column_container vc_col-sm-12\"><div class=\"vc_column-inner\"><div class=\"wpb_wrapper\">\n\t<div class=\"wpb_text_column wpb_content_element\" >\n\t\t<div class=\"wpb_wrapper\">\n\t\t\t<p><script id=\"dchwidget\" src=\"https:\/\/www.discovercars.com\/wg.js\" async=\"\" data-dev-env=\"com\" data-location=\"\" data-lang=\"en\" data-utm-source=\"malina\" data-utm-medium=\"widget\" data-aff-code=\"a_aid\" data-autocomplete=\"on\" data-style-submit-bg-color=\"00A200\" data-style-submit-font-color=\"white\" data-style-form-bg-color=\"FAD130\" data-style-form-font-color=\"333\" data-style-submit-text=\"Search now\"><\/script><\/p>\n\n\t\t<\/div>\n\t<\/div>\n<\/div><\/div><\/div><\/div>\n<p>&nbsp;<\/p>\n<h2>Scoprire il noleggio auto all'aeroporto di Lisbona<\/h2>\n<p><img loading=\"lazy\" decoding=\"async\" class=\"alignleft\" src=\"\/wp-content\/uploads\/images\/rent_car_740.png\" alt=\"noleggio auto aeroporto di lisbona\" width=\"350\" height=\"350\" \/><\/p>\n<p>L'autonoleggio dell'aeroporto di Lisbona offre un'ampia gamma di veicoli, dalle auto economiche per chi viaggia con un budget limitato alle auto di lusso per chi cerca un tocco di comfort in pi\u00f9. Grazie ai diversi punti di ritiro presenti in aeroporto, \u00e8 facile trovare l'auto a noleggio perfetta per le proprie esigenze.<\/p>\n<h3>Vantaggi del noleggio di un'auto all'aeroporto di Lisbona<\/h3>\n<p>- Convenienza: Il vantaggio principale del noleggio di un'auto all'aeroporto di Lisbona \u00e8 la comodit\u00e0. \u00c8 possibile ritirare il veicolo subito dopo l'atterraggio e riconsegnarlo prima della partenza, senza doversi preoccupare del trasporto da e per l'aeroporto.<br \/>\n- Flessibilit\u00e0: avere un'auto propria vi permette di esplorare oltre il centro di Lisbona. Potete facilmente guidare lungo la costa panoramica o visitare le citt\u00e0 vicine come Sintra o Cascais.<br \/>\n- Economico: Il noleggio di un'auto pu\u00f2 sembrare costoso a prima vista, ma se confrontato con altri mezzi di trasporto come taxi o tour, pu\u00f2 effettivamente farvi risparmiare nel lungo periodo.<br \/>\n- Comfort: Con il noleggio auto all'aeroporto di Lisbona, avete il controllo del vostro spazio e del livello di comfort. Potrete regolare l'aria condizionata, scegliere la vostra musica e fare delle soste quando necessario.<\/p>\n<h3>Cose da considerare prima di noleggiare un'auto all'aeroporto di Lisbona<\/h3>\n<p>- Limiti di et\u00e0: La maggior parte delle compagnie di noleggio auto dell'aeroporto di Lisbona richiede che i conducenti abbiano un'et\u00e0 compresa tra i 25 e i 70 anni. Se non rientrate in questa fascia d'et\u00e0, potrebbero esserci costi aggiuntivi o restrizioni.<br \/>\n- Assicurazione: \u00c8 importante avere una copertura assicurativa adeguata quando si noleggia un'auto. Informatevi presso la societ\u00e0 di noleggio sulle loro polizze assicurative e valutate la possibilit\u00e0 di acquistare una copertura aggiuntiva per stare tranquilli.<br \/>\n- Patente internazionale: Se non provenite dall'UE, potreste aver bisogno di una patente internazionale per guidare in Portogallo. Assicuratevi di verificare con le autorit\u00e0 locali prima di partire.<\/p>\n<h4>Pro e contro<\/h4>\n<p>Pro:<br \/>\n- Un modo comodo e flessibile per esplorare Lisbona e i suoi dintorni<br \/>\n- Conveniente rispetto ad altre opzioni di trasporto<br \/>\n- Controlla il comfort e lo spazio durante il viaggio<\/p>\n<p>Contro:<br \/>\n- Possono essere applicate restrizioni di et\u00e0 per i conducenti<br \/>\n- Spese aggiuntive per l'assicurazione o il permesso di guida internazionale<br \/>\n- Guidare in un paese straniero pu\u00f2 intimorire alcuni viaggiatori.<\/p>\n<h4>FAQ<\/h4>\n<p><img loading=\"lazy\" decoding=\"async\" class=\"alignright\" src=\"\/wp-content\/uploads\/images\/rent_car_617.png\" alt=\"noleggio auto aeroporto di lisbona\" width=\"350\" height=\"350\" \/><\/p>\n<p>D: Posso noleggiare un'auto all'aeroporto di Lisbona anche se ho meno di 25 anni?<br \/>\nR: La maggior parte delle societ\u00e0 di noleggio richiede che i conducenti abbiano un'et\u00e0 compresa tra i 25 e i 70 anni, ma alcune possono fare eccezioni con costi aggiuntivi.<\/p>\n<p>D: \u00c8 necessario acquistare un'assicurazione aggiuntiva quando si noleggia un'auto all'aeroporto di Lisbona?<br \/>\nR: \u00c8 consigliabile avere una copertura assicurativa adeguata, ma in ultima analisi dipende dalle preferenze e dalle esigenze del singolo.<\/p>\n<p>D: Ci sono strade a pedaggio in Portogallo di cui dovrei essere a conoscenza?<br \/>\nR: S\u00ec, in Portogallo ci sono strade a pedaggio. Assicuratevi di chiedere alla vostra societ\u00e0 di noleggio la loro politica sui pedaggi e le modalit\u00e0 di addebito.<\/p>\n<p>In conclusione, il noleggio di un'auto all'aeroporto di Lisbona \u00e8 l'opzione migliore per chi cerca comodit\u00e0, flessibilit\u00e0 e convenienza nell'esplorare questa splendida citt\u00e0. Ricordate di considerare tutti i fattori necessari prima di effettuare la prenotazione e godetevi la libert\u00e0 di scoprire Lisbona al vostro ritmo con il noleggio auto all'aeroporto di Lisbona di rental-car.company.<\/p>\n<\/div>","protected":false},"excerpt":{"rendered":"<p>Renting a Car at Lisbon Airport Renting a car at Lisbon Airport is the most convenient and efficient way to explore the beautiful city of Lisbon and its surrounding areas. With lisbon airport car rental, you have the freedom to create your own itinerary and travel at your own pace. No more relying on public [&hellip;]<\/p>\n","protected":false},"author":1,"featured_media":3730,"parent":0,"menu_order":0,"comment_status":"closed","ping_status":"closed","template":"","meta":{"rs_blank_template":"","rs_page_bg_color":"","slide_template_v7":"","footnotes":""},"categories":[1],"tags":[],"class_list":["post-6967","page","type-page","status-publish","has-post-thumbnail","hentry","category-blog"],"_links":{"self":[{"href":"https:\/\/rental-car.company\/it\/wp-json\/wp\/v2\/pages\/6967","targetHints":{"allow":["GET"]}}],"collection":[{"href":"https:\/\/rental-car.company\/it\/wp-json\/wp\/v2\/pages"}],"about":[{"href":"https:\/\/rental-car.company\/it\/wp-json\/wp\/v2\/types\/page"}],"author":[{"embeddable":true,"href":"https:\/\/rental-car.company\/it\/wp-json\/wp\/v2\/users\/1"}],"replies":[{"embeddable":true,"href":"https:\/\/rental-car.company\/it\/wp-json\/wp\/v2\/comments?post=6967"}],"version-history":[{"count":0,"href":"https:\/\/rental-car.company\/it\/wp-json\/wp\/v2\/pages\/6967\/revisions"}],"wp:featuredmedia":[{"embeddable":true,"href":"https:\/\/rental-car.company\/it\/wp-json\/wp\/v2\/media\/3730"}],"wp:attachment":[{"href":"https:\/\/rental-car.company\/it\/wp-json\/wp\/v2\/media?parent=6967"}],"wp:term":[{"taxonomy":"category","embeddable":true,"href":"https:\/\/rental-car.company\/it\/wp-json\/wp\/v2\/categories?post=6967"},{"taxonomy":"post_tag","embeddable":true,"href":"https:\/\/rental-car.company\/it\/wp-json\/wp\/v2\/tags?post=6967"}],"curies":[{"name":"wp","href":"https:\/\/api.w.org\/{rel}","templated":true}]}}