{"id":7091,"date":"2024-09-01T18:06:07","date_gmt":"2024-09-01T18:06:07","guid":{"rendered":"https:\/\/rental-car.company\/?page_id=7091"},"modified":"2024-09-01T18:06:07","modified_gmt":"2024-09-01T18:06:07","slug":"noleggio-auto-aeroporto-di-ottawa","status":"publish","type":"page","link":"https:\/\/rental-car.company\/it\/noleggio-auto-aeroporto-di-ottawa\/","title":{"rendered":"Noleggio auto Ottawa Aeroporto: La guida definitiva"},"content":{"rendered":"<div class=\"wpb-content-wrapper\"><h2>Il modo migliore per muoversi a Ottawa - Noleggio auto Ottawa Aeroporto<\/h2>\n<p>Quando si viaggia in una nuova citt\u00e0, spostarsi pu\u00f2 essere una sfida. I mezzi di trasporto pubblico non sono sempre affidabili e i taxi possono diventare un'esagerazione. Ecco perch\u00e9 noleggiare un'auto in aeroporto \u00e8 spesso l'opzione migliore per i viaggiatori. E quando si tratta di noleggiare un'auto a Ottawa, non c'\u00e8 posto migliore dell'aeroporto stesso.<\/p>\n<div class=\"vc_row wpb_row vc_row-fluid\"><div class=\"wpb_column vc_column_container vc_col-sm-12\"><div class=\"vc_column-inner\"><div class=\"wpb_wrapper\">\n\t<div class=\"wpb_text_column wpb_content_element\" >\n\t\t<div class=\"wpb_wrapper\">\n\t\t\t<p><script id=\"dchwidget\" src=\"https:\/\/www.discovercars.com\/wg.js\" async=\"\" data-dev-env=\"com\" data-location=\"\" data-lang=\"en\" data-utm-source=\"malina\" data-utm-medium=\"widget\" data-aff-code=\"a_aid\" data-autocomplete=\"on\" data-style-submit-bg-color=\"00A200\" data-style-submit-font-color=\"white\" data-style-form-bg-color=\"FAD130\" data-style-form-font-color=\"333\" data-style-submit-text=\"Search now\"><\/script><\/p>\n\n\t\t<\/div>\n\t<\/div>\n<\/div><\/div><\/div><\/div>\n<p>&nbsp;<\/p>\n<h2>Scoprire il noleggio auto Ottawa Aeroporto<\/h2>\n<p><img loading=\"lazy\" decoding=\"async\" class=\"alignleft\" src=\"\/wp-content\/uploads\/images\/rent_car_1347.png\" alt=\"noleggio auto aeroporto di ottawa\" width=\"350\" height=\"350\" \/><\/p>\n<p>Su rental-car.company offriamo servizi di noleggio auto comodi e convenienti all'aeroporto internazionale di Ottawa. Non appena scesi dal vostro volo, potrete facilmente ritirare la vostra auto a noleggio e iniziare a esplorare tutto ci\u00f2 che questa splendida citt\u00e0 ha da offrire.<\/p>\n<p>La nostra ampia selezione di veicoli comprende dalle auto compatte per chi viaggia da solo agli spaziosi SUV per famiglie o gruppi. Grazie ai nostri prezzi competitivi e all'eccellente servizio clienti, ci impegniamo a rendere la vostra esperienza di noleggio auto il pi\u00f9 agevole e piacevole possibile.<\/p>\n<h3>Perch\u00e9 scegliere il noleggio auto Ottawa Aeroporto?<\/h3>\n<p>La convenienza \u00e8 fondamentale quando si tratta di viaggiare, ed \u00e8 esattamente ci\u00f2 che otterrete con i nostri servizi di autonoleggio all'aeroporto di Ottawa. Ecco alcuni dei motivi principali per cui scegliere noi per il vostro prossimo viaggio non \u00e8 un problema:<\/p>\n<p>- Facile accesso: Il nostro ufficio di noleggio si trova proprio al terminal dell'aeroporto, quindi non dovrete preoccuparvi di prendere altri mezzi di trasporto o di percorrere strade sconosciute.<br \/>\n- Flessibilit\u00e0: Con la vostra auto a noleggio, avrete la libert\u00e0 di esplorare secondo i vostri orari senza dovervi affidare ai mezzi pubblici.<br \/>\n- Economico: Noleggiare un'auto pu\u00f2 effettivamente farvi risparmiare nel lungo periodo rispetto al pagamento costante di taxi o servizi di ride-sharing.<br \/>\n- Variet\u00e0 di opzioni: Dalle auto economiche ai veicoli di lusso, abbiamo qualcosa per ogni budget ed esigenza.<\/p>\n<h3>Pro \/ Contro del noleggio di un'auto all'aeroporto di Ottawa<\/h3>\n<p>Pro:<br \/>\n- Facilit\u00e0 di accesso e convenienza<br \/>\n- Libert\u00e0 di esplorare al proprio ritmo<br \/>\n- Economicamente vantaggioso nel lungo periodo<\/p>\n<p>Contro:<br \/>\n- Costi aggiuntivi come supplementi aeroportuali e tasse<br \/>\n- Potenziale problema di traffico e parcheggio in citt\u00e0<\/p>\n<h4>Domande frequenti<\/h4>\n<p><img loading=\"lazy\" decoding=\"async\" class=\"alignright\" src=\"\/wp-content\/uploads\/images\/rent_car_576.png\" alt=\"noleggio auto aeroporto di ottawa\" width=\"350\" height=\"350\" \/><\/p>\n<p>D: Ho bisogno di una carta di credito per noleggiare un'auto all'aeroporto di Ottawa?<br \/>\nR: S\u00ec, per il deposito cauzionale \u00e8 necessaria una carta di credito.<\/p>\n<p>D: Quali documenti devo portare con me per il noleggio auto?<br \/>\nR: \u00c8 necessario avere una patente di guida valida, un passaporto o un altro documento d'identit\u00e0 rilasciato dal governo e una carta di credito.<\/p>\n<p>D: Posso restituire l'auto a noleggio al di fuori degli orari di ufficio?<br \/>\nR: S\u00ec, offriamo la possibilit\u00e0 di consegna dopo l'orario di lavoro. Basta comunicarcelo in anticipo.<\/p>\n<p>D: Ci sono restrizioni di et\u00e0 per noleggiare un'auto all'aeroporto di Ottawa?<br \/>\nR: S\u00ec, i conducenti devono avere almeno 21 anni e possedere una patente di guida valida da almeno un anno.<\/p>\n<p>In conclusione, noleggiare un'auto all'aeroporto di Ottawa \u00e8 il modo migliore per muoversi in questa vivace citt\u00e0. Grazie alla nostra comoda posizione, alla variet\u00e0 di opzioni di veicoli e ai prezzi competitivi, rental-car.company vi ha coperto. Quindi perch\u00e9 aspettare? Prenotate oggi stesso la vostra auto a noleggio e iniziate a esplorare tutto ci\u00f2 che Ottawa ha da offrire!<\/p>\n<\/div>","protected":false},"excerpt":{"rendered":"<p>The Best Way to Get Around Ottawa &#8211; Car Rental Ottawa Airport When traveling to a new city, getting around can be a challenge. Public transportation may not always be reliable and taxis can quickly add up. That&#8217;s why renting a car at the airport is often the best option for travelers. And when it [&hellip;]<\/p>\n","protected":false},"author":1,"featured_media":7093,"parent":0,"menu_order":0,"comment_status":"closed","ping_status":"closed","template":"","meta":{"rs_blank_template":"","rs_page_bg_color":"","slide_template_v7":"","footnotes":""},"categories":[1],"tags":[],"class_list":["post-7091","page","type-page","status-publish","has-post-thumbnail","hentry","category-blog"],"_links":{"self":[{"href":"https:\/\/rental-car.company\/it\/wp-json\/wp\/v2\/pages\/7091","targetHints":{"allow":["GET"]}}],"collection":[{"href":"https:\/\/rental-car.company\/it\/wp-json\/wp\/v2\/pages"}],"about":[{"href":"https:\/\/rental-car.company\/it\/wp-json\/wp\/v2\/types\/page"}],"author":[{"embeddable":true,"href":"https:\/\/rental-car.company\/it\/wp-json\/wp\/v2\/users\/1"}],"replies":[{"embeddable":true,"href":"https:\/\/rental-car.company\/it\/wp-json\/wp\/v2\/comments?post=7091"}],"version-history":[{"count":0,"href":"https:\/\/rental-car.company\/it\/wp-json\/wp\/v2\/pages\/7091\/revisions"}],"wp:featuredmedia":[{"embeddable":true,"href":"https:\/\/rental-car.company\/it\/wp-json\/wp\/v2\/media\/7093"}],"wp:attachment":[{"href":"https:\/\/rental-car.company\/it\/wp-json\/wp\/v2\/media?parent=7091"}],"wp:term":[{"taxonomy":"category","embeddable":true,"href":"https:\/\/rental-car.company\/it\/wp-json\/wp\/v2\/categories?post=7091"},{"taxonomy":"post_tag","embeddable":true,"href":"https:\/\/rental-car.company\/it\/wp-json\/wp\/v2\/tags?post=7091"}],"curies":[{"name":"wp","href":"https:\/\/api.w.org\/{rel}","templated":true}]}}