{"id":7127,"date":"2024-09-02T03:06:58","date_gmt":"2024-09-02T03:06:58","guid":{"rendered":"https:\/\/rental-car.company\/?page_id=7127"},"modified":"2024-09-02T03:06:58","modified_gmt":"2024-09-02T03:06:58","slug":"impresa-sedona","status":"publish","type":"page","link":"https:\/\/rental-car.company\/it\/impresa-sedona\/","title":{"rendered":"Enterprise Sedona: esplorare la citt\u00e0 delle rocce rosse con stile"},"content":{"rendered":"<div class=\"wpb-content-wrapper\"><p>Se state pianificando un viaggio in Arizona, una destinazione che dovrebbe essere sulla vostra lista \u00e8 Sedona. Conosciuta per le sue splendide formazioni rocciose rosse e per i suoi paesaggi panoramici, questa citt\u00e0 \u00e8 un luogo popolare per gli appassionati di outdoor e gli amanti della natura. E quale modo migliore per esplorare tutto ci\u00f2 che Sedona ha da offrire se non con un'auto a noleggio Enterprise Sedona di rental-car.company? In questo articolo, daremo un'occhiata pi\u00f9 da vicino a ci\u00f2 che rende Enterprise Sedona la scelta ideale per chi viaggia in questa splendida citt\u00e0.<\/p>\n<div class=\"vc_row wpb_row vc_row-fluid\"><div class=\"wpb_column vc_column_container vc_col-sm-12\"><div class=\"vc_column-inner\"><div class=\"wpb_wrapper\">\n\t<div class=\"wpb_text_column wpb_content_element\" >\n\t\t<div class=\"wpb_wrapper\">\n\t\t\t<p><script id=\"dchwidget\" src=\"https:\/\/www.discovercars.com\/wg.js\" async=\"\" data-dev-env=\"com\" data-location=\"\" data-lang=\"en\" data-utm-source=\"malina\" data-utm-medium=\"widget\" data-aff-code=\"a_aid\" data-autocomplete=\"on\" data-style-submit-bg-color=\"00A200\" data-style-submit-font-color=\"white\" data-style-form-bg-color=\"FAD130\" data-style-form-font-color=\"333\" data-style-submit-text=\"Search now\"><\/script><\/p>\n\n\t\t<\/div>\n\t<\/div>\n<\/div><\/div><\/div><\/div>\n<p>&nbsp;<\/p>\n<h2>Provate Enterprise Sedona con Rental-Car.Company<\/h2>\n<p><img loading=\"lazy\" decoding=\"async\" class=\"alignleft\" src=\"\/wp-content\/uploads\/images\/rent_car_252.png\" alt=\"impresa sedona\" width=\"350\" height=\"350\" \/><\/p>\n<p>Noi di Rental-Car.Company siamo consapevoli dell'importanza della convenienza e del comfort quando si tratta di noleggiare un'auto per i vostri viaggi. Ecco perch\u00e9 abbiamo stretto una partnership con Enterprise per offrirvi auto a noleggio di alta gamma a Sedona. Grazie al nostro sito web facile da usare e al semplice processo di prenotazione, potrete facilmente noleggiare un veicolo Enterprise adatto alle vostre esigenze e al vostro budget.<\/p>\n<h3>Noleggiate l'auto dei vostri sogni con Rental-Car.Company<\/h3>\n<p>Con un'ampia flotta di veicoli, dalle auto compatte ai SUV di lusso, Rental-Car.Company vi copre quando si tratta di trovare il mezzo perfetto per il vostro viaggio. E se siete alla ricerca di qualcosa di speciale, la nostra partnership con Enterprise ci permette di offrire modelli esclusivi come cabriolet e auto sportive che renderanno il vostro viaggio a Sedona ancora pi\u00f9 indimenticabile.<\/p>\n<h3>La convenienza dei servizi di ritiro e riconsegna<\/h3>\n<p>Quando si viaggia in un posto nuovo, la comodit\u00e0 \u00e8 fondamentale. Ecco perch\u00e9 offriamo servizi di ritiro e riconsegna in diverse localit\u00e0 della citt\u00e0, in modo che possiate iniziare subito a esplorare senza problemi. Con pochi clic sul nostro sito web o tramite la nostra app mobile, potrete scegliere la localit\u00e0 pi\u00f9 comoda per il ritiro e la riconsegna della vostra auto a noleggio Enterprise Sedona.<\/p>\n<h3>Chilometraggio illimitato per Ultimate Freedom<\/h3>\n<p>Noi di Rental-Car.Company vogliamo che abbiate la libert\u00e0 di esplorare ogni angolo di Sedona senza preoccuparvi delle limitazioni di chilometraggio. Ecco perch\u00e9 tutte le nostre auto a noleggio Enterprise Sedona sono dotate di chilometraggio illimitato, in modo che possiate guidare fino a dove desiderate senza costi aggiuntivi.<\/p>\n<h4>Pro e contro del noleggio di un'auto Enterprise Sedona<\/h4>\n<p><img loading=\"lazy\" decoding=\"async\" class=\"alignright\" src=\"\/wp-content\/uploads\/images\/rent_car_884.png\" alt=\"impresa sedona\" width=\"350\" height=\"350\" \/><\/p>\n<p><strong>Pro:<\/strong><\/p>\n<ul>\n<li>Ampia selezione di veicoli tra cui scegliere<\/li>\n<li>Comodi servizi di ritiro e riconsegna in pi\u00f9 sedi<\/li>\n<li>Nessuna restrizione di chilometraggio per un'esplorazione illimitata<\/li>\n<li>Tariffe convenienti per tutte le tasche<\/li>\n<li>Servizio clienti di qualit\u00e0 superiore sia da Rental-Car.Company che da Enterprise<\/li>\n<\/ul>\n<p><strong>Contro:<\/strong><\/p>\n<ul>\n<li>Le tariffe di noleggio possono variare a seconda della stagione e della disponibilit\u00e0 dei veicoli.<\/li>\n<li>Se non si ha familiarit\u00e0 con la citt\u00e0, orientarsi in alcune zone pu\u00f2 essere difficile.<\/li>\n<p>  <\n<\/p>\n<\/div>","protected":false},"excerpt":{"rendered":"<p>If you&#8217;re planning a trip to Arizona, one destination that should be on your list is Sedona. Known for its stunning red rock formations and scenic landscapes, this city is a popular spot for outdoor enthusiasts and nature lovers. And what better way to explore all that Sedona has to offer than with an Enterprise [&hellip;]<\/p>\n","protected":false},"author":1,"featured_media":3758,"parent":0,"menu_order":0,"comment_status":"closed","ping_status":"closed","template":"","meta":{"rs_blank_template":"","rs_page_bg_color":"","slide_template_v7":"","footnotes":""},"categories":[1],"tags":[],"class_list":["post-7127","page","type-page","status-publish","has-post-thumbnail","hentry","category-blog"],"_links":{"self":[{"href":"https:\/\/rental-car.company\/it\/wp-json\/wp\/v2\/pages\/7127","targetHints":{"allow":["GET"]}}],"collection":[{"href":"https:\/\/rental-car.company\/it\/wp-json\/wp\/v2\/pages"}],"about":[{"href":"https:\/\/rental-car.company\/it\/wp-json\/wp\/v2\/types\/page"}],"author":[{"embeddable":true,"href":"https:\/\/rental-car.company\/it\/wp-json\/wp\/v2\/users\/1"}],"replies":[{"embeddable":true,"href":"https:\/\/rental-car.company\/it\/wp-json\/wp\/v2\/comments?post=7127"}],"version-history":[{"count":0,"href":"https:\/\/rental-car.company\/it\/wp-json\/wp\/v2\/pages\/7127\/revisions"}],"wp:featuredmedia":[{"embeddable":true,"href":"https:\/\/rental-car.company\/it\/wp-json\/wp\/v2\/media\/3758"}],"wp:attachment":[{"href":"https:\/\/rental-car.company\/it\/wp-json\/wp\/v2\/media?parent=7127"}],"wp:term":[{"taxonomy":"category","embeddable":true,"href":"https:\/\/rental-car.company\/it\/wp-json\/wp\/v2\/categories?post=7127"},{"taxonomy":"post_tag","embeddable":true,"href":"https:\/\/rental-car.company\/it\/wp-json\/wp\/v2\/tags?post=7127"}],"curies":[{"name":"wp","href":"https:\/\/api.w.org\/{rel}","templated":true}]}}