{"id":7129,"date":"2024-09-02T03:06:58","date_gmt":"2024-09-02T03:06:58","guid":{"rendered":"https:\/\/rental-car.company\/?page_id=7129"},"modified":"2024-09-02T03:06:58","modified_gmt":"2024-09-02T03:06:58","slug":"impresa-concord-nc","status":"publish","type":"page","link":"https:\/\/rental-car.company\/it\/impresa-concord-nc\/","title":{"rendered":"Enterprise Concord NC: La guida definitiva al noleggio di un'auto"},"content":{"rendered":"<div class=\"wpb-content-wrapper\"><h2>Enterprise di Concord NC: la vostra societ\u00e0 di autonoleggio di riferimento<\/h2>\n<p>Se state programmando un viaggio a Concord, nella Carolina del Nord, una delle prime cose da considerare \u00e8 il trasporto. Anche se i mezzi pubblici possono essere un'opzione, avere un'auto propria vi d\u00e0 la libert\u00e0 e la flessibilit\u00e0 di esplorare tutto ci\u00f2 che questa affascinante citt\u00e0 ha da offrire. E quando si tratta di noleggiare un'auto a Concord, non c'\u00e8 scelta migliore di Enterprise.<\/p>\n<p>Con diverse sedi in tutta la citt\u00e0, Enterprise rende facile ai visitatori e agli abitanti del luogo noleggiare un'auto per le loro esigenze di viaggio. Ma cosa distingue esattamente Enterprise Concord NC dalle altre societ\u00e0 di autonoleggio? Diamo un'occhiata pi\u00f9 da vicino.<\/p>\n<div class=\"vc_row wpb_row vc_row-fluid\"><div class=\"wpb_column vc_column_container vc_col-sm-12\"><div class=\"vc_column-inner\"><div class=\"wpb_wrapper\">\n\t<div class=\"wpb_text_column wpb_content_element\" >\n\t\t<div class=\"wpb_wrapper\">\n\t\t\t<p><script id=\"dchwidget\" src=\"https:\/\/www.discovercars.com\/wg.js\" async=\"\" data-dev-env=\"com\" data-location=\"\" data-lang=\"en\" data-utm-source=\"malina\" data-utm-medium=\"widget\" data-aff-code=\"a_aid\" data-autocomplete=\"on\" data-style-submit-bg-color=\"00A200\" data-style-submit-font-color=\"white\" data-style-form-bg-color=\"FAD130\" data-style-form-font-color=\"333\" data-style-submit-text=\"Search now\"><\/script><\/p>\n\n\t\t<\/div>\n\t<\/div>\n<\/div><\/div><\/div><\/div>\n<p>&nbsp;<\/p>\n<h2>Scoprire l'impresa Concord NC<\/h2>\n<p><img loading=\"lazy\" decoding=\"async\" class=\"alignleft\" src=\"\/wp-content\/uploads\/images\/rent_car_205.png\" alt=\"impresa concord nc\" width=\"350\" height=\"350\" \/><\/p>\n<p>Situata nei principali aeroporti e nei quartieri pi\u00f9 popolari, Enterprise offre un'ampia scelta di veicoli a noleggio a prezzi competitivi. Dalle auto compatte alle berline e ai SUV di lusso, l'azienda ha qualcosa per ogni budget e preferenza.<\/p>\n<p>Uno dei maggiori vantaggi del noleggio presso Enterprise \u00e8 l'eccezionale servizio clienti. Il suo personale cordiale \u00e8 sempre pronto a rispondere a qualsiasi domanda o dubbio sulla vostra esperienza di noleggio. Inoltre, grazie al programma di assistenza stradale 24 ore su 24, 7 giorni su 7, potete essere certi che l'aiuto \u00e8 a portata di telefono in caso di emergenza durante il viaggio.<\/p>\n<p>Oltre al servizio di prim'ordine, il noleggio presso Enterprise offre anche alcuni vantaggi aggiuntivi. Ad esempio, se arrivate all'aeroporto internazionale di Charlotte Douglas (CLT), Enterprise offre un servizio di navetta gratuito dall'aeroporto alla sede di Concord.<\/p>\n<h3>Il noleggio \u00e8 facile<\/h3>\n<p>Noleggiare un'auto da Enterprise \u00e8 veloce e senza problemi. Grazie al sito web o all'applicazione per dispositivi mobili, potete facilmente effettuare prenotazioni online o modificare quelle esistenti mentre siete in viaggio. Potete anche scegliere il luogo di ritiro e di consegna che preferite, rendendo ancora pi\u00f9 convenienti i vostri programmi di viaggio.<\/p>\n<p>Per coloro che preferiscono occuparsene di persona, Enterprise offre anche la possibilit\u00e0 di noleggiare un'auto sul posto in una qualsiasi delle sue sedi. E se non siete sicuri del tipo di veicolo pi\u00f9 adatto alle vostre esigenze, il personale esperto pu\u00f2 fornirvi consigli e aiutarvi a trovare la soluzione perfetta.<\/p>\n<h3>Pro e contro<\/h3>\n<p>Pro:<br \/>\n- Pi\u00f9 sedi convenienti a Concord<br \/>\n- Ampia scelta di veicoli a noleggio<br \/>\n- Prezzi competitivi<br \/>\n- Servizio clienti eccezionale<br \/>\n- Assistenza stradale 24\/7<br \/>\n- Servizio navetta gratuito dall'aeroporto di CLT<\/p>\n<p>Contro:<br \/>\n- Opzioni limitate per veicoli esotici o speciali<\/p>\n<h4>Domande frequenti (FAQ)<\/h4>\n<p><img loading=\"lazy\" decoding=\"async\" class=\"alignright\" src=\"\/wp-content\/uploads\/images\/rent_car_331.png\" alt=\"impresa concord nc\" width=\"350\" height=\"350\" \/><\/p>\n<p>D: Di cosa ho bisogno per noleggiare un'auto da Enterprise?<br \/>\nR: \u00c8 necessario avere almeno 21 anni, una patente di guida valida e una carta di credito.<\/p>\n<p>D: Posso aggiungere un ulteriore conducente al mio noleggio?<br \/>\nR: S\u00ec, \u00e8 possibile aggiungere un ulteriore conducente senza costi aggiuntivi, a condizione che soddisfi gli stessi requisiti del conducente principale.<\/p>\n<p>D: C'\u00e8 un sovrapprezzo per i conducenti di et\u00e0 inferiore ai 25 anni?<br \/>\nR: S\u00ec, \u00e8 previsto un supplemento giornaliero per i conducenti di et\u00e0 compresa tra i 21 e i 24 anni.<\/p>\n<p>D: Posso restituire l'auto a noleggio dopo l'orario di lavoro?<br \/>\nR: S\u00ec, la maggior parte delle sedi Enterprise offre la possibilit\u00e0 di consegna dopo l'orario di lavoro. Verificate le procedure presso la vostra sede specifica.<\/p>\n<p>In conclusione, noleggiare un'auto da Enterprise a Concord NC \u00e8 una scelta eccellente per chi cerca un mezzo di trasporto affidabile durante il proprio soggiorno. Grazie all'ampia scelta di veicoli, al servizio di prim'ordine e alle comode sedi, il noleggio di un'auto \u00e8 facile e senza stress. Quindi, la prossima volta che programmate un viaggio a Concord NC, prendete in considerazione la possibilit\u00e0 di prenotare con Enterprise: non rimarrete delusi.<\/p>\n<\/div>","protected":false},"excerpt":{"rendered":"<p>Concord NC Enterprise: Your Go-To Rental Car Company If you&#8217;re planning a trip to Concord, North Carolina, one of the first things you&#8217;ll need to consider is transportation. While public transportation may be an option, having your own car gives you the freedom and flexibility to explore everything this charming city has to offer. And [&hellip;]<\/p>\n","protected":false},"author":1,"featured_media":2538,"parent":0,"menu_order":0,"comment_status":"closed","ping_status":"closed","template":"","meta":{"rs_blank_template":"","rs_page_bg_color":"","slide_template_v7":"","footnotes":""},"categories":[1],"tags":[],"class_list":["post-7129","page","type-page","status-publish","has-post-thumbnail","hentry","category-blog"],"_links":{"self":[{"href":"https:\/\/rental-car.company\/it\/wp-json\/wp\/v2\/pages\/7129","targetHints":{"allow":["GET"]}}],"collection":[{"href":"https:\/\/rental-car.company\/it\/wp-json\/wp\/v2\/pages"}],"about":[{"href":"https:\/\/rental-car.company\/it\/wp-json\/wp\/v2\/types\/page"}],"author":[{"embeddable":true,"href":"https:\/\/rental-car.company\/it\/wp-json\/wp\/v2\/users\/1"}],"replies":[{"embeddable":true,"href":"https:\/\/rental-car.company\/it\/wp-json\/wp\/v2\/comments?post=7129"}],"version-history":[{"count":0,"href":"https:\/\/rental-car.company\/it\/wp-json\/wp\/v2\/pages\/7129\/revisions"}],"wp:featuredmedia":[{"embeddable":true,"href":"https:\/\/rental-car.company\/it\/wp-json\/wp\/v2\/media\/2538"}],"wp:attachment":[{"href":"https:\/\/rental-car.company\/it\/wp-json\/wp\/v2\/media?parent=7129"}],"wp:term":[{"taxonomy":"category","embeddable":true,"href":"https:\/\/rental-car.company\/it\/wp-json\/wp\/v2\/categories?post=7129"},{"taxonomy":"post_tag","embeddable":true,"href":"https:\/\/rental-car.company\/it\/wp-json\/wp\/v2\/tags?post=7129"}],"curies":[{"name":"wp","href":"https:\/\/api.w.org\/{rel}","templated":true}]}}