{"id":7172,"date":"2024-09-02T13:05:45","date_gmt":"2024-09-02T13:05:45","guid":{"rendered":"https:\/\/rental-car.company\/?page_id=7172"},"modified":"2024-09-02T13:05:45","modified_gmt":"2024-09-02T13:05:45","slug":"noleggio-auto-aberdeen","status":"publish","type":"page","link":"https:\/\/rental-car.company\/it\/noleggio-auto-aberdeen\/","title":{"rendered":"Noleggio auto Aberdeen: la guida definitiva per esplorare la citt\u00e0 granitica della Scozia"},"content":{"rendered":"<div class=\"wpb-content-wrapper\"><h2>Noleggiare un'auto a Aberdeen: Cosa c'\u00e8 da sapere<\/h2>\n<p>Avete in programma un viaggio ad Aberdeen, la terza citt\u00e0 pi\u00f9 grande della Scozia? Quando iniziate a pianificare il vostro itinerario, una cosa che sicuramente vorrete prendere in considerazione \u00e8 il noleggio di un'auto. Con cos\u00ec tante cose da vedere e da fare in questa vivace citt\u00e0 e nelle aree circostanti, avere le proprie ruote vi d\u00e0 la libert\u00e0 e la flessibilit\u00e0 di esplorare al vostro ritmo. In questa guida vi spiegheremo tutto quello che c'\u00e8 da sapere sul noleggio auto ad Aberdeen, in modo che possiate sfruttare al meglio il vostro viaggio.<\/p>\n<div class=\"vc_row wpb_row vc_row-fluid\"><div class=\"wpb_column vc_column_container vc_col-sm-12\"><div class=\"vc_column-inner\"><div class=\"wpb_wrapper\">\n\t<div class=\"wpb_text_column wpb_content_element\" >\n\t\t<div class=\"wpb_wrapper\">\n\t\t\t<p><script id=\"dchwidget\" src=\"https:\/\/www.discovercars.com\/wg.js\" async=\"\" data-dev-env=\"com\" data-location=\"\" data-lang=\"en\" data-utm-source=\"malina\" data-utm-medium=\"widget\" data-aff-code=\"a_aid\" data-autocomplete=\"on\" data-style-submit-bg-color=\"00A200\" data-style-submit-font-color=\"white\" data-style-form-bg-color=\"FAD130\" data-style-form-font-color=\"333\" data-style-submit-text=\"Search now\"><\/script><\/p>\n\n\t\t<\/div>\n\t<\/div>\n<\/div><\/div><\/div><\/div>\n<p>&nbsp;<\/p>\n<h2>Scoprire il noleggio auto di Aberdeen<\/h2>\n<p><img loading=\"lazy\" decoding=\"async\" class=\"alignleft\" src=\"\/wp-content\/uploads\/images\/rent_car_863.png\" alt=\"noleggio auto aberdeen\" width=\"350\" height=\"350\" \/><\/p>\n<p>Quando si tratta di noleggiare un'auto ad Aberdeen, ci sono molte opzioni disponibili. Dai grandi marchi internazionali come Hertz ed Enterprise, alle aziende locali come Arnold Clark e Easirent, non c'\u00e8 carenza di societ\u00e0 di autonoleggio nella zona.<\/p>\n<p>Un vantaggio di scegliere un'azienda pi\u00f9 grande \u00e8 che spesso ha pi\u00f9 sedi in tutta la citt\u00e0 e pu\u00f2 offrire pi\u00f9 scelte di veicoli. D'altra parte, le aziende locali pi\u00f9 piccole possono offrire un servizio pi\u00f9 personalizzato e offerte migliori.<\/p>\n<p>Alcune cose importanti da considerare quando si sceglie una societ\u00e0 di autonoleggio ad Aberdeen includono:<\/p>\n<p>- Posizione: Scegliete un'azienda con sedi di ritiro e consegna comode per le vostre esigenze.<br \/>\n- Opzioni per i veicoli: Assicuratevi che l'azienda disponga di veicoli adatti alle vostre esigenze di viaggio.<br \/>\n- Prezzo: Confrontate i prezzi di diverse aziende per ottenere la migliore offerta.<br \/>\n- Copertura assicurativa: La maggior parte delle societ\u00e0 di noleggio offre una copertura assicurativa a pagamento. Assicuratevi di capire cosa \u00e8 coperto prima di prendere una decisione.<br \/>\n- Costi aggiuntivi: Alcune compagnie addebitano costi aggiuntivi per cose come autisti aggiuntivi o ritardi nella riconsegna. Assicuratevi di leggere tutti i termini e le condizioni prima di prenotare.<\/p>\n<h3>Parole chiave correlate per 'Aberdeen Car Rental' (Noleggio auto)<\/h3>\n<ul>\n<li>Noleggio auto a Aberdeen<\/li>\n<li>Noleggio auto all'aeroporto di Aberdeen<\/li>\n<li>Noleggio auto Aberdeen<\/li>\n<li>Noleggio auto a Aberdeen<\/li>\n<\/ul>\n<h4>Pro e contro<\/h4>\n<p>Prima di prendere una decisione definitiva sul noleggio di un'auto ad Aberdeen, \u00e8 importante valutare i pro e i contro.<\/p>\n<p>Pro:<br \/>\n- Libert\u00e0 e flessibilit\u00e0 di esplorare al proprio ritmo<br \/>\n- Possibilit\u00e0 di visitare aree pi\u00f9 remote non facilmente raggiungibili con i mezzi pubblici<br \/>\n- Comodo per chi viaggia con gruppi numerosi o con le famiglie<\/p>\n<p>Contro:<br \/>\n- Costi aggiuntivi per la copertura assicurativa e altre spese<br \/>\n- Potenziali problemi di guida su strade poco conosciute e di navigazione in citt\u00e0<\/p>\n<h4>Domande frequenti sul noleggio auto a Aberdeen<\/h4>\n<p><img loading=\"lazy\" decoding=\"async\" class=\"alignright\" src=\"\/wp-content\/uploads\/images\/rent_car_959.png\" alt=\"noleggio auto aberdeen\" width=\"350\" height=\"350\" \/><\/p>\n<p>D: Ho bisogno di una patente internazionale per noleggiare un'auto ad Aberdeen?<br \/>\nR: No, purch\u00e9 abbiate una patente di guida valida del vostro Paese, potete noleggiare un'auto ad Aberdeen.<\/p>\n<p>D: Qual \u00e8 l'et\u00e0 minima richiesta per noleggiare un'auto ad Aberdeen?<br \/>\nR: La maggior parte delle societ\u00e0 di noleggio richiede che i conducenti abbiano almeno 21 anni. Tuttavia, alcune possono avere requisiti di et\u00e0 pi\u00f9 elevati o applicare tariffe aggiuntive per i conducenti di et\u00e0 inferiore ai 25 anni.<\/p>\n<p>D: \u00c8 difficile guidare ad Aberdeen?<br \/>\nR: Anche se guidare in una citt\u00e0 nuova pu\u00f2 essere impegnativo, soprattutto se non si \u00e8 abituati a guidare sul lato sinistro della strada, con un po' di preparazione e di cautela, orientarsi ad Aberdeen non dovrebbe essere troppo difficile.<\/p>\n<p>D: Ci sono pedaggi da pagare quando si guida in Scozia?<br \/>\nR: In Scozia non esistono strade a pedaggio. Tuttavia, ci sono alcuni ponti che richiedono una piccola tassa per l'attraversamento.<\/p>\n<p>In conclusione, noleggiare un'auto \u00e8 un'opzione eccellente per esplorare tutto ci\u00f2 che Aberdeen ha da offrire. Con un'attenta ricerca e pianificazione, \u00e8 possibile trovare la societ\u00e0 di noleggio perfetta per le proprie esigenze e il proprio budget. Quindi prenotate oggi stesso la vostra auto a noleggio: l'avventura vi aspetta nella Granite City scozzese!<\/p>\n<\/div>","protected":false},"excerpt":{"rendered":"<p>Renting a Car in Aberdeen: What You Need to Know Are you planning a trip to Aberdeen, Scotland&#8217;s third largest city? As you start planning your itinerary, one thing you&#8217;ll definitely want to consider is renting a car. With so much to see and do in this bustling city and its surrounding areas, having your [&hellip;]<\/p>\n","protected":false},"author":1,"featured_media":7174,"parent":0,"menu_order":0,"comment_status":"closed","ping_status":"closed","template":"","meta":{"rs_blank_template":"","rs_page_bg_color":"","slide_template_v7":"","footnotes":""},"categories":[1],"tags":[],"class_list":["post-7172","page","type-page","status-publish","has-post-thumbnail","hentry","category-blog"],"_links":{"self":[{"href":"https:\/\/rental-car.company\/it\/wp-json\/wp\/v2\/pages\/7172","targetHints":{"allow":["GET"]}}],"collection":[{"href":"https:\/\/rental-car.company\/it\/wp-json\/wp\/v2\/pages"}],"about":[{"href":"https:\/\/rental-car.company\/it\/wp-json\/wp\/v2\/types\/page"}],"author":[{"embeddable":true,"href":"https:\/\/rental-car.company\/it\/wp-json\/wp\/v2\/users\/1"}],"replies":[{"embeddable":true,"href":"https:\/\/rental-car.company\/it\/wp-json\/wp\/v2\/comments?post=7172"}],"version-history":[{"count":0,"href":"https:\/\/rental-car.company\/it\/wp-json\/wp\/v2\/pages\/7172\/revisions"}],"wp:featuredmedia":[{"embeddable":true,"href":"https:\/\/rental-car.company\/it\/wp-json\/wp\/v2\/media\/7174"}],"wp:attachment":[{"href":"https:\/\/rental-car.company\/it\/wp-json\/wp\/v2\/media?parent=7172"}],"wp:term":[{"taxonomy":"category","embeddable":true,"href":"https:\/\/rental-car.company\/it\/wp-json\/wp\/v2\/categories?post=7172"},{"taxonomy":"post_tag","embeddable":true,"href":"https:\/\/rental-car.company\/it\/wp-json\/wp\/v2\/tags?post=7172"}],"curies":[{"name":"wp","href":"https:\/\/api.w.org\/{rel}","templated":true}]}}