{"id":7214,"date":"2024-09-02T23:07:47","date_gmt":"2024-09-02T23:07:47","guid":{"rendered":"https:\/\/rental-car.company\/?page_id=7214"},"modified":"2024-09-02T23:07:47","modified_gmt":"2024-09-02T23:07:47","slug":"impresa-sachse","status":"publish","type":"page","link":"https:\/\/rental-car.company\/it\/impresa-sachse\/","title":{"rendered":"Enterprise Sachse - La vostra societ\u00e0 di autonoleggio di riferimento in Texas"},"content":{"rendered":"<div class=\"wpb-content-wrapper\"><p>Se state pianificando un viaggio a Sachse, Texas, o semplicemente avete bisogno di un'auto a noleggio affidabile per le vostre esigenze quotidiane, non cercate oltre Enterprise Sachse. Enterprise Sachse, una delle principali societ\u00e0 di autonoleggio della zona, offre un'ampia gamma di veicoli adatti a tutte le esigenze e a tutte le tasche. In questo articolo esploreremo tutto ci\u00f2 che Enterprise Sachse ha da offrire e perch\u00e9 dovrebbe essere la vostra scelta principale per il noleggio di auto.<\/p>\n<div class=\"vc_row wpb_row vc_row-fluid\"><div class=\"wpb_column vc_column_container vc_col-sm-12\"><div class=\"vc_column-inner\"><div class=\"wpb_wrapper\">\n\t<div class=\"wpb_text_column wpb_content_element\" >\n\t\t<div class=\"wpb_wrapper\">\n\t\t\t<p><script id=\"dchwidget\" src=\"https:\/\/www.discovercars.com\/wg.js\" async=\"\" data-dev-env=\"com\" data-location=\"\" data-lang=\"en\" data-utm-source=\"malina\" data-utm-medium=\"widget\" data-aff-code=\"a_aid\" data-autocomplete=\"on\" data-style-submit-bg-color=\"00A200\" data-style-submit-font-color=\"white\" data-style-form-bg-color=\"FAD130\" data-style-form-font-color=\"333\" data-style-submit-text=\"Search now\"><\/script><\/p>\n\n\t\t<\/div>\n\t<\/div>\n<\/div><\/div><\/div><\/div>\n<p>&nbsp;<\/p>\n<h2>Provate la convenienza di Enterprise Sachse<\/h2>\n<p><img loading=\"lazy\" decoding=\"async\" class=\"alignleft\" src=\"\/wp-content\/uploads\/images\/rent_car_1056.png\" alt=\"impresa sachse\" width=\"350\" height=\"350\" \/><\/p>\n<p>Per Enterprise Sachse la convenienza \u00e8 fondamentale. Con diverse sedi in tutta la citt\u00e0 e facili opzioni di prenotazione online, noleggiare un'auto non \u00e8 mai stato cos\u00ec facile. Che abbiate bisogno di un'auto per un giorno o per un periodo prolungato, Enterprise Sachse vi copre con le sue opzioni di noleggio flessibili.<\/p>\n<p>Uno dei principali vantaggi di scegliere Enterprise Sachse \u00e8 la variet\u00e0 della sua flotta di veicoli. Dalle auto compatte agli spaziosi SUV e tutto il resto, potrete trovare il veicolo perfetto per le vostre esigenze a prezzi convenienti. Inoltre, grazie alle auto ben tenute e all'eccellente servizio clienti, potete essere certi che la vostra esperienza di noleggio sar\u00e0 priva di problemi.<\/p>\n<h3>Noleggiate con fiducia presso Enterprise Sachse<\/h3>\n<p>Come parte del marchio globale Enterprise Rent-A-Car, che opera da oltre 60 anni, Enterprise Sachse mantiene gli stessi standard e valori elevati. Ci\u00f2 significa che quando noleggiate da loro, otterrete un servizio di prim'ordine e veicoli di qualit\u00e0 supportati da anni di esperienza.<\/p>\n<p>Oltre all'ampia scelta di veicoli e alla convenienza delle sedi, ci sono molti altri motivi per cui noleggiare da enterprise sachse \u00e8 una scelta intelligente:<\/p>\n<p>- Prezzi trasparenti: Enterprise Sachse non ha costi nascosti o sorprese quando si tratta di prezzi.<br \/>\n- Assistenza stradale 24\/7: In caso di emergenza durante il periodo di noleggio, Enterprise Sachse vi copre con il suo servizio di assistenza stradale 24 ore su 24, 7 giorni su 7.<br \/>\n- Opzioni di pagamento flessibili: Che preferiate pagare in contanti o con carta di credito, Enterprise Sachse offre diverse opzioni di pagamento per soddisfare le vostre esigenze.<br \/>\n- Servizi aggiuntivi: Avete bisogno di un GPS o di un seggiolino per bambini per il vostro viaggio? Enterprise Sachse offre servizi aggiuntivi a tariffe convenienti per rendere la vostra esperienza di noleggio ancora pi\u00f9 conveniente.<\/p>\n<h3>I vantaggi del noleggio presso Enterprise Sachse<\/h3>\n<p>- Ampia selezione di veicoli tra cui scegliere<br \/>\n- Sedi convenienti in tutta la citt\u00e0<br \/>\n- Prezzi trasparenti senza spese nascoste<br \/>\n- Eccellente servizio clienti e auto ben tenute<br \/>\n- Opzioni di noleggio e metodi di pagamento flessibili<\/p>\n<h3>Contro del noleggio presso Enterprise Sachse<\/h3>\n<p>- Sedi limitate al di fuori del Texas<br \/>\n- Costi aggiuntivi per i conducenti di et\u00e0 inferiore ai 25 anni<\/p>\n<h4>Domande frequenti su Enterprise Sachse<\/h4>\n<p><img loading=\"lazy\" decoding=\"async\" class=\"alignright\" src=\"\/wp-content\/uploads\/images\/rent_car_812.png\" alt=\"impresa sachse\" width=\"350\" height=\"350\" \/><\/p>\n<p><strong>D: Posso noleggiare un'auto senza carta di credito?<\/strong><br \/>\nR: S\u00ec, \u00e8 possibile pagare il noleggio in contanti al momento del ritiro. Tuttavia, per il deposito cauzionale \u00e8 necessaria una carta di credito.<\/p>\n<p><strong>D: C'\u00e8 un limite di et\u00e0 per noleggiare un'auto presso Enterprise Sachse?<\/strong><br \/>\nR: L'et\u00e0 minima richiesta \u00e8 di 21 anni. Tuttavia, i conducenti di et\u00e0 inferiore ai 25 anni possono essere soggetti a costi aggiuntivi.<\/p>\n<p><strong>D: Posso aggiungere un ulteriore conducente al mio noleggio?<\/strong><br \/>\nR: S\u00ec, \u00e8 possibile aggiungere un altro conducente, purch\u00e9 soddisfi gli stessi requisiti del conducente principale e sia presente al momento del ritiro.<\/p>\n<p><strong>D: Cosa succede se devo prolungare il periodo di noleggio?<\/strong><br \/>\nR: Potete facilmente prolungare il noleggio contattando la sede Enterprise Sachse pi\u00f9 vicina o tramite il portale online. Si prega di notare che potrebbero essere applicati costi aggiuntivi.<\/p>\n<p>In conclusione, se siete alla ricerca di una societ\u00e0 di autonoleggio affidabile e conveniente a Sachse, Texas, Enterprise Sachse \u00e8 la strada da percorrere. Grazie all'ampia scelta di veicoli, ai prezzi trasparenti e al servizio clienti di prim'ordine, potete noleggiare in tutta tranquillit\u00e0 sapendo che le vostre esigenze saranno soddisfatte. Prenotate oggi stesso la vostra auto a noleggio e provate di persona la convenienza di Enterprise Sachse!<\/p>\n<\/div>","protected":false},"excerpt":{"rendered":"<p>If you are planning a trip to Sachse, Texas, or just need a reliable rental car for your daily needs, look no further than Enterprise Sachse. As one of the leading car rental companies in the area, Enterprise Sachse offers a wide range of vehicles to suit every need and budget. In this article, we [&hellip;]<\/p>\n","protected":false},"author":1,"featured_media":7216,"parent":0,"menu_order":0,"comment_status":"closed","ping_status":"closed","template":"","meta":{"rs_blank_template":"","rs_page_bg_color":"","slide_template_v7":"","footnotes":""},"categories":[1],"tags":[],"class_list":["post-7214","page","type-page","status-publish","has-post-thumbnail","hentry","category-blog"],"_links":{"self":[{"href":"https:\/\/rental-car.company\/it\/wp-json\/wp\/v2\/pages\/7214","targetHints":{"allow":["GET"]}}],"collection":[{"href":"https:\/\/rental-car.company\/it\/wp-json\/wp\/v2\/pages"}],"about":[{"href":"https:\/\/rental-car.company\/it\/wp-json\/wp\/v2\/types\/page"}],"author":[{"embeddable":true,"href":"https:\/\/rental-car.company\/it\/wp-json\/wp\/v2\/users\/1"}],"replies":[{"embeddable":true,"href":"https:\/\/rental-car.company\/it\/wp-json\/wp\/v2\/comments?post=7214"}],"version-history":[{"count":0,"href":"https:\/\/rental-car.company\/it\/wp-json\/wp\/v2\/pages\/7214\/revisions"}],"wp:featuredmedia":[{"embeddable":true,"href":"https:\/\/rental-car.company\/it\/wp-json\/wp\/v2\/media\/7216"}],"wp:attachment":[{"href":"https:\/\/rental-car.company\/it\/wp-json\/wp\/v2\/media?parent=7214"}],"wp:term":[{"taxonomy":"category","embeddable":true,"href":"https:\/\/rental-car.company\/it\/wp-json\/wp\/v2\/categories?post=7214"},{"taxonomy":"post_tag","embeddable":true,"href":"https:\/\/rental-car.company\/it\/wp-json\/wp\/v2\/tags?post=7214"}],"curies":[{"name":"wp","href":"https:\/\/api.w.org\/{rel}","templated":true}]}}