{"id":7259,"date":"2024-09-03T10:06:01","date_gmt":"2024-09-03T10:06:01","guid":{"rendered":"https:\/\/rental-car.company\/?page_id=7259"},"modified":"2024-09-03T10:06:01","modified_gmt":"2024-09-03T10:06:01","slug":"tassa-di-pulizia-dellimpresa","status":"publish","type":"page","link":"https:\/\/rental-car.company\/it\/tassa-di-pulizia-dellimpresa\/","title":{"rendered":"Costo delle pulizie aziendali: Cosa c'\u00e8 da sapere"},"content":{"rendered":"<div class=\"wpb-content-wrapper\"><p>Quando si noleggia un'auto da una societ\u00e0 di autonoleggio, \u00e8 possibile imbattersi in un costo aggiuntivo noto come tassa di pulizia dell'impresa. Questa tassa non \u00e8 sempre inclusa nel prezzo iniziale del noleggio e pu\u00f2 cogliere di sorpresa molti noleggiatori. In questo articolo discuteremo cos'\u00e8 la tassa di pulizia aziendale, come funziona e se vale la pena pagarla o meno.<\/p>\n<h2>Comprendere la tariffa di pulizia aziendale<\/h2>\n<p>La tassa di pulizia aziendale \u00e8 un addebito che le societ\u00e0 di autonoleggio possono aggiungere al conto totale al termine del periodo di noleggio. \u00c8 destinata a coprire i costi di pulizia e igienizzazione del veicolo dopo la restituzione da parte del cliente.<\/p>\n<p>Questa tariffa non \u00e8 in genere negoziabile e pu\u00f2 variare da $25 a $100 a seconda della societ\u00e0 e della localit\u00e0. \u00c8 importante notare che questa tariffa pu\u00f2 variare in base a diversi fattori, come la durata del periodo di noleggio, il tipo di veicolo noleggiato e il livello di pulizia al momento della restituzione.<\/p>\n<div class=\"vc_row wpb_row vc_row-fluid\"><div class=\"wpb_column vc_column_container vc_col-sm-12\"><div class=\"vc_column-inner\"><div class=\"wpb_wrapper\">\n\t<div class=\"wpb_text_column wpb_content_element\" >\n\t\t<div class=\"wpb_wrapper\">\n\t\t\t<p><script id=\"dchwidget\" src=\"https:\/\/www.discovercars.com\/wg.js\" async=\"\" data-dev-env=\"com\" data-location=\"\" data-lang=\"en\" data-utm-source=\"malina\" data-utm-medium=\"widget\" data-aff-code=\"a_aid\" data-autocomplete=\"on\" data-style-submit-bg-color=\"00A200\" data-style-submit-font-color=\"white\" data-style-form-bg-color=\"FAD130\" data-style-form-font-color=\"333\" data-style-submit-text=\"Search now\"><\/script><\/p>\n\n\t\t<\/div>\n\t<\/div>\n<\/div><\/div><\/div><\/div>\n<p>&nbsp;<\/p>\n<h2>Scoprire la tariffa per le pulizie aziendali<\/h2>\n<p><img loading=\"lazy\" decoding=\"async\" class=\"alignleft\" src=\"\/wp-content\/uploads\/images\/rent_car_496.png\" alt=\"tassa di pulizia dell&#039;impresa\" width=\"350\" height=\"350\" \/><\/p>\n<h3>Lo scopo della tassa di pulizia aziendale<\/h3>\n<p>Lo scopo principale della tassa di pulizia aziendale \u00e8 quello di garantire che ogni veicolo noleggiato dall'azienda soddisfi determinati standard di pulizia per i futuri clienti. Poich\u00e9 la COVID-19 \u00e8 ancora un problema, molte societ\u00e0 di autonoleggio hanno implementato protocolli di pulizia pi\u00f9 severi che richiedono tempo e risorse aggiuntive.<\/p>\n<p>Inoltre, questa tariffa copre anche eventuali danni causati da versamenti o macchie che non possono essere facilmente rimossi con i metodi di pulizia standard. In questo modo si tutelano entrambe le parti coinvolte nella transazione: voi come affittuari e l'azienda.<\/p>\n<h3>Pagare per la convenienza<\/h3>\n<p>Mentre alcuni possono considerarla una spesa aggiuntiva non necessaria, altri la considerano una comodit\u00e0. Pagando in anticipo la tariffa di pulizia dell'impresa, si risparmia essenzialmente il tempo e la fatica di pulire l'auto prima di restituirla. Questo pu\u00f2 essere particolarmente utile se si hanno tempi stretti o se semplicemente non si vuole affrontare la seccatura di pulire un'auto.<\/p>\n<p>Inoltre, questa tariffa garantisce che non vi vengano addebitate ulteriori spese di pulizia se il veicolo non soddisfa gli standard dell'azienda al momento della riconsegna. Questo garantisce la massima tranquillit\u00e0 e pu\u00f2 evitarvi spese impreviste.<\/p>\n<h3>I potenziali svantaggi<\/h3>\n<p>Il principale svantaggio della tassa di pulizia dell'impresa \u00e8 che si tratta di una spesa aggiuntiva rispetto al costo del noleggio. Questo pu\u00f2 rendere il noleggio di un'auto pi\u00f9 costoso del previsto, soprattutto se si ha un budget limitato.<\/p>\n<p>Inoltre, alcuni noleggiatori potrebbero pensare di non dover pagare per qualcosa che \u00e8 considerato parte della manutenzione di base delle auto a noleggio. Tuttavia, \u00e8 importante tenere presente che le auto a noleggio sono soggette a un'usura molto maggiore rispetto ai veicoli personali e richiedono una pulizia profonda e regolare per mantenere la loro qualit\u00e0.<\/p>\n<h4>Pro e contro<\/h4>\n<ul>\n<li>Pro:<\/li>\n<ul>\n<li>Risparmia tempo e fatica<\/li>\n<li>Garantisce la massima tranquillit\u00e0<\/li>\n<li>Copre i danni causati da versamenti o macchie<\/li>\n<\/ul>\n<p><\/p>\n<li>Contro:<\/li>\n<ul>\n<li>Si aggiunge al costo del noleggio<\/li>\n<li>Pu\u00f2 sembrare una spesa superflua per alcuni affittuari<\/li>\n<\/ul\n\n\n<ul>\n<h4>Domande frequenti (FAQ)<\/h4>\n<p><img loading=\"lazy\" decoding=\"async\" class=\"alignright\" src=\"\/wp-content\/uploads\/images\/rent_car_1393.png\" alt=\"tassa di pulizia dell&#039;impresa\" width=\"350\" height=\"350\" \/><\/p>\n<h5>D: Posso rinunciare al pagamento della tassa di pulizia aziendale?<\/h5>\n<p>R: Sfortunatamente, questo costo non \u00e8 negoziabile e non pu\u00f2 essere eliminato. \u00c8 meglio tenerne conto nel budget complessivo del noleggio per evitare sorprese.<\/p>\n<h5>D: Mi verr\u00e0 addebitato il costo della pulizia aziendale se restituisco l'auto nelle stesse condizioni in cui l'ho ricevuta?<\/h5>\n<p>R: No, questa tariffa viene addebitata solo in caso di danni o sporco eccessivo che richiedono una pulizia supplementare.<\/p>\n<h5>D: La tassa di pulizia dell'impresa \u00e8 rimborsabile?<\/h5>\n<p>R: S\u00ec, se restituite l'auto in buone condizioni e non incorrete in alcun costo aggiuntivo, la tariffa per la pulizia dell'impresa dovrebbe esservi rimborsata.<\/p>\n<h2>In conclusione<\/h2>\n<p>La tassa di pulizia dell'impresa pu\u00f2 sembrare inizialmente una spesa superflua, ma ha una funzione importante nel mantenere la qualit\u00e0 e la pulizia delle auto a noleggio. Se da un lato pu\u00f2 aumentare il costo complessivo, dall'altro offre convenienza e tranquillit\u00e0. \u00c8 sempre meglio tenere conto di questa tariffa quando si valuta il noleggio di un'auto, per evitare sorprese al momento del pagamento. <\/p>\n<\/div>","protected":false},"excerpt":{"rendered":"<p>When renting a car from a rental-car.company, you may come across an additional charge known as the enterprise cleaning fee. This fee is not always included in the initial rental price and can catch many renters off guard. In this article, we will discuss what the enterprise cleaning fee is, how it works, and whether [&hellip;]<\/p>\n","protected":false},"author":1,"featured_media":2385,"parent":0,"menu_order":0,"comment_status":"closed","ping_status":"closed","template":"","meta":{"rs_blank_template":"","rs_page_bg_color":"","slide_template_v7":"","footnotes":""},"categories":[1],"tags":[],"class_list":["post-7259","page","type-page","status-publish","has-post-thumbnail","hentry","category-blog"],"_links":{"self":[{"href":"https:\/\/rental-car.company\/it\/wp-json\/wp\/v2\/pages\/7259","targetHints":{"allow":["GET"]}}],"collection":[{"href":"https:\/\/rental-car.company\/it\/wp-json\/wp\/v2\/pages"}],"about":[{"href":"https:\/\/rental-car.company\/it\/wp-json\/wp\/v2\/types\/page"}],"author":[{"embeddable":true,"href":"https:\/\/rental-car.company\/it\/wp-json\/wp\/v2\/users\/1"}],"replies":[{"embeddable":true,"href":"https:\/\/rental-car.company\/it\/wp-json\/wp\/v2\/comments?post=7259"}],"version-history":[{"count":0,"href":"https:\/\/rental-car.company\/it\/wp-json\/wp\/v2\/pages\/7259\/revisions"}],"wp:featuredmedia":[{"embeddable":true,"href":"https:\/\/rental-car.company\/it\/wp-json\/wp\/v2\/media\/2385"}],"wp:attachment":[{"href":"https:\/\/rental-car.company\/it\/wp-json\/wp\/v2\/media?parent=7259"}],"wp:term":[{"taxonomy":"category","embeddable":true,"href":"https:\/\/rental-car.company\/it\/wp-json\/wp\/v2\/categories?post=7259"},{"taxonomy":"post_tag","embeddable":true,"href":"https:\/\/rental-car.company\/it\/wp-json\/wp\/v2\/tags?post=7259"}],"curies":[{"name":"wp","href":"https:\/\/api.w.org\/{rel}","templated":true}]}}