{"id":7317,"date":"2024-09-04T07:05:21","date_gmt":"2024-09-04T07:05:21","guid":{"rendered":"https:\/\/rental-car.company\/?page_id=7317"},"modified":"2024-09-04T07:05:21","modified_gmt":"2024-09-04T07:05:21","slug":"noleggio-auto-omaha-ne","status":"publish","type":"page","link":"https:\/\/rental-car.company\/it\/noleggio-auto-omaha-ne\/","title":{"rendered":"Autonoleggio Omaha NE - La vostra guida definitiva"},"content":{"rendered":"<div class=\"wpb-content-wrapper\"><p>Il noleggio auto a Omaha, Nebraska, \u00e8 un modo comodo e conveniente per esplorare la citt\u00e0 e le aree circostanti. Che siate residenti o turisti in visita nella zona, il noleggio di un'auto vi dar\u00e0 la libert\u00e0 di scoprire tutto ci\u00f2 che Omaha ha da offrire secondo i vostri ritmi. In questo articolo vi forniremo tutte le informazioni necessarie sul noleggio auto a Omaha, NE.<\/p>\n<div class=\"vc_row wpb_row vc_row-fluid\"><div class=\"wpb_column vc_column_container vc_col-sm-12\"><div class=\"vc_column-inner\"><div class=\"wpb_wrapper\">\n\t<div class=\"wpb_text_column wpb_content_element\" >\n\t\t<div class=\"wpb_wrapper\">\n\t\t\t<p><script id=\"dchwidget\" src=\"https:\/\/www.discovercars.com\/wg.js\" async=\"\" data-dev-env=\"com\" data-location=\"\" data-lang=\"en\" data-utm-source=\"malina\" data-utm-medium=\"widget\" data-aff-code=\"a_aid\" data-autocomplete=\"on\" data-style-submit-bg-color=\"00A200\" data-style-submit-font-color=\"white\" data-style-form-bg-color=\"FAD130\" data-style-form-font-color=\"333\" data-style-submit-text=\"Search now\"><\/script><\/p>\n\n\t\t<\/div>\n\t<\/div>\n<\/div><\/div><\/div><\/div>\n<p>&nbsp;<\/p>\n<h2>Esplora gli autonoleggi a Omaha NE<\/h2>\n<p><img loading=\"lazy\" decoding=\"async\" class=\"alignleft\" src=\"\/wp-content\/uploads\/images\/rent_car_410.png\" alt=\"noleggio auto omaha ne\" width=\"350\" height=\"350\" \/><\/p>\n<p>Quando si tratta di noleggiare un'auto a Omaha, ci sono molte opzioni tra cui scegliere. Dalle principali societ\u00e0 di noleggio come Enterprise, Hertz e Avis, alle piccole aziende locali come Budget Car Rental e Thrifty Car Rental, ce n'\u00e8 per tutte le tasche e preferenze.<\/p>\n<p>Una delle cose migliori del noleggio di un'auto a Omaha \u00e8 che vi permette di accedere non solo alla citt\u00e0, ma anche alle zone limitrofe come Lincoln, Council Bluffs e Sioux City. Potete facilmente pianificare gite di un giorno o weekend senza preoccuparvi del trasporto.<\/p>\n<h3>Tipi di auto disponibili per il noleggio<\/h3>\n<p>I tipi di auto disponibili per il noleggio a Omaha variano dalle auto economiche compatte, perfette per chi viaggia da solo o per le coppie con un budget limitato, ai SUV di grandi dimensioni, ideali per le famiglie o i gruppi pi\u00f9 numerosi. Potete anche optare per veicoli di lusso se volete viaggiare con stile o se avete un'occasione speciale in arrivo.<\/p>\n<p>Se avete intenzione di esplorare destinazioni off-road o di andare in campeggio, sono disponibili anche veicoli a 4 ruote motrici a noleggio. Assicuratevi di specificare le vostre esigenze al momento della prenotazione dell'auto a noleggio, in modo che possa essere equipaggiata di conseguenza.<\/p>\n<h3>I pro e i contro del noleggio di un'auto<\/h3>\n<p>Pro:<br \/>\n- Libert\u00e0 e flessibilit\u00e0: Noleggiare un'auto vi d\u00e0 la libert\u00e0 di andare dove volete, quando volete, senza dover dipendere dagli orari dei trasporti pubblici.<br \/>\n- Conveniente: A seconda dei vostri programmi di viaggio, il noleggio di un'auto pu\u00f2 essere pi\u00f9 conveniente rispetto ai taxi o ai servizi di ride-sharing.<br \/>\n- Convenienza: Con un'auto a noleggio, non dovrete preoccuparvi di trasportare borse pesanti o di navigare in luoghi sconosciuti con i mezzi pubblici.<\/p>\n<p>Contro:<br \/>\n- Spese aggiuntive: Tenere presente le spese aggiuntive che possono essere aggiunte al noleggio, come l'assicurazione, le spese per il gas e i pedaggi.<br \/>\n- Parcheggio: Trovare un parcheggio nelle zone trafficate pu\u00f2 essere una sfida e pu\u00f2 comportare un costo aggiuntivo.<br \/>\n- Responsabilit\u00e0 per i danni: Il locatario \u00e8 responsabile di eventuali danni o incidenti che si verificano durante il periodo di noleggio.<\/p>\n<h3>Domande frequenti<\/h3>\n<p>D: Qual \u00e8 l'et\u00e0 minima richiesta per noleggiare un'auto a Omaha?<br \/>\nR: L'et\u00e0 minima richiesta varia a seconda della societ\u00e0 di noleggio. Tuttavia, la maggior parte delle societ\u00e0 richiede che i noleggiatori abbiano almeno 21 anni.<\/p>\n<p>D: Ho bisogno di un'assicurazione quando noleggio un'auto?<br \/>\nR: La maggior parte delle societ\u00e0 di noleggio offre opzioni di assicurazione a pagamento. Prima di optare per un'assicurazione aggiuntiva, verificate con la vostra compagnia di assicurazione auto personale se questa copre le auto a noleggio.<\/p>\n<p>D: Posso restituire la mia auto a noleggio in un luogo diverso?<br \/>\nR: S\u00ec, molte societ\u00e0 di noleggio offrono la possibilit\u00e0 di restituire l'auto in un luogo diverso pagando un supplemento. Assicuratevi di verificare in anticipo con la compagnia.<\/p>\n<h4>In conclusione<\/h4>\n<p><img loading=\"lazy\" decoding=\"async\" class=\"alignright\" src=\"\/wp-content\/uploads\/images\/rent_car_815.png\" alt=\"noleggio auto omaha ne\" width=\"350\" height=\"350\" \/><\/p>\n<p>Noleggiare un'auto a Omaha \u00e8 un modo eccellente per esplorare questa vivace citt\u00e0 e le aree circostanti. Grazie alle varie opzioni disponibili e alla libert\u00e0 che offre, il noleggio di un'auto pu\u00f2 rendere il vostro viaggio pi\u00f9 piacevole e conveniente. Ricordate solo di pianificare in anticipo e di fare ricerche approfondite prima di effettuare la prenotazione. Buon viaggio!<\/p>\n<\/div>","protected":false},"excerpt":{"rendered":"<p>Car rentals in Omaha, Nebraska are a convenient and affordable way to explore the city and its surrounding areas. Whether you are a local resident or a tourist visiting the area, renting a car can give you the freedom to discover all that Omaha has to offer at your own pace. In this article, we [&hellip;]<\/p>\n","protected":false},"author":1,"featured_media":5233,"parent":0,"menu_order":0,"comment_status":"closed","ping_status":"closed","template":"","meta":{"rs_blank_template":"","rs_page_bg_color":"","slide_template_v7":"","footnotes":""},"categories":[1],"tags":[],"class_list":["post-7317","page","type-page","status-publish","has-post-thumbnail","hentry","category-blog"],"_links":{"self":[{"href":"https:\/\/rental-car.company\/it\/wp-json\/wp\/v2\/pages\/7317","targetHints":{"allow":["GET"]}}],"collection":[{"href":"https:\/\/rental-car.company\/it\/wp-json\/wp\/v2\/pages"}],"about":[{"href":"https:\/\/rental-car.company\/it\/wp-json\/wp\/v2\/types\/page"}],"author":[{"embeddable":true,"href":"https:\/\/rental-car.company\/it\/wp-json\/wp\/v2\/users\/1"}],"replies":[{"embeddable":true,"href":"https:\/\/rental-car.company\/it\/wp-json\/wp\/v2\/comments?post=7317"}],"version-history":[{"count":0,"href":"https:\/\/rental-car.company\/it\/wp-json\/wp\/v2\/pages\/7317\/revisions"}],"wp:featuredmedia":[{"embeddable":true,"href":"https:\/\/rental-car.company\/it\/wp-json\/wp\/v2\/media\/5233"}],"wp:attachment":[{"href":"https:\/\/rental-car.company\/it\/wp-json\/wp\/v2\/media?parent=7317"}],"wp:term":[{"taxonomy":"category","embeddable":true,"href":"https:\/\/rental-car.company\/it\/wp-json\/wp\/v2\/categories?post=7317"},{"taxonomy":"post_tag","embeddable":true,"href":"https:\/\/rental-car.company\/it\/wp-json\/wp\/v2\/tags?post=7317"}],"curies":[{"name":"wp","href":"https:\/\/api.w.org\/{rel}","templated":true}]}}