{"id":7324,"date":"2024-09-04T08:05:45","date_gmt":"2024-09-04T08:05:45","guid":{"rendered":"https:\/\/rental-car.company\/?page_id=7324"},"modified":"2024-09-04T08:05:45","modified_gmt":"2024-09-04T08:05:45","slug":"noleggio-auto-allaeroporto-di-bufalo","status":"publish","type":"page","link":"https:\/\/rental-car.company\/it\/noleggio-auto-allaeroporto-di-bufalo\/","title":{"rendered":"Noleggio auto all'aeroporto di Buffalo - Guida al noleggio di un'auto all'aeroporto di BUF"},"content":{"rendered":"<div class=\"wpb-content-wrapper\"><div class=\"vc_row wpb_row vc_row-fluid\"><div class=\"wpb_column vc_column_container vc_col-sm-12\"><div class=\"vc_column-inner\"><div class=\"wpb_wrapper\">\n\t<div class=\"wpb_text_column wpb_content_element\" >\n\t\t<div class=\"wpb_wrapper\">\n\t\t\t<p><script id=\"dchwidget\" src=\"https:\/\/www.discovercars.com\/wg.js\" async=\"\" data-dev-env=\"com\" data-location=\"\" data-lang=\"en\" data-utm-source=\"malina\" data-utm-medium=\"widget\" data-aff-code=\"a_aid\" data-autocomplete=\"on\" data-style-submit-bg-color=\"00A200\" data-style-submit-font-color=\"white\" data-style-form-bg-color=\"FAD130\" data-style-form-font-color=\"333\" data-style-submit-text=\"Search now\"><\/script><\/p>\n\n\t\t<\/div>\n\t<\/div>\n<\/div><\/div><\/div><\/div>\n<p>&nbsp;<\/p>\n<h2>Esplorare Buffalo con facilit\u00e0: noleggio auto all'aeroporto di Buffalo<\/h2>\n<p><img loading=\"lazy\" decoding=\"async\" class=\"alignleft\" src=\"\/wp-content\/uploads\/images\/rent_car_943.png\" alt=\"noleggio auto all&#039;aeroporto di bufalo\" width=\"350\" height=\"350\" \/><\/p>\n<p>Quando si pianifica un viaggio a Buffalo, New York, una delle prime cose da fare \u00e8 assicurarsi un trasporto affidabile. Sebbene esistano diverse opzioni per spostarsi in citt\u00e0, il noleggio di un'auto all'aeroporto internazionale di Buffalo Niagara (BUF) \u00e8 spesso la scelta pi\u00f9 conveniente ed efficiente. In questa guida vi illustreremo tutto quello che c'\u00e8 da sapere sul noleggio di un'auto all'aeroporto BUF.<\/p>\n<h3>Perch\u00e9 scegliere un'auto a noleggio all'aeroporto di Buffalo?<\/h3>\n<p>Essendo uno degli aeroporti pi\u00f9 trafficati dello Stato di New York, il BUF offre una serie di societ\u00e0 di autonoleggio comodamente situate all'interno del terminal dell'aeroporto. Ci\u00f2 significa che potrete ritirare la vostra auto a noleggio non appena atterrati e iniziare a esplorare tutto ci\u00f2 che Buffalo ha da offrire senza alcun ritardo.<\/p>\n<p>Tra le compagnie di autonoleggio pi\u00f9 popolari a BUF ci sono Avis, Budget, Enterprise, Hertz, National e Thrifty. Ogni compagnia offre un'ampia selezione di veicoli che vanno dalle auto economiche ai SUV di lusso per soddisfare le vostre esigenze specifiche.<\/p>\n<h3>I pro e i contro del noleggio di un'auto all'aeroporto di Buffalo<\/h3>\n<p>Ci sono diversi vantaggi nel noleggiare un'auto dall'aeroporto di BUFF:<\/p>\n<p>- Convenienza: Come accennato in precedenza, l'accesso a pi\u00f9 societ\u00e0 di autonoleggio all'interno dell'aeroporto lo rende incredibilmente conveniente per i viaggiatori.<br \/>\n- Flessibilit\u00e0: Con un'auto a noleggio di propriet\u00e0, avete il controllo completo del vostro itinerario e potete spostarvi facilmente in diverse zone di Buffalo senza preoccuparvi degli orari dei mezzi pubblici.<br \/>\n- Risparmio di tempo: Il noleggio di un'auto vi permette di evitare le lunghe file per i taxi o i servizi di ride-sharing.<br \/>\n- Economico: A seconda della durata del soggiorno a Buffalo e della quantit\u00e0 di visite turistiche che si desidera effettuare al di fuori del centro citt\u00e0, il noleggio di un'auto pu\u00f2 risultare pi\u00f9 conveniente rispetto all'utilizzo di altri mezzi di trasporto.<\/p>\n<p>Tuttavia, ci sono anche alcuni svantaggi da considerare:<\/p>\n<p>- Costi aggiuntivi: Alcune societ\u00e0 di autonoleggio possono addebitare costi aggiuntivi per il ritiro o la riconsegna dell'auto in un aeroporto.<br \/>\n- Costo del parcheggio: Se avete intenzione di soggiornare nel centro di Buffalo, sappiate che il parcheggio pu\u00f2 essere costoso. Assicuratevi di ricercare in anticipo le opzioni di parcheggio e i costi.<br \/>\n- Traffico: Come in tutte le grandi citt\u00e0, il traffico pu\u00f2 essere intenso nelle ore di punta, quindi pianificate i vostri percorsi di conseguenza.<\/p>\n<h3>Domande frequenti<\/h3>\n<h4>Quanti anni bisogna avere per noleggiare un'auto all'aeroporto di Buffalo?<\/h4>\n<p>La maggior parte delle compagnie di autonoleggio richiede che i conducenti abbiano almeno 21 anni, ma alcune possono avere un'et\u00e0 minima di 25 anni. Inoltre, i conducenti di et\u00e0 inferiore ai 25 anni potrebbero dover pagare un supplemento per i giovani conducenti.<\/p>\n<h4>Ho bisogno di un'assicurazione quando noleggio un'auto all'aeroporto BUF?<\/h4>\n<p>\u00c8 consigliabile avere una copertura assicurativa quando si noleggia un'auto. La maggior parte delle societ\u00e0 di noleggio offre le proprie opzioni assicurative, ma potete anche utilizzare la vostra assicurazione auto personale o i vantaggi della carta di credito, se questi coprono le auto a noleggio.<\/p>\n<h4>Posso restituire la mia auto a noleggio fuori orario?<\/h4>\n<p><img loading=\"lazy\" decoding=\"async\" class=\"alignright\" src=\"\/wp-content\/uploads\/images\/rent_car_666.png\" alt=\"noleggio auto all&#039;aeroporto di bufalo\" width=\"350\" height=\"350\" \/><\/p>\n<p>S\u00ec, molte societ\u00e0 di noleggio all'aeroporto di BUF offrono servizi di riconsegna dopo l'orario di lavoro per una maggiore comodit\u00e0. Assicuratevi di verificare con la societ\u00e0 scelta le politiche e le procedure specifiche.<\/p>\n<p>In conclusione, noleggiare un'auto dall'Aeroporto Internazionale di Buffalo Niagara \u00e8 un'opzione eccellente per i viaggiatori che cercano convenienza e flessibilit\u00e0 durante il loro soggiorno a Buffalo. Grazie alle numerose compagnie affidabili e alle varie opzioni di veicoli disponibili direttamente nel terminal dell'aeroporto, spostarsi in citt\u00e0 non \u00e8 mai stato cos\u00ec facile. Quindi, la prossima volta che visiterete Buffalo, ricordatevi di prenotare in anticipo la vostra auto a noleggio all'aeroporto di Buffalo e godetevi l'esplorazione di tutto ci\u00f2 che questa vivace citt\u00e0 ha da offrire!<\/p>\n<\/div>","protected":false},"excerpt":{"rendered":"<p>&nbsp; Explore Buffalo with Ease: Buffalo Airport Rental Car When planning a trip to Buffalo, New York, one of the first things on your checklist should be securing reliable transportation. While there are various options for getting around the city, renting a car from Buffalo Niagara International Airport (BUF) is often the most convenient and [&hellip;]<\/p>\n","protected":false},"author":1,"featured_media":3916,"parent":0,"menu_order":0,"comment_status":"closed","ping_status":"closed","template":"","meta":{"rs_blank_template":"","rs_page_bg_color":"","slide_template_v7":"","footnotes":""},"categories":[1],"tags":[],"class_list":["post-7324","page","type-page","status-publish","has-post-thumbnail","hentry","category-blog"],"_links":{"self":[{"href":"https:\/\/rental-car.company\/it\/wp-json\/wp\/v2\/pages\/7324","targetHints":{"allow":["GET"]}}],"collection":[{"href":"https:\/\/rental-car.company\/it\/wp-json\/wp\/v2\/pages"}],"about":[{"href":"https:\/\/rental-car.company\/it\/wp-json\/wp\/v2\/types\/page"}],"author":[{"embeddable":true,"href":"https:\/\/rental-car.company\/it\/wp-json\/wp\/v2\/users\/1"}],"replies":[{"embeddable":true,"href":"https:\/\/rental-car.company\/it\/wp-json\/wp\/v2\/comments?post=7324"}],"version-history":[{"count":0,"href":"https:\/\/rental-car.company\/it\/wp-json\/wp\/v2\/pages\/7324\/revisions"}],"wp:featuredmedia":[{"embeddable":true,"href":"https:\/\/rental-car.company\/it\/wp-json\/wp\/v2\/media\/3916"}],"wp:attachment":[{"href":"https:\/\/rental-car.company\/it\/wp-json\/wp\/v2\/media?parent=7324"}],"wp:term":[{"taxonomy":"category","embeddable":true,"href":"https:\/\/rental-car.company\/it\/wp-json\/wp\/v2\/categories?post=7324"},{"taxonomy":"post_tag","embeddable":true,"href":"https:\/\/rental-car.company\/it\/wp-json\/wp\/v2\/tags?post=7324"}],"curies":[{"name":"wp","href":"https:\/\/api.w.org\/{rel}","templated":true}]}}