{"id":7403,"date":"2024-09-05T02:05:21","date_gmt":"2024-09-05T02:05:21","guid":{"rendered":"https:\/\/rental-car.company\/?page_id=7403"},"modified":"2024-09-05T02:05:21","modified_gmt":"2024-09-05T02:05:21","slug":"noleggio-auto-aeroporto-di-marsiglia","status":"publish","type":"page","link":"https:\/\/rental-car.company\/it\/noleggio-auto-aeroporto-di-marsiglia\/","title":{"rendered":"Noleggio auto Marsiglia Aeroporto: La vostra guida per esplorare la Costa Azzurra"},"content":{"rendered":"<div class=\"wpb-content-wrapper\"><h2>Noleggiare un'auto all'aeroporto di Marsiglia<\/h2>\n<p>Avete in programma un viaggio nella splendida citt\u00e0 di Marsiglia? Uno dei modi migliori per esplorare questa vivace citt\u00e0 costiera e i suoi dintorni \u00e8 noleggiare un'auto all'aeroporto di Marsiglia. Con cos\u00ec tante attrazioni e luoghi da vedere, avere un mezzo di trasporto proprio vi dar\u00e0 la libert\u00e0 e la flessibilit\u00e0 di sfruttare al massimo il vostro viaggio.<\/p>\n<div class=\"vc_row wpb_row vc_row-fluid\"><div class=\"wpb_column vc_column_container vc_col-sm-12\"><div class=\"vc_column-inner\"><div class=\"wpb_wrapper\">\n\t<div class=\"wpb_text_column wpb_content_element\" >\n\t\t<div class=\"wpb_wrapper\">\n\t\t\t<p><script id=\"dchwidget\" src=\"https:\/\/www.discovercars.com\/wg.js\" async=\"\" data-dev-env=\"com\" data-location=\"\" data-lang=\"en\" data-utm-source=\"malina\" data-utm-medium=\"widget\" data-aff-code=\"a_aid\" data-autocomplete=\"on\" data-style-submit-bg-color=\"00A200\" data-style-submit-font-color=\"white\" data-style-form-bg-color=\"FAD130\" data-style-form-font-color=\"333\" data-style-submit-text=\"Search now\"><\/script><\/p>\n\n\t\t<\/div>\n\t<\/div>\n<\/div><\/div><\/div><\/div>\n<p>&nbsp;<\/p>\n<h2>Scoprire il noleggio auto Marsiglia Aeroporto<\/h2>\n<p><img loading=\"lazy\" decoding=\"async\" class=\"alignleft\" src=\"\/wp-content\/uploads\/images\/rent_car_384.png\" alt=\"noleggio auto aeroporto di marsiglia\" width=\"350\" height=\"350\" \/><\/p>\n<p>L'Aeroporto di Marsiglia Provenza, noto anche come Aeroporto di Marsiglia Marignane, \u00e8 il principale aeroporto internazionale che serve la citt\u00e0 di Marsiglia. Si trova a 27 chilometri a nord-ovest del centro di Marsiglia, il che lo rende un comodo punto di partenza per il vostro viaggio. L'aeroporto offre diverse opzioni di trasporto per i viaggiatori, tra cui autobus e taxi. Tuttavia, se volete avere un maggiore controllo sul vostro itinerario ed evitare di fare lunghe file per i trasporti pubblici, noleggiare un'auto all'aeroporto di Marsiglia \u00e8 la scelta migliore.<\/p>\n<h3>I vantaggi del noleggio di un'auto all'aeroporto di Marsiglia<\/h3>\n<p>Il noleggio di un'auto all'aeroporto di Marsiglia presenta diversi vantaggi. Innanzitutto, vi permette di avere il controllo completo sui vostri programmi di viaggio. Non dovrete fare affidamento sugli orari dei trasporti pubblici o preoccuparvi di perdere alcune attrazioni a causa di opzioni di trasporto limitate.<\/p>\n<p>Inoltre, avere un'auto a noleggio vi d\u00e0 l'opportunit\u00e0 di esplorare oltre il centro di Marsiglia. Grazie al facile accesso dall'aeroporto, potrete avventurarvi in altre incantevoli citt\u00e0 della Costa Azzurra, come Cassis o Aix-en-Provence.<\/p>\n<p>Inoltre, noleggiare un'auto all'aeroporto di Marsiglia pu\u00f2 anche farvi risparmiare denaro nel lungo periodo. I costi del trasporto pubblico possono accumularsi rapidamente se si prevede di visitare pi\u00f9 destinazioni durante il viaggio. Con un'auto a noleggio a chilometraggio illimitato, potrete risparmiare su queste spese e godere di maggiore comodit\u00e0 e comfort.<\/p>\n<h3>Scegliere la giusta societ\u00e0 di autonoleggio<\/h3>\n<p>Quando si tratta di noleggiare un'auto all'aeroporto di Marsiglia, sono disponibili diverse opzioni. \u00c8 importante scegliere una societ\u00e0 di autonoleggio affidabile e rispettabile, che offra prezzi competitivi e un eccellente servizio clienti. Noi di rental-car.company siamo orgogliosi di fornire servizi di autonoleggio di alto livello a prezzi accessibili.<\/p>\n<p>La nostra flotta comprende una variet\u00e0 di veicoli per soddisfare le vostre esigenze specifiche, sia che viaggiate da soli o in gruppo. Dalle auto compatte per la guida in citt\u00e0 agli spaziosi SUV per esplorare la campagna, ne abbiamo per tutti i gusti. Offriamo anche opzioni di noleggio flessibili, come il noleggio a senso unico, che vi consente di riconsegnare l'auto in un altro luogo, se necessario.<\/p>\n<h4>Pro:<\/h4>\n<p>- Flessibilit\u00e0 e convenienza nei programmi di viaggio<br \/>\n- Opportunit\u00e0 di esplorare oltre Marsiglia<br \/>\n- Potenziali risparmi sui costi<br \/>\n- Ampia scelta di veicoli di un'azienda rinomata<\/p>\n<h4>Contro:<\/h4>\n<p><img loading=\"lazy\" decoding=\"async\" class=\"alignright\" src=\"\/wp-content\/uploads\/images\/rent_car_1235.png\" alt=\"noleggio auto aeroporto di marsiglia\" width=\"350\" height=\"350\" \/><\/p>\n<p>- Costi aggiuntivi come assicurazione e carburante<br \/>\n- Possibile barriera linguistica con gli autisti locali<br \/>\n- Necessit\u00e0 di una patente di guida internazionale (se non si proviene dall'UE)<\/p>\n<h3>Domande frequenti<\/h3>\n<p><strong>D: Posso noleggiare un'auto all'aeroporto di Marsiglia senza una patente internazionale?<\/strong><br \/>\nR: Se provenite dall'Unione Europea, potete utilizzare la patente di guida valida del vostro Paese. Tuttavia, se non appartenete all'Unione Europea, avrete bisogno di una patente internazionale per noleggiare un'auto in Francia.<\/p>\n<p><strong>D: Quanti anni devo avere per noleggiare un'auto all'aeroporto di Marsiglia?<\/strong><br \/>\nR: L'et\u00e0 minima richiesta per noleggiare un'auto in Francia \u00e8 generalmente di 21 anni. Tuttavia, alcune compagnie possono richiedere ai conducenti di avere 25 anni o pi\u00f9, a seconda delle loro politiche.<\/p>\n<p><strong>D: Ho bisogno di un'assicurazione quando noleggio un'auto all'aeroporto di Marsiglia?<\/strong><br \/>\nR: S\u00ec, \u00e8 obbligatorio avere un'assicurazione quando si noleggia un'auto in Francia. La nostra societ\u00e0 di autonoleggio offre diverse opzioni assicurative tra cui scegliere per una maggiore tranquillit\u00e0 durante il viaggio.<\/p>\n<h2>Noleggiate un'auto ed esplorate la Costa Azzurra<\/h2>\n<p>Con le sue splendide vedute costiere, la sua ricca storia e la sua deliziosa cucina, Marsiglia \u00e8 la destinazione perfetta per qualsiasi viaggiatore. E con la comodit\u00e0 di noleggiare un'auto all'aeroporto di Marsiglia, potrete sfruttare al massimo il vostro viaggio esplorando tutto ci\u00f2 che questa splendida regione ha da offrire. Quindi perch\u00e9 aspettare? Prenotate oggi stesso la vostra auto a noleggio con rental-car.company e preparatevi a scoprire le meraviglie della Costa Azzurra. Buon viaggio!<\/p>\n<\/div>","protected":false},"excerpt":{"rendered":"<p>Renting a Car at Marseille Airport Are you planning a trip to the beautiful city of Marseille? One of the best ways to explore this vibrant coastal city and its surrounding areas is by renting a car at Marseille Airport. With so many attractions and sights to see, having your own mode of transportation will [&hellip;]<\/p>\n","protected":false},"author":1,"featured_media":3517,"parent":0,"menu_order":0,"comment_status":"closed","ping_status":"closed","template":"","meta":{"rs_blank_template":"","rs_page_bg_color":"","slide_template_v7":"","footnotes":""},"categories":[1],"tags":[],"class_list":["post-7403","page","type-page","status-publish","has-post-thumbnail","hentry","category-blog"],"_links":{"self":[{"href":"https:\/\/rental-car.company\/it\/wp-json\/wp\/v2\/pages\/7403","targetHints":{"allow":["GET"]}}],"collection":[{"href":"https:\/\/rental-car.company\/it\/wp-json\/wp\/v2\/pages"}],"about":[{"href":"https:\/\/rental-car.company\/it\/wp-json\/wp\/v2\/types\/page"}],"author":[{"embeddable":true,"href":"https:\/\/rental-car.company\/it\/wp-json\/wp\/v2\/users\/1"}],"replies":[{"embeddable":true,"href":"https:\/\/rental-car.company\/it\/wp-json\/wp\/v2\/comments?post=7403"}],"version-history":[{"count":0,"href":"https:\/\/rental-car.company\/it\/wp-json\/wp\/v2\/pages\/7403\/revisions"}],"wp:featuredmedia":[{"embeddable":true,"href":"https:\/\/rental-car.company\/it\/wp-json\/wp\/v2\/media\/3517"}],"wp:attachment":[{"href":"https:\/\/rental-car.company\/it\/wp-json\/wp\/v2\/media?parent=7403"}],"wp:term":[{"taxonomy":"category","embeddable":true,"href":"https:\/\/rental-car.company\/it\/wp-json\/wp\/v2\/categories?post=7403"},{"taxonomy":"post_tag","embeddable":true,"href":"https:\/\/rental-car.company\/it\/wp-json\/wp\/v2\/tags?post=7403"}],"curies":[{"name":"wp","href":"https:\/\/api.w.org\/{rel}","templated":true}]}}