{"id":7405,"date":"2024-09-05T03:06:56","date_gmt":"2024-09-05T03:06:56","guid":{"rendered":"https:\/\/rental-car.company\/?page_id=7405"},"modified":"2024-09-05T03:06:56","modified_gmt":"2024-09-05T03:06:56","slug":"noleggio-auto-guadalajara-aeroporto","status":"publish","type":"page","link":"https:\/\/rental-car.company\/it\/noleggio-auto-guadalajara-aeroporto\/","title":{"rendered":"Noleggio auto Guadalajara Aeroporto - La vostra guida per viaggiare senza problemi"},"content":{"rendered":"<div class=\"wpb-content-wrapper\"><h2>Esplorate la convenienza del noleggio auto all'aeroporto di Guadalajara<\/h2>\n<p>Avete in programma un viaggio in Messico e state atterrando all'Aeroporto Internazionale di Guadalajara? In tal caso, noleggiare un'auto dall'aeroporto pu\u00f2 essere una saggia decisione. Vi far\u00e0 risparmiare tempo e render\u00e0 la vostra esperienza di viaggio pi\u00f9 conveniente. Che siate in viaggio per affari o per piacere, avere la vostra auto a noleggio all'aeroporto vi d\u00e0 la libert\u00e0 di esplorare questa bellissima citt\u00e0 alle vostre condizioni.<\/p>\n<div class=\"vc_row wpb_row vc_row-fluid\"><div class=\"wpb_column vc_column_container vc_col-sm-12\"><div class=\"vc_column-inner\"><div class=\"wpb_wrapper\">\n\t<div class=\"wpb_text_column wpb_content_element\" >\n\t\t<div class=\"wpb_wrapper\">\n\t\t\t<p><script id=\"dchwidget\" src=\"https:\/\/www.discovercars.com\/wg.js\" async=\"\" data-dev-env=\"com\" data-location=\"\" data-lang=\"en\" data-utm-source=\"malina\" data-utm-medium=\"widget\" data-aff-code=\"a_aid\" data-autocomplete=\"on\" data-style-submit-bg-color=\"00A200\" data-style-submit-font-color=\"white\" data-style-form-bg-color=\"FAD130\" data-style-form-font-color=\"333\" data-style-submit-text=\"Search now\"><\/script><\/p>\n\n\t\t<\/div>\n\t<\/div>\n<\/div><\/div><\/div><\/div>\n<p>&nbsp;<\/p>\n<h2>Scoprire il noleggio auto all'aeroporto di Guadalajara<\/h2>\n<p><img loading=\"lazy\" decoding=\"async\" class=\"alignleft\" src=\"\/wp-content\/uploads\/images\/rent_car_244.png\" alt=\"noleggio auto guadalajara aeroporto\" width=\"350\" height=\"350\" \/><\/p>\n<p>L'Aeroporto Internazionale di Guadalajara, noto anche come Aeroporto Internazionale Miguel Hidalgo y Costilla, \u00e8 uno degli aeroporti pi\u00f9 trafficati del Messico e serve milioni di passeggeri ogni anno. Appena atterrati in questo aeroporto, troverete diverse societ\u00e0 di autonoleggio ad attendervi nell'area arrivi. Queste societ\u00e0 di autonoleggio offrono una variet\u00e0 di veicoli che vanno dalle auto compatte ai SUV di lusso. Tra le compagnie di autonoleggio pi\u00f9 popolari all'aeroporto di Guadalajara figurano Alamo, Avis, Budget, Dollar Rent-A-Car, Enterprise Rent-A-Car e altre ancora.<\/p>\n<h3>I vantaggi di noleggiare un'auto all'aeroporto di Guadalajara<\/h3>\n<p>Noleggiare un'auto all'aeroporto di Guadalajara offre diversi vantaggi che possono migliorare la vostra esperienza di viaggio:<\/p>\n<p>- Risparmio di tempo: Noleggiando un'auto direttamente in aeroporto, non dovrete preoccuparvi di trovare un mezzo di trasporto o di orientarvi tra sistemi di trasporto pubblico poco conosciuti. In questo modo si risparmia tempo prezioso che pu\u00f2 essere speso meglio per esplorare la citt\u00e0.<br \/>\n- Convenienza: Avere un'auto a noleggio vi offre la comodit\u00e0 di poter andare dove e quando volete senza dipendere dagli orari dei mezzi pubblici.<br \/>\n- Economico: Contrariamente a quanto si crede, il noleggio di un'auto pu\u00f2 far risparmiare in alcune situazioni. Ad esempio, se si viaggia in pi\u00f9 persone, dividere il costo di un'auto a noleggio pu\u00f2 essere pi\u00f9 conveniente che acquistare singoli biglietti per i mezzi pubblici.<br \/>\n- Flessibilit\u00e0: Con un'auto a noleggio, avete la flessibilit\u00e0 di pianificare il vostro itinerario e visitare luoghi che potrebbero non essere accessibili con i mezzi pubblici.<br \/>\n- Comfort: Dopo un lungo volo, avere un'auto a noleggio per raggiungere direttamente l'alloggio pu\u00f2 dare un senso di comfort e di tranquillit\u00e0 di cui si ha bisogno.<\/p>\n<h3>Cose da considerare prima di noleggiare un'auto all'aeroporto di Guadalajara<\/h3>\n<p>Sebbene noleggiare un'auto all'aeroporto di Guadalajara abbia i suoi vantaggi, ci sono anche alcune cose da tenere a mente prima di effettuare la prenotazione:<\/p>\n<p>- Copertura assicurativa: Assicuratevi di verificare se la vostra assicurazione personale copre le auto a noleggio. In caso contrario, si consiglia di acquistare l'assicurazione dalla compagnia di autonoleggio.<br \/>\n- Costi nascosti: Fate attenzione a eventuali costi nascosti, come ad esempio costi aggiuntivi per autisti supplementari o limiti di chilometraggio.<br \/>\n- Politica del gas: Verificate la politica del gas della societ\u00e0 di noleggio. Alcune societ\u00e0 richiedono di restituire l'auto con il serbatoio pieno, mentre altre addebitano il costo della benzina al momento della restituzione.<br \/>\n- Leggi sulla guida: Familiarizzate con le leggi messicane sulla guida prima di mettervi al volante. Ad esempio, in Messico si guida sul lato destro della strada e i limiti di velocit\u00e0 sono indicati in chilometri orari.<\/p>\n<h4>Pro:<\/h4>\n<p>- Convenienza<br \/>\n- Risparmio di tempo<br \/>\n- Flessibilit\u00e0<br \/>\n- Economicamente vantaggioso<\/p>\n<h4>Contro:<\/h4>\n<p>- Costi aggiuntivi<br \/>\n- Leggi e regolamenti diversi sulla guida<\/p>\n<h4>Domande frequenti sul noleggio auto all'aeroporto di Guadalajara<\/h4>\n<p><img loading=\"lazy\" decoding=\"async\" class=\"alignright\" src=\"\/wp-content\/uploads\/images\/rent_car_1161.png\" alt=\"noleggio auto guadalajara aeroporto\" width=\"350\" height=\"350\" \/><\/p>\n<p><strong>D: Posso noleggiare un'auto senza una patente internazionale?<\/strong><br \/>\nR: S\u00ec, purch\u00e9 abbiate una patente di guida valida del vostro Paese.<\/p>\n<p><strong>D: C'\u00e8 un limite di et\u00e0 per noleggiare un'auto all'aeroporto di Guadalajara?<\/strong><br \/>\nR: La maggior parte delle societ\u00e0 di noleggio richiede che i conducenti abbiano almeno 21 anni, ma alcune possono avere un'et\u00e0 minima di 25 anni.<\/p>\n<p><strong>D: Posso restituire l'auto in un luogo diverso?<\/strong><br \/>\nR: S\u00ec, la maggior parte delle societ\u00e0 di noleggio offre la possibilit\u00e0 di riconsegnare l'auto in un luogo diverso pagando un supplemento.<\/p>\n<p><strong>D: \u00c8 sicuro noleggiare un'auto in Messico?<\/strong><br \/>\nR: S\u00ec, a patto che si segua il codice della strada e si prendano precauzioni come evitare di guidare di notte e parcheggiare in aree ben illuminate.<\/p>\n<p>In conclusione, il noleggio di un'auto all'aeroporto di Guadalajara pu\u00f2 migliorare notevolmente la vostra esperienza di viaggio in Messico. Offre convenienza, flessibilit\u00e0 ed economicit\u00e0, consentendovi di sfruttare al meglio il vostro viaggio. Tuttavia, assicuratevi di fare ricerche e di comprendere tutti i termini e le condizioni prima di effettuare la prenotazione. Con una pianificazione adeguata e la conoscenza delle leggi locali in materia di guida, potrete vivere un'esperienza senza problemi con il noleggio auto all'aeroporto di Guadalajara.<\/p>\n<\/div>","protected":false},"excerpt":{"rendered":"<p>Explore the Convenience of Rental Car Guadalajara Airport Are you planning a trip to Mexico and landing at Guadalajara International Airport? If so, renting a car from the airport can be a wise decision. It will save you time and make your travel experience more convenient. Whether you are traveling for business or pleasure, having [&hellip;]<\/p>\n","protected":false},"author":1,"featured_media":3421,"parent":0,"menu_order":0,"comment_status":"closed","ping_status":"closed","template":"","meta":{"rs_blank_template":"","rs_page_bg_color":"","slide_template_v7":"","footnotes":""},"categories":[1],"tags":[],"class_list":["post-7405","page","type-page","status-publish","has-post-thumbnail","hentry","category-blog"],"_links":{"self":[{"href":"https:\/\/rental-car.company\/it\/wp-json\/wp\/v2\/pages\/7405","targetHints":{"allow":["GET"]}}],"collection":[{"href":"https:\/\/rental-car.company\/it\/wp-json\/wp\/v2\/pages"}],"about":[{"href":"https:\/\/rental-car.company\/it\/wp-json\/wp\/v2\/types\/page"}],"author":[{"embeddable":true,"href":"https:\/\/rental-car.company\/it\/wp-json\/wp\/v2\/users\/1"}],"replies":[{"embeddable":true,"href":"https:\/\/rental-car.company\/it\/wp-json\/wp\/v2\/comments?post=7405"}],"version-history":[{"count":0,"href":"https:\/\/rental-car.company\/it\/wp-json\/wp\/v2\/pages\/7405\/revisions"}],"wp:featuredmedia":[{"embeddable":true,"href":"https:\/\/rental-car.company\/it\/wp-json\/wp\/v2\/media\/3421"}],"wp:attachment":[{"href":"https:\/\/rental-car.company\/it\/wp-json\/wp\/v2\/media?parent=7405"}],"wp:term":[{"taxonomy":"category","embeddable":true,"href":"https:\/\/rental-car.company\/it\/wp-json\/wp\/v2\/categories?post=7405"},{"taxonomy":"post_tag","embeddable":true,"href":"https:\/\/rental-car.company\/it\/wp-json\/wp\/v2\/tags?post=7405"}],"curies":[{"name":"wp","href":"https:\/\/api.w.org\/{rel}","templated":true}]}}