{"id":7481,"date":"2024-09-05T21:05:22","date_gmt":"2024-09-05T21:05:22","guid":{"rendered":"https:\/\/rental-car.company\/?page_id=7481"},"modified":"2024-09-05T21:05:22","modified_gmt":"2024-09-05T21:05:22","slug":"noleggio-auto-a-charlotte-nc","status":"publish","type":"page","link":"https:\/\/rental-car.company\/it\/noleggio-auto-a-charlotte-nc\/","title":{"rendered":"Noleggio auto a Charlotte NC - La vostra guida per esplorare la Queen City"},"content":{"rendered":"<div class=\"wpb-content-wrapper\"><h2>Esplorate la Queen City con un'auto a noleggio a Charlotte NC<\/h2>\n<p>Se state programmando un viaggio a Charlotte, nella Carolina del Nord, uno dei modi migliori per esplorare questa vivace citt\u00e0 \u00e8 noleggiare un'auto. Con cos\u00ec tante attrazioni popolari e gemme nascoste sparse per la citt\u00e0, avere un mezzo di trasporto proprio vi render\u00e0 pi\u00f9 facile navigare e vedere tutto ci\u00f2 che \u00e8 nel vostro itinerario. In questo articolo vi spiegheremo tutto quello che c'\u00e8 da sapere sulle auto a noleggio a Charlotte NC.<\/p>\n<div class=\"vc_row wpb_row vc_row-fluid\"><div class=\"wpb_column vc_column_container vc_col-sm-12\"><div class=\"vc_column-inner\"><div class=\"wpb_wrapper\">\n\t<div class=\"wpb_text_column wpb_content_element\" >\n\t\t<div class=\"wpb_wrapper\">\n\t\t\t<p><script id=\"dchwidget\" src=\"https:\/\/www.discovercars.com\/wg.js\" async=\"\" data-dev-env=\"com\" data-location=\"\" data-lang=\"en\" data-utm-source=\"malina\" data-utm-medium=\"widget\" data-aff-code=\"a_aid\" data-autocomplete=\"on\" data-style-submit-bg-color=\"00A200\" data-style-submit-font-color=\"white\" data-style-form-bg-color=\"FAD130\" data-style-form-font-color=\"333\" data-style-submit-text=\"Search now\"><\/script><\/p>\n\n\t\t<\/div>\n\t<\/div>\n<\/div><\/div><\/div><\/div>\n<p>&nbsp;<\/p>\n<h2>Scoprire l'auto a noleggio a Charlotte NC<\/h2>\n<p><img loading=\"lazy\" decoding=\"async\" class=\"alignleft\" src=\"\/wp-content\/uploads\/images\/rent_car_183.png\" alt=\"noleggio auto a charlotte nc\" width=\"350\" height=\"350\" \/><\/p>\n<p>Quando si tratta di noleggiare un'auto a Charlotte NC, ci sono molte opzioni disponibili. Dalle grandi catene internazionali alle societ\u00e0 di noleggio locali, la scelta non manca quando si tratta di trovare il veicolo perfetto per le vostre esigenze.<\/p>\n<p>Uno dei vantaggi di noleggiare un'auto a Charlotte \u00e8 che la maggior parte delle principali societ\u00e0 di noleggio ha sedi in aeroporto o nelle vicinanze. Questo rende incredibilmente conveniente per i viaggiatori che arrivano in citt\u00e0 il fatto di poter facilmente ritirare il proprio veicolo all'arrivo e iniziare subito a esplorare la citt\u00e0.<\/p>\n<p>Inoltre, molte societ\u00e0 di autonoleggio offrono un'ampia gamma di veicoli, tra cui auto economiche, SUV, auto di lusso e altro ancora. Questo permette ai viaggiatori con budget e preferenze diverse di trovare un'opzione adatta al loro viaggio.<\/p>\n<h3>I vantaggi del noleggio di un'auto a Charlotte NC<\/h3>\n<p>Il noleggio di un'auto durante la visita a Charlotte presenta numerosi vantaggi:<\/p>\n<p>- Convenienza: Come gi\u00e0 detto, avere un mezzo di trasporto proprio offre una maggiore flessibilit\u00e0 quando si tratta di esplorare le diverse zone della citt\u00e0.<br \/>\n- Economico: Sebbene siano disponibili altre modalit\u00e0 di trasporto, come i mezzi pubblici o i servizi di ride-sharing come Uber o Lyft, i costi possono aumentare rapidamente, soprattutto se avete intenzione di visitare pi\u00f9 attrazioni durante il vostro soggiorno.<br \/>\n- Comfort: Avere un veicolo proprio vi permette di viaggiare al vostro ritmo senza preoccuparvi di condividere lo spazio con estranei o di rispettare gli orari di qualcun altro.<br \/>\n- Accessibilit\u00e0: Con un'auto a noleggio, avrete la libert\u00e0 di visitare attrazioni che potrebbero essere fuori dai sentieri battuti o non facilmente raggiungibili con i mezzi pubblici.<\/p>\n<h3>Gli svantaggi del noleggio di un'auto a Charlotte NC<\/h3>\n<p>Sebbene ci siano molti vantaggi nel noleggiare un'auto a Charlotte, ci sono anche alcuni potenziali svantaggi da tenere a mente:<\/p>\n<p>- Spese aggiuntive: Oltre alla tariffa di noleggio giornaliera, possono esserci spese aggiuntive come assicurazione, benzina e pedaggi che possono aumentare il costo complessivo del noleggio di un'auto.<br \/>\n- Traffico: Come in tutte le grandi citt\u00e0, il traffico pu\u00f2 essere intenso nelle ore di punta e rallentare i vostri piani di viaggio.<br \/>\n- Parcheggio: Trovare parcheggio nelle zone pi\u00f9 popolari pu\u00f2 essere difficile e pu\u00f2 comportare un costo aggiuntivo.<\/p>\n<h4>Domande frequenti sul noleggio di auto a Charlotte NC<\/h4>\n<p><img loading=\"lazy\" decoding=\"async\" class=\"alignright\" src=\"\/wp-content\/uploads\/images\/rent_car_199.png\" alt=\"noleggio auto a charlotte nc\" width=\"350\" height=\"350\" \/><\/p>\n<p><strong>D: Qual \u00e8 l'et\u00e0 minima per noleggiare un'auto a Charlotte NC?<\/strong><br \/>\nR: L'et\u00e0 minima per noleggiare un'auto varia a seconda della compagnia, ma in genere \u00e8 compresa tra i 21 e i 25 anni. Alcune compagnie possono anche addebitare un costo aggiuntivo per i conducenti di et\u00e0 inferiore ai 25 anni.<\/p>\n<p><strong>D: L'assicurazione \u00e8 obbligatoria quando si noleggia un'auto?<\/strong><br \/>\nR: La maggior parte delle societ\u00e0 di noleggio offre opzioni di assicurazione a un costo aggiuntivo. Tuttavia, se si dispone di una polizza assicurativa personale per l'auto o si utilizzano determinate carte di credito per pagare il noleggio, \u00e8 possibile che questa copra i danni da collisione e la responsabilit\u00e0 civile.<\/p>\n<p><strong>D: Ci sono restrizioni su dove posso portare la mia auto a noleggio?<\/strong><br \/>\nR: Alcune societ\u00e0 di noleggio potrebbero avere delle limitazioni nel portare i propri veicoli fuori dallo stato o in determinate aree. \u00c8 importante verificare con la societ\u00e0 specifica prima di pianificare qualsiasi viaggio al di fuori di Charlotte.<\/p>\n<p>In conclusione, noleggiare un'auto a Charlotte NC \u00e8 un modo eccellente per esplorare tutto ci\u00f2 che questa vivace citt\u00e0 ha da offrire. Grazie a sedi convenienti e a un'ampia gamma di veicoli tra cui scegliere, avrete la libert\u00e0 di creare il vostro itinerario e di trarre il massimo dal vostro viaggio. Assicuratevi di valutare i pro e i contro e di pianificare di conseguenza per garantire un'esperienza piacevole e senza intoppi.<\/p>\n<\/div>","protected":false},"excerpt":{"rendered":"<p>Explore the Queen City with a Rental Car in Charlotte NC If you&#8217;re planning a trip to Charlotte, North Carolina, one of the best ways to explore this bustling city is by renting a car. With so many popular attractions and hidden gems scattered throughout the city, having your own transportation will make it easier [&hellip;]<\/p>\n","protected":false},"author":1,"featured_media":7102,"parent":0,"menu_order":0,"comment_status":"closed","ping_status":"closed","template":"","meta":{"rs_blank_template":"","rs_page_bg_color":"","slide_template_v7":"","footnotes":""},"categories":[1],"tags":[],"class_list":["post-7481","page","type-page","status-publish","has-post-thumbnail","hentry","category-blog"],"_links":{"self":[{"href":"https:\/\/rental-car.company\/it\/wp-json\/wp\/v2\/pages\/7481","targetHints":{"allow":["GET"]}}],"collection":[{"href":"https:\/\/rental-car.company\/it\/wp-json\/wp\/v2\/pages"}],"about":[{"href":"https:\/\/rental-car.company\/it\/wp-json\/wp\/v2\/types\/page"}],"author":[{"embeddable":true,"href":"https:\/\/rental-car.company\/it\/wp-json\/wp\/v2\/users\/1"}],"replies":[{"embeddable":true,"href":"https:\/\/rental-car.company\/it\/wp-json\/wp\/v2\/comments?post=7481"}],"version-history":[{"count":0,"href":"https:\/\/rental-car.company\/it\/wp-json\/wp\/v2\/pages\/7481\/revisions"}],"wp:featuredmedia":[{"embeddable":true,"href":"https:\/\/rental-car.company\/it\/wp-json\/wp\/v2\/media\/7102"}],"wp:attachment":[{"href":"https:\/\/rental-car.company\/it\/wp-json\/wp\/v2\/media?parent=7481"}],"wp:term":[{"taxonomy":"category","embeddable":true,"href":"https:\/\/rental-car.company\/it\/wp-json\/wp\/v2\/categories?post=7481"},{"taxonomy":"post_tag","embeddable":true,"href":"https:\/\/rental-car.company\/it\/wp-json\/wp\/v2\/tags?post=7481"}],"curies":[{"name":"wp","href":"https:\/\/api.w.org\/{rel}","templated":true}]}}