{"id":7494,"date":"2024-09-06T00:05:34","date_gmt":"2024-09-06T00:05:34","guid":{"rendered":"https:\/\/rental-car.company\/?page_id=7494"},"modified":"2024-09-06T00:05:34","modified_gmt":"2024-09-06T00:05:34","slug":"noleggio-auto-a-londra","status":"publish","type":"page","link":"https:\/\/rental-car.company\/it\/noleggio-auto-a-londra\/","title":{"rendered":"Noleggio auto a Londra - Esplorare la citt\u00e0 al proprio ritmo"},"content":{"rendered":"<div class=\"wpb-content-wrapper\"><h2>Noleggiare un'auto a Londra: Il modo migliore per esplorare la citt\u00e0<\/h2>\n<p>Avete in programma un viaggio a Londra? Se \u00e8 cos\u00ec, noleggiare un'auto dovrebbe essere sicuramente nella vostra lista di cose da fare. Anche se i mezzi pubblici sono facilmente disponibili in questa vivace citt\u00e0, non c'\u00e8 niente di meglio che avere la libert\u00e0 e la flessibilit\u00e0 di un veicolo proprio. Con cos\u00ec tanti punti di riferimento iconici e gemme nascoste che aspettano di essere scoperte, avere un'auto a noleggio vi d\u00e0 l'opportunit\u00e0 di esplorare a vostro piacimento. E con rental-car.company, trovare l'auto a noleggio perfetta per Londra non \u00e8 mai stato cos\u00ec facile.<\/p>\n<div class=\"vc_row wpb_row vc_row-fluid\"><div class=\"wpb_column vc_column_container vc_col-sm-12\"><div class=\"vc_column-inner\"><div class=\"wpb_wrapper\">\n\t<div class=\"wpb_text_column wpb_content_element\" >\n\t\t<div class=\"wpb_wrapper\">\n\t\t\t<p><script id=\"dchwidget\" src=\"https:\/\/www.discovercars.com\/wg.js\" async=\"\" data-dev-env=\"com\" data-location=\"\" data-lang=\"en\" data-utm-source=\"malina\" data-utm-medium=\"widget\" data-aff-code=\"a_aid\" data-autocomplete=\"on\" data-style-submit-bg-color=\"00A200\" data-style-submit-font-color=\"white\" data-style-form-bg-color=\"FAD130\" data-style-form-font-color=\"333\" data-style-submit-text=\"Search now\"><\/script><\/p>\n\n\t\t<\/div>\n\t<\/div>\n<\/div><\/div><\/div><\/div>\n<p>&nbsp;<\/p>\n<h2>Scoprire Londra con la vostra auto a noleggio<\/h2>\n<p><img loading=\"lazy\" decoding=\"async\" class=\"alignleft\" src=\"\/wp-content\/uploads\/images\/rent_car_1473.png\" alt=\"noleggio auto a londra\" width=\"350\" height=\"350\" \/><\/p>\n<p>Quando si tratta di esplorare Londra, non c'\u00e8 carenza di luoghi e cose da vedere. Dalle attrazioni di fama mondiale come Buckingham Palace e il Big Ben, agli affascinanti quartieri pieni di caff\u00e8 e boutique, c'\u00e8 qualcosa per tutti in questa citt\u00e0 cos\u00ec varia.<\/p>\n<p>Con la vostra auto a noleggio di rental-car.company, potrete facilmente navigare tra le strade trafficate e i quartieri vivaci di Londra. Fate un giro in auto a Hyde Park o una crociera lungo il Tamigi per ammirare il paesaggio urbano. Volete conoscere la ricca storia dell'Inghilterra? Salite a bordo della vostra auto a noleggio e visitate siti famosi come l'Abbazia di Westminster o la Torre di Londra.<\/p>\n<p>Ma non finisce qui: con un veicolo proprio, avrete la libert\u00e0 di avventurarvi fuori dal centro di Londra e scoprire altre destinazioni vicine come Stonehenge o Oxford. Le possibilit\u00e0 sono infinite quando si ha un mezzo di trasporto affidabile a portata di mano.<\/p>\n<h3>I vantaggi di noleggiare un'auto a Londra<\/h3>\n<p>- Convenienza: Avere un'auto a noleggio significa non dover dipendere dagli orari dei trasporti pubblici o da costose corse in taxi.<br \/>\n- Flessibilit\u00e0: Con un veicolo a noleggio, avete il controllo completo su dove andare e quando.<br \/>\n- Economico: Noleggiare un'auto pu\u00f2 spesso essere pi\u00f9 conveniente che pagare costantemente i taxi o utilizzare i servizi di ride-sharing.<br \/>\n- Comfort: Esplorare Londra nel comfort della vostra auto vi permette di rilassarvi e di ammirare le attrazioni senza preoccuparvi di treni o autobus affollati.<\/p>\n<h3>Cose da tenere a mente<\/h3>\n<p>Sebbene noleggiare un'auto a Londra sia un'ottima idea, ci sono alcune cose da tenere a mente prima di mettersi in viaggio. Per cominciare, assicuratevi di avere tutti i documenti necessari, come la patente di guida e la prova dell'assicurazione. \u00c8 inoltre importante familiarizzare con le leggi e le normative locali sul traffico.<\/p>\n<p>Anche il parcheggio pu\u00f2 essere piuttosto complicato a Londra, quindi preparatevi a spazi limitati e a tariffe potenzialmente elevate. Tuttavia, con un'attenta pianificazione e ricerca, \u00e8 possibile trovare opzioni di parcheggio a prezzi accessibili vicino alle attrazioni pi\u00f9 popolari.<\/p>\n<h4>Pro e contro<\/h4>\n<p>Pro:<br \/>\n- Libert\u00e0 e flessibilit\u00e0 di esplorare al proprio ritmo<br \/>\n- Pi\u00f9 conveniente che affidarsi ai trasporti pubblici<br \/>\n- Modalit\u00e0 di trasporto comoda e conveniente<\/p>\n<p>Contro:<br \/>\n- Il parcheggio pu\u00f2 essere limitato e costoso<br \/>\n- Il traffico pu\u00f2 essere intenso nelle ore di punta<br \/>\n- Familiarizzare con il codice della strada locale pu\u00f2 richiedere un po' di tempo.<\/p>\n<h4>Domande frequenti (FAQ)<\/h4>\n<p><img loading=\"lazy\" decoding=\"async\" class=\"alignright\" src=\"\/wp-content\/uploads\/images\/rent_car_252.png\" alt=\"noleggio auto a londra\" width=\"350\" height=\"350\" \/><\/p>\n<p>D: Posso noleggiare un&#039;auto se ho meno di 25 anni?<br \/>\nR: S\u00ec, molte sedi di societ\u00e0 di autonoleggio offrono il noleggio a conducenti di et\u00e0 compresa tra i 21 e i 24 anni con un costo aggiuntivo.<\/p>\n<p>D: Ci sono pedaggi che devo pagare quando guido la mia auto a noleggio?<br \/>\nR: S\u00ec, ci sono alcune strade (come il pedaggio della M6) che richiedono il pagamento. Assicuratevi di documentarvi prima sulle strade a pedaggio o chiedete assistenza presso la sede della societ\u00e0 di autonoleggio.<\/p>\n<p>D: Cosa succede se ho un incidente mentre guido l'auto a noleggio?<br \/>\nR: Se avete acquistato l'assicurazione tramite rental-car.company, avrete la copertura per gli incidenti. In caso contrario, contattate la sede di rental-car.company per ulteriore assistenza.<\/p>\n<p>In conclusione, noleggiare un'auto a Londra \u00e8 un modo fantastico per sperimentare tutto ci\u00f2 che questa vivace citt\u00e0 ha da offrire. Con rental-car.company, potete facilmente trovare l'auto a noleggio a Londra perfetta per il vostro viaggio ed esplorare al vostro ritmo. Quindi perch\u00e9 aspettare? Prenotate oggi stesso la vostra auto a noleggio e preparatevi a scoprire le meraviglie di Londra.<\/p>\n<\/div>","protected":false},"excerpt":{"rendered":"<p>Rent a Car in London: The Best Way to Explore the City Are you planning a trip to London? If so, renting a car should definitely be on your list of things to do. While public transportation is readily available in this bustling city, there&#8217;s nothing quite like having the freedom and flexibility of your [&hellip;]<\/p>\n","protected":false},"author":1,"featured_media":2944,"parent":0,"menu_order":0,"comment_status":"closed","ping_status":"closed","template":"","meta":{"rs_blank_template":"","rs_page_bg_color":"","slide_template_v7":"","footnotes":""},"categories":[1],"tags":[],"class_list":["post-7494","page","type-page","status-publish","has-post-thumbnail","hentry","category-blog"],"_links":{"self":[{"href":"https:\/\/rental-car.company\/it\/wp-json\/wp\/v2\/pages\/7494","targetHints":{"allow":["GET"]}}],"collection":[{"href":"https:\/\/rental-car.company\/it\/wp-json\/wp\/v2\/pages"}],"about":[{"href":"https:\/\/rental-car.company\/it\/wp-json\/wp\/v2\/types\/page"}],"author":[{"embeddable":true,"href":"https:\/\/rental-car.company\/it\/wp-json\/wp\/v2\/users\/1"}],"replies":[{"embeddable":true,"href":"https:\/\/rental-car.company\/it\/wp-json\/wp\/v2\/comments?post=7494"}],"version-history":[{"count":0,"href":"https:\/\/rental-car.company\/it\/wp-json\/wp\/v2\/pages\/7494\/revisions"}],"wp:featuredmedia":[{"embeddable":true,"href":"https:\/\/rental-car.company\/it\/wp-json\/wp\/v2\/media\/2944"}],"wp:attachment":[{"href":"https:\/\/rental-car.company\/it\/wp-json\/wp\/v2\/media?parent=7494"}],"wp:term":[{"taxonomy":"category","embeddable":true,"href":"https:\/\/rental-car.company\/it\/wp-json\/wp\/v2\/categories?post=7494"},{"taxonomy":"post_tag","embeddable":true,"href":"https:\/\/rental-car.company\/it\/wp-json\/wp\/v2\/tags?post=7494"}],"curies":[{"name":"wp","href":"https:\/\/api.w.org\/{rel}","templated":true}]}}