{"id":7506,"date":"2024-09-06T03:06:19","date_gmt":"2024-09-06T03:06:19","guid":{"rendered":"https:\/\/rental-car.company\/?page_id=7506"},"modified":"2024-09-06T03:06:19","modified_gmt":"2024-09-06T03:06:19","slug":"impresa-athens-ga","status":"publish","type":"page","link":"https:\/\/rental-car.company\/it\/impresa-athens-ga\/","title":{"rendered":"Enterprise Athens GA: L'azienda di autonoleggio per eccellenza in Georgia"},"content":{"rendered":"<div class=\"wpb-content-wrapper\"><h2>Noleggiate un'auto da Enterprise Athens GA per un'esperienza indimenticabile<\/h2>\n<p>Quando si tratta di noleggiare un'auto, Enterprise Athens GA \u00e8 un nome noto e affidabile nel settore. Grazie alla vasta gamma di veicoli, all'eccezionale servizio clienti e ai prezzi competitivi, non c'\u00e8 da stupirsi che sia una delle scelte migliori per il noleggio auto in Georgia.<\/p>\n<p>Ma cosa distingue Enterprise Athens GA dalle altre societ\u00e0 di autonoleggio? Scopriamo di pi\u00f9 su questa societ\u00e0 di autonoleggio leader nel settore e perch\u00e9 dovreste sceglierla per il vostro prossimo viaggio.<\/p>\n<h3>Sedi convenienti in tutta Athens, Georgia<\/h3>\n<p>Uno dei maggiori vantaggi di scegliere Enterprise Athens GA \u00e8 la sua comoda ubicazione in tutta la citt\u00e0. Sia che arriviate all'aeroporto o che abbiate bisogno di un'auto durante il vostro soggiorno in centro, ci sar\u00e0 sempre una filiale Enterprise nelle vicinanze per soddisfare le vostre esigenze.<\/p>\n<p>Alcune localit\u00e0 popolari includono:<\/p>\n<p>- Aeroporto di Atene Ben Epps<br \/>\n- Centro di Atene<br \/>\n- Campus dell'Universit\u00e0 della Georgia<\/p>\n<p>Con localit\u00e0 cos\u00ec facilmente accessibili, noleggiare un'auto da Enterprise rende ancora pi\u00f9 conveniente esplorare tutto ci\u00f2 che Atene ha da offrire.<\/p>\n<h3>Un'ampia selezione di veicoli<\/h3>\n<p>Non importa quale tipo di veicolo stiate cercando, Enterprise vi copre. Dalle auto compatte ai SUV e alle berline di lusso, Enterprise ha qualcosa per ogni budget e preferenza.<\/p>\n<p>La loro flotta comprende le migliori marche come Ford, Toyota, Nissan e altre ancora. Inoltre, tutti i veicoli sono ben tenuti e sottoposti a regolare manutenzione per garantire la vostra sicurezza sulla strada.<\/p>\n<h3>Pro e contro<\/h4>\n<p>Pro:<br \/>\n- Sedi convenienti in tutta Atene<br \/>\n- Ampia scelta di veicoli<br \/>\n- Prezzi competitivi<br \/>\n- Servizio clienti eccezionale<\/p>\n<p>Contro:<br \/>\n- Disponibilit\u00e0 limitata durante le stagioni di punta<\/p>\n<h4>Domande frequenti (FAQ)<\/h4>\n<p><img loading=\"lazy\" decoding=\"async\" class=\"alignright\" src=\"\/wp-content\/uploads\/images\/rent_car_57.png\" alt=\"impresa athens ga\" width=\"350\" height=\"350\" \/><\/p>\n<p>D: Di cosa ho bisogno per noleggiare un'auto da Enterprise Athens GA?<br \/>\nR: \u00c8 necessario avere almeno 21 anni e possedere una patente di guida valida, una carta di credito e un'assicurazione.<\/p>\n<p>D: Posso restituire l'auto in un luogo diverso?<br \/>\nR: S\u00ec, Enterprise consente di restituire l'auto in un luogo diverso pagando un supplemento.<\/p>\n<p>D: C'\u00e8 un sovrapprezzo per i conducenti di et\u00e0 inferiore ai 25 anni?<br \/>\nR: S\u00ec, \u00e8 previsto un sovrapprezzo per i conducenti di et\u00e0 compresa tra i 21 e i 24 anni.<\/p>\n<div class=\"vc_row wpb_row vc_row-fluid\"><div class=\"wpb_column vc_column_container vc_col-sm-12\"><div class=\"vc_column-inner\"><div class=\"wpb_wrapper\">\n\t<div class=\"wpb_text_column wpb_content_element\" >\n\t\t<div class=\"wpb_wrapper\">\n\t\t\t<p><script id=\"dchwidget\" src=\"https:\/\/www.discovercars.com\/wg.js\" async=\"\" data-dev-env=\"com\" data-location=\"\" data-lang=\"en\" data-utm-source=\"malina\" data-utm-medium=\"widget\" data-aff-code=\"a_aid\" data-autocomplete=\"on\" data-style-submit-bg-color=\"00A200\" data-style-submit-font-color=\"white\" data-style-form-bg-color=\"FAD130\" data-style-form-font-color=\"333\" data-style-submit-text=\"Search now\"><\/script><\/p>\n\n\t\t<\/div>\n\t<\/div>\n<\/div><\/div><\/div><\/div>\n<p>&nbsp;<\/p>\n<h2>Perch\u00e9 scegliere Enterprise Athens GA?<\/h2>\n<p><img loading=\"lazy\" decoding=\"async\" class=\"alignleft\" src=\"\/wp-content\/uploads\/images\/rent_car_435.png\" alt=\"impresa athens ga\" width=\"350\" height=\"350\" \/><\/p>\n<p>Ci sono molti motivi per cui Enterprise Athens GA \u00e8 la societ\u00e0 di autonoleggio di riferimento in Georgia. Eccone solo alcuni:<\/p>\n<p>1. Servizio clienti eccezionale<br \/>\nEnterprise \u00e8 orgogliosa di fornire un servizio clienti di prim'ordine. Il personale cordiale e competente vi assister\u00e0 in ogni fase del processo, assicurandovi un'esperienza di noleggio senza problemi.<\/p>\n<p>2. Prezzi competitivi<br \/>\nEnterprise offre prezzi competitivi senza compromettere la qualit\u00e0. Inoltre, applica spesso promozioni e sconti che rendono le tariffe ancora pi\u00f9 convenienti.<\/p>\n<p>3. Programma fedelt\u00e0<br \/>\nL'adesione al programma fedelt\u00e0 di Enterprise vi permette di accumulare punti ad ogni noleggio che possono essere riscattati per noleggi gratuiti o altri premi.<\/p>\n<p>4. Opzioni flessibili<br \/>\nChe abbiate bisogno di un'auto per un solo giorno o per un periodo prolungato, Enterprise offre opzioni flessibili per soddisfare le vostre esigenze.<\/p>\n<p>In conclusione, se state cercando una societ\u00e0 di autonoleggio affidabile e degna di fiducia ad Athens, Georgia, non cercate oltre Enterprise Athens GA. Con le sue comode sedi, l'ampia selezione di veicoli, i prezzi competitivi e l'eccezionale servizio clienti, \u00e8 davvero la scelta definitiva per tutte le vostre esigenze di noleggio auto in Georgia.<\/p>\n<\/div>","protected":false},"excerpt":{"rendered":"<p>Rent a Car from Enterprise Athens GA for an Unforgettable Experience When it comes to renting a car, Enterprise Athens GA is a name that is well-known and trusted in the industry. With their extensive range of vehicles, exceptional customer service, and competitive prices, it&#8217;s no wonder why they are one of the top choices [&hellip;]<\/p>\n","protected":false},"author":1,"featured_media":2947,"parent":0,"menu_order":0,"comment_status":"closed","ping_status":"closed","template":"","meta":{"rs_blank_template":"","rs_page_bg_color":"","slide_template_v7":"","footnotes":""},"categories":[1],"tags":[],"class_list":["post-7506","page","type-page","status-publish","has-post-thumbnail","hentry","category-blog"],"_links":{"self":[{"href":"https:\/\/rental-car.company\/it\/wp-json\/wp\/v2\/pages\/7506","targetHints":{"allow":["GET"]}}],"collection":[{"href":"https:\/\/rental-car.company\/it\/wp-json\/wp\/v2\/pages"}],"about":[{"href":"https:\/\/rental-car.company\/it\/wp-json\/wp\/v2\/types\/page"}],"author":[{"embeddable":true,"href":"https:\/\/rental-car.company\/it\/wp-json\/wp\/v2\/users\/1"}],"replies":[{"embeddable":true,"href":"https:\/\/rental-car.company\/it\/wp-json\/wp\/v2\/comments?post=7506"}],"version-history":[{"count":0,"href":"https:\/\/rental-car.company\/it\/wp-json\/wp\/v2\/pages\/7506\/revisions"}],"wp:featuredmedia":[{"embeddable":true,"href":"https:\/\/rental-car.company\/it\/wp-json\/wp\/v2\/media\/2947"}],"wp:attachment":[{"href":"https:\/\/rental-car.company\/it\/wp-json\/wp\/v2\/media?parent=7506"}],"wp:term":[{"taxonomy":"category","embeddable":true,"href":"https:\/\/rental-car.company\/it\/wp-json\/wp\/v2\/categories?post=7506"},{"taxonomy":"post_tag","embeddable":true,"href":"https:\/\/rental-car.company\/it\/wp-json\/wp\/v2\/tags?post=7506"}],"curies":[{"name":"wp","href":"https:\/\/api.w.org\/{rel}","templated":true}]}}