{"id":7525,"date":"2024-09-06T07:05:18","date_gmt":"2024-09-06T07:05:18","guid":{"rendered":"https:\/\/rental-car.company\/?page_id=7525"},"modified":"2024-09-06T07:05:18","modified_gmt":"2024-09-06T07:05:18","slug":"noleggio-furgoni-houston","status":"publish","type":"page","link":"https:\/\/rental-car.company\/it\/noleggio-furgoni-houston\/","title":{"rendered":"Noleggio furgoni a Houston: Un'opzione conveniente per il vostro prossimo viaggio"},"content":{"rendered":"<div class=\"wpb-content-wrapper\"><div class=\"vc_row wpb_row vc_row-fluid\"><div class=\"wpb_column vc_column_container vc_col-sm-12\"><div class=\"vc_column-inner\"><div class=\"wpb_wrapper\">\n\t<div class=\"wpb_text_column wpb_content_element\" >\n\t\t<div class=\"wpb_wrapper\">\n\t\t\t<p><script id=\"dchwidget\" src=\"https:\/\/www.discovercars.com\/wg.js\" async=\"\" data-dev-env=\"com\" data-location=\"\" data-lang=\"en\" data-utm-source=\"malina\" data-utm-medium=\"widget\" data-aff-code=\"a_aid\" data-autocomplete=\"on\" data-style-submit-bg-color=\"00A200\" data-style-submit-font-color=\"white\" data-style-form-bg-color=\"FAD130\" data-style-form-font-color=\"333\" data-style-submit-text=\"Search now\"><\/script><\/p>\n\n\t\t<\/div>\n\t<\/div>\n<\/div><\/div><\/div><\/div>\n<p>&nbsp;<\/p>\n<h2>Scoprite i vantaggi del noleggio di furgoni a Houston<\/h2>\n<p><img loading=\"lazy\" decoding=\"async\" class=\"alignleft\" src=\"\/wp-content\/uploads\/images\/rent_car_318.png\" alt=\"noleggio furgoni houston\" width=\"350\" height=\"350\" \/><\/p>\n<p>Se state programmando un viaggio a Houston, vi starete chiedendo quale sia il modo migliore per spostarsi in citt\u00e0. Con il suo paesaggio esteso e le sue numerose attrazioni, avere un mezzo di trasporto affidabile \u00e8 essenziale per un viaggio piacevole e senza intoppi. \u00c8 qui che entra in gioco il noleggio di furgoni a Houston.<\/p>\n<p>Il noleggio di furgoni a Houston offre ai visitatori la comodit\u00e0 e la flessibilit\u00e0 di avere un proprio veicolo mentre esplorano questa vivace citt\u00e0. Dagli spaziosi furgoni per passeggeri ai furgoni da carico, sono disponibili diverse opzioni per soddisfare le vostre esigenze specifiche. In questo articolo approfondiremo perch\u00e9 il noleggio di furgoni a Houston \u00e8 una scelta popolare tra i viaggiatori e ne evidenzieremo i vantaggi.<\/p>\n<h3>Pi\u00f9 spazio per viaggiare in modo confortevole<\/h3>\n<p>Uno dei principali vantaggi del noleggio di un furgone a Houston \u00e8 che offre pi\u00f9 spazio rispetto al noleggio di un'auto tradizionale. Se viaggiate con la famiglia o con gli amici, avere pi\u00f9 spazio per le gambe e per i bagagli pu\u00f2 fare la differenza nel garantire un viaggio confortevole.<\/p>\n<p>Con il noleggio di un furgone per passeggeri a Houston, tutti possono distendersi e rilassarsi durante i lunghi viaggi o avere spazio sufficiente per i propri effetti personali senza sentirsi stretti. Questo lo rende una scelta ideale per i viaggi di gruppo o anche per gli eventi aziendali in cui pi\u00f9 persone devono viaggiare insieme.<\/p>\n<h3>Un'opzione conveniente per i viaggi di gruppo<\/h3>\n<p>Un altro vantaggio del noleggio di furgoni a Houston \u00e8 che offre un'opzione conveniente per i viaggi di gruppo. Invece di prenotare pi\u00f9 auto o di affidarsi ai mezzi pubblici, il noleggio di un furgone permette a tutti di dividere i costi, rendendo il viaggio pi\u00f9 conveniente.<\/p>\n<p>Inoltre, molte societ\u00e0 di noleggio furgoni offrono sconti e promozioni che possono ridurre ulteriormente le spese. Quindi, non solo avrete pi\u00f9 spazio e comfort con il noleggio di un furgone, ma risparmierete anche rispetto ad altre modalit\u00e0 di trasporto.<\/p>\n<h3>Luoghi di ritiro convenienti<\/h3>\n<p>Le societ\u00e0 di noleggio di furgoni a Houston hanno diversi punti di ritiro in tutta la citt\u00e0, il che rende conveniente per i viaggiatori trovare un punto di noleggio vicino al proprio alloggio o al punto di arrivo. Sia che arriviate in uno degli aeroporti di Houston o che soggiorniate nel centro citt\u00e0, \u00e8 probabile che ci sia una societ\u00e0 di noleggio furgoni nelle vicinanze.<\/p>\n<p>Questo elimina la necessit\u00e0 di lunghi spostamenti o di costosi servizi di rideshare solo per ritirare il veicolo a noleggio. Inoltre, consente di riconsegnare facilmente il veicolo alla fine del viaggio, risparmiando cos\u00ec tempo e problemi.<\/p>\n<h4>Pro e contro<\/h4>\n<h5>Pro:<\/h5>\n<p>- Pi\u00f9 spazio e comfort rispetto al noleggio tradizionale<br \/>\n- Un'opzione conveniente per i viaggi di gruppo<br \/>\n- Comodi punti di raccolta in tutta Houston<\/p>\n<h5>Contro:<\/h5>\n<p>- Potrebbe non essere adatto a chi viaggia da solo<br \/>\n- Disponibilit\u00e0 limitata durante le stagioni di punta<\/p>\n<h4>Domande frequenti (FAQ)<\/h4>\n<p><img loading=\"lazy\" decoding=\"async\" class=\"alignright\" src=\"\/wp-content\/uploads\/images\/rent_car_922.png\" alt=\"noleggio furgoni houston\" width=\"350\" height=\"350\" \/><\/p>\n<p>D: Ho bisogno di una licenza speciale per noleggiare un furgone a Houston?<br \/>\nR: No, per noleggiare un furgone a Houston \u00e8 sufficiente una normale patente di guida.<\/p>\n<p>D: Di che tipo di assicurazione ho bisogno quando noleggio un furgone?<br \/>\nR: La maggior parte delle societ\u00e0 di noleggio di furgoni richiede che i noleggiatori abbiano un'assicurazione contro le collisioni e la responsabilit\u00e0 civile. Se necessario, \u00e8 possibile acquistare una copertura aggiuntiva presso la societ\u00e0 di noleggio.<\/p>\n<p>D: Posso noleggiare un furgone di sola andata a Houston?<br \/>\nR: S\u00ec, molte societ\u00e0 di noleggio furgoni offrono il noleggio di un'unica tratta in Texas e negli Stati limitrofi. Tuttavia, potrebbero essere applicate tariffe aggiuntive.<\/p>\n<p>In conclusione, il noleggio di un furgone a Houston \u00e8 un'opzione eccellente per chi cerca praticit\u00e0, comfort e convenienza durante il viaggio. Grazie ai suoi interni spaziosi e alle varie localit\u00e0 di ritiro in tutta la citt\u00e0, offre una soluzione di trasporto ideale per chi viaggia in gruppo. La prossima volta che avete intenzione di visitare Houston, prendete in considerazione l'idea di noleggiare un furgone da una delle rinomate societ\u00e0 di autonoleggio disponibili.<\/p>\n<\/div>","protected":false},"excerpt":{"rendered":"<p>&nbsp; Explore the Benefits of Van Rental Houston If you&#8217;re planning a trip to Houston, you may be wondering about the best way to get around the city. With its sprawling landscape and numerous attractions, having a reliable mode of transportation is essential for a smooth and enjoyable trip. This is where van rental Houston [&hellip;]<\/p>\n","protected":false},"author":1,"featured_media":2759,"parent":0,"menu_order":0,"comment_status":"closed","ping_status":"closed","template":"","meta":{"rs_blank_template":"","rs_page_bg_color":"","slide_template_v7":"","footnotes":""},"categories":[1],"tags":[],"class_list":["post-7525","page","type-page","status-publish","has-post-thumbnail","hentry","category-blog"],"_links":{"self":[{"href":"https:\/\/rental-car.company\/it\/wp-json\/wp\/v2\/pages\/7525","targetHints":{"allow":["GET"]}}],"collection":[{"href":"https:\/\/rental-car.company\/it\/wp-json\/wp\/v2\/pages"}],"about":[{"href":"https:\/\/rental-car.company\/it\/wp-json\/wp\/v2\/types\/page"}],"author":[{"embeddable":true,"href":"https:\/\/rental-car.company\/it\/wp-json\/wp\/v2\/users\/1"}],"replies":[{"embeddable":true,"href":"https:\/\/rental-car.company\/it\/wp-json\/wp\/v2\/comments?post=7525"}],"version-history":[{"count":0,"href":"https:\/\/rental-car.company\/it\/wp-json\/wp\/v2\/pages\/7525\/revisions"}],"wp:featuredmedia":[{"embeddable":true,"href":"https:\/\/rental-car.company\/it\/wp-json\/wp\/v2\/media\/2759"}],"wp:attachment":[{"href":"https:\/\/rental-car.company\/it\/wp-json\/wp\/v2\/media?parent=7525"}],"wp:term":[{"taxonomy":"category","embeddable":true,"href":"https:\/\/rental-car.company\/it\/wp-json\/wp\/v2\/categories?post=7525"},{"taxonomy":"post_tag","embeddable":true,"href":"https:\/\/rental-car.company\/it\/wp-json\/wp\/v2\/tags?post=7525"}],"curies":[{"name":"wp","href":"https:\/\/api.w.org\/{rel}","templated":true}]}}