{"id":7547,"date":"2024-09-06T13:05:18","date_gmt":"2024-09-06T13:05:18","guid":{"rendered":"https:\/\/rental-car.company\/?page_id=7547"},"modified":"2024-09-06T13:05:18","modified_gmt":"2024-09-06T13:05:18","slug":"noleggio-auto-west-palm-beach","status":"publish","type":"page","link":"https:\/\/rental-car.company\/it\/noleggio-auto-west-palm-beach\/","title":{"rendered":"Autonoleggio West Palm Beach - La vostra guida definitiva"},"content":{"rendered":"<div class=\"wpb-content-wrapper\"><h2>Noleggio auto a West Palm Beach - Il modo migliore per esplorare la citt\u00e0<\/h2>\n<p>State pianificando un viaggio a West Palm Beach e cercate il modo migliore per spostarvi? Non cercate oltre il noleggio auto a West Palm Beach! Con un'auto a noleggio, avrete la libert\u00e0 e la flessibilit\u00e0 di esplorare tutto ci\u00f2 che questa splendida citt\u00e0 ha da offrire al vostro ritmo. In questa guida vi diremo tutto quello che c'\u00e8 da sapere sul noleggio auto a West Palm Beach.<\/p>\n<div class=\"vc_row wpb_row vc_row-fluid\"><div class=\"wpb_column vc_column_container vc_col-sm-12\"><div class=\"vc_column-inner\"><div class=\"wpb_wrapper\">\n\t<div class=\"wpb_text_column wpb_content_element\" >\n\t\t<div class=\"wpb_wrapper\">\n\t\t\t<p><script id=\"dchwidget\" src=\"https:\/\/www.discovercars.com\/wg.js\" async=\"\" data-dev-env=\"com\" data-location=\"\" data-lang=\"en\" data-utm-source=\"malina\" data-utm-medium=\"widget\" data-aff-code=\"a_aid\" data-autocomplete=\"on\" data-style-submit-bg-color=\"00A200\" data-style-submit-font-color=\"white\" data-style-form-bg-color=\"FAD130\" data-style-form-font-color=\"333\" data-style-submit-text=\"Search now\"><\/script><\/p>\n\n\t\t<\/div>\n\t<\/div>\n<\/div><\/div><\/div><\/div>\n<p>&nbsp;<\/p>\n<h2>Scopri gli autonoleggi a West Palm Beach<\/h2>\n<p><img loading=\"lazy\" decoding=\"async\" class=\"alignleft\" src=\"\/wp-content\/uploads\/images\/rent_car_1439.png\" alt=\"noleggio auto west palm beach\" width=\"350\" height=\"350\" \/><\/p>\n<p>Quando si tratta di noleggiare un'auto, West Palm Beach offre numerose opzioni tra cui scegliere. Dalle grandi aziende come Hertz e Avis, alle aziende locali come Rent-A-Wreck e Enterprise, c'\u00e8 qualcosa per ogni budget e preferenza. \u00c8 facile trovare queste societ\u00e0 all'aeroporto o in centro.<\/p>\n<p>Una delle cose migliori del noleggio di un'auto a West Palm Beach \u00e8 che vi permette di esplorare non solo la citt\u00e0 ma anche le aree circostanti. Dalle bellissime spiagge come Juno e Jupiter Island, alle riserve naturali come Grassy Waters Preserve e Loxahatchee National Wildlife Refuge, avere un'auto a noleggio vi d\u00e0 la possibilit\u00e0 di visitare tutti questi luoghi senza alcun problema.<\/p>\n<h3>Tipi di auto a noleggio disponibili<\/h3>\n<p>Quando si tratta di scegliere un'auto a noleggio, sono disponibili diverse opzioni a seconda delle vostre esigenze. Se viaggiate da soli o in coppia, un'auto economica o compatta \u00e8 perfetta per muoversi in citt\u00e0 in modo efficiente. Per le famiglie o i gruppi pi\u00f9 numerosi, i minivan o i SUV sono pi\u00f9 adatti in quanto offrono pi\u00f9 spazio e comfort.<\/p>\n<p>Se desiderate qualcosa di pi\u00f9 lussuoso durante il vostro soggiorno a West Palm Beach, sono disponibili anche auto premium a noleggio di marchi come Mercedes-Benz e BMW. E se vi sentite avventurosi, potete anche noleggiare una decappottabile e percorrere Ocean Drive con il vento tra i capelli.<\/p>\n<h3>I vantaggi di noleggiare un'auto a West Palm Beach<\/h3>\n<p>- Libert\u00e0 e flessibilit\u00e0 di esplorare al proprio ritmo.<br \/>\n- Non \u00e8 necessario affidarsi agli orari dei trasporti pubblici o ai servizi di ride-sharing.<br \/>\n- Se si viaggia in gruppo, si pu\u00f2 risparmiare sui costi di trasporto.<br \/>\n- Permette di visitare le attrazioni e le spiagge vicine senza problemi.<\/p>\n<h3>I contro del noleggio di un'auto a West Palm Beach<\/h3>\n<p>- Spese aggiuntive come benzina, assicurazione e parcheggio.<br \/>\n- Navigare su strade sconosciute pu\u00f2 essere impegnativo per alcuni conducenti.<br \/>\n- Possibilit\u00e0 di parcheggio limitate in aree popolari come il centro o la spiaggia.<\/p>\n<h4>Domande frequenti<\/h4>\n<p><img loading=\"lazy\" decoding=\"async\" class=\"alignright\" src=\"\/wp-content\/uploads\/images\/rent_car_1330.png\" alt=\"noleggio auto west palm beach\" width=\"350\" height=\"350\" \/><\/p>\n<p>D: Ho bisogno di una patente internazionale per noleggiare un'auto a West Palm Beach?<br \/>\nR: Se siete in possesso di una patente di guida valida del vostro Paese, non avete bisogno di una patente internazionale. Tuttavia, si raccomanda sempre di verificare prima con la compagnia di autonoleggio.<\/p>\n<p>D: Qual \u00e8 l'et\u00e0 minima richiesta per noleggiare un'auto a West Palm Beach?<br \/>\nR: L'et\u00e0 minima richiesta varia a seconda della compagnia di autonoleggio. La maggior parte delle compagnie richiede ai noleggiatori un'et\u00e0 minima di 21 anni, mentre alcune possono prevedere limiti di et\u00e0 pi\u00f9 elevati o costi aggiuntivi per i conducenti pi\u00f9 giovani.<\/p>\n<p>D: C'\u00e8 un costo aggiuntivo per riconsegnare l'auto a noleggio in un luogo diverso?<br \/>\nR: S\u00ec, la maggior parte delle compagnie applica un supplemento per i noleggi di sola andata. \u00c8 meglio verificare in anticipo con la compagnia di autonoleggio.<\/p>\n<p>D: Posso aggiungere conducenti aggiuntivi al mio contratto di noleggio?<br \/>\nR: S\u00ec, la maggior parte delle compagnie consente di aggiungere altri conducenti pagando un supplemento. Tuttavia, tutti i conducenti devono soddisfare i requisiti di et\u00e0 e di patente stabiliti dalla societ\u00e0 di autonoleggio.<\/p>\n<p>In conclusione, vale la pena di prendere in considerazione il noleggio di un'auto a West Palm Beach se desiderate comodit\u00e0 e flessibilit\u00e0 durante il vostro viaggio. Con una variet\u00e0 di opzioni di noleggio auto e la libert\u00e0 di esplorare, potete trarre il massimo dal vostro soggiorno in questa vivace citt\u00e0. Quindi perch\u00e9 aspettare? Prenotate oggi stesso la vostra auto a noleggio e preparatevi a scoprire tutto ci\u00f2 che West Palm Beach ha da offrire!<\/p>\n<\/div>","protected":false},"excerpt":{"rendered":"<p>Car Rentals in West Palm Beach &#8211; The Best Way to Explore the City Are you planning a trip to West Palm Beach and looking for the best way to get around? Look no further than car rentals in West Palm Beach! With a rental car, you have the freedom and flexibility to explore all [&hellip;]<\/p>\n","protected":false},"author":1,"featured_media":2898,"parent":0,"menu_order":0,"comment_status":"closed","ping_status":"closed","template":"","meta":{"rs_blank_template":"","rs_page_bg_color":"","slide_template_v7":"","footnotes":""},"categories":[1],"tags":[],"class_list":["post-7547","page","type-page","status-publish","has-post-thumbnail","hentry","category-blog"],"_links":{"self":[{"href":"https:\/\/rental-car.company\/it\/wp-json\/wp\/v2\/pages\/7547","targetHints":{"allow":["GET"]}}],"collection":[{"href":"https:\/\/rental-car.company\/it\/wp-json\/wp\/v2\/pages"}],"about":[{"href":"https:\/\/rental-car.company\/it\/wp-json\/wp\/v2\/types\/page"}],"author":[{"embeddable":true,"href":"https:\/\/rental-car.company\/it\/wp-json\/wp\/v2\/users\/1"}],"replies":[{"embeddable":true,"href":"https:\/\/rental-car.company\/it\/wp-json\/wp\/v2\/comments?post=7547"}],"version-history":[{"count":0,"href":"https:\/\/rental-car.company\/it\/wp-json\/wp\/v2\/pages\/7547\/revisions"}],"wp:featuredmedia":[{"embeddable":true,"href":"https:\/\/rental-car.company\/it\/wp-json\/wp\/v2\/media\/2898"}],"wp:attachment":[{"href":"https:\/\/rental-car.company\/it\/wp-json\/wp\/v2\/media?parent=7547"}],"wp:term":[{"taxonomy":"category","embeddable":true,"href":"https:\/\/rental-car.company\/it\/wp-json\/wp\/v2\/categories?post=7547"},{"taxonomy":"post_tag","embeddable":true,"href":"https:\/\/rental-car.company\/it\/wp-json\/wp\/v2\/tags?post=7547"}],"curies":[{"name":"wp","href":"https:\/\/api.w.org\/{rel}","templated":true}]}}