{"id":7549,"date":"2024-09-06T13:05:18","date_gmt":"2024-09-06T13:05:18","guid":{"rendered":"https:\/\/rental-car.company\/?page_id=7549"},"modified":"2024-09-06T13:05:18","modified_gmt":"2024-09-06T13:05:18","slug":"auto-a-noleggio-a-santa-barbara","status":"publish","type":"page","link":"https:\/\/rental-car.company\/it\/auto-a-noleggio-a-santa-barbara\/","title":{"rendered":"Auto a noleggio a Santa Barbara: La vostra guida per esplorare la Riviera americana"},"content":{"rendered":"<div class=\"wpb-content-wrapper\"><h2>Noleggiare un'auto a Santa Barbara: tutto quello che c'\u00e8 da sapere<\/h2>\n<p>Avete in programma un viaggio a Santa Barbara, in California? Conosciuta come la \"Riviera americana\" per le sue splendide spiagge e l'architettura in stile mediterraneo, questa citt\u00e0 costiera \u00e8 una destinazione popolare sia per i turisti che per gli abitanti del luogo. E quale modo migliore per esplorare tutto ci\u00f2 che Santa Barbara ha da offrire se non con la propria auto a noleggio?<\/p>\n<div class=\"vc_row wpb_row vc_row-fluid\"><div class=\"wpb_column vc_column_container vc_col-sm-12\"><div class=\"vc_column-inner\"><div class=\"wpb_wrapper\">\n\t<div class=\"wpb_text_column wpb_content_element\" >\n\t\t<div class=\"wpb_wrapper\">\n\t\t\t<p><script id=\"dchwidget\" src=\"https:\/\/www.discovercars.com\/wg.js\" async=\"\" data-dev-env=\"com\" data-location=\"\" data-lang=\"en\" data-utm-source=\"malina\" data-utm-medium=\"widget\" data-aff-code=\"a_aid\" data-autocomplete=\"on\" data-style-submit-bg-color=\"00A200\" data-style-submit-font-color=\"white\" data-style-form-bg-color=\"FAD130\" data-style-form-font-color=\"333\" data-style-submit-text=\"Search now\"><\/script><\/p>\n\n\t\t<\/div>\n\t<\/div>\n<\/div><\/div><\/div><\/div>\n<p>&nbsp;<\/p>\n<h2>Scoprire Santa Barbara Auto a noleggio<\/h2>\n<p><img loading=\"lazy\" decoding=\"async\" class=\"alignleft\" src=\"\/wp-content\/uploads\/images\/rent_car_1020.png\" alt=\"auto a noleggio a santa barbara\" width=\"350\" height=\"350\" \/><\/p>\n<p>Quando si tratta di noleggiare un'auto a Santa Barbara, ci sono molte opzioni disponibili. Dalle tradizionali societ\u00e0 di noleggio auto come Hertz ed Enterprise, alle societ\u00e0 di noleggio locali che offrono veicoli unici come cabriolet d'epoca o auto elettriche, la scelta non manca.<\/p>\n<p>Un'opzione popolare per i turisti \u00e8 rental-car.company, che offre un'ampia selezione di veicoli a prezzi accessibili. Con sedi comodamente situate in tutta la citt\u00e0, compresi l'aeroporto e il centro, noleggiare da rental-car.company rende facile mettersi al volante e iniziare a esplorare.<\/p>\n<h3>Perch\u00e9 noleggiare \u00e8 meglio che usare i trasporti pubblici<\/h3>\n<p>Anche se il trasporto pubblico pu\u00f2 sembrare un'opzione conveniente per spostarsi a Santa Barbara, ci sono molti vantaggi nel noleggiare un'auto. Ecco alcuni motivi per cui:<\/p>\n<p>- Flessibilit\u00e0: Con la vostra auto a noleggio, avete il controllo completo del vostro itinerario. Potete facilmente visitare pi\u00f9 destinazioni in un solo giorno senza dover dipendere dagli orari di autobus e treni.<br \/>\n- Comfort: Ammettiamolo: stare seduti su autobus o treni affollati pu\u00f2 essere scomodo e stancante. Con la vostra auto a noleggio, potrete viaggiare in tutta comodit\u00e0 e stile.<br \/>\n- Conveniente: Se viaggiate con pi\u00f9 persone o avete intenzione di visitare pi\u00f9 localit\u00e0 in un unico viaggio, il noleggio di un'auto pu\u00f2 farvi risparmiare rispetto all'acquisto di singoli biglietti dell'autobus o del treno.<br \/>\n- Convenienza: Con un'auto a noleggio, potrete accedere facilmente a tutte le principali attrazioni di Santa Barbara, tra cui il famoso quartiere dello shopping di State Street e le bellissime spiagge come East Beach e Butterfly Beach.<\/p>\n<h3>I vantaggi di noleggiare un'auto a Santa Barbara<\/h3>\n<p>- Convenienza: Come gi\u00e0 detto, avere un'auto a noleggio vi d\u00e0 la libert\u00e0 di esplorare a vostro piacimento.<br \/>\n- Comfort: Con un'auto a noleggio, potete evitare i mezzi pubblici affollati e viaggiare in tutta comodit\u00e0.<br \/>\n- Variet\u00e0 di opzioni: Dalle auto economiche ai veicoli di lusso, \u00e8 disponibile un'ampia gamma di auto a noleggio per soddisfare le vostre esigenze e il vostro budget.<\/p>\n<h3>Contro del noleggio di un'auto a Santa Barbara<\/h3>\n<p>- Il parcheggio pu\u00f2 essere costoso: Tenete presente che il costo del parcheggio pu\u00f2 aumentare rapidamente in aree popolari come il centro di Santa Barbara. Assicuratevi di tenerne conto nel vostro budget quando noleggiate un'auto.<br \/>\n- Traffico: Come ogni citt\u00e0 popolare, il traffico pu\u00f2 essere intenso nelle ore di punta. Preparatevi a potenziali ritardi quando pianificate il vostro itinerario.<\/p>\n<h4>Domande frequenti sul noleggio auto a Santa Barbara<\/h4>\n<p><img loading=\"lazy\" decoding=\"async\" class=\"alignright\" src=\"\/wp-content\/uploads\/images\/rent_car_894.png\" alt=\"auto a noleggio a santa barbara\" width=\"350\" height=\"350\" \/><\/p>\n<p>D: Ho bisogno di una patente internazionale per noleggiare un'auto a Santa Barbara?<br \/>\nR: No, purch\u00e9 abbiate una patente di guida valida del vostro Paese, potete noleggiare un'auto a Santa Barbara.<\/p>\n<p>D: Posso restituire l'auto a noleggio in un luogo diverso?<br \/>\nR: Dipende dalle politiche della societ\u00e0 di noleggio. Alcune possono permetterlo pagando un supplemento, mentre altre possono richiedere di restituire l'auto al punto di partenza.<\/p>\n<p>D: \u00c8 possibile noleggiare un veicolo elettrico o ibrido a Santa Barbara?<br \/>\nR: S\u00ec, molte societ\u00e0 di noleggio offrono opzioni ecologiche per coloro che desiderano ridurre l'impronta di carbonio mentre esplorano Santa Barbara.<\/p>\n<p>In conclusione, noleggiare un'auto \u00e8 uno dei modi migliori per sperimentare tutto ci\u00f2 che Santa Barbara ha da offrire. Con la sua splendida costa e l'affascinante centro citt\u00e0, questa citt\u00e0 \u00e8 fatta per essere esplorata al proprio ritmo. Quindi perch\u00e9 aspettare? Prenotate oggi stesso la vostra auto a noleggio con rental-car.company e preparatevi a un viaggio indimenticabile nella Riviera americana.<\/p>\n<\/div>","protected":false},"excerpt":{"rendered":"<p>Renting a Car in Santa Barbara: Everything You Need to Know Are you planning a trip to Santa Barbara, California? Known as the &#8220;American Riviera&#8221; for its stunning beaches and Mediterranean-style architecture, this coastal city is a popular destination for tourists and locals alike. And what better way to explore all that Santa Barbara has [&hellip;]<\/p>\n","protected":false},"author":1,"featured_media":5475,"parent":0,"menu_order":0,"comment_status":"closed","ping_status":"closed","template":"","meta":{"rs_blank_template":"","rs_page_bg_color":"","slide_template_v7":"","footnotes":""},"categories":[1],"tags":[],"class_list":["post-7549","page","type-page","status-publish","has-post-thumbnail","hentry","category-blog"],"_links":{"self":[{"href":"https:\/\/rental-car.company\/it\/wp-json\/wp\/v2\/pages\/7549","targetHints":{"allow":["GET"]}}],"collection":[{"href":"https:\/\/rental-car.company\/it\/wp-json\/wp\/v2\/pages"}],"about":[{"href":"https:\/\/rental-car.company\/it\/wp-json\/wp\/v2\/types\/page"}],"author":[{"embeddable":true,"href":"https:\/\/rental-car.company\/it\/wp-json\/wp\/v2\/users\/1"}],"replies":[{"embeddable":true,"href":"https:\/\/rental-car.company\/it\/wp-json\/wp\/v2\/comments?post=7549"}],"version-history":[{"count":0,"href":"https:\/\/rental-car.company\/it\/wp-json\/wp\/v2\/pages\/7549\/revisions"}],"wp:featuredmedia":[{"embeddable":true,"href":"https:\/\/rental-car.company\/it\/wp-json\/wp\/v2\/media\/5475"}],"wp:attachment":[{"href":"https:\/\/rental-car.company\/it\/wp-json\/wp\/v2\/media?parent=7549"}],"wp:term":[{"taxonomy":"category","embeddable":true,"href":"https:\/\/rental-car.company\/it\/wp-json\/wp\/v2\/categories?post=7549"},{"taxonomy":"post_tag","embeddable":true,"href":"https:\/\/rental-car.company\/it\/wp-json\/wp\/v2\/tags?post=7549"}],"curies":[{"name":"wp","href":"https:\/\/api.w.org\/{rel}","templated":true}]}}