{"id":7632,"date":"2024-09-07T09:05:57","date_gmt":"2024-09-07T09:05:57","guid":{"rendered":"https:\/\/rental-car.company\/?page_id=7632"},"modified":"2024-09-07T09:05:57","modified_gmt":"2024-09-07T09:05:57","slug":"impresa-altezze-coloniali","status":"publish","type":"page","link":"https:\/\/rental-car.company\/it\/impresa-altezze-coloniali\/","title":{"rendered":"enterprise colonial heights - La vostra guida al noleggio di un'auto a Colonial Heights"},"content":{"rendered":"<div class=\"wpb-content-wrapper\"><h2>Noleggiare un'auto con Enterprise Colonial Heights: Tutto quello che c'\u00e8 da sapere<\/h2>\n<p>Se state programmando un viaggio a Colonial Heights, Virginia, uno dei modi migliori per esplorare la citt\u00e0 e le aree circostanti \u00e8 noleggiare un'auto. E quando si tratta di noleggiare un'auto, non c'\u00e8 scelta migliore di Enterprise Colonial Heights.<\/p>\n<p>Enterprise, una delle principali societ\u00e0 di autonoleggio degli Stati Uniti, si \u00e8 affermata come marchio di fiducia per la fornitura di veicoli di qualit\u00e0 e di un eccellente servizio clienti. E la filiale di Colonial Heights non \u00e8 da meno.<\/p>\n<p>In questa guida vi illustreremo tutto quello che c'\u00e8 da sapere sul noleggio di un'auto con Enterprise Colonial Heights. Dai servizi e i vantaggi offerti, ai potenziali pro e contro e alle domande pi\u00f9 frequenti, abbiamo pensato a tutto.<\/p>\n<div class=\"vc_row wpb_row vc_row-fluid\"><div class=\"wpb_column vc_column_container vc_col-sm-12\"><div class=\"vc_column-inner\"><div class=\"wpb_wrapper\">\n\t<div class=\"wpb_text_column wpb_content_element\" >\n\t\t<div class=\"wpb_wrapper\">\n\t\t\t<p><script id=\"dchwidget\" src=\"https:\/\/www.discovercars.com\/wg.js\" async=\"\" data-dev-env=\"com\" data-location=\"\" data-lang=\"en\" data-utm-source=\"malina\" data-utm-medium=\"widget\" data-aff-code=\"a_aid\" data-autocomplete=\"on\" data-style-submit-bg-color=\"00A200\" data-style-submit-font-color=\"white\" data-style-form-bg-color=\"FAD130\" data-style-form-font-color=\"333\" data-style-submit-text=\"Search now\"><\/script><\/p>\n\n\t\t<\/div>\n\t<\/div>\n<\/div><\/div><\/div><\/div>\n<p>&nbsp;<\/p>\n<h2>Scoprire Enterprise Colonial Heights<\/h2>\n<p><img loading=\"lazy\" decoding=\"async\" class=\"alignleft\" src=\"\/wp-content\/uploads\/images\/rent_car_527.png\" alt=\"impresa altezze coloniali\" width=\"350\" height=\"350\" \/><\/p>\n<p>A sud di Richmond, in Virginia, nel cuore della storia coloniale si trova l'affascinante citt\u00e0 di Colonial Heights. Questa pittoresca cittadina ospita vari siti storici come Fort Clifton Park e il Violet Bank Museum.<\/p>\n<p>Con una filiale di enterprise colonial heights rental-car.company situata in Boulevard South, i viaggiatori possono accedere facilmente a tutto ci\u00f2 che questa citt\u00e0 ha da offrire. Che siate qui per affari o per piacere, noleggiare un'auto in questa sede render\u00e0 il vostro viaggio agevole e senza problemi.<\/p>\n<p>Perch\u00e9 scegliere Enterprise rispetto ad altre societ\u00e0 di noleggio? Ecco alcuni motivi che la distinguono:<\/p>\n<h3>Posizione comoda<\/h3>\n<p>La filiale Enterprise di Colonial Heights \u00e8 situata vicino alle principali autostrade, come la I-95 e la I-295. Questo facilita i viaggiatori che arrivano all'aeroporto internazionale di Richmond o che provengono da citt\u00e0 vicine come Petersburg o Hopewell.<\/p>\n<h3>Variet\u00e0 di veicoli<\/h3>\n<p>Presso la filiale di enterprise colonial heights rental-car.company, i clienti hanno accesso a una vasta flotta di veicoli che soddisfano ogni tipo di esigenza. Dalle auto compatte per chi viaggia da solo ai SUV per le famiglie, ce n'\u00e8 per tutti i gusti.<\/p>\n<h3>Prezzi competitivi<\/h3>\n<p>Enterprise offre tariffe competitive per i suoi noleggi, rendendoli un'opzione economica per i viaggiatori. Inoltre, l'azienda offre spesso promozioni e sconti, quindi assicuratevi di controllare il sito web prima di prenotare.<\/p>\n<h4>Pro<\/h4>\n<p>- Posizione comoda vicino alle principali autostrade<br \/>\n- Ampia scelta di veicoli<br \/>\n- Prezzi competitivi e promozioni frequenti<\/p>\n<h4>Contro<\/h4>\n<p>- Orario limitato nei fine settimana (9.00-12.00)<br \/>\n- Possono essere applicati costi aggiuntivi per i conducenti minorenni (sotto i 25 anni).<\/p>\n<h2>Domande frequenti su Enterprise Colonial Heights<\/h2>\n<h4>D: Posso noleggiare un'auto da Enterprise Colonial Heights se ho meno di 25 anni?<\/h4>\n<p>R: S\u00ec, ma possono essere applicati costi aggiuntivi. Ai conducenti di et\u00e0 compresa tra i 21 e i 24 anni verr\u00e0 applicata una tariffa per giovani noleggiatori.<\/p>\n<h4>D: Di quali documenti ho bisogno per noleggiare un'auto da Enterprise Colonial Heights?<\/h4>\n<p>R: \u00c8 necessario avere una patente di guida valida, una carta di credito o di debito a proprio nome e una prova di assicurazione se si rifiuta la copertura della societ\u00e0 di noleggio.<\/p>\n<h4>D: Posso restituire la mia auto a noleggio dopo l'orario di lavoro presso Enterprise Colonial Heights?<\/h4>\n<p><img loading=\"lazy\" decoding=\"async\" class=\"alignright\" src=\"\/wp-content\/uploads\/images\/rent_car_765.png\" alt=\"impresa altezze coloniali\" width=\"350\" height=\"350\" \/><\/p>\n<p>R: S\u00ec, \u00e8 possibile restituire il veicolo dopo l'orario di lavoro utilizzando la cassetta di consegna delle chiavi situata all'esterno della filiale.<\/p>\n<p>Con questa guida in mano, ora siete ben attrezzati per pianificare il vostro viaggio a Colonial Heights con facilit\u00e0. Scegliendo Enterprise come societ\u00e0 di autonoleggio, potrete essere certi di avere a disposizione un veicolo affidabile per tutta la durata del vostro soggiorno. Quindi cosa state aspettando? Noleggiate oggi stesso un veicolo di Enterprise Colonial Heights e iniziate a esplorare questa affascinante citt\u00e0!<\/p>\n<\/div>","protected":false},"excerpt":{"rendered":"<p>Renting a Car with Enterprise Colonial Heights: Everything You Need to Know If you&#8217;re planning a trip to Colonial Heights, Virginia, one of the best ways to explore the city and its surrounding areas is by renting a car. And when it comes to car rentals, there&#8217;s no better option than Enterprise Colonial Heights. As [&hellip;]<\/p>\n","protected":false},"author":1,"featured_media":6574,"parent":0,"menu_order":0,"comment_status":"closed","ping_status":"closed","template":"","meta":{"rs_blank_template":"","rs_page_bg_color":"","slide_template_v7":"","footnotes":""},"categories":[1],"tags":[],"class_list":["post-7632","page","type-page","status-publish","has-post-thumbnail","hentry","category-blog"],"_links":{"self":[{"href":"https:\/\/rental-car.company\/it\/wp-json\/wp\/v2\/pages\/7632","targetHints":{"allow":["GET"]}}],"collection":[{"href":"https:\/\/rental-car.company\/it\/wp-json\/wp\/v2\/pages"}],"about":[{"href":"https:\/\/rental-car.company\/it\/wp-json\/wp\/v2\/types\/page"}],"author":[{"embeddable":true,"href":"https:\/\/rental-car.company\/it\/wp-json\/wp\/v2\/users\/1"}],"replies":[{"embeddable":true,"href":"https:\/\/rental-car.company\/it\/wp-json\/wp\/v2\/comments?post=7632"}],"version-history":[{"count":0,"href":"https:\/\/rental-car.company\/it\/wp-json\/wp\/v2\/pages\/7632\/revisions"}],"wp:featuredmedia":[{"embeddable":true,"href":"https:\/\/rental-car.company\/it\/wp-json\/wp\/v2\/media\/6574"}],"wp:attachment":[{"href":"https:\/\/rental-car.company\/it\/wp-json\/wp\/v2\/media?parent=7632"}],"wp:term":[{"taxonomy":"category","embeddable":true,"href":"https:\/\/rental-car.company\/it\/wp-json\/wp\/v2\/categories?post=7632"},{"taxonomy":"post_tag","embeddable":true,"href":"https:\/\/rental-car.company\/it\/wp-json\/wp\/v2\/tags?post=7632"}],"curies":[{"name":"wp","href":"https:\/\/api.w.org\/{rel}","templated":true}]}}