{"id":7639,"date":"2024-09-07T10:05:20","date_gmt":"2024-09-07T10:05:20","guid":{"rendered":"https:\/\/rental-car.company\/?page_id=7639"},"modified":"2024-09-07T10:05:20","modified_gmt":"2024-09-07T10:05:20","slug":"noleggio-auto-aeroporto-di-dayton","status":"publish","type":"page","link":"https:\/\/rental-car.company\/it\/noleggio-auto-aeroporto-di-dayton\/","title":{"rendered":"Noleggio auto aeroporto di Dayton - Guida al noleggio di un'auto all'aeroporto internazionale di Dayton"},"content":{"rendered":"<div class=\"wpb-content-wrapper\"><div class=\"vc_row wpb_row vc_row-fluid\"><div class=\"wpb_column vc_column_container vc_col-sm-12\"><div class=\"vc_column-inner\"><div class=\"wpb_wrapper\">\n\t<div class=\"wpb_text_column wpb_content_element\" >\n\t\t<div class=\"wpb_wrapper\">\n\t\t\t<p><script id=\"dchwidget\" src=\"https:\/\/www.discovercars.com\/wg.js\" async=\"\" data-dev-env=\"com\" data-location=\"\" data-lang=\"en\" data-utm-source=\"malina\" data-utm-medium=\"widget\" data-aff-code=\"a_aid\" data-autocomplete=\"on\" data-style-submit-bg-color=\"00A200\" data-style-submit-font-color=\"white\" data-style-form-bg-color=\"FAD130\" data-style-form-font-color=\"333\" data-style-submit-text=\"Search now\"><\/script><\/p>\n\n\t\t<\/div>\n\t<\/div>\n<\/div><\/div><\/div><\/div>\n<p>&nbsp;<\/p>\n<h2>Noleggio auto all'aeroporto internazionale di Dayton<\/h2>\n<p><img loading=\"lazy\" decoding=\"async\" class=\"alignleft\" src=\"\/wp-content\/uploads\/images\/rent_car_546.png\" alt=\"noleggio auto aeroporto di dayton\" width=\"350\" height=\"350\" \/><\/p>\n<p>Quando si viaggia a Dayton, Ohio, avere un mezzo di trasporto affidabile \u00e8 essenziale per spostarsi ed esplorare la citt\u00e0. Sebbene siano disponibili varie forme di trasporto pubblico, noleggiare un'auto \u00e8 spesso l'opzione pi\u00f9 comoda ed efficiente. E quale posto migliore per noleggiare un'auto se non direttamente dall'aeroporto? In questa guida vi illustreremo tutto quello che c'\u00e8 da sapere sul noleggio auto all'aeroporto di Dayton.<\/p>\n<h3>I vantaggi del noleggio di un'auto all'aeroporto internazionale di Dayton<\/h3>\n<p>Il noleggio di un'auto direttamente dall'aeroporto presenta diversi vantaggi. Innanzitutto, si risparmia tempo e fatica. Invece di dover trovare un mezzo di trasporto dall'aeroporto alla localit\u00e0 desiderata, potete semplicemente ritirare l'auto a noleggio subito dopo l'atterraggio.<\/p>\n<p>Un altro vantaggio \u00e8 l'ampia gamma di opzioni disponibili. Su rental-car.company offriamo vari modelli e dimensioni di veicoli che rispondono a diverse esigenze e preferenze. Che siate in viaggio da soli o con la famiglia, ci sar\u00e0 un'opzione adatta a voi.<\/p>\n<p>Inoltre, noleggiare un'auto dall'aeroporto vi offre una maggiore flessibilit\u00e0 durante il viaggio. Non dovrete fare affidamento sugli orari dei trasporti pubblici o sui servizi di ride-sharing, ma potrete esplorare il territorio secondo i vostri ritmi e le vostre convenienze.<\/p>\n<p>Infine, il noleggio di un'auto all'aeroporto internazionale di Dayton consente una facile riconsegna prima di prendere il volo di ritorno. In questo modo si elimina lo stress e l'inconveniente di trovare un mezzo di trasporto alternativo o di restituire il veicolo altrove.<\/p>\n<h3>Considerazioni sul noleggio di un'auto all'aeroporto internazionale di Dayton<\/h3>\n<p>Sebbene ci siano molti vantaggi nel noleggiare un'auto all'Aeroporto Internazionale di Dayton, ci sono anche alcuni aspetti che dovrebbero essere presi in considerazione prima di effettuare la prenotazione.<\/p>\n<p>Innanzitutto, \u00e8 importante fare una ricerca sulle diverse societ\u00e0 di noleggio per trovare l'offerta migliore per il vostro budget e le vostre esigenze. Noi di rental-car.company offriamo tariffe competitive e una serie di sconti e promozioni per rendere la vostra esperienza di noleggio ancora pi\u00f9 conveniente.<\/p>\n<p>Inoltre, \u00e8 importante familiarizzare con le norme e le regole della guida a Dayton. Ci\u00f2 include i limiti di velocit\u00e0, le leggi sul traffico e le restrizioni di parcheggio. Il nostro team di rental-car.company pu\u00f2 fornirvi queste informazioni per garantire un'esperienza di guida sicura e senza intoppi.<\/p>\n<h4>Pro:<\/h4>\n<p>- Comodo pick-up e drop-off in aeroporto<br \/>\n- Ampia gamma di opzioni di veicoli disponibili<br \/>\n- Maggiore flessibilit\u00e0 durante il viaggio<\/p>\n<h4>Contro:<\/h4>\n<p><img loading=\"lazy\" decoding=\"async\" class=\"alignright\" src=\"\/wp-content\/uploads\/images\/rent_car_977.png\" alt=\"noleggio auto aeroporto di dayton\" width=\"350\" height=\"350\" \/><\/p>\n<p>- Potrebbero essere applicati costi aggiuntivi per il noleggio in aeroporto<br \/>\n- La ricerca \u00e8 necessaria per trovare l'offerta migliore<br \/>\n- \u00c8 necessaria una certa familiarit\u00e0 con le leggi locali in materia di guida<\/p>\n<h3>Domande frequenti<\/h3>\n<p>1. Posso noleggiare un'auto all'Aeroporto Internazionale di Dayton senza prenotazione?<br \/>\nS\u00ec, \u00e8 possibile noleggiare un'auto senza prenotazione; tuttavia, si consiglia di effettuarla in anticipo per garantire la disponibilit\u00e0 e potenzialmente risparmiare.<\/p>\n<p>2. Ci sono restrizioni di et\u00e0 per noleggiare un'auto all'Aeroporto Internazionale di Dayton?<br \/>\nLa maggior parte delle societ\u00e0 di noleggio richiede che i noleggiatori abbiano almeno 25 anni; tuttavia, alcune possono consentire l'utilizzo di conducenti pi\u00f9 giovani con un costo aggiuntivo.<\/p>\n<p>3. Posso restituire l'auto a noleggio dopo l'orario di lavoro?<br \/>\nMolte societ\u00e0 di noleggio dispongono di opzioni di riconsegna 24 ore su 24; tuttavia, \u00e8 importante confermarlo in anticipo.<\/p>\n<p>4. Di che tipo di assicurazione ho bisogno quando noleggio un'auto all'Aeroporto Internazionale di Dayton?<br \/>\nLa maggior parte delle societ\u00e0 di noleggio offre opzioni di assicurazione a pagamento; tuttavia, verificate con il vostro assicuratore personale perch\u00e9 potreste essere gi\u00e0 coperti.<\/p>\n<p>In conclusione, noleggiare un'auto direttamente dall'Aeroporto Internazionale di Dayton offre convenienza, flessibilit\u00e0 e accesso a diverse opzioni di veicoli per il vostro viaggio a Dayton. A rental-car.company, ci impegniamo a fornire ai nostri clienti un servizio di qualit\u00e0 e tariffe convenienti per le loro esigenze di noleggio auto. Quindi perch\u00e9 aspettare? Noleggiate il vostro prossimo veicolo da noi e godetevi un'esperienza di viaggio senza problemi a Dayton.<\/p>\n<\/div>","protected":false},"excerpt":{"rendered":"<p>&nbsp; Rent a Car at Dayton International Airport When traveling to Dayton, Ohio, having a reliable mode of transportation is essential for getting around and exploring the city. While there are various forms of public transportation available, renting a car is often the most convenient and efficient option. And what better place to rent a [&hellip;]<\/p>\n","protected":false},"author":1,"featured_media":3975,"parent":0,"menu_order":0,"comment_status":"closed","ping_status":"closed","template":"","meta":{"rs_blank_template":"","rs_page_bg_color":"","slide_template_v7":"","footnotes":""},"categories":[1],"tags":[],"class_list":["post-7639","page","type-page","status-publish","has-post-thumbnail","hentry","category-blog"],"_links":{"self":[{"href":"https:\/\/rental-car.company\/it\/wp-json\/wp\/v2\/pages\/7639","targetHints":{"allow":["GET"]}}],"collection":[{"href":"https:\/\/rental-car.company\/it\/wp-json\/wp\/v2\/pages"}],"about":[{"href":"https:\/\/rental-car.company\/it\/wp-json\/wp\/v2\/types\/page"}],"author":[{"embeddable":true,"href":"https:\/\/rental-car.company\/it\/wp-json\/wp\/v2\/users\/1"}],"replies":[{"embeddable":true,"href":"https:\/\/rental-car.company\/it\/wp-json\/wp\/v2\/comments?post=7639"}],"version-history":[{"count":0,"href":"https:\/\/rental-car.company\/it\/wp-json\/wp\/v2\/pages\/7639\/revisions"}],"wp:featuredmedia":[{"embeddable":true,"href":"https:\/\/rental-car.company\/it\/wp-json\/wp\/v2\/media\/3975"}],"wp:attachment":[{"href":"https:\/\/rental-car.company\/it\/wp-json\/wp\/v2\/media?parent=7639"}],"wp:term":[{"taxonomy":"category","embeddable":true,"href":"https:\/\/rental-car.company\/it\/wp-json\/wp\/v2\/categories?post=7639"},{"taxonomy":"post_tag","embeddable":true,"href":"https:\/\/rental-car.company\/it\/wp-json\/wp\/v2\/tags?post=7639"}],"curies":[{"name":"wp","href":"https:\/\/api.w.org\/{rel}","templated":true}]}}