{"id":7684,"date":"2024-09-07T21:07:15","date_gmt":"2024-09-07T21:07:15","guid":{"rendered":"https:\/\/rental-car.company\/?page_id=7684"},"modified":"2024-09-07T21:07:15","modified_gmt":"2024-09-07T21:07:15","slug":"noleggio-auto-plymouth","status":"publish","type":"page","link":"https:\/\/rental-car.company\/it\/noleggio-auto-plymouth\/","title":{"rendered":"Noleggio auto Plymouth: La vostra guida definitiva"},"content":{"rendered":"<div class=\"wpb-content-wrapper\"><h2>Noleggiare un'auto a Plymouth: Tutto quello che c'\u00e8 da sapere<\/h2>\n<p>Quando si tratta di esplorare la splendida citt\u00e0 di Plymouth, noleggiare un'auto \u00e8 il modo perfetto per spostarsi. Con le sue splendide viste sulla costa, i suoi monumenti storici e le sue strade affascinanti, c'\u00e8 molto da vedere e da fare in questa citt\u00e0. Grazie ai servizi di autonoleggio a Plymouth, potrete scoprire facilmente tutto ci\u00f2 che questa vivace destinazione ha da offrire.<\/p>\n<div class=\"vc_row wpb_row vc_row-fluid\"><div class=\"wpb_column vc_column_container vc_col-sm-12\"><div class=\"vc_column-inner\"><div class=\"wpb_wrapper\">\n\t<div class=\"wpb_text_column wpb_content_element\" >\n\t\t<div class=\"wpb_wrapper\">\n\t\t\t<p><script id=\"dchwidget\" src=\"https:\/\/www.discovercars.com\/wg.js\" async=\"\" data-dev-env=\"com\" data-location=\"\" data-lang=\"en\" data-utm-source=\"malina\" data-utm-medium=\"widget\" data-aff-code=\"a_aid\" data-autocomplete=\"on\" data-style-submit-bg-color=\"00A200\" data-style-submit-font-color=\"white\" data-style-form-bg-color=\"FAD130\" data-style-form-font-color=\"333\" data-style-submit-text=\"Search now\"><\/script><\/p>\n\n\t\t<\/div>\n\t<\/div>\n<\/div><\/div><\/div><\/div>\n<p>&nbsp;<\/p>\n<h2>Scoprire il noleggio auto a Plymouth<\/h2>\n<p><img loading=\"lazy\" decoding=\"async\" class=\"alignleft\" src=\"\/wp-content\/uploads\/images\/rent_car_363.png\" alt=\"noleggio auto plymouth\" width=\"350\" height=\"350\" \/><\/p>\n<p>Sia che stiate pianificando una fuga nel fine settimana o un viaggio prolungato, il noleggio auto a Plymouth offre convenienza e flessibilit\u00e0 per i vostri spostamenti. Grazie ai numerosi punti di ritiro in tutta la citt\u00e0, potete facilmente noleggiare un'auto nel luogo desiderato e mettervi in viaggio. Dalle auto compatte per chi viaggia da solo agli spaziosi SUV per famiglie o gruppi, \u00e8 disponibile un'ampia gamma di opzioni per le vostre esigenze di noleggio.<\/p>\n<p>Uno dei vantaggi principali di optare per il noleggio auto a Plymouth \u00e8 che vi permette di esplorare al vostro ritmo. Potete pianificare il vostro itinerario e visitare tutte le attrazioni pi\u00f9 popolari senza essere limitati dagli orari dei trasporti pubblici. Inoltre, con la libert\u00e0 di andare dove volete quando volete, potete anche scoprire gemme nascoste fuori dai sentieri battuti che non sono accessibili con altri mezzi.<\/p>\n<h3>Le principali attrazioni di Plymouth<\/h3>\n<p>- Il Barbican: Questa storica zona del lungomare ospita negozi e ristoranti caratteristici e famosi punti di riferimento come la Mayflower Steps, da cui partirono i pellegrini dall'Inghilterra per il loro viaggio verso l'America.<br \/>\n- The Hoe: Con una splendida vista sul lungomare e sull'iconico faro della Smeaton's Tower, questo \u00e8 uno dei luoghi pi\u00f9 popolari di Plymouth.<br \/>\n- Acquario marino nazionale: Questo acquario, uno dei pi\u00f9 grandi d'Europa, ospita oltre 4.000 creature marine, tra cui squali e tartarughe marine.<br \/>\n- Royal William Yard: Questo ex cantiere navale \u00e8 stato trasformato in un complesso di tendenza sul lungomare con negozi, ristoranti e gallerie d'arte.<br \/>\n- Saltram House: Fate un passo indietro nel tempo ed esplorate questa magnifica dimora georgiana circondata da splendidi giardini.<\/p>\n<h3>I vantaggi del noleggio auto a Plymouth<\/h3>\n<p>- Convenienza e flessibilit\u00e0 per i vostri viaggi<br \/>\n- Ampia gamma di opzioni di auto disponibili per soddisfare le vostre esigenze<br \/>\n- Possibilit\u00e0 di esplorare al proprio ritmo e di visitare destinazioni fuori dai sentieri battuti<br \/>\n- Molteplici punti di raccolta in tutta la citt\u00e0<\/p>\n<h3>Contro del noleggio auto a Plymouth<\/h3>\n<p>- Costi aggiuntivi per l'assicurazione del noleggio e le spese per il carburante<br \/>\n- Potenziale problema di traffico e parcheggio nelle aree pi\u00f9 trafficate<\/p>\n<h4>Domande frequenti<\/h4>\n<p><img loading=\"lazy\" decoding=\"async\" class=\"alignright\" src=\"\/wp-content\/uploads\/images\/rent_car_975.png\" alt=\"noleggio auto plymouth\" width=\"350\" height=\"350\" \/><\/p>\n<p><strong>D: Quanti anni devo avere per noleggiare un'auto a Plymouth?<\/strong><br \/>\nR: L'et\u00e0 minima richiesta per noleggiare un'auto a Plymouth \u00e8 solitamente di 21 anni. Tuttavia, i conducenti di et\u00e0 inferiore ai 25 anni possono essere soggetti a costi aggiuntivi.<\/p>\n<p><strong>D: Ho bisogno di una patente internazionale per noleggiare un'auto a Plymouth?<\/strong><br \/>\nR: Se venite da un altro Paese, si raccomanda di ottenere una patente internazionale prima di noleggiare un'auto a Plymouth. Tuttavia, alcune societ\u00e0 di noleggio possono accettare la vostra normale patente di guida, purch\u00e9 sia scritta in inglese.<\/p>\n<p><strong>D: Posso restituire l'auto a noleggio in un luogo diverso?<\/strong><br \/>\nR: S\u00ec, la maggior parte delle societ\u00e0 di noleggio consente di restituire l'auto in un luogo diverso all'interno della stessa citt\u00e0. Tuttavia, potrebbero esserci delle spese aggiuntive.<\/p>\n<p>In conclusione, noleggiare un'auto a Plymouth pu\u00f2 migliorare notevolmente la vostra esperienza di viaggio, dandovi la libert\u00e0 e la flessibilit\u00e0 di esplorare questa splendida citt\u00e0 alle vostre condizioni. Grazie alle molteplici localit\u00e0 di ritiro e alle varie opzioni di veicoli disponibili tramite rental-car.company, pianificare il vostro viaggio in questa affascinante destinazione non \u00e8 mai stato cos\u00ec facile. Quindi perch\u00e9 aspettare? Noleggiate un'auto e iniziate oggi stesso la vostra avventura a Plymouth!<\/p>\n<\/div>","protected":false},"excerpt":{"rendered":"<p>Renting a Car in Plymouth: Everything You Need to Know When it comes to exploring the beautiful city of Plymouth, renting a car is the perfect way to get around. With its stunning coastal views, historical landmarks, and charming streets, there&#8217;s so much to see and do in this city. And with car rental plymouth [&hellip;]<\/p>\n","protected":false},"author":1,"featured_media":5266,"parent":0,"menu_order":0,"comment_status":"closed","ping_status":"closed","template":"","meta":{"rs_blank_template":"","rs_page_bg_color":"","slide_template_v7":"","footnotes":""},"categories":[1],"tags":[],"class_list":["post-7684","page","type-page","status-publish","has-post-thumbnail","hentry","category-blog"],"_links":{"self":[{"href":"https:\/\/rental-car.company\/it\/wp-json\/wp\/v2\/pages\/7684","targetHints":{"allow":["GET"]}}],"collection":[{"href":"https:\/\/rental-car.company\/it\/wp-json\/wp\/v2\/pages"}],"about":[{"href":"https:\/\/rental-car.company\/it\/wp-json\/wp\/v2\/types\/page"}],"author":[{"embeddable":true,"href":"https:\/\/rental-car.company\/it\/wp-json\/wp\/v2\/users\/1"}],"replies":[{"embeddable":true,"href":"https:\/\/rental-car.company\/it\/wp-json\/wp\/v2\/comments?post=7684"}],"version-history":[{"count":0,"href":"https:\/\/rental-car.company\/it\/wp-json\/wp\/v2\/pages\/7684\/revisions"}],"wp:featuredmedia":[{"embeddable":true,"href":"https:\/\/rental-car.company\/it\/wp-json\/wp\/v2\/media\/5266"}],"wp:attachment":[{"href":"https:\/\/rental-car.company\/it\/wp-json\/wp\/v2\/media?parent=7684"}],"wp:term":[{"taxonomy":"category","embeddable":true,"href":"https:\/\/rental-car.company\/it\/wp-json\/wp\/v2\/categories?post=7684"},{"taxonomy":"post_tag","embeddable":true,"href":"https:\/\/rental-car.company\/it\/wp-json\/wp\/v2\/tags?post=7684"}],"curies":[{"name":"wp","href":"https:\/\/api.w.org\/{rel}","templated":true}]}}