{"id":7706,"date":"2024-09-08T03:05:19","date_gmt":"2024-09-08T03:05:19","guid":{"rendered":"https:\/\/rental-car.company\/?page_id=7706"},"modified":"2024-09-08T03:05:19","modified_gmt":"2024-09-08T03:05:19","slug":"noleggio-auto-allaeroporto-di-cancun","status":"publish","type":"page","link":"https:\/\/rental-car.company\/it\/noleggio-auto-allaeroporto-di-cancun\/","title":{"rendered":"Noleggio auto all'aeroporto di Cancun: La vostra guida definitiva"},"content":{"rendered":"<div class=\"wpb-content-wrapper\"><h2>Aeroporto internazionale di Cancun - La porta del paradiso<\/h2>\n<p>L'aeroporto internazionale di Cancun \u00e8 il secondo aeroporto pi\u00f9 trafficato del Messico e rappresenta la principale porta d'ingresso per i turisti che visitano le famose destinazioni balneari di Cancun e della Riviera Maya. Con le sue bellissime spiagge, la vivace vita notturna e la ricca cultura, Cancun \u00e8 diventata una delle mete preferite dai viaggiatori di tutto il mondo. E quale modo migliore per esplorare questo paradiso tropicale se non con un'auto a noleggio che vi aspetta all'aeroporto?<\/p>\n<div class=\"vc_row wpb_row vc_row-fluid\"><div class=\"wpb_column vc_column_container vc_col-sm-12\"><div class=\"vc_column-inner\"><div class=\"wpb_wrapper\">\n\t<div class=\"wpb_text_column wpb_content_element\" >\n\t\t<div class=\"wpb_wrapper\">\n\t\t\t<p><script id=\"dchwidget\" src=\"https:\/\/www.discovercars.com\/wg.js\" async=\"\" data-dev-env=\"com\" data-location=\"\" data-lang=\"en\" data-utm-source=\"malina\" data-utm-medium=\"widget\" data-aff-code=\"a_aid\" data-autocomplete=\"on\" data-style-submit-bg-color=\"00A200\" data-style-submit-font-color=\"white\" data-style-form-bg-color=\"FAD130\" data-style-form-font-color=\"333\" data-style-submit-text=\"Search now\"><\/script><\/p>\n\n\t\t<\/div>\n\t<\/div>\n<\/div><\/div><\/div><\/div>\n<p>&nbsp;<\/p>\n<h2>Scopri il noleggio auto all'aeroporto di Cancun<\/h2>\n<p><img loading=\"lazy\" decoding=\"async\" class=\"alignleft\" src=\"\/wp-content\/uploads\/images\/rent_car_859.png\" alt=\"noleggio auto all&#039;aeroporto di cancun\" width=\"350\" height=\"350\" \/><\/p>\n<p>Quando si tratta di noleggiare un'auto all'aeroporto di Cancun, le opzioni disponibili sono numerose. Dalle pi\u00f9 note societ\u00e0 di autonoleggio internazionali ai fornitori locali, potete trovare una variet\u00e0 di scelte che si adattano al vostro budget e alle vostre preferenze.<\/p>\n<p>Su rental-car.company offriamo servizi di noleggio auto affidabili e convenienti all'aeroporto di Cancun. Il nostro obiettivo \u00e8 quello di rendere il vostro viaggio privo di problemi, fornendo un servizio clienti di prim'ordine e un'ampia selezione di veicoli tra cui scegliere.<\/p>\n<h3>Convenienza al massimo<\/h3>\n<p>Uno dei maggiori vantaggi del noleggio di un'auto all'aeroporto di Cancun \u00e8 la comodit\u00e0. Dopo un lungo volo, l'ultima cosa che si desidera \u00e8 aspettare in lunghe file per il trasporto o avere a che fare con tassisti litigiosi. Con i nostri servizi, potete semplicemente ritirare la vostra auto a noleggio direttamente in aeroporto e iniziare il vostro viaggio senza ritardi.<\/p>\n<h3>Esplorate di pi\u00f9 con le vostre ruote<\/h3>\n<p>Avere un'auto a noleggio vi d\u00e0 la libert\u00e0 di esplorare tutto ci\u00f2 che Cancun ha da offrire al vostro ritmo. Potrete visitare gemme nascoste fuori dai sentieri battuti o fare giri panoramici lungo la costa senza essere vincolati dagli orari dei trasporti pubblici.<\/p>\n<p>Con i nostri sistemi di navigazione GPS a noleggio, spostarsi sar\u00e0 ancora pi\u00f9 facile. Inoltre, il nostro personale multilingue sar\u00e0 lieto di fornirvi consigli e raccomandazioni locali per sfruttare al meglio il vostro viaggio.<\/p>\n<h3>Convenienza e flessibilit\u00e0<\/h3>\n<p>Noleggiare un'auto all'aeroporto di Cancun non \u00e8 solo comodo ma anche conveniente. Scegliendo rental-car.company, potrete risparmiare sulle costose corse in taxi o sui pacchetti turistici. Inoltre, grazie ai nostri piani di noleggio flessibili, potrete scegliere la durata del periodo di noleggio in base al vostro itinerario di viaggio.<\/p>\n<h4>Pro e contro<\/h4>\n<p>Pro:<br \/>\n- Comodit\u00e0 di ritirare l'auto a noleggio in aeroporto<br \/>\n- Libert\u00e0 di esplorare al proprio ritmo<br \/>\n- Opzioni di noleggio convenienti e flessibili<\/p>\n<p>Contro:<br \/>\n- Il traffico pu\u00f2 essere intenso durante l'alta stagione turistica<br \/>\n- Il parcheggio nelle aree pi\u00f9 frequentate pu\u00f2 essere limitato e costoso<\/p>\n<h4>Domande frequenti<\/h4>\n<p><img loading=\"lazy\" decoding=\"async\" class=\"alignright\" src=\"\/wp-content\/uploads\/images\/rent_car_211.png\" alt=\"noleggio auto all&#039;aeroporto di cancun\" width=\"350\" height=\"350\" \/><\/p>\n<p><strong>D: Ho bisogno di una patente internazionale per noleggiare un'auto all'aeroporto di Cancun?<\/strong><br \/>\nR: No, purch\u00e9 abbiate una patente di guida valida del vostro Paese, potete noleggiare un'auto a Cancun.<\/p>\n<p><strong>D: Che tipo di assicurazione \u00e8 inclusa nel mio noleggio?<\/strong><br \/>\nR: La nostra assicurazione di base copre la responsabilit\u00e0 civile e i danni al veicolo. Ulteriori opzioni di copertura sono disponibili per l'acquisto al momento della prenotazione.<\/p>\n<p><strong>D: Posso restituire l'auto a noleggio in un luogo diverso?<\/strong><br \/>\nR: S\u00ec, offriamo noleggi di sola andata a un costo aggiuntivo. Vi preghiamo di informarci al momento della prenotazione se intendete restituire l'auto in un luogo diverso.<\/p>\n<p><strong>D: Cosa succede se il mio volo \u00e8 in ritardo?<\/strong><br \/>\nR: Non si preoccupi! Teniamo traccia di tutti gli arrivi dei voli e modifichiamo di conseguenza il programma di prelievo. In caso di modifiche o ritardi, vi preghiamo di informarci il prima possibile in modo da poter prendere accordi per il vostro ritiro.<\/p>\n<p>In conclusione, noleggiare un'auto all'aeroporto di Cancun \u00e8 il modo migliore per iniziare la vostra vacanza in questo paradiso tropicale. Grazie alla convenienza, all'economicit\u00e0 e alla flessibilit\u00e0, potrete vivere l'esperienza definitiva di esplorare Cancun e la Riviera Maya alle vostre condizioni. Quindi perch\u00e9 aspettare? Prenotate oggi stesso la vostra auto a noleggio con rental-car.company e preparatevi a un viaggio indimenticabile a Cancun!<\/p>\n<\/div>","protected":false},"excerpt":{"rendered":"<p>Cancun International Airport &#8211; The Gateway to Paradise Cancun International Airport is the second busiest airport in Mexico, serving as the main gateway for tourists visiting the popular beach destinations of Cancun and the Riviera Maya. With its beautiful beaches, vibrant nightlife, and rich culture, Cancun has become a favorite vacation spot for travelers from [&hellip;]<\/p>\n","protected":false},"author":1,"featured_media":2636,"parent":0,"menu_order":0,"comment_status":"closed","ping_status":"closed","template":"","meta":{"rs_blank_template":"","rs_page_bg_color":"","slide_template_v7":"","footnotes":""},"categories":[1],"tags":[],"class_list":["post-7706","page","type-page","status-publish","has-post-thumbnail","hentry","category-blog"],"_links":{"self":[{"href":"https:\/\/rental-car.company\/it\/wp-json\/wp\/v2\/pages\/7706","targetHints":{"allow":["GET"]}}],"collection":[{"href":"https:\/\/rental-car.company\/it\/wp-json\/wp\/v2\/pages"}],"about":[{"href":"https:\/\/rental-car.company\/it\/wp-json\/wp\/v2\/types\/page"}],"author":[{"embeddable":true,"href":"https:\/\/rental-car.company\/it\/wp-json\/wp\/v2\/users\/1"}],"replies":[{"embeddable":true,"href":"https:\/\/rental-car.company\/it\/wp-json\/wp\/v2\/comments?post=7706"}],"version-history":[{"count":0,"href":"https:\/\/rental-car.company\/it\/wp-json\/wp\/v2\/pages\/7706\/revisions"}],"wp:featuredmedia":[{"embeddable":true,"href":"https:\/\/rental-car.company\/it\/wp-json\/wp\/v2\/media\/2636"}],"wp:attachment":[{"href":"https:\/\/rental-car.company\/it\/wp-json\/wp\/v2\/media?parent=7706"}],"wp:term":[{"taxonomy":"category","embeddable":true,"href":"https:\/\/rental-car.company\/it\/wp-json\/wp\/v2\/categories?post=7706"},{"taxonomy":"post_tag","embeddable":true,"href":"https:\/\/rental-car.company\/it\/wp-json\/wp\/v2\/tags?post=7706"}],"curies":[{"name":"wp","href":"https:\/\/api.w.org\/{rel}","templated":true}]}}