{"id":7716,"date":"2024-09-08T05:05:19","date_gmt":"2024-09-08T05:05:19","guid":{"rendered":"https:\/\/rental-car.company\/?page_id=7716"},"modified":"2024-09-08T05:05:19","modified_gmt":"2024-09-08T05:05:19","slug":"noleggio-auto-aeroporto-san-jose-costa-rica","status":"publish","type":"page","link":"https:\/\/rental-car.company\/it\/noleggio-auto-aeroporto-san-jose-costa-rica\/","title":{"rendered":"Noleggio auto San Jose Aeroporto Costa Rica - Guida al noleggio di un'auto in Paradiso"},"content":{"rendered":"<div class=\"wpb-content-wrapper\"><h2>La convenienza del noleggio auto San Jose Aeroporto Costa Rica<\/h2>\n<p>Se state programmando un viaggio nel bellissimo Paese della Costa Rica, \u00e8 probabile che voliate nella capitale San Jose. Appena scesi dall'aereo, sarete accolti dal vivace aeroporto internazionale Juan Santamaria. Sebbene ci siano molte opzioni di trasporto disponibili all'aeroporto, una delle scelte pi\u00f9 convenienti e popolari per i turisti \u00e8 il noleggio auto.<\/p>\n<div class=\"vc_row wpb_row vc_row-fluid\"><div class=\"wpb_column vc_column_container vc_col-sm-12\"><div class=\"vc_column-inner\"><div class=\"wpb_wrapper\">\n\t<div class=\"wpb_text_column wpb_content_element\" >\n\t\t<div class=\"wpb_wrapper\">\n\t\t\t<p><script id=\"dchwidget\" src=\"https:\/\/www.discovercars.com\/wg.js\" async=\"\" data-dev-env=\"com\" data-location=\"\" data-lang=\"en\" data-utm-source=\"malina\" data-utm-medium=\"widget\" data-aff-code=\"a_aid\" data-autocomplete=\"on\" data-style-submit-bg-color=\"00A200\" data-style-submit-font-color=\"white\" data-style-form-bg-color=\"FAD130\" data-style-form-font-color=\"333\" data-style-submit-text=\"Search now\"><\/script><\/p>\n\n\t\t<\/div>\n\t<\/div>\n<\/div><\/div><\/div><\/div>\n<p>&nbsp;<\/p>\n<h2>Scoprire il noleggio auto San Jose Aeroporto Costa Rica<\/h2>\n<p><img loading=\"lazy\" decoding=\"async\" class=\"alignleft\" src=\"\/wp-content\/uploads\/images\/rent_car_817.png\" alt=\"noleggio auto aeroporto san jose costa rica\" width=\"350\" height=\"350\" \/><\/p>\n<p>All'autonoleggio san jose airport costa rica, sappiamo che il tempo delle vostre vacanze \u00e8 prezioso e vogliamo assicurarci che ogni momento sia speso per godere di tutto ci\u00f2 che questo fantastico paese ha da offrire. Ecco perch\u00e9 offriamo un'ampia selezione di auto a noleggio a prezzi accessibili direttamente in aeroporto.<\/p>\n<p>La nostra flotta comprende auto compatte per spostarsi nelle citt\u00e0 pi\u00f9 trafficate e SUV spaziosi per esplorare i terreni pi\u00f9 accidentati. Abbiamo anche veicoli di lusso per chi desidera viaggiare con stile e comfort.<\/p>\n<p>Con il nostro facile sistema di prenotazione online, potete prenotare il vostro veicolo prima del viaggio e farvelo aspettare appena arrivati all'Aeroporto Internazionale Juan Santamaria. Il nostro personale cordiale sar\u00e0 l\u00ec per accogliervi e mettervi in viaggio senza problemi o ritardi.<\/p>\n<h3>I pro e i contro del noleggio di un'auto in Costa Rica<\/h3>\n<p>Pro:<br \/>\n- Libert\u00e0: Con un'auto a noleggio, avete il controllo completo del vostro itinerario e potete esplorare tutti gli angoli di questo paese cos\u00ec vario.<br \/>\n- Convenienza: Avere un'auto a disposizione significa non dover pi\u00f9 aspettare i mezzi pubblici o pagare costosi taxi.<br \/>\n- Economico: A seconda della durata del soggiorno in Costa Rica e del numero di luoghi che si desidera visitare, il noleggio di un'auto pu\u00f2 spesso essere pi\u00f9 conveniente rispetto ad altri mezzi di trasporto.<\/p>\n<p>Contro:<br \/>\n- Traffico: Le strade in Costa Rica possono essere strette, tortuose e congestionate in alcune zone. \u00c8 importante guidare con prudenza e prestare attenzione all'ambiente circostante.<br \/>\n- Parcheggio: Trovare parcheggio nelle zone turistiche pi\u00f9 popolari pu\u00f2 essere una sfida, quindi \u00e8 meglio pianificare in anticipo o optare per alloggi con parcheggio designato.<br \/>\n- Assicurazione: Anche se le compagnie di autonoleggio offrono opzioni di assicurazione, queste possono sommarsi rapidamente e aumentare significativamente il costo del noleggio.<\/p>\n<h3>Domande frequenti sul noleggio auto San Jose Aeroporto Costa Rica<\/h3>\n<p><img loading=\"lazy\" decoding=\"async\" class=\"alignright\" src=\"\/wp-content\/uploads\/images\/rent_car_736.png\" alt=\"noleggio auto aeroporto san jose costa rica\" width=\"350\" height=\"350\" \/><\/p>\n<p>D: Di quali documenti ho bisogno per noleggiare un'auto in Costa Rica?<br \/>\nR: \u00c8 necessario avere una patente di guida valida del proprio Paese e una carta di credito per il deposito cauzionale. Alcune societ\u00e0 di noleggio potrebbero richiedere anche una patente di guida internazionale.<\/p>\n<p>D: Ci sono limitazioni di et\u00e0 per il noleggio di un'auto?<br \/>\nR: S\u00ec, la maggior parte delle compagnie di autonoleggio richiede che i conducenti abbiano almeno 21 anni. Tuttavia, alcune possono prevedere requisiti di et\u00e0 pi\u00f9 elevati o costi aggiuntivi per i conducenti di et\u00e0 inferiore ai 25 anni.<\/p>\n<p>D: \u00c8 sicuro guidare in Costa Rica?<br \/>\nR: Sebbene la guida in qualsiasi Paese straniero possa intimorire all'inizio, con la prudenza e le tecniche di guida difensiva \u00e8 generalmente sicuro guidare in Costa Rica.<\/p>\n<p>D: Ci sono spese nascoste nel noleggio auto?<br \/>\nR: \u00c8 sempre importante leggere attentamente i termini e le condizioni prima di prenotare un'auto a noleggio. Alcune compagnie possono addebitare costi aggiuntivi per cose come l'assicurazione extra o la riconsegna del veicolo in un luogo diverso da quello in cui \u00e8 stato ritirato.<\/p>\n<p>In conclusione, il noleggio di un'auto all'aeroporto di San Jose in Costa Rica \u00e8 una scelta eccellente per chi vuole sperimentare appieno tutto ci\u00f2 che questo bellissimo Paese ha da offrire. Grazie alla convenienza, all'economicit\u00e0 e alla flessibilit\u00e0, tutte riunite in un unico pacchetto, non c'\u00e8 da stupirsi che molti turisti scelgano questa opzione quando viaggiano in Costa Rica. Quindi perch\u00e9 aspettare? Prenotate oggi stesso la vostra auto a noleggio con l'autonoleggio san jose airport costa rica e preparatevi all'avventura di una vita!<\/p>\n<\/div>","protected":false},"excerpt":{"rendered":"<p>The Convenience of Car Rental San Jose Airport Costa Rica If you&#8217;re planning a trip to the beautiful country of Costa Rica, chances are you&#8217;ll be flying into the capital city of San Jose. As soon as you step off the plane, you&#8217;ll be greeted by the bustling Juan Santamaria International Airport. While there are [&hellip;]<\/p>\n","protected":false},"author":1,"featured_media":2347,"parent":0,"menu_order":0,"comment_status":"closed","ping_status":"closed","template":"","meta":{"rs_blank_template":"","rs_page_bg_color":"","slide_template_v7":"","footnotes":""},"categories":[1],"tags":[],"class_list":["post-7716","page","type-page","status-publish","has-post-thumbnail","hentry","category-blog"],"_links":{"self":[{"href":"https:\/\/rental-car.company\/it\/wp-json\/wp\/v2\/pages\/7716","targetHints":{"allow":["GET"]}}],"collection":[{"href":"https:\/\/rental-car.company\/it\/wp-json\/wp\/v2\/pages"}],"about":[{"href":"https:\/\/rental-car.company\/it\/wp-json\/wp\/v2\/types\/page"}],"author":[{"embeddable":true,"href":"https:\/\/rental-car.company\/it\/wp-json\/wp\/v2\/users\/1"}],"replies":[{"embeddable":true,"href":"https:\/\/rental-car.company\/it\/wp-json\/wp\/v2\/comments?post=7716"}],"version-history":[{"count":0,"href":"https:\/\/rental-car.company\/it\/wp-json\/wp\/v2\/pages\/7716\/revisions"}],"wp:featuredmedia":[{"embeddable":true,"href":"https:\/\/rental-car.company\/it\/wp-json\/wp\/v2\/media\/2347"}],"wp:attachment":[{"href":"https:\/\/rental-car.company\/it\/wp-json\/wp\/v2\/media?parent=7716"}],"wp:term":[{"taxonomy":"category","embeddable":true,"href":"https:\/\/rental-car.company\/it\/wp-json\/wp\/v2\/categories?post=7716"},{"taxonomy":"post_tag","embeddable":true,"href":"https:\/\/rental-car.company\/it\/wp-json\/wp\/v2\/tags?post=7716"}],"curies":[{"name":"wp","href":"https:\/\/api.w.org\/{rel}","templated":true}]}}