{"id":7731,"date":"2024-09-08T09:05:56","date_gmt":"2024-09-08T09:05:56","guid":{"rendered":"https:\/\/rental-car.company\/?page_id=7731"},"modified":"2024-09-08T09:05:56","modified_gmt":"2024-09-08T09:05:56","slug":"impresa-hudson-ohio","status":"publish","type":"page","link":"https:\/\/rental-car.company\/it\/impresa-hudson-ohio\/","title":{"rendered":"Enterprise Hudson Ohio: Un modo conveniente per noleggiare un'auto"},"content":{"rendered":"<div class=\"wpb-content-wrapper\"><h2>Scoprite la facilit\u00e0 di Enterprise Hudson Ohio<\/h2>\n<p>Avete in programma un viaggio a Hudson, Ohio, e avete bisogno di un mezzo di trasporto affidabile? Non cercate oltre Enterprise Hudson Ohio. In qualit\u00e0 di azienda leader nel settore del noleggio auto nella zona, Enterprise offre un'ampia flotta di veicoli a prezzi convenienti. Con pi\u00f9 sedi a Hudson e dintorni, noleggiare un'auto non \u00e8 mai stato cos\u00ec facile.<\/p>\n<div class=\"vc_row wpb_row vc_row-fluid\"><div class=\"wpb_column vc_column_container vc_col-sm-12\"><div class=\"vc_column-inner\"><div class=\"wpb_wrapper\">\n\t<div class=\"wpb_text_column wpb_content_element\" >\n\t\t<div class=\"wpb_wrapper\">\n\t\t\t<p><script id=\"dchwidget\" src=\"https:\/\/www.discovercars.com\/wg.js\" async=\"\" data-dev-env=\"com\" data-location=\"\" data-lang=\"en\" data-utm-source=\"malina\" data-utm-medium=\"widget\" data-aff-code=\"a_aid\" data-autocomplete=\"on\" data-style-submit-bg-color=\"00A200\" data-style-submit-font-color=\"white\" data-style-form-bg-color=\"FAD130\" data-style-form-font-color=\"333\" data-style-submit-text=\"Search now\"><\/script><\/p>\n\n\t\t<\/div>\n\t<\/div>\n<\/div><\/div><\/div><\/div>\n<p>&nbsp;<\/p>\n<h2>Scoprire Enterprise Hudson Ohio<\/h2>\n<p><img loading=\"lazy\" decoding=\"async\" class=\"alignleft\" src=\"\/wp-content\/uploads\/images\/rent_car_1140.png\" alt=\"impresa hudson ohio\" width=\"350\" height=\"350\" \/><\/p>\n<p>Fondata nel 1957, Enterprise \u00e8 cresciuta fino a diventare una delle pi\u00f9 grandi societ\u00e0 di autonoleggio del mondo. Solo a Hudson, in Ohio, ci sono diverse sedi comodamente raggiungibili dai viaggiatori. Che abbiate bisogno di un'auto per lavoro o per piacere, Enterprise vi copre con la sua ampia selezione di veicoli, tra cui berline, SUV, camion e altro ancora.<\/p>\n<p>Una delle caratteristiche principali di Enterprise \u00e8 il suo impegno per un servizio clienti eccezionale. Il suo personale cordiale \u00e8 sempre pronto ad assistervi per qualsiasi domanda o dubbio sulla vostra esperienza di noleggio. Inoltre, grazie al comodo sistema di prenotazione online e all'applicazione mobile, prenotare un'auto non \u00e8 mai stato cos\u00ec facile.<\/p>\n<h3>I vantaggi del noleggio presso Enterprise Hudson Ohio<\/h3>\n<ul>\n<li>Sedi convenienti in tutta Hudson e nelle aree circostanti<\/li>\n<li>Ampia selezione di veicoli a prezzi accessibili<\/li>\n<li>Team di assistenza clienti dedicato disponibile 24 ore su 24, 7 giorni su 7<\/li>\n<li>Sistema di prenotazione online e app mobile di facile utilizzo<\/li>\n<li>Sconti e promozioni frequenti per un maggiore risparmio<\/li>\n<\/ul>\n<h3>Gli svantaggi del noleggio presso Enterprise Hudson Ohio<\/h3>\n<ul>\n<li>Non sono disponibili opzioni per veicoli di lusso o di fascia alta<\/li>\n<li>Gli orari limitati di alcune sedi potrebbero non essere ideali per noleggi a tarda notte o al mattino presto.<\/li>\n<p>    <i>*Nota: gli inconvenienti sopra descritti sono specifici di Enterprise Hudson Ohio e possono variare in altre sedi Enterprise.<\/i>\n<\/ul>\n<h4>Pro e contro<\/h4>\n<p>Pro:<\/p>\n<ul>\n<li>Sedi convenienti in tutta Hudson e nelle aree circostanti<\/li>\n<li>Ampia selezione di veicoli a prezzi accessibili<\/li>\n<li>Team di assistenza clienti dedicato disponibile 24 ore su 24, 7 giorni su 7<\/li>\n<li>Sistema di prenotazione online e app mobile di facile utilizzo<\/li>\n<li>Sconti e promozioni frequenti per un maggiore risparmio<\/li>\n<\/ul>\n<p>Contro:<\/p>\n<ul>\n<li>Non sono disponibili opzioni per veicoli di lusso o di fascia alta<\/li>\n<li>Gli orari limitati di alcune sedi potrebbero non essere ideali per noleggi a tarda notte o al mattino presto.<\/li>\n<h4>Domande frequenti su Enterprise Hudson Ohio <\/h4>\n<p><img loading=\"lazy\" decoding=\"async\" class=\"alignright\" src=\"\/wp-content\/uploads\/images\/rent_car_561.png\" alt=\"impresa hudson ohio\" width=\"350\" height=\"350\" \/><\/p>\n<p>1. Posso noleggiare un'auto da Enterprise senza carta di credito?<\/p>\n<p>S\u00ec, \u00e8 possibile noleggiare un'auto con una carta di debito o in contanti, ma potrebbero esserci ulteriori requisiti e restrizioni.<\/p>\n<p>2. Enterprise offre noleggi di sola andata?<\/p>\n<p>S\u00ec, \u00e8 possibile ritirare l'auto a noleggio in una localit\u00e0 e riconsegnarla in un'altra pagando un supplemento.<\/p>\n<p>3. Qual \u00e8 l'et\u00e0 minima richiesta per noleggiare da Enterprise?<\/p>\n<p>L'et\u00e0 minima per noleggiare un'auto da Enterprise \u00e8 di 21 anni, ma potrebbero esserci costi aggiuntivi per i conducenti di et\u00e0 inferiore ai 25 anni.<\/p>\n<p>4. Enterprise offre una copertura assicurativa per le sue auto a noleggio?<\/p>\n<p>S\u00ec, potete acquistare la copertura assicurativa tramite Enterprise o utilizzare la vostra copertura personale.<\/p>\n<p>5. Posso aggiungere un altro conducente al mio contratto di noleggio?<\/p>\n<p>S\u00ec, \u00e8 possibile aggiungere un altro conducente senza costi aggiuntivi, a condizione che soddisfi gli stessi requisiti del conducente principale.<\/p>\n<p>In conclusione, noleggiare un'auto da enterprise hudson ohio non \u00e8 solo conveniente, ma offre anche un eccellente servizio clienti e prezzi accessibili. Con pi\u00f9 sedi, un'ampia selezione di veicoli e una facile prenotazione online, Enterprise \u00e8 la scelta perfetta per le vostre esigenze di trasporto a Hudson, Ohio. Prenotate oggi stesso il vostro noleggio e provate la facilit\u00e0 di Enterprise Hudson Ohio.<\/p>\n<\/div>","protected":false},"excerpt":{"rendered":"<p>Experience the Ease of Enterprise Hudson Ohio Are you planning a trip to Hudson, Ohio and in need of reliable transportation? Look no further than Enterprise Hudson Ohio. As a leading rental-car.company in the area, Enterprise offers an extensive fleet of vehicles at affordable prices. With multiple locations in and around Hudson, renting a car [&hellip;]<\/p>\n","protected":false},"author":1,"featured_media":4666,"parent":0,"menu_order":0,"comment_status":"closed","ping_status":"closed","template":"","meta":{"rs_blank_template":"","rs_page_bg_color":"","slide_template_v7":"","footnotes":""},"categories":[1],"tags":[],"class_list":["post-7731","page","type-page","status-publish","has-post-thumbnail","hentry","category-blog"],"_links":{"self":[{"href":"https:\/\/rental-car.company\/it\/wp-json\/wp\/v2\/pages\/7731","targetHints":{"allow":["GET"]}}],"collection":[{"href":"https:\/\/rental-car.company\/it\/wp-json\/wp\/v2\/pages"}],"about":[{"href":"https:\/\/rental-car.company\/it\/wp-json\/wp\/v2\/types\/page"}],"author":[{"embeddable":true,"href":"https:\/\/rental-car.company\/it\/wp-json\/wp\/v2\/users\/1"}],"replies":[{"embeddable":true,"href":"https:\/\/rental-car.company\/it\/wp-json\/wp\/v2\/comments?post=7731"}],"version-history":[{"count":0,"href":"https:\/\/rental-car.company\/it\/wp-json\/wp\/v2\/pages\/7731\/revisions"}],"wp:featuredmedia":[{"embeddable":true,"href":"https:\/\/rental-car.company\/it\/wp-json\/wp\/v2\/media\/4666"}],"wp:attachment":[{"href":"https:\/\/rental-car.company\/it\/wp-json\/wp\/v2\/media?parent=7731"}],"wp:term":[{"taxonomy":"category","embeddable":true,"href":"https:\/\/rental-car.company\/it\/wp-json\/wp\/v2\/categories?post=7731"},{"taxonomy":"post_tag","embeddable":true,"href":"https:\/\/rental-car.company\/it\/wp-json\/wp\/v2\/tags?post=7731"}],"curies":[{"name":"wp","href":"https:\/\/api.w.org\/{rel}","templated":true}]}}