{"id":7733,"date":"2024-09-08T09:05:56","date_gmt":"2024-09-08T09:05:56","guid":{"rendered":"https:\/\/rental-car.company\/?page_id=7733"},"modified":"2024-09-08T09:05:56","modified_gmt":"2024-09-08T09:05:56","slug":"noleggio-auto-a-raleigh-nc","status":"publish","type":"page","link":"https:\/\/rental-car.company\/it\/noleggio-auto-a-raleigh-nc\/","title":{"rendered":"Auto a noleggio a Raleigh NC: la vostra guida per esplorare la citt\u00e0 su ruote"},"content":{"rendered":"<div class=\"wpb-content-wrapper\"><p>Raleigh, nella Carolina del Nord, \u00e8 una citt\u00e0 vivace e movimentata, piena di attrazioni emozionanti e di gemme nascoste che aspettano solo di essere scoperte. Che siate in visita per affari o per piacere, avere un mezzo di trasporto affidabile \u00e8 essenziale per sfruttare al meglio il vostro viaggio. E quale modo migliore di esplorare la citt\u00e0 se non con un'auto a noleggio?<\/p>\n<h2>Noleggio auto a Raleigh NC<\/h2>\n<p>Quando si tratta di noleggiare auto a Raleigh NC, ci sono molte opzioni disponibili. Dalle pi\u00f9 note societ\u00e0 di noleggio come Hertz ed Enterprise alle piccole aziende locali, non avrete problemi a trovare il veicolo perfetto per le vostre esigenze.<\/p>\n<p>Una scelta popolare tra i visitatori \u00e8 il noleggio auto Budget. Con diverse sedi sparse in tutta la citt\u00e0, Budget offre tariffe competitive e un'ampia selezione di veicoli tra cui scegliere. Un'altra scelta importante \u00e8 l'autonoleggio Avis, che ha diverse sedi a Raleigh e offre vantaggi come upgrade gratuiti e sconti per chi noleggia spesso.<\/p>\n<p>Per chi cerca opzioni pi\u00f9 economiche, Thrifty Car Rental offre tariffe convenienti senza sacrificare la qualit\u00e0 o il servizio. Se invece preferite un'esperienza pi\u00f9 personalizzata, prendete in considerazione l'idea di noleggiare da una delle tante societ\u00e0 di noleggio locali, come Triangle Rent A Car o Triangle Luxury Limousine.<\/p>\n<div class=\"vc_row wpb_row vc_row-fluid\"><div class=\"wpb_column vc_column_container vc_col-sm-12\"><div class=\"vc_column-inner\"><div class=\"wpb_wrapper\">\n\t<div class=\"wpb_text_column wpb_content_element\" >\n\t\t<div class=\"wpb_wrapper\">\n\t\t\t<p><script id=\"dchwidget\" src=\"https:\/\/www.discovercars.com\/wg.js\" async=\"\" data-dev-env=\"com\" data-location=\"\" data-lang=\"en\" data-utm-source=\"malina\" data-utm-medium=\"widget\" data-aff-code=\"a_aid\" data-autocomplete=\"on\" data-style-submit-bg-color=\"00A200\" data-style-submit-font-color=\"white\" data-style-form-bg-color=\"FAD130\" data-style-form-font-color=\"333\" data-style-submit-text=\"Search now\"><\/script><\/p>\n\n\t\t<\/div>\n\t<\/div>\n<\/div><\/div><\/div><\/div>\n<p>&nbsp;<\/p>\n<h2>Scoprire le auto a noleggio a Raleigh NC<\/h2>\n<p><img loading=\"lazy\" decoding=\"async\" class=\"alignleft\" src=\"\/wp-content\/uploads\/images\/rent_car_1047.png\" alt=\"noleggio auto a raleigh nc\" width=\"350\" height=\"350\" \/><\/p>\n<p>Ora che sapete dove noleggiare la vostra auto, parliamo di alcune destinazioni imperdibili di Raleigh che \u00e8 meglio esplorare in auto.<\/p>\n<h3>Museo di Scienze Naturali della Carolina del Nord<\/h3>\n<p>Questo museo, uno dei pi\u00f9 grandi musei di questo tipo nel sud-est degli Stati Uniti, \u00e8 una visita obbligata per chiunque sia interessato alla scienza e alla natura. Con quattro piani pieni di mostre interattive con animali vivi e attivit\u00e0 pratiche, questo museo vi far\u00e0 sicuramente divertire per ore.<\/p>\n<h3>Parco Pullen<\/h3>\n<p>Questo parco di 66 acri \u00e8 il luogo perfetto per una giornata di relax all'aperto. Con parchi giochi, aree picnic e persino una giostra storica, c'\u00e8 qualcosa per tutti i gusti. Inoltre, il parco \u00e8 situato vicino al centro di Raleigh, il che lo rende una tappa facile per la vostra avventura con l'auto a noleggio.<\/p>\n<h3>Campidoglio della Carolina del Nord<\/h3>\n<p>Fate un passo indietro nel tempo visitando questo iconico edificio, sede del governo della Carolina del Nord dal 1840. Partecipate a una visita guidata per conoscere la storia e l'architettura del Campidoglio o ammirate semplicemente la sua bellezza dall'esterno.<\/p>\n<h4>Pro e contro<\/h4>\n<p>Pro:<br \/>\n- Libert\u00e0 di esplorare al proprio ritmo<br \/>\n- Trasporto comodo da e per le attrazioni<br \/>\n- Pi\u00f9 conveniente che affidarsi ai taxi o ai servizi di ride-sharing<\/p>\n<p>Contro:<br \/>\n- Eventuali costi aggiuntivi per gas e assicurazione<br \/>\n- Il parcheggio pu\u00f2 essere limitato in alcune aree della citt\u00e0<\/p>\n<h4>Domande frequenti<\/h4>\n<p><img loading=\"lazy\" decoding=\"async\" class=\"alignright\" src=\"\/wp-content\/uploads\/images\/rent_car_461.png\" alt=\"noleggio auto a raleigh nc\" width=\"350\" height=\"350\" \/><\/p>\n<p>D: Ho bisogno di un'assicurazione quando noleggio un'auto?<br \/>\nR: \u00c8 consigliabile avere un'assicurazione quando si noleggia un'auto, ma non \u00e8 obbligatoria. Verificate con il vostro assicuratore personale o con la compagnia della carta di credito che potrebbero fornire una copertura per le auto a noleggio.<\/p>\n<p>D: C'\u00e8 un requisito di et\u00e0 per noleggiare un'auto a Raleigh?<br \/>\nR: La maggior parte delle societ\u00e0 di noleggio richiede che i noleggiatori abbiano almeno 21 anni e una patente di guida valida. Tuttavia, alcune possono prevedere requisiti di et\u00e0 pi\u00f9 elevati o costi aggiuntivi per i conducenti di et\u00e0 inferiore ai 25 anni.<\/p>\n<p>D: Posso noleggiare un'auto in contanti invece di usare la carta di credito?<br \/>\nR: Molte societ\u00e0 di noleggio richiedono il pagamento con carta di credito per motivi di sicurezza. Tuttavia, alcune possono accettare pagamenti in contanti con un deposito aggiuntivo.<\/p>\n<p>In conclusione, noleggiare un'auto a Raleigh NC \u00e8 il modo perfetto per vivere appieno tutto ci\u00f2 che questa vivace citt\u00e0 ha da offrire. Con diverse opzioni di noleggio disponibili e infinite destinazioni che aspettano di essere esplorate, avere le proprie ruote render\u00e0 il vostro viaggio ancora pi\u00f9 memorabile. Quindi non esitate, prenotate oggi stesso il vostro noleggio auto a Raleigh NC e preparatevi a partire!<\/p>\n<\/div>","protected":false},"excerpt":{"rendered":"<p>Raleigh, North Carolina is a vibrant and bustling city, filled with exciting attractions and hidden gems waiting to be discovered. Whether you&#8217;re visiting for business or pleasure, having a reliable mode of transportation is essential for making the most out of your trip. And what better way to explore the city than with a rental [&hellip;]<\/p>\n","protected":false},"author":1,"featured_media":6115,"parent":0,"menu_order":0,"comment_status":"closed","ping_status":"closed","template":"","meta":{"rs_blank_template":"","rs_page_bg_color":"","slide_template_v7":"","footnotes":""},"categories":[1],"tags":[],"class_list":["post-7733","page","type-page","status-publish","has-post-thumbnail","hentry","category-blog"],"_links":{"self":[{"href":"https:\/\/rental-car.company\/it\/wp-json\/wp\/v2\/pages\/7733","targetHints":{"allow":["GET"]}}],"collection":[{"href":"https:\/\/rental-car.company\/it\/wp-json\/wp\/v2\/pages"}],"about":[{"href":"https:\/\/rental-car.company\/it\/wp-json\/wp\/v2\/types\/page"}],"author":[{"embeddable":true,"href":"https:\/\/rental-car.company\/it\/wp-json\/wp\/v2\/users\/1"}],"replies":[{"embeddable":true,"href":"https:\/\/rental-car.company\/it\/wp-json\/wp\/v2\/comments?post=7733"}],"version-history":[{"count":0,"href":"https:\/\/rental-car.company\/it\/wp-json\/wp\/v2\/pages\/7733\/revisions"}],"wp:featuredmedia":[{"embeddable":true,"href":"https:\/\/rental-car.company\/it\/wp-json\/wp\/v2\/media\/6115"}],"wp:attachment":[{"href":"https:\/\/rental-car.company\/it\/wp-json\/wp\/v2\/media?parent=7733"}],"wp:term":[{"taxonomy":"category","embeddable":true,"href":"https:\/\/rental-car.company\/it\/wp-json\/wp\/v2\/categories?post=7733"},{"taxonomy":"post_tag","embeddable":true,"href":"https:\/\/rental-car.company\/it\/wp-json\/wp\/v2\/tags?post=7733"}],"curies":[{"name":"wp","href":"https:\/\/api.w.org\/{rel}","templated":true}]}}