{"id":7735,"date":"2024-09-08T10:05:18","date_gmt":"2024-09-08T10:05:18","guid":{"rendered":"https:\/\/rental-car.company\/?page_id=7735"},"modified":"2024-09-08T10:05:18","modified_gmt":"2024-09-08T10:05:18","slug":"noleggio-auto-vancouver","status":"publish","type":"page","link":"https:\/\/rental-car.company\/it\/noleggio-auto-vancouver\/","title":{"rendered":"Noleggio auto Vancouver - La guida definitiva per esplorare la citt\u00e0"},"content":{"rendered":"<div class=\"wpb-content-wrapper\"><h2>Dove noleggiare un'auto a Vancouver - La vostra guida per le opzioni pi\u00f9 convenienti e comode<\/h2>\n<p>Se state programmando un viaggio a Vancouver, una delle pi\u00f9 belle citt\u00e0 del Canada, vi starete chiedendo quale sia il modo migliore per spostarvi. Sebbene i mezzi pubblici siano sempre un'opzione, noleggiare un'auto pu\u00f2 darvi maggiore libert\u00e0 e flessibilit\u00e0 per esplorare tutto ci\u00f2 che Vancouver ha da offrire. In questa guida vi spiegheremo tutto quello che c'\u00e8 da sapere sul noleggio di un'auto a Vancouver.<\/p>\n<div class=\"vc_row wpb_row vc_row-fluid\"><div class=\"wpb_column vc_column_container vc_col-sm-12\"><div class=\"vc_column-inner\"><div class=\"wpb_wrapper\">\n\t<div class=\"wpb_text_column wpb_content_element\" >\n\t\t<div class=\"wpb_wrapper\">\n\t\t\t<p><script id=\"dchwidget\" src=\"https:\/\/www.discovercars.com\/wg.js\" async=\"\" data-dev-env=\"com\" data-location=\"\" data-lang=\"en\" data-utm-source=\"malina\" data-utm-medium=\"widget\" data-aff-code=\"a_aid\" data-autocomplete=\"on\" data-style-submit-bg-color=\"00A200\" data-style-submit-font-color=\"white\" data-style-form-bg-color=\"FAD130\" data-style-form-font-color=\"333\" data-style-submit-text=\"Search now\"><\/script><\/p>\n\n\t\t<\/div>\n\t<\/div>\n<\/div><\/div><\/div><\/div>\n<p>&nbsp;<\/p>\n<h2>Scoprire l'autonoleggio Vancouver<\/h2>\n<p><img loading=\"lazy\" decoding=\"async\" class=\"alignleft\" src=\"\/wp-content\/uploads\/images\/rent_car_722.png\" alt=\"noleggio auto vancouver\" width=\"350\" height=\"350\" \/><\/p>\n<p>Vancouver \u00e8 nota per le sue straordinarie bellezze naturali, la sua cultura variegata e la vivace vita cittadina. Con cos\u00ec tante cose da vedere e da fare in questa vivace citt\u00e0, avere un mezzo di trasporto proprio pu\u00f2 fare la differenza nella vostra esperienza. Con le opzioni di autonoleggio a Vancouver disponibili in ogni angolo, \u00e8 facile trovare il noleggio pi\u00f9 adatto alle proprie esigenze.<\/p>\n<p>Che siate alla ricerca di un'auto compatta per girare in centro o di un SUV per esplorare le montagne e i parchi vicini, a Vancouver ci sono molte compagnie di noleggio auto che offrono un'ampia gamma di veicoli a prezzi competitivi. Tra le opzioni pi\u00f9 popolari ci sono Avis, Budget, Enterprise, Hertz e National.<\/p>\n<h3>Noleggio auto Vancouver - Pro<\/h3>\n<p>- Flessibilit\u00e0: avere un'auto a noleggio vi d\u00e0 la libert\u00e0 di esplorare secondo i vostri ritmi e i vostri programmi.<br \/>\n- Convenienza: Con un'auto a noleggio a vostra disposizione, non dovrete affidarvi ai mezzi pubblici o a costosi servizi di taxi.<br \/>\n- Accesso a zone remote: Un'auto a noleggio vi permette di accedere facilmente a zone fuori dal centro citt\u00e0 che potrebbero non essere facilmente raggiungibili con i mezzi pubblici.<br \/>\n- Comfort: Avere un veicolo proprio significa poter viaggiare comodamente con tutti i propri effetti personali senza preoccuparsi dei limiti di spazio.<\/p>\n<h3>Noleggio auto Vancouver - Contro<\/h3>\n<p>- Traffico: Vancouver \u00e8 una citt\u00e0 molto trafficata, quindi potreste incontrare un po' di traffico nelle ore di punta.<br \/>\n- Parcheggio: Trovare parcheggio pu\u00f2 essere difficile e costoso in alcune zone della citt\u00e0.<br \/>\n- Costi aggiuntivi: Alcune societ\u00e0 di noleggio possono addebitare costi aggiuntivi per elementi come il GPS, i seggiolini auto e i conducenti aggiuntivi.<\/p>\n<h4>FAQ<\/h4>\n<p><img loading=\"lazy\" decoding=\"async\" class=\"alignright\" src=\"\/wp-content\/uploads\/images\/rent_car_117.png\" alt=\"noleggio auto vancouver\" width=\"350\" height=\"350\" \/><\/p>\n<p>D: Di cosa ho bisogno per noleggiare un'auto a Vancouver?<br \/>\nR: Per noleggiare un'auto a Vancouver \u00e8 necessario avere una patente di guida valida, una carta di credito e una prova di assicurazione.<\/p>\n<p>D: Quanti anni devo avere per noleggiare un'auto a Vancouver?<br \/>\nR: L'et\u00e0 minima richiesta per noleggiare un'auto a Vancouver \u00e8 di 21 anni. Tuttavia, alcune societ\u00e0 di noleggio possono prevedere limiti di et\u00e0 pi\u00f9 elevati o richiedere un supplemento per i conducenti di et\u00e0 inferiore ai 25 anni.<\/p>\n<p>D: \u00c8 necessario acquistare un'assicurazione dalla societ\u00e0 di noleggio?<br \/>\nR: Si consiglia di acquistare l'assicurazione presso la societ\u00e0 di noleggio, poich\u00e9 la maggior parte delle polizze auto personali non copre le auto a noleggio. Tuttavia, se si dispone di una copertura tramite carta di credito o assicurazione di viaggio, potrebbe non essere necessario acquistare una copertura aggiuntiva.<\/p>\n<p>D: Posso portare la mia auto a noleggio fuori da Vancouver?<br \/>\nR: S\u00ec, la maggior parte delle societ\u00e0 di noleggio consente di guidare le auto fuori citt\u00e0. Tuttavia, \u00e8 sempre meglio verificare in anticipo con la societ\u00e0 e assicurarsi di essere coperti dalla loro assicurazione per eventuali incidenti o danni.<\/p>\n<p>In conclusione, noleggiare un'auto a Vancouver pu\u00f2 migliorare la vostra esperienza e rendervi pi\u00f9 facile esplorare tutto ci\u00f2 che questa splendida citt\u00e0 ha da offrire. Grazie alle numerose opzioni disponibili a prezzi accessibili, non c'\u00e8 motivo di non prendere in considerazione il noleggio di un'auto durante la vostra visita. Ricordate solo di pianificare in anticipo e di fare ricerche su diverse compagnie per trovare le migliori offerte e le opzioni pi\u00f9 adatte alle vostre esigenze. Buon viaggio!<\/p>\n<\/div>","protected":false},"excerpt":{"rendered":"<p>Where to Rent Car Vancouver &#8211; Your Go-To Guide for Affordable and Convenient Options If you&#8217;re planning a trip to Vancouver, one of the most beautiful cities in Canada, you may be wondering about the best way to get around. While public transportation is always an option, renting a car can give you more freedom [&hellip;]<\/p>\n","protected":false},"author":1,"featured_media":4385,"parent":0,"menu_order":0,"comment_status":"closed","ping_status":"closed","template":"","meta":{"rs_blank_template":"","rs_page_bg_color":"","slide_template_v7":"","footnotes":""},"categories":[1],"tags":[],"class_list":["post-7735","page","type-page","status-publish","has-post-thumbnail","hentry","category-blog"],"_links":{"self":[{"href":"https:\/\/rental-car.company\/it\/wp-json\/wp\/v2\/pages\/7735","targetHints":{"allow":["GET"]}}],"collection":[{"href":"https:\/\/rental-car.company\/it\/wp-json\/wp\/v2\/pages"}],"about":[{"href":"https:\/\/rental-car.company\/it\/wp-json\/wp\/v2\/types\/page"}],"author":[{"embeddable":true,"href":"https:\/\/rental-car.company\/it\/wp-json\/wp\/v2\/users\/1"}],"replies":[{"embeddable":true,"href":"https:\/\/rental-car.company\/it\/wp-json\/wp\/v2\/comments?post=7735"}],"version-history":[{"count":0,"href":"https:\/\/rental-car.company\/it\/wp-json\/wp\/v2\/pages\/7735\/revisions"}],"wp:featuredmedia":[{"embeddable":true,"href":"https:\/\/rental-car.company\/it\/wp-json\/wp\/v2\/media\/4385"}],"wp:attachment":[{"href":"https:\/\/rental-car.company\/it\/wp-json\/wp\/v2\/media?parent=7735"}],"wp:term":[{"taxonomy":"category","embeddable":true,"href":"https:\/\/rental-car.company\/it\/wp-json\/wp\/v2\/categories?post=7735"},{"taxonomy":"post_tag","embeddable":true,"href":"https:\/\/rental-car.company\/it\/wp-json\/wp\/v2\/tags?post=7735"}],"curies":[{"name":"wp","href":"https:\/\/api.w.org\/{rel}","templated":true}]}}