{"id":7737,"date":"2024-09-08T10:05:19","date_gmt":"2024-09-08T10:05:19","guid":{"rendered":"https:\/\/rental-car.company\/?page_id=7737"},"modified":"2024-09-08T10:05:19","modified_gmt":"2024-09-08T10:05:19","slug":"noleggiare-unauto-a-londra","status":"publish","type":"page","link":"https:\/\/rental-car.company\/it\/noleggiare-unauto-a-londra\/","title":{"rendered":"Noleggiare un'auto a Londra: la guida definitiva"},"content":{"rendered":"<div class=\"wpb-content-wrapper\"><h2>Perch\u00e9 scegliere il noleggio di un'auto a Londra?<\/h2>\n<p>Se state programmando un viaggio a Londra, una delle citt\u00e0 pi\u00f9 importanti del mondo, dovete assicurarvi di avere un mezzo di trasporto affidabile. Anche se i mezzi pubblici sono facilmente disponibili, non c'\u00e8 modo migliore di esplorare tutto ci\u00f2 che questa vivace citt\u00e0 ha da offrire che noleggiare un'auto. Non solo vi dar\u00e0 la libert\u00e0 di creare il vostro itinerario, ma vi far\u00e0 anche risparmiare tempo e fatica quando vi muoverete per le strade trafficate di Londra.<\/p>\n<div class=\"vc_row wpb_row vc_row-fluid\"><div class=\"wpb_column vc_column_container vc_col-sm-12\"><div class=\"vc_column-inner\"><div class=\"wpb_wrapper\">\n\t<div class=\"wpb_text_column wpb_content_element\" >\n\t\t<div class=\"wpb_wrapper\">\n\t\t\t<p><script id=\"dchwidget\" src=\"https:\/\/www.discovercars.com\/wg.js\" async=\"\" data-dev-env=\"com\" data-location=\"\" data-lang=\"en\" data-utm-source=\"malina\" data-utm-medium=\"widget\" data-aff-code=\"a_aid\" data-autocomplete=\"on\" data-style-submit-bg-color=\"00A200\" data-style-submit-font-color=\"white\" data-style-form-bg-color=\"FAD130\" data-style-form-font-color=\"333\" data-style-submit-text=\"Search now\"><\/script><\/p>\n\n\t\t<\/div>\n\t<\/div>\n<\/div><\/div><\/div><\/div>\n<p>&nbsp;<\/p>\n<h2>Scoprire il noleggio di un'auto a Londra<\/h2>\n<p><img loading=\"lazy\" decoding=\"async\" class=\"alignleft\" src=\"\/wp-content\/uploads\/images\/rent_car_1386.png\" alt=\"noleggiare un&#039;auto a londra\" width=\"350\" height=\"350\" \/><\/p>\n<p>Noleggiare un'auto a Londra \u00e8 una scelta popolare sia per i turisti che per gli abitanti del luogo. Grazie alle numerose societ\u00e0 di autonoleggio sparse per la citt\u00e0, trovare un veicolo adatto \u00e8 facile e conveniente. Che abbiate bisogno di un'auto compatta per girare in citt\u00e0 o di un SUV per esplorare fuori citt\u00e0, c'\u00e8 qualcosa per ogni esigenza e per ogni budget.<\/p>\n<h3>Tipi di auto a noleggio disponibili<\/h3>\n<p>Dalle auto economiche ai veicoli di lusso, rental-car.company offre un'ampia gamma di opzioni per la vostra comodit\u00e0. Potete scegliere tra marchi affidabili come Hertz, Enterprise, Budget o Avis. Inoltre, esistono societ\u00e0 di noleggio specializzate che offrono veicoli unici come auto d'epoca o auto sportive di alta gamma.<\/p>\n<h3>Il processo di noleggio di un'auto<\/h3>\n<p>Il processo di noleggio di un'auto a Londra \u00e8 abbastanza semplice. \u00c8 possibile prenotare online tramite rental-car.company o recarsi in una delle sedi fisiche della citt\u00e0. \u00c8 necessario fornire la patente di guida e la carta di credito a scopo di verifica. \u00c8 importante notare che la maggior parte delle societ\u00e0 di autonoleggio richiede che i conducenti abbiano almeno 21 anni, mentre alcune societ\u00e0 hanno limitazioni di et\u00e0 fino a 25 anni.<\/p>\n<h4>Pro:<\/h4>\n<ul>\n<li>Modalit\u00e0 di trasporto comoda e flessibile<\/li>\n<li>Ampia gamma di opzioni di veicoli disponibili<\/li>\n<li>Facile processo di prenotazione<\/li>\n<li>Libert\u00e0 di creare il proprio itinerario<\/li>\n<\/ul>\n<h4>Contro:<\/h4>\n<ul>\n<li>La congestione del traffico in citt\u00e0 pu\u00f2 essere una sfida per chi si avvicina per la prima volta a Londra.<\/li>\n<li>Il parcheggio pu\u00f2 essere costoso e difficile da trovare in alcune zone della citt\u00e0<\/li>\n<li>Possono essere applicati costi aggiuntivi per i conducenti giovani o inesperti.<\/li>\n<\/ul>\n<h4>Domande frequenti:<\/h4>\n<p><img loading=\"lazy\" decoding=\"async\" class=\"alignright\" src=\"\/wp-content\/uploads\/images\/rent_car_438.png\" alt=\"noleggiare un&#039;auto a londra\" width=\"350\" height=\"350\" \/><\/p>\n<h5>D: Ho bisogno di una patente internazionale per noleggiare un'auto a Londra?<\/h5>\n<p>R: No, purch\u00e9 abbiate una patente di guida valida del vostro Paese, potete noleggiare un'auto a Londra.<\/p>\n<h5>D: \u00c8 pi\u00f9 conveniente noleggiare un'auto per periodi pi\u00f9 lunghi?<\/h5>\n<p>R: S\u00ec, rental-car.company offre sconti per periodi di noleggio pi\u00f9 lunghi. \u00c8 sempre meglio controllare il loro sito web o informarsi direttamente presso la societ\u00e0 per conoscere le tariffe specifiche.<\/p>\n<h5>D: Posso guidare la mia auto a noleggio fuori Londra?<\/h5>\n<p>R: S\u00ec, la maggior parte delle societ\u00e0 di noleggio consente di guidare all'interno del Regno Unito. Tuttavia, \u00e8 importante confermarlo in anticipo con la societ\u00e0 scelta, poich\u00e9 potrebbero essere applicate alcune restrizioni.<\/p>\n<h2>In conclusione,<\/h2>\n<p>Noleggiare un'auto a Londra \u00e8 una scelta eccellente per chi desidera esplorare questa vivace citt\u00e0 al proprio ritmo. Grazie ai vari tipi di veicoli disponibili e alla facilit\u00e0 di prenotazione, offre una comodit\u00e0 e una flessibilit\u00e0 che il trasporto pubblico non pu\u00f2 eguagliare. Assicuratevi solo di pianificare in anticipo e di considerare ogni potenziale problema, come la congestione del traffico e le tariffe dei parcheggi. Con tutte queste informazioni a portata di mano, siete pronti a mettervi in viaggio e a trarre il massimo dal vostro viaggio a Londra.<\/p>\n<\/div>","protected":false},"excerpt":{"rendered":"<p>Why Choose Renting a Car in London? If you&#8217;re planning a trip to London, one of the top cities in the world, you&#8217;ll want to make sure you have reliable transportation. While public transportation is readily available, there&#8217;s no better way to explore all that this vibrant city has to offer than by renting a [&hellip;]<\/p>\n","protected":false},"author":1,"featured_media":7739,"parent":0,"menu_order":0,"comment_status":"closed","ping_status":"closed","template":"","meta":{"rs_blank_template":"","rs_page_bg_color":"","slide_template_v7":"","footnotes":""},"categories":[1],"tags":[],"class_list":["post-7737","page","type-page","status-publish","has-post-thumbnail","hentry","category-blog"],"_links":{"self":[{"href":"https:\/\/rental-car.company\/it\/wp-json\/wp\/v2\/pages\/7737","targetHints":{"allow":["GET"]}}],"collection":[{"href":"https:\/\/rental-car.company\/it\/wp-json\/wp\/v2\/pages"}],"about":[{"href":"https:\/\/rental-car.company\/it\/wp-json\/wp\/v2\/types\/page"}],"author":[{"embeddable":true,"href":"https:\/\/rental-car.company\/it\/wp-json\/wp\/v2\/users\/1"}],"replies":[{"embeddable":true,"href":"https:\/\/rental-car.company\/it\/wp-json\/wp\/v2\/comments?post=7737"}],"version-history":[{"count":0,"href":"https:\/\/rental-car.company\/it\/wp-json\/wp\/v2\/pages\/7737\/revisions"}],"wp:featuredmedia":[{"embeddable":true,"href":"https:\/\/rental-car.company\/it\/wp-json\/wp\/v2\/media\/7739"}],"wp:attachment":[{"href":"https:\/\/rental-car.company\/it\/wp-json\/wp\/v2\/media?parent=7737"}],"wp:term":[{"taxonomy":"category","embeddable":true,"href":"https:\/\/rental-car.company\/it\/wp-json\/wp\/v2\/categories?post=7737"},{"taxonomy":"post_tag","embeddable":true,"href":"https:\/\/rental-car.company\/it\/wp-json\/wp\/v2\/tags?post=7737"}],"curies":[{"name":"wp","href":"https:\/\/api.w.org\/{rel}","templated":true}]}}