{"id":7746,"date":"2024-09-08T12:08:25","date_gmt":"2024-09-08T12:08:25","guid":{"rendered":"https:\/\/rental-car.company\/?page_id=7746"},"modified":"2024-09-08T12:08:25","modified_gmt":"2024-09-08T12:08:25","slug":"richmond-noleggio-auto","status":"publish","type":"page","link":"https:\/\/rental-car.company\/it\/richmond-noleggio-auto\/","title":{"rendered":"Auto a noleggio a Richmond - Esplorate la capitale con facilit\u00e0"},"content":{"rendered":"<div class=\"wpb-content-wrapper\"><h2>La convenienza delle auto a noleggio di Richmond<\/h2>\n<p>Avete in programma un viaggio a Richmond, la capitale della Virginia? Con la sua ricca storia e l'affascinante fascino del Sud, Richmond \u00e8 una destinazione popolare sia per i turisti che per i viaggiatori d'affari. Uno dei modi migliori per esplorare questa vivace citt\u00e0 \u00e8 noleggiare un'auto presso una delle numerose societ\u00e0 di autonoleggio della zona. In questo articolo parleremo dei vantaggi e della convenienza di utilizzare le auto a noleggio di Richmond per il vostro prossimo viaggio.<\/p>\n<h3>Luoghi convenienti<\/h3>\n<p>Uno dei principali vantaggi di noleggiare un'auto a Richmond \u00e8 la comodit\u00e0 delle loro sedi. \u00c8 facile trovare societ\u00e0 di autonoleggio presso i principali snodi di trasporto, come l'aeroporto internazionale di Richmond e la stazione ferroviaria di Main Street. Questo vi permette di ritirare l'auto a noleggio non appena arrivate a Richmond, senza dover aspettare i mezzi pubblici o pagare costose corse in taxi.<\/p>\n<h3>Esplorate al vostro ritmo<\/h3>\n<p>Con un'auto a noleggio a vostra disposizione, avrete la libert\u00e0 di esplorare Richmond al vostro ritmo. Sia che vogliate visitare siti storici come Monument Avenue o fare un giro panoramico lungo il James River, avere un'auto a noleggio vi permette di controllare meglio il vostro itinerario. Non dovrete preoccuparvi di rispettare i rigidi orari dei mezzi pubblici o di perdere attrazioni imperdibili a causa di percorsi limitati.<\/p>\n<h3>Opzioni convenienti<\/h3>\n<p>Contrariamente a quanto si pensa, noleggiare un'auto a Richmond pu\u00f2 essere un'opzione conveniente rispetto ad altre forme di trasporto. Con vari tipi e dimensioni di auto disponibili, \u00e8 possibile sceglierne una che si adatti al proprio budget e alle proprie esigenze. Inoltre, molte societ\u00e0 di autonoleggio offrono sconti e promozioni che possono ridurre ulteriormente i costi.<\/p>\n<h4>Pro:<\/h4>\n<ul>\n<li>Sedi convenienti in tutta Richmond.<\/li>\n<li>Libert\u00e0 di esplorare al proprio ritmo.<\/li>\n<li>Opzioni convenienti per diversi budget.<\/li>\n<\/ul>\n<h4>Contro:<\/h4>\n<p><img loading=\"lazy\" decoding=\"async\" class=\"alignright\" src=\"\/wp-content\/uploads\/images\/rent_car_344.png\" alt=\"richmond noleggio auto\" width=\"350\" height=\"350\" \/><\/p>\n<ul>\n<li>Potrebbero essere applicati costi aggiuntivi come il gas e l'assicurazione.<\/li>\n<li>Il parcheggio nel centro di Richmond pu\u00f2 essere limitato e costoso.<\/li>\n<\/ul>\n<div class=\"vc_row wpb_row vc_row-fluid\"><div class=\"wpb_column vc_column_container vc_col-sm-12\"><div class=\"vc_column-inner\"><div class=\"wpb_wrapper\">\n\t<div class=\"wpb_text_column wpb_content_element\" >\n\t\t<div class=\"wpb_wrapper\">\n\t\t\t<p><script id=\"dchwidget\" src=\"https:\/\/www.discovercars.com\/wg.js\" async=\"\" data-dev-env=\"com\" data-location=\"\" data-lang=\"en\" data-utm-source=\"malina\" data-utm-medium=\"widget\" data-aff-code=\"a_aid\" data-autocomplete=\"on\" data-style-submit-bg-color=\"00A200\" data-style-submit-font-color=\"white\" data-style-form-bg-color=\"FAD130\" data-style-form-font-color=\"333\" data-style-submit-text=\"Search now\"><\/script><\/p>\n\n\t\t<\/div>\n\t<\/div>\n<\/div><\/div><\/div><\/div>\n<p>&nbsp;<\/p>\n<h2>Domande frequenti sulle auto a noleggio a Richmond<\/h2>\n<p><img loading=\"lazy\" decoding=\"async\" class=\"alignleft\" src=\"\/wp-content\/uploads\/images\/rent_car_814.png\" alt=\"richmond noleggio auto\" width=\"350\" height=\"350\" \/><\/p>\n<h3>D: Ho bisogno di una carta di credito per noleggiare un'auto a Richmond?<\/h3>\n<p>R: La maggior parte delle societ\u00e0 di autonoleggio richiede una carta di credito per motivi di pagamento e sicurezza. Tuttavia, alcune possono accettare contanti o carte di debito con alcune restrizioni.<\/p>\n<h3>D: Ci sono restrizioni di et\u00e0 per noleggiare un'auto a Richmond?<\/h3>\n<p>R: S\u00ec, la maggior parte delle compagnie di autonoleggio richiede che i conducenti abbiano almeno 21 anni. I conducenti di et\u00e0 inferiore ai 25 anni potrebbero dover pagare un supplemento.<\/p>\n<h3>D: Posso aggiungere un conducente aggiuntivo alla mia auto a noleggio?<\/h3>\n<p>R: S\u00ec, \u00e8 possibile aggiungere un conducente supplementare a pagamento. Assicuratevi di informare preventivamente la societ\u00e0 di noleggio e di avere a portata di mano la patente e i dati del conducente aggiuntivo.<\/p>\n<p>In conclusione, noleggiare un'auto a Richmond \u00e8 un modo eccellente per trarre il massimo dal proprio viaggio. Grazie ai luoghi comodi, alla libert\u00e0 di esplorare al proprio ritmo e alle opzioni convenienti, non c'\u00e8 da stupirsi che molti visitatori scelgano questo mezzo di trasporto. Quindi, la prossima volta che programmate un viaggio a Richmond, prendete in considerazione l'idea di noleggiare un'auto presso una delle rinomate sedi di rental-car.company per un'esperienza senza problemi.<\/p>\n<\/div>","protected":false},"excerpt":{"rendered":"<p>The Convenience of Richmond Rental Cars Are you planning a trip to Richmond, the capital city of Virginia? With its rich history and charming Southern charm, Richmond is a popular destination for tourists and business travelers alike. One of the best ways to explore this vibrant city is by renting a car from one of [&hellip;]<\/p>\n","protected":false},"author":1,"featured_media":3996,"parent":0,"menu_order":0,"comment_status":"closed","ping_status":"closed","template":"","meta":{"rs_blank_template":"","rs_page_bg_color":"","slide_template_v7":"","footnotes":""},"categories":[1],"tags":[],"class_list":["post-7746","page","type-page","status-publish","has-post-thumbnail","hentry","category-blog"],"_links":{"self":[{"href":"https:\/\/rental-car.company\/it\/wp-json\/wp\/v2\/pages\/7746","targetHints":{"allow":["GET"]}}],"collection":[{"href":"https:\/\/rental-car.company\/it\/wp-json\/wp\/v2\/pages"}],"about":[{"href":"https:\/\/rental-car.company\/it\/wp-json\/wp\/v2\/types\/page"}],"author":[{"embeddable":true,"href":"https:\/\/rental-car.company\/it\/wp-json\/wp\/v2\/users\/1"}],"replies":[{"embeddable":true,"href":"https:\/\/rental-car.company\/it\/wp-json\/wp\/v2\/comments?post=7746"}],"version-history":[{"count":0,"href":"https:\/\/rental-car.company\/it\/wp-json\/wp\/v2\/pages\/7746\/revisions"}],"wp:featuredmedia":[{"embeddable":true,"href":"https:\/\/rental-car.company\/it\/wp-json\/wp\/v2\/media\/3996"}],"wp:attachment":[{"href":"https:\/\/rental-car.company\/it\/wp-json\/wp\/v2\/media?parent=7746"}],"wp:term":[{"taxonomy":"category","embeddable":true,"href":"https:\/\/rental-car.company\/it\/wp-json\/wp\/v2\/categories?post=7746"},{"taxonomy":"post_tag","embeddable":true,"href":"https:\/\/rental-car.company\/it\/wp-json\/wp\/v2\/tags?post=7746"}],"curies":[{"name":"wp","href":"https:\/\/api.w.org\/{rel}","templated":true}]}}