{"id":7757,"date":"2024-09-08T15:06:31","date_gmt":"2024-09-08T15:06:31","guid":{"rendered":"https:\/\/rental-car.company\/?page_id=7757"},"modified":"2024-09-08T15:06:31","modified_gmt":"2024-09-08T15:06:31","slug":"prezzo-di-noleggio-della-corvette","status":"publish","type":"page","link":"https:\/\/rental-car.company\/it\/prezzo-di-noleggio-della-corvette\/","title":{"rendered":"Prezzo di noleggio della Corvette - Una guida completa"},"content":{"rendered":"<div class=\"wpb-content-wrapper\"><h2>Prezzo del noleggio di una Corvette: tutto quello che c'\u00e8 da sapere<\/h2>\n<p>Sognate di percorrere l'autostrada a bordo di una Corvette elegante e potente? Non siete i soli. L'iconica auto sportiva americana \u00e8 stata per decenni un simbolo di velocit\u00e0, stile e lusso. Sebbene possedere una Corvette non sia alla portata di tutti, noleggiarne una per un giorno o una settimana \u00e8 un sogno realizzabile. Ma prima di iniziare a pianificare il vostro ultimo giro in auto, diamo un'occhiata pi\u00f9 da vicino al prezzo di noleggio della Corvette e a tutto ci\u00f2 che c'\u00e8 da sapere su questa emozionante esperienza.<\/p>\n<div class=\"vc_row wpb_row vc_row-fluid\"><div class=\"wpb_column vc_column_container vc_col-sm-12\"><div class=\"vc_column-inner\"><div class=\"wpb_wrapper\">\n\t<div class=\"wpb_text_column wpb_content_element\" >\n\t\t<div class=\"wpb_wrapper\">\n\t\t\t<p><script id=\"dchwidget\" src=\"https:\/\/www.discovercars.com\/wg.js\" async=\"\" data-dev-env=\"com\" data-location=\"\" data-lang=\"en\" data-utm-source=\"malina\" data-utm-medium=\"widget\" data-aff-code=\"a_aid\" data-autocomplete=\"on\" data-style-submit-bg-color=\"00A200\" data-style-submit-font-color=\"white\" data-style-form-bg-color=\"FAD130\" data-style-form-font-color=\"333\" data-style-submit-text=\"Search now\"><\/script><\/p>\n\n\t\t<\/div>\n\t<\/div>\n<\/div><\/div><\/div><\/div>\n<p>&nbsp;<\/p>\n<h2>Scopri il prezzo di noleggio della Corvette<\/h2>\n<p><img loading=\"lazy\" decoding=\"async\" class=\"alignleft\" src=\"\/wp-content\/uploads\/images\/rent_car_435.png\" alt=\"prezzo di noleggio della corvette\" width=\"350\" height=\"350\" \/><\/p>\n<p>Quanto costa noleggiare una Corvette? La risposta pu\u00f2 variare a seconda di diversi fattori, come la localit\u00e0, la durata del noleggio e il modello specifico di Corvette scelto. In media, per il noleggio di una Corvette standard si pu\u00f2 pagare da $150 a $500 al giorno. Tuttavia, tenete presente che alcuni modelli di fascia alta, come la Z06 o la ZR1, possono costare fino a $1000 al giorno.<\/p>\n<p>Ma perch\u00e9 c'\u00e8 una cos\u00ec ampia gamma di prezzi di noleggio delle Corvette? Tutto dipende dalla domanda e dall'offerta. Nelle destinazioni turistiche pi\u00f9 popolari o durante le stagioni di punta, il noleggio di Corvette pu\u00f2 essere molto richiesto e quindi pi\u00f9 costoso. Inoltre, alcuni modelli con maggiore potenza o caratteristiche speciali hanno un prezzo pi\u00f9 alto.<\/p>\n<p>Se siete alla ricerca di opzioni pi\u00f9 convenienti per quanto riguarda i prezzi di noleggio della Corvette, prendete in considerazione l'idea di noleggiare durante i periodi di bassa stagione o di prenotare con largo anticipo. Alcune societ\u00e0 di noleggio offrono anche sconti per noleggi pi\u00f9 lunghi o per prenotazioni infrasettimanali.<\/p>\n<h3>I vantaggi del noleggio di una Corvette<\/h3>\n<p>- Provate l'esperienza di guidare un'auto sportiva iconica senza impegnarvi a possederla<br \/>\n- Prestazioni entusiasmanti con motori potenti e design elegante<br \/>\n- Ampia gamma di modelli disponibili con caratteristiche e prezzi diversi<br \/>\n- Facile processo di prenotazione attraverso le societ\u00e0 di autonoleggio<\/p>\n<h3>I contro del noleggio di una Corvette<\/h3>\n<p>- Prezzi di noleggio elevati, soprattutto per i modelli di fascia alta<br \/>\n- Le spese aggiuntive e i costi assicurativi possono aumentare rapidamente<br \/>\n- Disponibilit\u00e0 limitata in alcune localit\u00e0<br \/>\n- Spazio limitato per i bagagli e non pratico per i lunghi viaggi su strada<\/p>\n<h4>FAQ - Domande frequenti<\/h4>\n<p><b>D: Qual \u00e8 l'et\u00e0 minima per noleggiare una Corvette?<\/b><br \/>\nR: L'et\u00e0 minima richiesta varia a seconda della societ\u00e0 di noleggio, ma in genere \u00e8 compresa tra i 25 e i 30 anni. Alcune societ\u00e0 possono anche richiedere una fedina penale pulita e una carta di credito per il deposito cauzionale.<\/p>\n<p><b>D: L'assicurazione \u00e8 inclusa nel prezzo di noleggio della corvette?<\/b><br \/>\nR: No, di solito l'assicurazione non \u00e8 inclusa nel prezzo del noleggio. Si consiglia di acquistare una copertura aggiuntiva presso la societ\u00e0 di noleggio o di verificare con il proprio assicuratore personale.<\/p>\n<p><b>D: Posso noleggiare una Corvette per un viaggio di sola andata?<\/b><br \/>\nR: S\u00ec, alcune societ\u00e0 di noleggio offrono noleggi di sola andata. Tuttavia, potrebbero essere applicati costi aggiuntivi.<\/p>\n<p><b>D: Ho bisogno di qualche licenza o formazione speciale per guidare una Corvette?<\/b><br \/>\nR: No, se siete in possesso di una patente di guida valida potete noleggiare e guidare una Corvette. Tuttavia, \u00e8 sempre importante familiarizzare con il modello specifico prima di mettersi in viaggio.<\/p>\n<h4>In conclusione<\/h4>\n<p><img loading=\"lazy\" decoding=\"async\" class=\"alignright\" src=\"\/wp-content\/uploads\/images\/rent_car_1133.png\" alt=\"prezzo di noleggio della corvette\" width=\"350\" height=\"350\" \/><\/p>\n<p>Noleggiare una Corvette pu\u00f2 essere un'esperienza esaltante che permette di sentirsi un high roller per un giorno. Anche se i prezzi del noleggio di una Corvette possono sembrare elevati a prima vista, \u00e8 importante considerare tutti i fattori che concorrono a determinare tali prezzi. Con un'attenta pianificazione e ricerca, \u00e8 possibile realizzare il sogno di guidare questa iconica auto sportiva senza spendere troppo. Quindi perch\u00e9 aspettare? Prenotate oggi stesso il noleggio della vostra Corvette tramite Rental-Car.Company e preparatevi a fare il giro della vostra vita.<\/p>\n<\/div>","protected":false},"excerpt":{"rendered":"<p>Corvette Rental Price &#8211; Everything You Need to Know Are you dreaming of cruising down the highway in a sleek and powerful Corvette? You&#8217;re not alone. The iconic American sports car has been a symbol of speed, style, and luxury for decades. And while owning a Corvette may not be in everyone&#8217;s budget, renting one [&hellip;]<\/p>\n","protected":false},"author":1,"featured_media":2947,"parent":0,"menu_order":0,"comment_status":"closed","ping_status":"closed","template":"","meta":{"rs_blank_template":"","rs_page_bg_color":"","slide_template_v7":"","footnotes":""},"categories":[1],"tags":[],"class_list":["post-7757","page","type-page","status-publish","has-post-thumbnail","hentry","category-blog"],"_links":{"self":[{"href":"https:\/\/rental-car.company\/it\/wp-json\/wp\/v2\/pages\/7757","targetHints":{"allow":["GET"]}}],"collection":[{"href":"https:\/\/rental-car.company\/it\/wp-json\/wp\/v2\/pages"}],"about":[{"href":"https:\/\/rental-car.company\/it\/wp-json\/wp\/v2\/types\/page"}],"author":[{"embeddable":true,"href":"https:\/\/rental-car.company\/it\/wp-json\/wp\/v2\/users\/1"}],"replies":[{"embeddable":true,"href":"https:\/\/rental-car.company\/it\/wp-json\/wp\/v2\/comments?post=7757"}],"version-history":[{"count":0,"href":"https:\/\/rental-car.company\/it\/wp-json\/wp\/v2\/pages\/7757\/revisions"}],"wp:featuredmedia":[{"embeddable":true,"href":"https:\/\/rental-car.company\/it\/wp-json\/wp\/v2\/media\/2947"}],"wp:attachment":[{"href":"https:\/\/rental-car.company\/it\/wp-json\/wp\/v2\/media?parent=7757"}],"wp:term":[{"taxonomy":"category","embeddable":true,"href":"https:\/\/rental-car.company\/it\/wp-json\/wp\/v2\/categories?post=7757"},{"taxonomy":"post_tag","embeddable":true,"href":"https:\/\/rental-car.company\/it\/wp-json\/wp\/v2\/tags?post=7757"}],"curies":[{"name":"wp","href":"https:\/\/api.w.org\/{rel}","templated":true}]}}