{"id":7773,"date":"2024-09-09T03:05:20","date_gmt":"2024-09-09T03:05:20","guid":{"rendered":"https:\/\/rental-car.company\/?page_id=7773"},"modified":"2024-09-09T03:05:20","modified_gmt":"2024-09-09T03:05:20","slug":"impresa-cheektowaga-ny","status":"publish","type":"page","link":"https:\/\/rental-car.company\/it\/impresa-cheektowaga-ny\/","title":{"rendered":"Enterprise Cheektowaga NY - La vostra destinazione ideale per il noleggio auto"},"content":{"rendered":"<div class=\"wpb-content-wrapper\"><h2>Noleggio auto a Enterprise Cheektowaga NY<\/h2>\n<p>Avete in programma un viaggio a Cheektowaga, New York, e avete bisogno di un mezzo di trasporto affidabile? Non cercate oltre Enterprise Cheektowaga NY! Enterprise, una delle principali societ\u00e0 di autonoleggio della zona, offre un'ampia scelta di veicoli a prezzi accessibili. Che siate in visita per affari o per piacere, noleggiare un'auto da Enterprise render\u00e0 il vostro soggiorno a Cheektowaga comodo e senza problemi.<\/p>\n<div class=\"vc_row wpb_row vc_row-fluid\"><div class=\"wpb_column vc_column_container vc_col-sm-12\"><div class=\"vc_column-inner\"><div class=\"wpb_wrapper\">\n\t<div class=\"wpb_text_column wpb_content_element\" >\n\t\t<div class=\"wpb_wrapper\">\n\t\t\t<p><script id=\"dchwidget\" src=\"https:\/\/www.discovercars.com\/wg.js\" async=\"\" data-dev-env=\"com\" data-location=\"\" data-lang=\"en\" data-utm-source=\"malina\" data-utm-medium=\"widget\" data-aff-code=\"a_aid\" data-autocomplete=\"on\" data-style-submit-bg-color=\"00A200\" data-style-submit-font-color=\"white\" data-style-form-bg-color=\"FAD130\" data-style-form-font-color=\"333\" data-style-submit-text=\"Search now\"><\/script><\/p>\n\n\t\t<\/div>\n\t<\/div>\n<\/div><\/div><\/div><\/div>\n<p>&nbsp;<\/p>\n<h2>Scoprire l'impresa Cheektowaga NY<\/h2>\n<p><img loading=\"lazy\" decoding=\"async\" class=\"alignleft\" src=\"\/wp-content\/uploads\/images\/rent_car_1055.png\" alt=\"impresa cheektowaga ny\" width=\"350\" height=\"350\" \/><\/p>\n<p>Situata a pochi minuti dall'aeroporto internazionale di Buffalo Niagara, la filiale Enterprise di Cheektowaga \u00e8 comoda per chi arriva in aereo. L'azienda offre una variet\u00e0 di auto, tra cui berline economiche, compatte, medie e grandi, nonch\u00e9 SUV e minivan. Sono disponibili anche veicoli di lusso se volete aggiungere un po' di comfort al vostro viaggio.<\/p>\n<p>Grazie al facile sistema di prenotazione online e all'efficiente servizio clienti, noleggiare un'auto da Enterprise \u00e8 veloce e senza problemi. Potete anche scegliere di farvi consegnare il veicolo in hotel o in aeroporto al vostro arrivo. Inoltre, grazie alle opzioni di chilometraggio illimitato disponibili, potrete esplorare tutto ci\u00f2 che Cheektowaga ha da offrire senza preoccuparvi di superare i limiti.<\/p>\n<h3>Pro:<\/h3>\n<p>- Posizione comoda vicino all'aeroporto<br \/>\n- Ampia scelta di veicoli a prezzi competitivi<br \/>\n- Facile sistema di prenotazione online<br \/>\n- Possibilit\u00e0 di consegna\/ritiro in hotel o in aeroporto<br \/>\n- Possibilit\u00e0 di chilometraggio illimitato<\/p>\n<h3>Contro:<\/h3>\n<p>- Orari limitati nei fine settimana (8.00-12.00 il sabato e chiuso la domenica)<br \/>\n- Per i conducenti di et\u00e0 inferiore ai 25 anni possono essere applicati costi aggiuntivi.<\/p>\n<h4>Domande frequenti:<\/h4>\n<p><img loading=\"lazy\" decoding=\"async\" class=\"alignright\" src=\"\/wp-content\/uploads\/images\/rent_car_1320.png\" alt=\"impresa cheektowaga ny\" width=\"350\" height=\"350\" \/><\/p>\n<p>D: Posso noleggiare un'auto da Enterprise Cheektowaga NY se ho meno di 25 anni?<br \/>\nR: S\u00ec, ma potrebbero essere applicati costi aggiuntivi.<\/p>\n<p>D: Posso ritirare la mia auto a noleggio in aeroporto?<br \/>\nR: S\u00ec, Enterprise offre servizi di ritiro e consegna in aeroporto.<\/p>\n<p>D: Esiste un'opzione per il chilometraggio illimitato?<br \/>\nR: S\u00ec, Enterprise offre opzioni di chilometraggio illimitato per le sue auto a noleggio.<\/p>\n<p>D: Quali tipi di veicoli offre Enterprise?<br \/>\nR: Enterprise dispone di un'ampia gamma di veicoli, tra cui berline economiche, compatte, medie e grandi, nonch\u00e9 SUV e minivan. Sono disponibili anche opzioni di lusso.<\/p>\n<p>In conclusione, noleggiare un'auto da Enterprise Cheektowaga NY \u00e8 il modo perfetto per esplorare questa affascinante citt\u00e0. Grazie alla sua comoda posizione vicino all'aeroporto e alla facilit\u00e0 di prenotazione, potrete iniziare il vostro viaggio senza stress. Quindi perch\u00e9 aspettare? Prenotate oggi stesso la vostra auto a noleggio con Enterprise e godetevi tutto ci\u00f2 che Cheektowaga ha da offrire!<\/p>\n<\/div>","protected":false},"excerpt":{"rendered":"<p>Renting a Car in Enterprise Cheektowaga NY Are you planning a trip to Cheektowaga, New York and need a reliable mode of transportation? Look no further than Enterprise Cheektowaga NY! As one of the top car rental companies in the area, Enterprise offers a wide selection of vehicles at affordable prices. Whether you are visiting [&hellip;]<\/p>\n","protected":false},"author":1,"featured_media":7485,"parent":0,"menu_order":0,"comment_status":"closed","ping_status":"closed","template":"","meta":{"rs_blank_template":"","rs_page_bg_color":"","slide_template_v7":"","footnotes":""},"categories":[1],"tags":[],"class_list":["post-7773","page","type-page","status-publish","has-post-thumbnail","hentry","category-blog"],"_links":{"self":[{"href":"https:\/\/rental-car.company\/it\/wp-json\/wp\/v2\/pages\/7773","targetHints":{"allow":["GET"]}}],"collection":[{"href":"https:\/\/rental-car.company\/it\/wp-json\/wp\/v2\/pages"}],"about":[{"href":"https:\/\/rental-car.company\/it\/wp-json\/wp\/v2\/types\/page"}],"author":[{"embeddable":true,"href":"https:\/\/rental-car.company\/it\/wp-json\/wp\/v2\/users\/1"}],"replies":[{"embeddable":true,"href":"https:\/\/rental-car.company\/it\/wp-json\/wp\/v2\/comments?post=7773"}],"version-history":[{"count":0,"href":"https:\/\/rental-car.company\/it\/wp-json\/wp\/v2\/pages\/7773\/revisions"}],"wp:featuredmedia":[{"embeddable":true,"href":"https:\/\/rental-car.company\/it\/wp-json\/wp\/v2\/media\/7485"}],"wp:attachment":[{"href":"https:\/\/rental-car.company\/it\/wp-json\/wp\/v2\/media?parent=7773"}],"wp:term":[{"taxonomy":"category","embeddable":true,"href":"https:\/\/rental-car.company\/it\/wp-json\/wp\/v2\/categories?post=7773"},{"taxonomy":"post_tag","embeddable":true,"href":"https:\/\/rental-car.company\/it\/wp-json\/wp\/v2\/tags?post=7773"}],"curies":[{"name":"wp","href":"https:\/\/api.w.org\/{rel}","templated":true}]}}