{"id":7779,"date":"2024-09-09T05:05:32","date_gmt":"2024-09-09T05:05:32","guid":{"rendered":"https:\/\/rental-car.company\/?page_id=7779"},"modified":"2024-09-09T05:05:32","modified_gmt":"2024-09-09T05:05:32","slug":"noleggio-maybach","status":"publish","type":"page","link":"https:\/\/rental-car.company\/it\/noleggio-maybach\/","title":{"rendered":"Noleggio Maybach - L'esperienza di auto di lusso per eccellenza"},"content":{"rendered":"<div class=\"wpb-content-wrapper\"><h2>I vantaggi di optare per il noleggio di una Maybach<\/h2>\n<p>Quando si parla di auto di lusso, la Maybach fa parte di una classe a s\u00e9 stante. Con il suo design elegante, le sue caratteristiche al top della gamma e il suo comfort impareggiabile, non c'\u00e8 da stupirsi che molte persone sognino di possederne una. Tuttavia, l'acquisto di una Maybach potrebbe non essere alla portata di tutti. \u00c8 qui che entra in gioco il noleggio di una Maybach.<\/p>\n<p>Il noleggio di una Maybach vi permette di provare l'esperienza di un'auto di lusso senza dover affrontare un enorme impegno finanziario. Che sia per un'occasione speciale o semplicemente per regalarsi un'esperienza di guida indimenticabile, ecco alcuni motivi per cui optare per il noleggio di una Maybach \u00e8 la soluzione migliore.<\/p>\n<h3>Comfort e stile ineguagliabili<\/h3>\n<p>Uno dei motivi principali per cui le persone scelgono di noleggiare una Maybach \u00e8 il comfort e lo stile impareggiabili che questa vettura offre. Dai sedili in pelle con funzioni di massaggio all'illuminazione ambientale e ai sistemi di intrattenimento all'avanguardia, ogni dettaglio di una Maybach \u00e8 stato progettato pensando al lusso.<\/p>\n<p>Il design degli interni dell'auto emana eleganza e raffinatezza grazie ai materiali di alta qualit\u00e0 utilizzati. Non si tratta solo dell'aspetto estetico: la Maybach offre anche una guida incredibilmente fluida grazie al suo avanzato sistema di sospensioni. Vi sentirete come dei reali quando andrete in giro con questo lussuoso veicolo.<\/p>\n<h3>Prestazioni impressionanti<\/h3>\n<p>Non lasciatevi ingannare dalle sue caratteristiche lussuose: la Maybach ha anche prestazioni impressionanti sotto il suo cofano. Con motori potenti che vanno dal V6 al V12, questa vettura offre un'accelerazione e una maneggevolezza eccezionali.<\/p>\n<p>Nonostante le dimensioni e il peso, la Maybach offre prestazioni senza compromettere il comfort o la sicurezza. \u00c8 davvero il meglio dei due mondi quando si tratta di lusso e prestazioni.<\/p>\n<h4>Pro e contro<\/h4>\n<p><img loading=\"lazy\" decoding=\"async\" class=\"alignright\" src=\"\/wp-content\/uploads\/images\/rent_car_954.png\" alt=\"noleggio maybach\" width=\"350\" height=\"350\" \/><\/p>\n<p>Pro:<br \/>\n- Sperimentate il massimo del lusso senza impegnarvi in un acquisto a lungo termine<br \/>\n- Comfort e stile ineguagliabili con materiali di alta qualit\u00e0 e funzioni avanzate<br \/>\n- Prestazioni impressionanti grazie ai motori potenti e alla maneggevolezza<\/p>\n<p>Contro:<br \/>\n- Pu\u00f2 essere costoso a seconda della societ\u00e0 di noleggio e della durata del noleggio.<br \/>\n- Disponibilit\u00e0 limitata in alcune aree<br \/>\n- Pu\u00f2 richiedere un budget maggiore per i costi del carburante a causa dei suoi potenti motori. <\/p>\n<div class=\"vc_row wpb_row vc_row-fluid\"><div class=\"wpb_column vc_column_container vc_col-sm-12\"><div class=\"vc_column-inner\"><div class=\"wpb_wrapper\">\n\t<div class=\"wpb_text_column wpb_content_element\" >\n\t\t<div class=\"wpb_wrapper\">\n\t\t\t<p><script id=\"dchwidget\" src=\"https:\/\/www.discovercars.com\/wg.js\" async=\"\" data-dev-env=\"com\" data-location=\"\" data-lang=\"en\" data-utm-source=\"malina\" data-utm-medium=\"widget\" data-aff-code=\"a_aid\" data-autocomplete=\"on\" data-style-submit-bg-color=\"00A200\" data-style-submit-font-color=\"white\" data-style-form-bg-color=\"FAD130\" data-style-form-font-color=\"333\" data-style-submit-text=\"Search now\"><\/script><\/p>\n\n\t\t<\/div>\n\t<\/div>\n<\/div><\/div><\/div><\/div>\n<p>&nbsp;<\/p>\n<h2>Scoprire il noleggio di Maybach<\/h2>\n<p><img loading=\"lazy\" decoding=\"async\" class=\"alignleft\" src=\"\/wp-content\/uploads\/images\/rent_car_1302.png\" alt=\"noleggio maybach\" width=\"350\" height=\"350\" \/><\/p>\n<p>Se siete pronti a provare il lusso di una Maybach, vi starete chiedendo dove trovarne una disponibile per il noleggio. Fortunatamente, molte societ\u00e0 di autonoleggio di alto livello offrono il noleggio di Maybach come parte della loro flotta.<\/p>\n<p>Quando si cerca un maybach a noleggio, \u00e8 essenziale fare ricerche e confrontare i prezzi di diverse societ\u00e0. Cercate aziende affidabili che abbiano recensioni positive da parte dei clienti precedenti. Potete anche informarvi su eventuali pacchetti o sconti speciali offerti.<\/p>\n<p>Inoltre, alcune societ\u00e0 di autonoleggio potrebbero richiedere il rispetto di determinati requisiti prima di noleggiare una Maybach, come ad esempio l'aver superato una certa et\u00e0 o avere una copertura assicurativa specifica. Assicuratevi di leggere attentamente i termini e le condizioni prima di effettuare la prenotazione.<\/p>\n<h3>Parole chiave correlate:<\/h3>\n<p>Noleggio di una Maybach\", \"Esperienza di auto di lusso\", \"Noleggio di auto di alta gamma\".<\/p>\n<h3>FAQ<\/h3>\n<p>1) Quanto costa noleggiare una Maybach?<br \/>\nIl costo del noleggio di una Maybach pu\u00f2 variare a seconda della localit\u00e0, della durata del noleggio e del modello scelto. In media, pu\u00f2 variare da $1.500-$4.000 al giorno.<\/p>\n<p>2) Ho bisogno di una copertura assicurativa speciale per noleggiare una Maybach?<br \/>\nAlcune compagnie di autonoleggio possono richiedere una copertura assicurativa aggiuntiva quando si noleggiano veicoli di lusso come la Maybach. \u00c8 essenziale verificare in anticipo con la compagnia o contattare il proprio assicuratore per maggiori informazioni.<\/p>\n<p>3) Quali modelli sono disponibili per il noleggio?<br \/>\nMaybach offre vari modelli come la Classe S berlina o coup\u00e9, il SUV GLS e il SUV Classe G. La disponibilit\u00e0 di questi modelli pu\u00f2 variare a seconda della societ\u00e0 di noleggio.<\/p>\n<h2>Noleggiate una Maybach e vivete un'esperienza di lusso come mai prima d'ora<\/h2>\n<p>In conclusione, il noleggio di Maybach vi permette di vivere l'esperienza di un'auto di lusso senza dovervi impegnare in un acquisto a lungo termine. Dal comfort e dallo stile ineguagliabili alle prestazioni impressionanti, una Maybach vi far\u00e0 sentire come un VIP.<\/p>\n<p>Se siete pronti a regalare a voi stessi o a una persona speciale un'esperienza di guida indimenticabile, prendete in considerazione l'idea di noleggiare una Maybach da un'azienda di autonoleggio affidabile. Con il suo design elegante, le sue caratteristiche avanzate e i suoi potenti motori, questo veicolo di lusso \u00e8 in grado di rendere speciale qualsiasi occasione.<\/p>\n<\/div>","protected":false},"excerpt":{"rendered":"<p>The Benefits of Opting for a Maybach Rental When it comes to luxury cars, the Maybach is in a class of its own. With its sleek design, top-of-the-line features, and unparalleled comfort, it&#8217;s no wonder that many people dream of owning one. However, purchasing a Maybach may not be feasible for everyone. That&#8217;s where maybach [&hellip;]<\/p>\n","protected":false},"author":1,"featured_media":4479,"parent":0,"menu_order":0,"comment_status":"closed","ping_status":"closed","template":"","meta":{"rs_blank_template":"","rs_page_bg_color":"","slide_template_v7":"","footnotes":""},"categories":[1],"tags":[],"class_list":["post-7779","page","type-page","status-publish","has-post-thumbnail","hentry","category-blog"],"_links":{"self":[{"href":"https:\/\/rental-car.company\/it\/wp-json\/wp\/v2\/pages\/7779","targetHints":{"allow":["GET"]}}],"collection":[{"href":"https:\/\/rental-car.company\/it\/wp-json\/wp\/v2\/pages"}],"about":[{"href":"https:\/\/rental-car.company\/it\/wp-json\/wp\/v2\/types\/page"}],"author":[{"embeddable":true,"href":"https:\/\/rental-car.company\/it\/wp-json\/wp\/v2\/users\/1"}],"replies":[{"embeddable":true,"href":"https:\/\/rental-car.company\/it\/wp-json\/wp\/v2\/comments?post=7779"}],"version-history":[{"count":0,"href":"https:\/\/rental-car.company\/it\/wp-json\/wp\/v2\/pages\/7779\/revisions"}],"wp:featuredmedia":[{"embeddable":true,"href":"https:\/\/rental-car.company\/it\/wp-json\/wp\/v2\/media\/4479"}],"wp:attachment":[{"href":"https:\/\/rental-car.company\/it\/wp-json\/wp\/v2\/media?parent=7779"}],"wp:term":[{"taxonomy":"category","embeddable":true,"href":"https:\/\/rental-car.company\/it\/wp-json\/wp\/v2\/categories?post=7779"},{"taxonomy":"post_tag","embeddable":true,"href":"https:\/\/rental-car.company\/it\/wp-json\/wp\/v2\/tags?post=7779"}],"curies":[{"name":"wp","href":"https:\/\/api.w.org\/{rel}","templated":true}]}}