{"id":7787,"date":"2024-09-09T07:05:21","date_gmt":"2024-09-09T07:05:21","guid":{"rendered":"https:\/\/rental-car.company\/?page_id=7787"},"modified":"2024-09-09T07:05:21","modified_gmt":"2024-09-09T07:05:21","slug":"impresa-wilmington-ma","status":"publish","type":"page","link":"https:\/\/rental-car.company\/it\/impresa-wilmington-ma\/","title":{"rendered":"Enterprise Wilmington MA - Il vostro punto di riferimento per il noleggio auto in Massachusetts"},"content":{"rendered":"<div class=\"wpb-content-wrapper\"><h2>Noleggiate con Enterprise Wilmington MA per un'esperienza priva di problemi<\/h2>\n<p>Volete noleggiare un'auto in Massachusetts? Non cercate oltre Enterprise Wilmington MA. Questa societ\u00e0 di autonoleggio serve lo stato da anni, fornendo opzioni di trasporto affidabili e convenienti sia agli abitanti che ai turisti. Con diverse sedi in tutto lo stato, tra cui la sede principale di Wilmington, Enterprise rende facile mettersi in viaggio ed esplorare tutto ci\u00f2 che il Massachusetts ha da offrire.<\/p>\n<div class=\"vc_row wpb_row vc_row-fluid\"><div class=\"wpb_column vc_column_container vc_col-sm-12\"><div class=\"vc_column-inner\"><div class=\"wpb_wrapper\">\n\t<div class=\"wpb_text_column wpb_content_element\" >\n\t\t<div class=\"wpb_wrapper\">\n\t\t\t<p><script id=\"dchwidget\" src=\"https:\/\/www.discovercars.com\/wg.js\" async=\"\" data-dev-env=\"com\" data-location=\"\" data-lang=\"en\" data-utm-source=\"malina\" data-utm-medium=\"widget\" data-aff-code=\"a_aid\" data-autocomplete=\"on\" data-style-submit-bg-color=\"00A200\" data-style-submit-font-color=\"white\" data-style-form-bg-color=\"FAD130\" data-style-form-font-color=\"333\" data-style-submit-text=\"Search now\"><\/script><\/p>\n\n\t\t<\/div>\n\t<\/div>\n<\/div><\/div><\/div><\/div>\n<p>&nbsp;<\/p>\n<h2>Scoprire l'impresa Wilmington MA<\/h2>\n<p><img loading=\"lazy\" decoding=\"async\" class=\"alignleft\" src=\"\/wp-content\/uploads\/images\/rent_car_837.png\" alt=\"impresa wilmington ma\" width=\"350\" height=\"350\" \/><\/p>\n<p>Fondata nel 1957, Enterprise \u00e8 uno dei nomi pi\u00f9 noti e affidabili nel settore dell'autonoleggio. Il suo impegno per la soddisfazione dei clienti e la qualit\u00e0 del servizio l'ha resa leader nel mercato. Infatti, per sei anni consecutivi \u00e8 stata riconosciuta come uno dei migliori datori di lavoro d'America dalla rivista Forbes.<\/p>\n<p>Presso Enterprise Wilmington MA, potete scegliere tra un'ampia selezione di veicoli, tra cui auto compatte, SUV, furgoni e camion. Che abbiate bisogno di un veicolo per una vacanza in famiglia o per un viaggio di lavoro, l'azienda ha qualcosa che fa al caso vostro. Inoltre, la loro flotta \u00e8 sottoposta a regolare manutenzione per garantire sicurezza e affidabilit\u00e0 sulla strada.<\/p>\n<h3>Sedi convenienti in tutto il Massachusetts<\/h3>\n<p>Enterprise ha pi\u00f9 di 20 sedi sparse in tutto il Massachusetts, il che rende facile per i clienti trovare un'auto a noleggio ovunque si trovino in viaggio all'interno dello Stato. Oltre alla sede principale di Wilmington MA, altre localit\u00e0 popolari includono l'aeroporto internazionale Logan di Boston, la stazione di Cambridge-Porter Square e Cape Cod.<\/p>\n<h3>Opzioni di noleggio flessibili<\/h3>\n<p>Enterprise offre opzioni di noleggio flessibili che vanno dal noleggio giornaliero al noleggio a lungo termine. Offre anche diversi pacchetti assicurativi, in modo che possiate scegliere quello pi\u00f9 adatto al vostro budget e alle vostre esigenze. Inoltre, grazie alle offerte speciali del fine settimana e alle promozioni stagionali, potrete risparmiare ulteriormente sul noleggio.<\/p>\n<h3>Un servizio clienti di prim'ordine<\/h3>\n<p>Ci\u00f2 che distingue Enterprise dalle altre societ\u00e0 di autonoleggio \u00e8 il suo eccezionale servizio clienti. Dal momento della prenotazione fino alla restituzione del veicolo, il team di Enterprise si impegna a fornire un'esperienza senza problemi. L'azienda offre anche un servizio di assistenza stradale 24 ore su 24, 7 giorni su 7, in modo che possiate stare tranquilli sapendo che l'aiuto \u00e8 a portata di telefono.<\/p>\n<h4>Pro e contro<\/h4>\n<p>Pro:<br \/>\n- Ampia scelta di veicoli<br \/>\n- Sedi convenienti in tutto il Massachusetts<br \/>\n- Opzioni di noleggio flessibili<br \/>\n- Servizio clienti eccezionale<\/p>\n<p>Contro:<br \/>\n- Disponibilit\u00e0 limitata di veicoli di lusso o di fascia alta<\/p>\n<h4>Domande frequenti (FAQ)<\/h4>\n<p><img loading=\"lazy\" decoding=\"async\" class=\"alignright\" src=\"\/wp-content\/uploads\/images\/rent_car_430.png\" alt=\"impresa wilmington ma\" width=\"350\" height=\"350\" \/><\/p>\n<p>D: Posso noleggiare un'auto con Enterprise Wilmington MA se ho meno di 25 anni?<br \/>\nR: S\u00ec, Enterprise prevede una tariffa per giovani noleggiatori per i conducenti di et\u00e0 compresa tra i 21 e i 24 anni.<\/p>\n<p>D: Ho bisogno di un'assicurazione per noleggiare un'auto con Enterprise?<br \/>\nR: S\u00ec, tutti gli affittuari devono avere una forma di copertura assicurativa. \u00c8 possibile acquistare l'assicurazione tramite Enterprise o fornire una prova della propria copertura.<\/p>\n<p>D: Posso restituire l'auto a noleggio in un luogo diverso da quello in cui l'ho ritirata?<br \/>\nR: S\u00ec, Enterprise offre noleggi di sola andata a un costo aggiuntivo.<\/p>\n<p>In conclusione, se avete bisogno di un trasporto affidabile e conveniente in Massachusetts, non cercate oltre Enterprise Wilmington MA. Grazie all'ampia scelta di veicoli, alle numerose sedi in tutto lo stato e al servizio clienti di prim'ordine, Enterprise rende il noleggio di un'auto un processo facile e privo di stress. Prenotate oggi stesso la vostra prenotazione e partite in tutta tranquillit\u00e0!<\/p>\n<\/div>","protected":false},"excerpt":{"rendered":"<p>Rent with Enterprise Wilmington MA for a Hassle-Free Experience Looking to rent a car in Massachusetts? Look no further than Enterprise Wilmington MA. This rental car company has been serving the state for years, providing reliable and convenient transportation options to both locals and tourists. With multiple locations across the state, including their flagship location [&hellip;]<\/p>\n","protected":false},"author":1,"featured_media":6242,"parent":0,"menu_order":0,"comment_status":"closed","ping_status":"closed","template":"","meta":{"rs_blank_template":"","rs_page_bg_color":"","slide_template_v7":"","footnotes":""},"categories":[1],"tags":[],"class_list":["post-7787","page","type-page","status-publish","has-post-thumbnail","hentry","category-blog"],"_links":{"self":[{"href":"https:\/\/rental-car.company\/it\/wp-json\/wp\/v2\/pages\/7787","targetHints":{"allow":["GET"]}}],"collection":[{"href":"https:\/\/rental-car.company\/it\/wp-json\/wp\/v2\/pages"}],"about":[{"href":"https:\/\/rental-car.company\/it\/wp-json\/wp\/v2\/types\/page"}],"author":[{"embeddable":true,"href":"https:\/\/rental-car.company\/it\/wp-json\/wp\/v2\/users\/1"}],"replies":[{"embeddable":true,"href":"https:\/\/rental-car.company\/it\/wp-json\/wp\/v2\/comments?post=7787"}],"version-history":[{"count":0,"href":"https:\/\/rental-car.company\/it\/wp-json\/wp\/v2\/pages\/7787\/revisions"}],"wp:featuredmedia":[{"embeddable":true,"href":"https:\/\/rental-car.company\/it\/wp-json\/wp\/v2\/media\/6242"}],"wp:attachment":[{"href":"https:\/\/rental-car.company\/it\/wp-json\/wp\/v2\/media?parent=7787"}],"wp:term":[{"taxonomy":"category","embeddable":true,"href":"https:\/\/rental-car.company\/it\/wp-json\/wp\/v2\/categories?post=7787"},{"taxonomy":"post_tag","embeddable":true,"href":"https:\/\/rental-car.company\/it\/wp-json\/wp\/v2\/tags?post=7787"}],"curies":[{"name":"wp","href":"https:\/\/api.w.org\/{rel}","templated":true}]}}