{"id":7797,"date":"2024-09-09T09:07:23","date_gmt":"2024-09-09T09:07:23","guid":{"rendered":"https:\/\/rental-car.company\/?page_id=7797"},"modified":"2024-09-09T09:07:23","modified_gmt":"2024-09-09T09:07:23","slug":"noleggio-auto-aeroporto-di-flagstaff","status":"publish","type":"page","link":"https:\/\/rental-car.company\/it\/noleggio-auto-aeroporto-di-flagstaff\/","title":{"rendered":"Noleggio auto Flagstaff Aeroporto - La Guida Completa"},"content":{"rendered":"<div class=\"wpb-content-wrapper\"><h2>Provate la convenienza del noleggio auto all'aeroporto di Flagstaff<\/h2>\n<p>Se state programmando un viaggio a Flagstaff, in Arizona, una delle prime cose da fare \u00e8 assicurarvi un trasporto affidabile. Sebbene ci siano diverse opzioni di trasporto disponibili a Flagstaff, noleggiare un'auto dall'aeroporto \u00e8 di gran lunga il modo pi\u00f9 conveniente ed efficiente per esplorare questa splendida citt\u00e0. In questa guida, daremo un'occhiata pi\u00f9 da vicino al noleggio auto all'aeroporto di Flagstaff e a tutto ci\u00f2 che dovete sapere prima di prenotare il vostro noleggio.<\/p>\n<div class=\"vc_row wpb_row vc_row-fluid\"><div class=\"wpb_column vc_column_container vc_col-sm-12\"><div class=\"vc_column-inner\"><div class=\"wpb_wrapper\">\n\t<div class=\"wpb_text_column wpb_content_element\" >\n\t\t<div class=\"wpb_wrapper\">\n\t\t\t<p><script id=\"dchwidget\" src=\"https:\/\/www.discovercars.com\/wg.js\" async=\"\" data-dev-env=\"com\" data-location=\"\" data-lang=\"en\" data-utm-source=\"malina\" data-utm-medium=\"widget\" data-aff-code=\"a_aid\" data-autocomplete=\"on\" data-style-submit-bg-color=\"00A200\" data-style-submit-font-color=\"white\" data-style-form-bg-color=\"FAD130\" data-style-form-font-color=\"333\" data-style-submit-text=\"Search now\"><\/script><\/p>\n\n\t\t<\/div>\n\t<\/div>\n<\/div><\/div><\/div><\/div>\n<p>&nbsp;<\/p>\n<h2>Scoprire il noleggio auto dell'aeroporto di Flagstaff<\/h2>\n<p><img loading=\"lazy\" decoding=\"async\" class=\"alignleft\" src=\"\/wp-content\/uploads\/images\/rent_car_590.png\" alt=\"noleggio auto aeroporto di flagstaff\" width=\"350\" height=\"350\" \/><\/p>\n<p>Quando arrivate all'aeroporto Pulliam di Flagstaff (FLG), troverete diverse societ\u00e0 di autonoleggio comodamente situate all'interno del terminal. Tra queste, marchi famosi come Hertz, Avis, Enterprise e Budget. Tutte queste societ\u00e0 offrono un'ampia gamma di veicoli a noleggio, dalle auto compatte ai SUV e ai veicoli di lusso.<\/p>\n<p>Uno dei maggiori vantaggi di scegliere il noleggio auto all'aeroporto di Flagstaff \u00e8 che potete facilmente ritirare il vostro veicolo all'arrivo a FLG e riconsegnarlo prima della partenza. Questo elimina la necessit\u00e0 di organizzare ulteriori trasporti e vi permette di sfruttare al meglio il vostro soggiorno a Flagstaff.<\/p>\n<h3>I vantaggi di noleggiare un'auto all'aeroporto di Flagstaff<\/h3>\n<p>- Posizione comoda: Come gi\u00e0 detto, tutte le principali compagnie di autonoleggio hanno sportelli situati all'interno dell'edificio del terminal FLG. Ci\u00f2 significa che una volta atterrati e ritirati i bagagli, potrete recarvi rapidamente a prendere il vostro veicolo.<br \/>\n- Flessibilit\u00e0: avere accesso a un'auto a noleggio vi offre maggiore flessibilit\u00e0 nell'esplorare Flagstaff. Non dovrete fare affidamento sugli orari dei mezzi pubblici o preoccuparvi di perdervi in una citt\u00e0 sconosciuta.<br \/>\n- Conveniente: A seconda della durata del soggiorno a Flagstaff e dei luoghi che si intende visitare, noleggiare un'auto dall'aeroporto pu\u00f2 essere un'opzione pi\u00f9 conveniente rispetto ai taxi o ai servizi di ride-sharing.<br \/>\n- Comfort: Con un'auto a noleggio, avete la libert\u00e0 di scegliere il tipo di veicolo pi\u00f9 adatto alle vostre esigenze. Questo include opzioni per gruppi numerosi, famiglie o persone che cercano un po' di comfort e lusso in pi\u00f9.<\/p>\n<h3>Gli svantaggi del noleggio di un'auto all'aeroporto di Flagstaff<\/h3>\n<p>- Disponibilit\u00e0 limitata: Durante le stagioni di punta, la richiesta di auto a noleggio presso FLG pu\u00f2 essere elevata. Ci\u00f2 potrebbe comportare una disponibilit\u00e0 limitata e prezzi pi\u00f9 elevati.<br \/>\n- Spese aggiuntive: Oltre alla tariffa di noleggio giornaliera, \u00e8 possibile che dobbiate pagare costi aggiuntivi come i supplementi aeroportuali e le tasse. Assicuratevi di leggere attentamente i termini e le condizioni prima di prenotare il noleggio.<br \/>\n- Parcheggio a pagamento: Se intendete recarvi in auto nel centro di Flagstaff o in altre zone turistiche famose, sappiate che il parcheggio potrebbe avere un costo aggiuntivo.<\/p>\n<h4>Domande frequenti sul noleggio auto all'aeroporto di Flagstaff<\/h4>\n<h4>Di cosa ho bisogno per noleggiare un'auto a FLG?<\/h4>\n<p>Per noleggiare un'auto presso le societ\u00e0 di autonoleggio dell'aeroporto di Flagstaff, \u00e8 necessario avere una patente di guida valida e una carta di credito. Alcune compagnie potrebbero richiedere anche un permesso di guida internazionale se la vostra patente non \u00e8 in inglese.<\/p>\n<h4>Posso restituire la mia auto a noleggio fuori orario?<\/h4>\n<p>S\u00ec, la maggior parte delle principali societ\u00e0 di autonoleggio di FLG offre un servizio di riconsegna dopo l'orario di lavoro. Tuttavia, \u00e8 importante confermarlo con la compagnia scelta prima di prenotare.<\/p>\n<h4>Ho bisogno di un'assicurazione quando noleggio un'auto?<\/h4>\n<p><img loading=\"lazy\" decoding=\"async\" class=\"alignright\" src=\"\/wp-content\/uploads\/images\/rent_car_787.png\" alt=\"noleggio auto aeroporto di flagstaff\" width=\"350\" height=\"350\" \/><\/p>\n<p>Anche se l'assicurazione non \u00e8 obbligatoria quando si noleggia un'auto in Arizona, \u00e8 altamente raccomandata per la vostra protezione. La maggior parte delle principali carte di credito offre una forma di copertura assicurativa quando si utilizza la propria carta per pagare il noleggio.<\/p>\n<p>In conclusione,<organization>Il noleggio auto all'aeroporto di Flagstaff offre ai viaggiatori convenienza, flessibilit\u00e0 e comfort durante l'esplorazione di Flagstaff e delle aree circostanti. Con un'ampia gamma di veicoli tra cui scegliere e una comoda posizione in aeroporto, il noleggio di un'auto \u00e8 il modo perfetto per iniziare il vostro viaggio a Flagstaff. Assicuratevi di leggere attentamente i termini e le condizioni e di prevedere eventuali costi aggiuntivi. Buon viaggio!<\/p>\n<\/div>","protected":false},"excerpt":{"rendered":"<p>Experience the Convenience of Flagstaff Airport Car Rental If you&#8217;re planning a trip to Flagstaff, Arizona, one of the first things on your to-do list should be securing reliable transportation. While there are various transportation options available in Flagstaff, renting a car from the airport is by far the most convenient and efficient way to [&hellip;]<\/p>\n","protected":false},"author":1,"featured_media":2849,"parent":0,"menu_order":0,"comment_status":"closed","ping_status":"closed","template":"","meta":{"rs_blank_template":"","rs_page_bg_color":"","slide_template_v7":"","footnotes":""},"categories":[1],"tags":[],"class_list":["post-7797","page","type-page","status-publish","has-post-thumbnail","hentry","category-blog"],"_links":{"self":[{"href":"https:\/\/rental-car.company\/it\/wp-json\/wp\/v2\/pages\/7797","targetHints":{"allow":["GET"]}}],"collection":[{"href":"https:\/\/rental-car.company\/it\/wp-json\/wp\/v2\/pages"}],"about":[{"href":"https:\/\/rental-car.company\/it\/wp-json\/wp\/v2\/types\/page"}],"author":[{"embeddable":true,"href":"https:\/\/rental-car.company\/it\/wp-json\/wp\/v2\/users\/1"}],"replies":[{"embeddable":true,"href":"https:\/\/rental-car.company\/it\/wp-json\/wp\/v2\/comments?post=7797"}],"version-history":[{"count":0,"href":"https:\/\/rental-car.company\/it\/wp-json\/wp\/v2\/pages\/7797\/revisions"}],"wp:featuredmedia":[{"embeddable":true,"href":"https:\/\/rental-car.company\/it\/wp-json\/wp\/v2\/media\/2849"}],"wp:attachment":[{"href":"https:\/\/rental-car.company\/it\/wp-json\/wp\/v2\/media?parent=7797"}],"wp:term":[{"taxonomy":"category","embeddable":true,"href":"https:\/\/rental-car.company\/it\/wp-json\/wp\/v2\/categories?post=7797"},{"taxonomy":"post_tag","embeddable":true,"href":"https:\/\/rental-car.company\/it\/wp-json\/wp\/v2\/tags?post=7797"}],"curies":[{"name":"wp","href":"https:\/\/api.w.org\/{rel}","templated":true}]}}