{"id":7806,"date":"2024-09-09T11:07:37","date_gmt":"2024-09-09T11:07:37","guid":{"rendered":"https:\/\/rental-car.company\/?page_id=7806"},"modified":"2024-09-09T11:07:37","modified_gmt":"2024-09-09T11:07:37","slug":"noleggio-auto-aeroporto-grand-junction","status":"publish","type":"page","link":"https:\/\/rental-car.company\/it\/noleggio-auto-aeroporto-grand-junction\/","title":{"rendered":"Noleggio auto Grand Junction Aeroporto: La vostra guida definitiva"},"content":{"rendered":"<div class=\"wpb-content-wrapper\"><h2>Esplora il noleggio auto dell'aeroporto di Grand Junction<\/h2>\n<p>Se state programmando un viaggio nella splendida citt\u00e0 di Grand Junction, in Colorado, \u00e8 probabile che voliate all'aeroporto regionale di Grand Junction. E quale modo migliore di esplorare questa citt\u00e0 panoramica se non con un'auto a noleggio? Con il noleggio auto all'aeroporto di Grand Junction, potrete facilmente spostarvi e sperimentare tutto ci\u00f2 che questa affascinante destinazione ha da offrire.<\/p>\n<div class=\"vc_row wpb_row vc_row-fluid\"><div class=\"wpb_column vc_column_container vc_col-sm-12\"><div class=\"vc_column-inner\"><div class=\"wpb_wrapper\">\n\t<div class=\"wpb_text_column wpb_content_element\" >\n\t\t<div class=\"wpb_wrapper\">\n\t\t\t<p><script id=\"dchwidget\" src=\"https:\/\/www.discovercars.com\/wg.js\" async=\"\" data-dev-env=\"com\" data-location=\"\" data-lang=\"en\" data-utm-source=\"malina\" data-utm-medium=\"widget\" data-aff-code=\"a_aid\" data-autocomplete=\"on\" data-style-submit-bg-color=\"00A200\" data-style-submit-font-color=\"white\" data-style-form-bg-color=\"FAD130\" data-style-form-font-color=\"333\" data-style-submit-text=\"Search now\"><\/script><\/p>\n\n\t\t<\/div>\n\t<\/div>\n<\/div><\/div><\/div><\/div>\n<p>&nbsp;<\/p>\n<h2>Variazioni del noleggio auto Grand Junction Aeroporto<\/h2>\n<p><img loading=\"lazy\" decoding=\"async\" class=\"alignleft\" src=\"\/wp-content\/uploads\/images\/rent_car_737.png\" alt=\"noleggio auto aeroporto grand junction\" width=\"350\" height=\"350\" \/><\/p>\n<p>Quando si tratta di noleggiare un'auto all'aeroporto regionale di Grand Junction, sono disponibili diverse opzioni. Si pu\u00f2 scegliere tra compagnie di noleggio note come Hertz, Enterprise e Avis, oppure optare per compagnie locali pi\u00f9 piccole come ABC Car Rentals o Mesa Motors. Ogni compagnia offre servizi e offerte uniche, quindi assicuratevi di fare ricerche prima di prendere una decisione.<\/p>\n<h3>Parole chiave correlate:<\/h3>\n<ul>\n<li>Noleggio auto all'aeroporto di Grand Junction<\/li>\n<li>Noleggio auto all'aeroporto di Grand junction<\/li>\n<li>Noleggio auto a grand junction co<\/li>\n<li>Noleggio auto aeroporto di Grand Junction<\/li>\n<li>Noleggio auto vicino all'aeroporto di Grand Junction<\/li>\n<li>Noleggio auto aeroporto grand junction co<\/li>\n<li>Noleggiare un'auto all'aeroporto gjt<\/a><\/li>\n<ul>\n<h4>Pro \/ Contro del noleggio di un'auto all'aeroporto di Grand Junction <\/h4>\n<p><img loading=\"lazy\" decoding=\"async\" class=\"alignright\" src=\"\/wp-content\/uploads\/images\/rent_car_409.png\" alt=\"noleggio auto aeroporto grand junction\" width=\"350\" height=\"350\" \/><\/p>\n<p>Pro:<\/p>\n<ul>\n<li><strong>Convenienza:<\/strong> Noleggiare un'auto direttamente in aeroporto significa poter iniziare a esplorare la citt\u00e0 non appena atterrati.<\/a><\/l>\n<\/div>","protected":false},"excerpt":{"rendered":"<p>Explore Car Rental Grand Junction Airport If you&#8217;re planning a trip to the beautiful city of Grand Junction, Colorado, chances are you&#8217;ll be flying into the Grand Junction Regional Airport. And what better way to explore this scenic city than with a rental car? With car rental grand junction airport, you can easily get around [&hellip;]<\/p>\n","protected":false},"author":1,"featured_media":3293,"parent":0,"menu_order":0,"comment_status":"closed","ping_status":"closed","template":"","meta":{"rs_blank_template":"","rs_page_bg_color":"","slide_template_v7":"","footnotes":""},"categories":[1],"tags":[],"class_list":["post-7806","page","type-page","status-publish","has-post-thumbnail","hentry","category-blog"],"_links":{"self":[{"href":"https:\/\/rental-car.company\/it\/wp-json\/wp\/v2\/pages\/7806","targetHints":{"allow":["GET"]}}],"collection":[{"href":"https:\/\/rental-car.company\/it\/wp-json\/wp\/v2\/pages"}],"about":[{"href":"https:\/\/rental-car.company\/it\/wp-json\/wp\/v2\/types\/page"}],"author":[{"embeddable":true,"href":"https:\/\/rental-car.company\/it\/wp-json\/wp\/v2\/users\/1"}],"replies":[{"embeddable":true,"href":"https:\/\/rental-car.company\/it\/wp-json\/wp\/v2\/comments?post=7806"}],"version-history":[{"count":0,"href":"https:\/\/rental-car.company\/it\/wp-json\/wp\/v2\/pages\/7806\/revisions"}],"wp:featuredmedia":[{"embeddable":true,"href":"https:\/\/rental-car.company\/it\/wp-json\/wp\/v2\/media\/3293"}],"wp:attachment":[{"href":"https:\/\/rental-car.company\/it\/wp-json\/wp\/v2\/media?parent=7806"}],"wp:term":[{"taxonomy":"category","embeddable":true,"href":"https:\/\/rental-car.company\/it\/wp-json\/wp\/v2\/categories?post=7806"},{"taxonomy":"post_tag","embeddable":true,"href":"https:\/\/rental-car.company\/it\/wp-json\/wp\/v2\/tags?post=7806"}],"curies":[{"name":"wp","href":"https:\/\/api.w.org\/{rel}","templated":true}]}}