{"id":7828,"date":"2024-09-09T16:05:36","date_gmt":"2024-09-09T16:05:36","guid":{"rendered":"https:\/\/rental-car.company\/?page_id=7828"},"modified":"2024-09-09T16:05:36","modified_gmt":"2024-09-09T16:05:36","slug":"noleggio-auto-savannah-ga","status":"publish","type":"page","link":"https:\/\/rental-car.company\/it\/noleggio-auto-savannah-ga\/","title":{"rendered":"Noleggio auto savannah ga - Esplorare il fascino della citt\u00e0 pi\u00f9 antica della Georgia"},"content":{"rendered":"<div class=\"wpb-content-wrapper\"><h2>Provate la convenienza del noleggio auto di savannah ga<\/h2>\n<p>Savannah, in Georgia, \u00e8 una citt\u00e0 affascinante e storica che offre ai visitatori una miscela unica di ospitalit\u00e0 del Sud, splendida architettura e ricche esperienze culturali. Con le sue strade acciottolate, le piazze alberate e i palazzi d'epoca, non c'\u00e8 da stupirsi che Savannah sia stata nominata una delle citt\u00e0 pi\u00f9 belle d'America. E quale modo migliore per esplorare questa citt\u00e0 pittoresca se non con un'auto a noleggio a Savannah ga?<\/p>\n<p>Che stiate pianificando una fuga romantica per due o una vacanza in famiglia, avere un'auto a noleggio a Savannah vi dar\u00e0 la libert\u00e0 di scoprire tutto ci\u00f2 che questa splendida citt\u00e0 ha da offrire al vostro ritmo. Diamo quindi un'occhiata pi\u00f9 da vicino a ci\u00f2 che rende il noleggio auto di Savannah ga una scelta ideale per esplorare questa affascinante gemma del sud.<\/p>\n<div class=\"vc_row wpb_row vc_row-fluid\"><div class=\"wpb_column vc_column_container vc_col-sm-12\"><div class=\"vc_column-inner\"><div class=\"wpb_wrapper\">\n\t<div class=\"wpb_text_column wpb_content_element\" >\n\t\t<div class=\"wpb_wrapper\">\n\t\t\t<p><script id=\"dchwidget\" src=\"https:\/\/www.discovercars.com\/wg.js\" async=\"\" data-dev-env=\"com\" data-location=\"\" data-lang=\"en\" data-utm-source=\"malina\" data-utm-medium=\"widget\" data-aff-code=\"a_aid\" data-autocomplete=\"on\" data-style-submit-bg-color=\"00A200\" data-style-submit-font-color=\"white\" data-style-form-bg-color=\"FAD130\" data-style-form-font-color=\"333\" data-style-submit-text=\"Search now\"><\/script><\/p>\n\n\t\t<\/div>\n\t<\/div>\n<\/div><\/div><\/div><\/div>\n<p>&nbsp;<\/p>\n<h2>Scoprire Savannah con la vostra auto a noleggio<\/h2>\n<p><img loading=\"lazy\" decoding=\"async\" class=\"alignleft\" src=\"\/wp-content\/uploads\/images\/rent_car_325.png\" alt=\"noleggio auto savannah ga\" width=\"350\" height=\"350\" \/><\/p>\n<p>Con cos\u00ec tante cose da vedere e da fare a Savannah, avere un'auto a noleggio vi d\u00e0 la flessibilit\u00e0 di creare il vostro itinerario ed esplorare la citt\u00e0 alle vostre condizioni. Iniziate con un piacevole giro in River Street, dove potrete ammirare l'architettura iconica e godere della vista del fiume Savannah.<\/p>\n<p>Poi, recatevi al Forsyth Park, dove potrete passeggiare nei suoi lussureggianti spazi verdi o anche fare un picnic sotto una delle sue maestose querce. Potete anche visitare alcuni dei famosi monumenti di Savannah, come il Cimitero di Bonaventura o la Basilica Cattedrale di San Giovanni Battista.<\/p>\n<p>Un'attrazione da non perdere a Savannah \u00e8 Tybee Island, a soli 20 minuti dal centro, dove potrete rilassarvi su spiagge incontaminate o visitare attrazioni come Fort Pulaski National Monument o Tybee Island Light Station.<\/p>\n<h3>I pro e i contro del noleggio di un'auto a savannah ga<\/h3>\n<p>Pro:<br \/>\n- Flessibilit\u00e0 di esplorare la citt\u00e0 al proprio ritmo<br \/>\n- Pi\u00f9 conveniente che affidarsi ai trasporti pubblici<br \/>\n- Accesso a destinazioni pi\u00f9 remote o fuori dai sentieri battuti<\/p>\n<p>Contro:<br \/>\n- Il parcheggio pu\u00f2 essere difficile e costoso in alcune aree della citt\u00e0.<br \/>\n- Il traffico pu\u00f2 essere intenso durante l'alta stagione turistica<\/p>\n<h3>Domande frequenti sul noleggio auto di savannah ga<\/h3>\n<h4>D: Quanti anni devo avere per noleggiare un'auto a Savannah?<\/h4>\n<p>R: La maggior parte delle compagnie di autonoleggio richiede che i conducenti abbiano almeno 25 anni, ma alcune compagnie possono consentire l'utilizzo di conducenti pi\u00f9 giovani pagando un supplemento.<\/p>\n<h4>D: Di che tipo di patente ho bisogno per noleggiare un'auto a Savannah?<\/h4>\n<p>R: \u00c8 necessario avere una patente di guida valida del proprio Paese o un permesso internazionale di guida (IDP) se la patente non \u00e8 scritta in inglese.<\/p>\n<h4>D: \u00c8 necessario acquistare un'assicurazione quando si noleggia un'auto a Savannah?<\/h4>\n<p><img loading=\"lazy\" decoding=\"async\" class=\"alignright\" src=\"\/wp-content\/uploads\/images\/rent_car_240.png\" alt=\"noleggio auto savannah ga\" width=\"350\" height=\"350\" \/><\/p>\n<p>R: Si consiglia vivamente di acquistare un'assicurazione per l'auto a noleggio, poich\u00e9 la maggior parte delle polizze auto personali non copre le auto a noleggio. \u00c8 possibile acquistare l'assicurazione tramite la societ\u00e0 di noleggio o verificare con la societ\u00e0 della carta di credito, poich\u00e9 alcune carte offrono una copertura per le auto a noleggio.<\/p>\n<p>In conclusione, noleggiare un'auto a Savannah Ga durante la vostra visita a questa affascinante citt\u00e0 del sud \u00e8 sicuramente la soluzione migliore. Grazie alla sua convenienza, flessibilit\u00e0 e alle infinite possibilit\u00e0 di esplorazione, il noleggio di un'auto vi garantir\u00e0 di trarre il massimo dal vostro viaggio. Quindi perch\u00e9 aspettare? Prenotate oggi stesso il vostro noleggio auto a Savannah Ga e preparatevi a vivere un'esperienza indimenticabile nella citt\u00e0 pi\u00f9 antica della Georgia!<\/p>\n<\/div>","protected":false},"excerpt":{"rendered":"<p>Experience the Convenience of savannah ga car rental Savannah, Georgia is a charming and historic city that offers visitors a unique blend of Southern hospitality, beautiful architecture, and rich cultural experiences. With its cobblestone streets, tree-lined squares, and antebellum mansions, it&#8217;s no wonder that Savannah has been named one of the most beautiful cities in [&hellip;]<\/p>\n","protected":false},"author":1,"featured_media":5024,"parent":0,"menu_order":0,"comment_status":"closed","ping_status":"closed","template":"","meta":{"rs_blank_template":"","rs_page_bg_color":"","slide_template_v7":"","footnotes":""},"categories":[1],"tags":[],"class_list":["post-7828","page","type-page","status-publish","has-post-thumbnail","hentry","category-blog"],"_links":{"self":[{"href":"https:\/\/rental-car.company\/it\/wp-json\/wp\/v2\/pages\/7828","targetHints":{"allow":["GET"]}}],"collection":[{"href":"https:\/\/rental-car.company\/it\/wp-json\/wp\/v2\/pages"}],"about":[{"href":"https:\/\/rental-car.company\/it\/wp-json\/wp\/v2\/types\/page"}],"author":[{"embeddable":true,"href":"https:\/\/rental-car.company\/it\/wp-json\/wp\/v2\/users\/1"}],"replies":[{"embeddable":true,"href":"https:\/\/rental-car.company\/it\/wp-json\/wp\/v2\/comments?post=7828"}],"version-history":[{"count":0,"href":"https:\/\/rental-car.company\/it\/wp-json\/wp\/v2\/pages\/7828\/revisions"}],"wp:featuredmedia":[{"embeddable":true,"href":"https:\/\/rental-car.company\/it\/wp-json\/wp\/v2\/media\/5024"}],"wp:attachment":[{"href":"https:\/\/rental-car.company\/it\/wp-json\/wp\/v2\/media?parent=7828"}],"wp:term":[{"taxonomy":"category","embeddable":true,"href":"https:\/\/rental-car.company\/it\/wp-json\/wp\/v2\/categories?post=7828"},{"taxonomy":"post_tag","embeddable":true,"href":"https:\/\/rental-car.company\/it\/wp-json\/wp\/v2\/tags?post=7828"}],"curies":[{"name":"wp","href":"https:\/\/api.w.org\/{rel}","templated":true}]}}