{"id":7840,"date":"2024-09-10T03:05:53","date_gmt":"2024-09-10T03:05:53","guid":{"rendered":"https:\/\/rental-car.company\/?page_id=7840"},"modified":"2024-09-10T03:05:53","modified_gmt":"2024-09-10T03:05:53","slug":"il-mio-coniuge-puo-guidare-la-mia-auto-a-noleggio-enterprise","status":"publish","type":"page","link":"https:\/\/rental-car.company\/it\/il-mio-coniuge-puo-guidare-la-mia-auto-a-noleggio-enterprise\/","title":{"rendered":"Il mio coniuge pu\u00f2 guidare la mia auto a noleggio Enterprise - Esplorazione dei vantaggi e delle limitazioni"},"content":{"rendered":"<div class=\"wpb-content-wrapper\"><h2>Variazione di \"il mio coniuge pu\u00f2 guidare la mia auto a noleggio aziendale\": Capire le regole e i regolamenti<\/h2>\n<p>State pianificando un viaggio in auto con la vostra dolce met\u00e0? O forse avete in programma un viaggio di lavoro e volete condividere le responsabilit\u00e0 di guida con il vostro coniuge. Qualunque sia la ragione, se state pensando di lasciare che il vostro coniuge guidi l'auto noleggiata da un'azienda, \u00e8 importante comprendere le norme e i regolamenti che circondano questo scenario.<\/p>\n<div class=\"vc_row wpb_row vc_row-fluid\"><div class=\"wpb_column vc_column_container vc_col-sm-12\"><div class=\"vc_column-inner\"><div class=\"wpb_wrapper\">\n\t<div class=\"wpb_text_column wpb_content_element\" >\n\t\t<div class=\"wpb_wrapper\">\n\t\t\t<p><script id=\"dchwidget\" src=\"https:\/\/www.discovercars.com\/wg.js\" async=\"\" data-dev-env=\"com\" data-location=\"\" data-lang=\"en\" data-utm-source=\"malina\" data-utm-medium=\"widget\" data-aff-code=\"a_aid\" data-autocomplete=\"on\" data-style-submit-bg-color=\"00A200\" data-style-submit-font-color=\"white\" data-style-form-bg-color=\"FAD130\" data-style-form-font-color=\"333\" data-style-submit-text=\"Search now\"><\/script><\/p>\n\n\t\t<\/div>\n\t<\/div>\n<\/div><\/div><\/div><\/div>\n<p>&nbsp;<\/p>\n<h2>Scoprire Se il mio coniuge pu\u00f2 guidare la mia auto a noleggio Enterprise: Cosa c'\u00e8 da sapere<\/h2>\n<p><img loading=\"lazy\" decoding=\"async\" class=\"alignleft\" src=\"\/wp-content\/uploads\/images\/rent_car_608.png\" alt=\"il mio coniuge pu\u00f2 guidare la mia auto a noleggio enterprise\" width=\"350\" height=\"350\" \/><\/p>\n<p>Se noleggiate un'auto da un'impresa, ci sono alcuni fattori che determinano se il vostro coniuge pu\u00f2 guidare o meno il veicolo. Questi fattori includono:<\/p>\n<p>- La politica della societ\u00e0 di noleggio: Ogni societ\u00e0 di noleggio pu\u00f2 avere le proprie regole su chi \u00e8 autorizzato a guidare i propri veicoli. \u00c8 importante verificare con la societ\u00e0 di noleggio specifica prima di presumere che il coniuge possa guidare.<br \/>\n- La copertura assicurativa: Se avete acquistato un'assicurazione tramite la societ\u00e0 di noleggio, in genere copre tutti i conducenti autorizzati elencati nel contratto di noleggio. Tuttavia, se avete rifiutato l'assicurazione o avete optato per un altro tipo di copertura, \u00e8 meglio verificare con il vostro assicuratore se la copertura \u00e8 estesa ad altri conducenti.<br \/>\n- La fedina penale del coniuge: Alcune societ\u00e0 possono richiedere che tutti i conducenti indicati nel contratto abbiano la fedina penale pulita. Se il vostro coniuge ha avuto incidenti o violazioni recenti sulla sua fedina penale, questo potrebbe influire sulla sua capacit\u00e0 di guidare l'auto a noleggio.<\/p>\n<h3>Il mio coniuge pu\u00f2 guidare la mia auto a noleggio Enterprise se non \u00e8 indicato nel contratto?<\/h3>\n<p>Nella maggior parte dei casi, solo i conducenti elencati nel contratto di noleggio sono autorizzati a guidare il veicolo. Infatti, quando si firma un contratto con una societ\u00e0 di noleggio, si accetta che solo le persone elencate nel contratto guidino l'auto. Questo per motivi di responsabilit\u00e0 civile e per garantire che tutti i conducenti siano adeguatamente coperti dall'assicurazione.<\/p>\n<h3>Il mio coniuge pu\u00f2 guidare la mia auto a noleggio Enterprise se \u00e8 indicato nel contratto?<\/h3>\n<p>Se il coniuge \u00e8 indicato nel contratto di noleggio, dovrebbe poter guidare l'auto a noleggio senza problemi. Tuttavia, \u00e8 importante notare che se il coniuge \u00e8 coinvolto in un incidente durante la guida, voi, in quanto noleggiatori principali, sarete comunque responsabili di eventuali danni o spese sostenute.<\/p>\n<h4>Pro e contro<\/h4>\n<p>Pro:<br \/>\n- Condividere le responsabilit\u00e0 di guida pu\u00f2 rendere i lunghi viaggi pi\u00f9 piacevoli e meno faticosi.<br \/>\n- Avere un altro conducente pu\u00f2 essere utile se uno di voi si stanca o non \u00e8 in grado di guidare.<br \/>\n- Alcune societ\u00e0 di noleggio possono offrire sconti o tariffe speciali per l'aggiunta di un secondo conducente.<\/p>\n<p>Contro:<br \/>\n- La copertura assicurativa potrebbe non essere estesa ad altri conducenti, per cui potrebbe essere necessario acquistare una copertura aggiuntiva.<br \/>\n- Se il vostro coniuge ha un incidente mentre guida, ci\u00f2 potrebbe influire sulle vostre tariffe assicurative.<br \/>\n- L'aggiunta di un secondo conducente al contratto di noleggio pu\u00f2 comportare costi aggiuntivi.<\/p>\n<h4>Domande frequenti (FAQ)<\/h4>\n<p><img loading=\"lazy\" decoding=\"async\" class=\"alignright\" src=\"\/wp-content\/uploads\/images\/rent_car_334.png\" alt=\"il mio coniuge pu\u00f2 guidare la mia auto a noleggio enterprise\" width=\"350\" height=\"350\" \/><\/p>\n<p>D: Il mio coniuge pu\u00f2 guidare la mia auto a noleggio anche se ha un cognome diverso?<br \/>\nR: Se sono indicati nel contratto di locazione e soddisfano tutti gli altri requisiti, il loro cognome non dovrebbe essere un problema.<\/p>\n<p>D: Posso aggiungere il mio coniuge come conducente dopo aver gi\u00e0 ritirato l'auto a noleggio?<br \/>\nR: Questo dipende dalle politiche specifiche della societ\u00e0 di noleggio. \u00c8 meglio informarsi prima o chiamare il servizio clienti per assistenza.<\/p>\n<p>D: Il mio partner dello stesso sesso pu\u00f2 guidare l'auto noleggiata da Enterprise?<br \/>\nR: S\u00ec, purch\u00e9 siano indicati nel contratto di noleggio e soddisfino tutti gli altri requisiti, non dovrebbero esserci problemi se sono loro a guidare il veicolo.<\/p>\n<p>In conclusione, la possibilit\u00e0 o meno per il coniuge di guidare l'auto noleggiata da un'azienda dipende dalle politiche specifiche della societ\u00e0, dalla copertura assicurativa e dai suoi precedenti di guida. \u00c8 sempre meglio verificare in anticipo con la societ\u00e0 di noleggio e assicurarsi che vengano prese tutte le misure necessarie per garantire un viaggio sicuro e piacevole sia a voi che al vostro coniuge. Buon viaggio!<\/p>\n<\/div>","protected":false},"excerpt":{"rendered":"<p>Variation of &#8216;can my spouse drive my rental car enterprise&#8217;: Understanding the Rules and Regulations Are you planning a road trip with your significant other? Or perhaps you have a business trip coming up and want to share the driving responsibilities with your spouse. Whatever the reason may be, if you are considering letting your [&hellip;]<\/p>\n","protected":false},"author":1,"featured_media":2990,"parent":0,"menu_order":0,"comment_status":"closed","ping_status":"closed","template":"","meta":{"rs_blank_template":"","rs_page_bg_color":"","slide_template_v7":"","footnotes":""},"categories":[1],"tags":[],"class_list":["post-7840","page","type-page","status-publish","has-post-thumbnail","hentry","category-blog"],"_links":{"self":[{"href":"https:\/\/rental-car.company\/it\/wp-json\/wp\/v2\/pages\/7840","targetHints":{"allow":["GET"]}}],"collection":[{"href":"https:\/\/rental-car.company\/it\/wp-json\/wp\/v2\/pages"}],"about":[{"href":"https:\/\/rental-car.company\/it\/wp-json\/wp\/v2\/types\/page"}],"author":[{"embeddable":true,"href":"https:\/\/rental-car.company\/it\/wp-json\/wp\/v2\/users\/1"}],"replies":[{"embeddable":true,"href":"https:\/\/rental-car.company\/it\/wp-json\/wp\/v2\/comments?post=7840"}],"version-history":[{"count":0,"href":"https:\/\/rental-car.company\/it\/wp-json\/wp\/v2\/pages\/7840\/revisions"}],"wp:featuredmedia":[{"embeddable":true,"href":"https:\/\/rental-car.company\/it\/wp-json\/wp\/v2\/media\/2990"}],"wp:attachment":[{"href":"https:\/\/rental-car.company\/it\/wp-json\/wp\/v2\/media?parent=7840"}],"wp:term":[{"taxonomy":"category","embeddable":true,"href":"https:\/\/rental-car.company\/it\/wp-json\/wp\/v2\/categories?post=7840"},{"taxonomy":"post_tag","embeddable":true,"href":"https:\/\/rental-car.company\/it\/wp-json\/wp\/v2\/tags?post=7840"}],"curies":[{"name":"wp","href":"https:\/\/api.w.org\/{rel}","templated":true}]}}