{"id":7844,"date":"2024-09-10T04:07:12","date_gmt":"2024-09-10T04:07:12","guid":{"rendered":"https:\/\/rental-car.company\/?page_id=7844"},"modified":"2024-09-10T04:07:12","modified_gmt":"2024-09-10T04:07:12","slug":"noleggio-auto-tyler-texas","status":"publish","type":"page","link":"https:\/\/rental-car.company\/it\/noleggio-auto-tyler-texas\/","title":{"rendered":"Noleggio auto Tyler Texas: Il modo perfetto per esplorare lo Stato della Stella Solitaria"},"content":{"rendered":"<div class=\"wpb-content-wrapper\"><h2>Perch\u00e9 noleggiare un'auto a Tyler, Texas, \u00e8 l'opzione migliore per un viaggio memorabile<\/h2>\n<p>Se state programmando un viaggio nell'affascinante citt\u00e0 di Tyler, in Texas, noleggiare un'auto \u00e8 il modo migliore per trarre il massimo dalla vostra visita. Situata nel cuore del Texas orientale, Tyler \u00e8 nota per i suoi splendidi roseti, la sua ricca storia e la sua vibrante cultura. Con cos\u00ec tante cose da vedere e da fare in questa vivace citt\u00e0, avere un'auto a noleggio vi dar\u00e0 la libert\u00e0 e la flessibilit\u00e0 di esplorare al vostro ritmo.<\/p>\n<div class=\"vc_row wpb_row vc_row-fluid\"><div class=\"wpb_column vc_column_container vc_col-sm-12\"><div class=\"vc_column-inner\"><div class=\"wpb_wrapper\">\n\t<div class=\"wpb_text_column wpb_content_element\" >\n\t\t<div class=\"wpb_wrapper\">\n\t\t\t<p><script id=\"dchwidget\" src=\"https:\/\/www.discovercars.com\/wg.js\" async=\"\" data-dev-env=\"com\" data-location=\"\" data-lang=\"en\" data-utm-source=\"malina\" data-utm-medium=\"widget\" data-aff-code=\"a_aid\" data-autocomplete=\"on\" data-style-submit-bg-color=\"00A200\" data-style-submit-font-color=\"white\" data-style-form-bg-color=\"FAD130\" data-style-form-font-color=\"333\" data-style-submit-text=\"Search now\"><\/script><\/p>\n\n\t\t<\/div>\n\t<\/div>\n<\/div><\/div><\/div><\/div>\n<p>&nbsp;<\/p>\n<h2>Scoprite le auto a noleggio a Tyler, Texas: Come funziona<\/h2>\n<p><img loading=\"lazy\" decoding=\"async\" class=\"alignleft\" src=\"\/wp-content\/uploads\/images\/rent_car_912.png\" alt=\"noleggio auto tyler texas\" width=\"350\" height=\"350\" \/><\/p>\n<p>Quando si tratta di noleggiare un'auto a Tyler, Texas, sono disponibili diverse opzioni. Potete scegliere tra le principali compagnie di autonoleggio come Hertz o Enterprise, oppure optare per compagnie locali come Advantage Rent-A-Car o Avis. Indipendentemente dalla compagnia scelta, tutte offrono servizi simili e prezzi competitivi.<\/p>\n<p>Per noleggiare un'auto a Tyler, \u00e8 sufficiente visitare i siti web di una di queste societ\u00e0 di autonoleggio o recarsi presso la loro sede fisica in citt\u00e0. Per il pagamento sono necessari una patente di guida valida e una carta di credito. Una volta completate tutte le pratiche necessarie e processato il pagamento, vi verranno consegnate le chiavi dell'auto a noleggio scelta.<\/p>\n<h3>I vantaggi del noleggio di un'auto a Tyler<\/h3>\n<p>- Convenienza: Avere un'auto a noleggio significa potersi muovere facilmente in citt\u00e0 senza dover ricorrere ai mezzi pubblici o ai servizi di ride-sharing.<br \/>\n- Economico: Rispetto all'uso costante di taxi o servizi di ride-sharing durante il viaggio, il noleggio di un'auto pu\u00f2 farvi risparmiare.<br \/>\n- Flessibilit\u00e0: Con la vostra auto a noleggio a portata di mano, avrete la libert\u00e0 di esplorare tutto ci\u00f2 che Tyler ha da offrire senza essere vincolati da orari.<br \/>\n- Comfort: Non c'\u00e8 niente di meglio che percorrere strade panoramiche con la comodit\u00e0 della propria auto.<br \/>\n- Ampia gamma di opzioni: Che abbiate bisogno di un'auto compatta per viaggiare da soli o di un SUV spazioso per un viaggio in famiglia, le societ\u00e0 di noleggio auto di Tyler offrono una variet\u00e0 di veicoli tra cui scegliere.<\/p>\n<h3>Gli svantaggi del noleggio di un'auto a Tyler<\/h3>\n<p>- Costi aggiuntivi: Tenete presente che al costo del noleggio possono essere aggiunti costi aggiuntivi come l'assicurazione e le tasse.<br \/>\n- Possibilit\u00e0 di spese aggiuntive: Eventuali danni all'auto a noleggio durante il viaggio possono comportare costi aggiuntivi.<br \/>\n- Problemi di parcheggio: Trovare parcheggio nelle aree pi\u00f9 trafficate pu\u00f2 essere difficile, soprattutto durante l'alta stagione turistica.<\/p>\n<h4>Domande frequenti sul noleggio di auto a Tyler, Texas<\/h4>\n<p><strong>D: Qual \u00e8 l'et\u00e0 minima per noleggiare un'auto a Tyler, Texas?<\/strong><br \/>\nR: L'et\u00e0 minima richiesta \u00e8 generalmente di 21 anni. Tuttavia, alcune compagnie possono richiedere che i noleggiatori abbiano almeno 25 anni.<\/p>\n<p><strong>D: Posso noleggiare un'auto senza carta di credito?<\/strong><br \/>\nR: La maggior parte delle societ\u00e0 di autonoleggio richiede una carta di credito per motivi di pagamento e sicurezza. Tuttavia, alcune possono accettare carte di debito con alcune restrizioni.<\/p>\n<p><strong>D: L'assicurazione \u00e8 inclusa nel costo del noleggio?<\/strong><br \/>\nR: La copertura assicurativa di base \u00e8 solitamente inclusa, ma si consiglia di acquistare una copertura aggiuntiva per stare tranquilli.<\/p>\n<h4>Il bilancio<\/h4>\n<p><img loading=\"lazy\" decoding=\"async\" class=\"alignright\" src=\"\/wp-content\/uploads\/images\/rent_car_289.png\" alt=\"noleggio auto tyler texas\" width=\"350\" height=\"350\" \/><\/p>\n<p>Quando pianificate il vostro viaggio a Tyler, Texas, prendete in considerazione l'idea di noleggiare un'auto da una delle numerose e rinomate societ\u00e0 di autonoleggio disponibili. Grazie ai suoi numerosi vantaggi e alla sua convenienza, il noleggio di un'auto render\u00e0 il vostro viaggio ancora pi\u00f9 memorabile. Quindi non esitate: prenotate oggi stesso il vostro noleggio auto Tyler Texas e preparatevi a vivere un'avventura indimenticabile nel Lone Star State!<\/p>\n<\/div>","protected":false},"excerpt":{"rendered":"<p>Why Renting a Car in Tyler, Texas is Your Best Option for a Memorable Trip If you&#8217;re planning a trip to the charming city of Tyler, Texas, then renting a car is the best way to make the most out of your visit. Located in the heart of East Texas, Tyler is known for its [&hellip;]<\/p>\n","protected":false},"author":1,"featured_media":4705,"parent":0,"menu_order":0,"comment_status":"closed","ping_status":"closed","template":"","meta":{"rs_blank_template":"","rs_page_bg_color":"","slide_template_v7":"","footnotes":""},"categories":[1],"tags":[],"class_list":["post-7844","page","type-page","status-publish","has-post-thumbnail","hentry","category-blog"],"_links":{"self":[{"href":"https:\/\/rental-car.company\/it\/wp-json\/wp\/v2\/pages\/7844","targetHints":{"allow":["GET"]}}],"collection":[{"href":"https:\/\/rental-car.company\/it\/wp-json\/wp\/v2\/pages"}],"about":[{"href":"https:\/\/rental-car.company\/it\/wp-json\/wp\/v2\/types\/page"}],"author":[{"embeddable":true,"href":"https:\/\/rental-car.company\/it\/wp-json\/wp\/v2\/users\/1"}],"replies":[{"embeddable":true,"href":"https:\/\/rental-car.company\/it\/wp-json\/wp\/v2\/comments?post=7844"}],"version-history":[{"count":0,"href":"https:\/\/rental-car.company\/it\/wp-json\/wp\/v2\/pages\/7844\/revisions"}],"wp:featuredmedia":[{"embeddable":true,"href":"https:\/\/rental-car.company\/it\/wp-json\/wp\/v2\/media\/4705"}],"wp:attachment":[{"href":"https:\/\/rental-car.company\/it\/wp-json\/wp\/v2\/media?parent=7844"}],"wp:term":[{"taxonomy":"category","embeddable":true,"href":"https:\/\/rental-car.company\/it\/wp-json\/wp\/v2\/categories?post=7844"},{"taxonomy":"post_tag","embeddable":true,"href":"https:\/\/rental-car.company\/it\/wp-json\/wp\/v2\/tags?post=7844"}],"curies":[{"name":"wp","href":"https:\/\/api.w.org\/{rel}","templated":true}]}}