{"id":7848,"date":"2024-09-10T05:06:43","date_gmt":"2024-09-10T05:06:43","guid":{"rendered":"https:\/\/rental-car.company\/?page_id=7848"},"modified":"2024-09-10T05:06:43","modified_gmt":"2024-09-10T05:06:43","slug":"noleggio-suv-ibridi","status":"publish","type":"page","link":"https:\/\/rental-car.company\/it\/noleggio-suv-ibridi\/","title":{"rendered":"Noleggio di SUV ibridi - Una scelta pi\u00f9 ecologica per la vostra prossima avventura"},"content":{"rendered":"<div class=\"wpb-content-wrapper\"><h2>Un'opzione economica ed ecologica per i vostri viaggi<\/h2>\n<p>Avete in programma un viaggio in auto o semplicemente avete bisogno di un veicolo affidabile per spostarvi durante i vostri spostamenti? Non cercate oltre il noleggio di SUV ibridi. Con le crescenti preoccupazioni per il cambiamento climatico e la spinta verso alternative pi\u00f9 ecologiche, il noleggio di un SUV ibrido non \u00e8 solo una scelta ecologica, ma anche conveniente.<\/p>\n<div class=\"vc_row wpb_row vc_row-fluid\"><div class=\"wpb_column vc_column_container vc_col-sm-12\"><div class=\"vc_column-inner\"><div class=\"wpb_wrapper\">\n\t<div class=\"wpb_text_column wpb_content_element\" >\n\t\t<div class=\"wpb_wrapper\">\n\t\t\t<p><script id=\"dchwidget\" src=\"https:\/\/www.discovercars.com\/wg.js\" async=\"\" data-dev-env=\"com\" data-location=\"\" data-lang=\"en\" data-utm-source=\"malina\" data-utm-medium=\"widget\" data-aff-code=\"a_aid\" data-autocomplete=\"on\" data-style-submit-bg-color=\"00A200\" data-style-submit-font-color=\"white\" data-style-form-bg-color=\"FAD130\" data-style-form-font-color=\"333\" data-style-submit-text=\"Search now\"><\/script><\/p>\n\n\t\t<\/div>\n\t<\/div>\n<\/div><\/div><\/div><\/div>\n<p>&nbsp;<\/p>\n<h2>Scopri il noleggio di SUV ibridi<\/h2>\n<p><img loading=\"lazy\" decoding=\"async\" class=\"alignleft\" src=\"\/wp-content\/uploads\/images\/rent_car_1499.png\" alt=\"noleggio suv ibridi\" width=\"350\" height=\"350\" \/><\/p>\n<p>Quando si pensa alle auto a noleggio, ci si immagina veicoli che consumano molta benzina e che non sono esattamente noti per la loro efficienza nei consumi. Tuttavia, i tempi stanno cambiando e sempre pi\u00f9 compagnie di autonoleggio stanno aggiungendo opzioni ibride alla loro flotta. Questi veicoli ecologici combinano un motore elettrico con un tradizionale motore a benzina, migliorando il risparmio di carburante e riducendo le emissioni.<\/p>\n<p>Su rental-car.company offriamo un'ampia gamma di SUV ibridi a noleggio delle migliori marche come Toyota, Honda e Ford. La nostra selezione comprende modelli popolari come Toyota RAV4 Hybrid, Honda CR-V Hybrid e Ford Escape Hybrid. Questi veicoli offrono tutti i vantaggi di un SUV - interni spaziosi, ampio spazio di carico e trazione integrale - e allo stesso tempo sono pi\u00f9 rispettosi dell'ambiente.<\/p>\n<h3>I vantaggi del noleggio di un SUV ibrido<\/h3>\n<ul>\n<li>Riduzione dei costi di carburante: Uno dei principali vantaggi del noleggio di un SUV ibrido \u00e8 l'efficienza dei consumi. Questi veicoli consumano meno benzina rispetto alle auto tradizionali grazie alla componente elettrica del motore.<\/li>\n<li>Emissioni ridotte: Optando per un veicolo ibrido, potete ridurre in modo significativo l'impronta di carbonio durante i vostri viaggi.<\/li>\n<li>Risparmio sulle tasse: Molti Stati offrono incentivi fiscali per la guida di veicoli ecologici.<\/li>\n<li>Esperienza di guida fluida: La combinazione di energia elettrica e benzina garantisce un'esperienza di guida pi\u00f9 silenziosa e fluida.<\/li>\n<\/ul>\n<h3>Gli svantaggi del noleggio di un SUV ibrido<\/h3>\n<ul>\n<li>Costo di noleggio pi\u00f9 elevato: i SUV ibridi possono avere un costo di noleggio pi\u00f9 elevato rispetto alle auto tradizionali, ma il risparmio sul costo del carburante pu\u00f2 compensare questa differenza.<\/li>\n<li>Disponibilit\u00e0 limitata: Poich\u00e9 i veicoli ibridi stanno ancora guadagnando popolarit\u00e0, potrebbero non essere cos\u00ec facilmente disponibili per il noleggio come le auto tradizionali.<\/li>\n<li>Meno potenza: A causa della loro attenzione all'efficienza dei consumi, i SUV ibridi possono avere una potenza inferiore rispetto alle loro controparti non ibride. Tuttavia, questo non dovrebbe essere un problema per la maggior parte dei viaggiatori.<\/li>\n<\/ul>\n<h4>Domande frequenti (FAQ)<\/h4>\n<p><img loading=\"lazy\" decoding=\"async\" class=\"alignright\" src=\"\/wp-content\/uploads\/images\/rent_car_1071.png\" alt=\"noleggio suv ibridi\" width=\"350\" height=\"350\" \/><\/p>\n<h5>D: I SUV ibridi sono pi\u00f9 costosi da noleggiare rispetto alle auto tradizionali?<\/h5>\n<p>R: S\u00ec, inizialmente possono avere un costo di noleggio pi\u00f9 elevato. Tuttavia, il risparmio sui costi del carburante pu\u00f2 renderli pi\u00f9 convenienti nel lungo periodo.<\/p>\n<h5>D: Ho bisogno di una formazione o di conoscenze particolari per guidare un SUV ibrido?<\/h5>\n<p>R: No, guidare un veicolo ibrido non \u00e8 diverso da guidare qualsiasi altra auto. Tuttavia, si consiglia di familiarizzare con le sue caratteristiche prima di mettersi in viaggio.<\/p>\n<h5>D: Posso portare un SUV ibrido fuori strada?<\/h5>\n<p>R: La maggior parte delle societ\u00e0 di noleggio non permette di fare fuoristrada con i propri veicoli. \u00c8 meglio verificare con la societ\u00e0 di noleggio specifica prima di portare il veicolo fuori strada.<\/p>\n<p>In conclusione, il noleggio di un SUV ibrido \u00e8 una scelta eccellente per chi cerca un'opzione ecologica ed economica per i propri viaggi. Noi di rental-car.company offriamo veicoli di alta qualit\u00e0 e ben mantenuti che vi garantiranno un viaggio piacevole e senza intoppi, facendo al contempo la vostra parte per l'ambiente. Quindi perch\u00e9 aspettare? Noleggiate un SUV ibrido per la vostra prossima avventura e sperimentate il meglio dei due mondi: comfort e sostenibilit\u00e0.<\/p>\n<\/div>","protected":false},"excerpt":{"rendered":"<p>A Cost-Effective and Eco-Friendly Option for Your Travels Are you planning a road trip or just need a reliable vehicle to get around during your travels? Look no further than hybrid SUV rental. With rising concerns about climate change and the push towards greener alternatives, renting a hybrid SUV is not only an environmentally friendly [&hellip;]<\/p>\n","protected":false},"author":1,"featured_media":3345,"parent":0,"menu_order":0,"comment_status":"closed","ping_status":"closed","template":"","meta":{"rs_blank_template":"","rs_page_bg_color":"","slide_template_v7":"","footnotes":""},"categories":[1],"tags":[],"class_list":["post-7848","page","type-page","status-publish","has-post-thumbnail","hentry","category-blog"],"_links":{"self":[{"href":"https:\/\/rental-car.company\/it\/wp-json\/wp\/v2\/pages\/7848","targetHints":{"allow":["GET"]}}],"collection":[{"href":"https:\/\/rental-car.company\/it\/wp-json\/wp\/v2\/pages"}],"about":[{"href":"https:\/\/rental-car.company\/it\/wp-json\/wp\/v2\/types\/page"}],"author":[{"embeddable":true,"href":"https:\/\/rental-car.company\/it\/wp-json\/wp\/v2\/users\/1"}],"replies":[{"embeddable":true,"href":"https:\/\/rental-car.company\/it\/wp-json\/wp\/v2\/comments?post=7848"}],"version-history":[{"count":0,"href":"https:\/\/rental-car.company\/it\/wp-json\/wp\/v2\/pages\/7848\/revisions"}],"wp:featuredmedia":[{"embeddable":true,"href":"https:\/\/rental-car.company\/it\/wp-json\/wp\/v2\/media\/3345"}],"wp:attachment":[{"href":"https:\/\/rental-car.company\/it\/wp-json\/wp\/v2\/media?parent=7848"}],"wp:term":[{"taxonomy":"category","embeddable":true,"href":"https:\/\/rental-car.company\/it\/wp-json\/wp\/v2\/categories?post=7848"},{"taxonomy":"post_tag","embeddable":true,"href":"https:\/\/rental-car.company\/it\/wp-json\/wp\/v2\/tags?post=7848"}],"curies":[{"name":"wp","href":"https:\/\/api.w.org\/{rel}","templated":true}]}}