{"id":7850,"date":"2024-09-10T06:05:47","date_gmt":"2024-09-10T06:05:47","guid":{"rendered":"https:\/\/rental-car.company\/?page_id=7850"},"modified":"2024-09-10T06:05:47","modified_gmt":"2024-09-10T06:05:47","slug":"noleggio-auto-aeroporto-di-richmond","status":"publish","type":"page","link":"https:\/\/rental-car.company\/it\/noleggio-auto-aeroporto-di-richmond\/","title":{"rendered":"Noleggio auto Richmond Aeroporto - La vostra guida per un viaggio conveniente"},"content":{"rendered":"<div class=\"wpb-content-wrapper\"><div class=\"vc_row wpb_row vc_row-fluid\"><div class=\"wpb_column vc_column_container vc_col-sm-12\"><div class=\"vc_column-inner\"><div class=\"wpb_wrapper\">\n\t<div class=\"wpb_text_column wpb_content_element\" >\n\t\t<div class=\"wpb_wrapper\">\n\t\t\t<p><script id=\"dchwidget\" src=\"https:\/\/www.discovercars.com\/wg.js\" async=\"\" data-dev-env=\"com\" data-location=\"\" data-lang=\"en\" data-utm-source=\"malina\" data-utm-medium=\"widget\" data-aff-code=\"a_aid\" data-autocomplete=\"on\" data-style-submit-bg-color=\"00A200\" data-style-submit-font-color=\"white\" data-style-form-bg-color=\"FAD130\" data-style-form-font-color=\"333\" data-style-submit-text=\"Search now\"><\/script><\/p>\n\n\t\t<\/div>\n\t<\/div>\n<\/div><\/div><\/div><\/div>\n<p>&nbsp;<\/p>\n<h2>Scoprite la convenienza del noleggio auto all'aeroporto di Richmond<\/h2>\n<p><img loading=\"lazy\" decoding=\"async\" class=\"alignleft\" src=\"\/wp-content\/uploads\/images\/rent_car_1367.png\" alt=\"noleggio auto aeroporto di richmond\" width=\"350\" height=\"350\" \/><\/p>\n<p>Viaggiare pu\u00f2 essere un'esperienza stressante, soprattutto quando si tratta di trasporti. Con l'aumento della popolarit\u00e0 dei servizi di ride-sharing e dei trasporti pubblici, molti viaggiatori potrebbero pensare che noleggiare un'auto non sia pi\u00f9 necessario. Tuttavia, quando si tratta di viaggiare attraverso l'aeroporto di Richmond, avere la propria auto a noleggio pu\u00f2 fare la differenza.<\/p>\n<p>Noi di Rental-Car.Company comprendiamo l'importanza della convenienza e dell'affidabilit\u00e0 quando si tratta di viaggiare. Ecco perch\u00e9 offriamo un'ampia selezione di auto a noleggio all'aeroporto di Richmond tra cui scegliere. Che siate in viaggio per affari o per piacere, le nostre auto a noleggio vi offriranno la libert\u00e0 e la flessibilit\u00e0 necessarie per rendere il vostro viaggio un successo.<\/p>\n<h3>Perch\u00e9 noleggiare un'auto all'aeroporto di Richmond?<\/h3>\n<p>Noleggiare un'auto all'aeroporto di Richmond offre numerosi vantaggi ai viaggiatori. Ecco alcuni motivi per cui scegliere un'auto a noleggio potrebbe essere la soluzione migliore per il vostro prossimo viaggio:<\/p>\n<p>- Convenienza: Con un'auto a noleggio che vi aspetta all'aeroporto, non dovrete preoccuparvi di trovare un mezzo di trasporto o di navigare in sistemi di trasporto pubblico poco familiari.<br \/>\n- Flessibilit\u00e0: avere una propria auto a noleggio vi d\u00e0 la libert\u00e0 di esplorare e visitare pi\u00f9 destinazioni senza essere limitati da orari o percorsi.<br \/>\n- Economico: A seconda dei vostri programmi di viaggio, il noleggio di un'auto pu\u00f2 spesso essere pi\u00f9 conveniente rispetto all'utilizzo di altri mezzi di trasporto, come i taxi o i servizi di ride-sharing.<br \/>\n- Comfort: Dopo un lungo volo, avere una comoda auto a noleggio ad aspettarvi \u00e8 molto pi\u00f9 rilassante che essere stipati in autobus o treni affollati.<\/p>\n<h3>Il processo di noleggio di un'auto all'aeroporto di Richmond<\/h3>\n<p>Noleggiare un'auto all'aeroporto di Richmond \u00e8 un processo facile e diretto con Rental-Car.Company. Basta seguire i seguenti passaggi:<\/p>\n<p>1. Prenotare online: Potete facilmente sfogliare la nostra selezione di auto a noleggio all'aeroporto di Richmond sul nostro sito web ed effettuare la prenotazione in pochi clic.<br \/>\n2. Ritiro dell'auto: Una volta arrivati in aeroporto, recatevi al nostro sportello di noleggio auto dove il nostro personale cordiale vi assister\u00e0 nel processo di ritiro.<br \/>\n3. Godetevi il viaggio: Con la vostra auto a noleggio pronta a partire, potete intraprendere il vostro viaggio in tutta tranquillit\u00e0.<\/p>\n<h4>I vantaggi di noleggiare un'auto all'aeroporto di Richmond<\/h4>\n<p>- Convenienza e flessibilit\u00e0<br \/>\n- Economicamente vantaggioso<br \/>\n- Trasporto comodo e affidabile<br \/>\n- Libert\u00e0 di esplorare pi\u00f9 destinazioni<\/p>\n<h4>I contro del noleggio di un'auto all'aeroporto di Richmond<\/h4>\n<p><img loading=\"lazy\" decoding=\"async\" class=\"alignright\" src=\"\/wp-content\/uploads\/images\/rent_car_137.png\" alt=\"noleggio auto aeroporto di richmond\" width=\"350\" height=\"350\" \/><\/p>\n<p>- Spese aggiuntive come benzina, assicurazione e pedaggi.<br \/>\n- Pu\u00f2 essere difficile per i viaggiatori internazionali a causa delle diverse leggi e normative sulla guida.<\/p>\n<h3>Domande frequenti<\/h3>\n<p>D: Posso restituire la mia auto a noleggio in un luogo diverso?<br \/>\nR: S\u00ec, offriamo noleggi di sola andata che consentono di restituire l'auto a noleggio in una localit\u00e0 diversa pagando un supplemento.<\/p>\n<p>D: Di che tipo di assicurazione ho bisogno quando noleggio un'auto all'aeroporto di Richmond?<br \/>\nR: Offriamo diverse opzioni di assicurazione per le nostre auto a noleggio. Potete scegliere quella pi\u00f9 adatta alle vostre esigenze durante il processo di prenotazione.<\/p>\n<p>D: Posso modificare o cancellare la mia prenotazione?<br \/>\nR: S\u00ec, \u00e8 possibile modificare o cancellare facilmente la prenotazione online o contattando il nostro servizio clienti.<\/p>\n<p>In conclusione, il noleggio di un'auto all'aeroporto di Richmond offre numerosi vantaggi ai viaggiatori. Con Rental-Car.Company, potrete godere di convenienza, flessibilit\u00e0 e comfort durante il vostro viaggio senza spendere una fortuna. Prenotate con noi oggi stesso e sperimentate un viaggio senza problemi all'aeroporto di Richmond.<\/p>\n<\/div>","protected":false},"excerpt":{"rendered":"<p>&nbsp; Discover the Convenience of Rental Car Richmond Airport Traveling can be a stressful experience, especially when it comes to transportation. With the rise in popularity of ride-sharing services and public transportation, many travelers may think that renting a car is no longer necessary. However, when it comes to traveling through Richmond Airport, having your [&hellip;]<\/p>\n","protected":false},"author":1,"featured_media":5216,"parent":0,"menu_order":0,"comment_status":"closed","ping_status":"closed","template":"","meta":{"rs_blank_template":"","rs_page_bg_color":"","slide_template_v7":"","footnotes":""},"categories":[1],"tags":[],"class_list":["post-7850","page","type-page","status-publish","has-post-thumbnail","hentry","category-blog"],"_links":{"self":[{"href":"https:\/\/rental-car.company\/it\/wp-json\/wp\/v2\/pages\/7850","targetHints":{"allow":["GET"]}}],"collection":[{"href":"https:\/\/rental-car.company\/it\/wp-json\/wp\/v2\/pages"}],"about":[{"href":"https:\/\/rental-car.company\/it\/wp-json\/wp\/v2\/types\/page"}],"author":[{"embeddable":true,"href":"https:\/\/rental-car.company\/it\/wp-json\/wp\/v2\/users\/1"}],"replies":[{"embeddable":true,"href":"https:\/\/rental-car.company\/it\/wp-json\/wp\/v2\/comments?post=7850"}],"version-history":[{"count":0,"href":"https:\/\/rental-car.company\/it\/wp-json\/wp\/v2\/pages\/7850\/revisions"}],"wp:featuredmedia":[{"embeddable":true,"href":"https:\/\/rental-car.company\/it\/wp-json\/wp\/v2\/media\/5216"}],"wp:attachment":[{"href":"https:\/\/rental-car.company\/it\/wp-json\/wp\/v2\/media?parent=7850"}],"wp:term":[{"taxonomy":"category","embeddable":true,"href":"https:\/\/rental-car.company\/it\/wp-json\/wp\/v2\/categories?post=7850"},{"taxonomy":"post_tag","embeddable":true,"href":"https:\/\/rental-car.company\/it\/wp-json\/wp\/v2\/tags?post=7850"}],"curies":[{"name":"wp","href":"https:\/\/api.w.org\/{rel}","templated":true}]}}