{"id":7852,"date":"2024-09-10T06:05:47","date_gmt":"2024-09-10T06:05:47","guid":{"rendered":"https:\/\/rental-car.company\/?page_id=7852"},"modified":"2024-09-10T06:05:47","modified_gmt":"2024-09-10T06:05:47","slug":"noleggio-auto-salisbury","status":"publish","type":"page","link":"https:\/\/rental-car.company\/it\/noleggio-auto-salisbury\/","title":{"rendered":"Noleggio auto Salisbury: La vostra guida definitiva"},"content":{"rendered":"<div class=\"wpb-content-wrapper\"><h2>Perch\u00e9 l'Autonoleggio Salisbury \u00e8 la scelta migliore per il vostro prossimo viaggio?<\/h2>\n<p>Se state pianificando un viaggio a Salisbury, nel Regno Unito, il noleggio di un'auto \u00e8 sicuramente un'opzione da prendere in considerazione. Con un'architettura straordinaria, una ricca storia e splendidi paesaggi, questa citt\u00e0 ha molto da offrire. E quale modo migliore di esplorarla se non con un mezzo di trasporto proprio? In questa guida definitiva, parleremo di tutto ci\u00f2 che c'\u00e8 da sapere sul noleggio auto a Salisbury e del perch\u00e9 sia la scelta migliore per il vostro prossimo viaggio.<\/p>\n<div class=\"vc_row wpb_row vc_row-fluid\"><div class=\"wpb_column vc_column_container vc_col-sm-12\"><div class=\"vc_column-inner\"><div class=\"wpb_wrapper\">\n\t<div class=\"wpb_text_column wpb_content_element\" >\n\t\t<div class=\"wpb_wrapper\">\n\t\t\t<p><script id=\"dchwidget\" src=\"https:\/\/www.discovercars.com\/wg.js\" async=\"\" data-dev-env=\"com\" data-location=\"\" data-lang=\"en\" data-utm-source=\"malina\" data-utm-medium=\"widget\" data-aff-code=\"a_aid\" data-autocomplete=\"on\" data-style-submit-bg-color=\"00A200\" data-style-submit-font-color=\"white\" data-style-form-bg-color=\"FAD130\" data-style-form-font-color=\"333\" data-style-submit-text=\"Search now\"><\/script><\/p>\n\n\t\t<\/div>\n\t<\/div>\n<\/div><\/div><\/div><\/div>\n<p>&nbsp;<\/p>\n<h2>Scoprire il noleggio auto di Salisbury<\/h2>\n<p><img loading=\"lazy\" decoding=\"async\" class=\"alignleft\" src=\"\/wp-content\/uploads\/images\/rent_car_1392.png\" alt=\"noleggio auto salisbury\" width=\"350\" height=\"350\" \/><\/p>\n<p>Quando si tratta di noleggiare un'auto a Salisbury, ci sono diverse opzioni disponibili. \u00c8 possibile scegliere tra diverse societ\u00e0 di noleggio come Avis, Hertz, Enterprise e altre ancora. Tuttavia, noi di rental-car.company siamo orgogliosi di essere la scelta migliore per il noleggio auto a Salisbury.<\/p>\n<p>Offriamo un'ampia gamma di veicoli, tra cui auto compatte per chi viaggia da solo o in coppia, berline per famiglie o gruppi e persino SUV per chi \u00e8 alla ricerca di avventure fuoristrada. I nostri prezzi sono competitivi e il nostro servizio clienti \u00e8 di prim'ordine.<\/p>\n<h3>La convenienza di avere un'auto propria<\/h3>\n<p>Uno dei maggiori vantaggi di noleggiare un'auto a Salisbury \u00e8 la comodit\u00e0 che offre. I mezzi pubblici possono essere a volte inaffidabili e non sempre vi portano esattamente dove volete andare. Noleggiando un'auto da noi di rental-car.company, avrete la libert\u00e0 di esplorare la citt\u00e0 al vostro ritmo senza preoccuparvi di orari o percorsi.<\/p>\n<p>Potrete anche visitare facilmente le attrazioni vicine, come Stonehenge o Longleat Safari Park, senza dover ricorrere a tour o ai trasporti pubblici. Inoltre, con i nostri sistemi GPS disponibili per il noleggio insieme ai nostri veicoli, orientarsi in una citt\u00e0 sconosciuta diventa un gioco da ragazzi.<\/p>\n<h3>Opzione conveniente<\/h3>\n<p>Contrariamente a quanto si pensa, noleggiare un'auto a Salisbury pu\u00f2 essere un'opzione conveniente. Con rental-car.company, potete scegliere tra una variet\u00e0 di veicoli e pacchetti di noleggio adatti al vostro budget. Inoltre, avere un'auto propria significa risparmiare sui costi di trasporto, come i taxi o le spese per i tour.<\/p>\n<h3>Flessibilit\u00e0 e comfort<\/h3>\n<p>Con l'autonoleggio, avete la flessibilit\u00e0 di creare il vostro itinerario ed esplorare la citt\u00e0 al vostro ritmo. Potrete fare deviazioni, fermarvi per scattare foto o dedicare tutto il tempo che volete a una particolare attrazione senza preoccuparvi di perdere i mezzi pubblici.<\/p>\n<p>Inoltre, le nostre auto sono sottoposte a regolare manutenzione per garantire ai nostri clienti un'esperienza di guida confortevole. \u00c8 anche possibile scegliere tra diverse caratteristiche, come l'aria condizionata o il cambio automatico, in base alle proprie preferenze.<\/p>\n<h4>Pro e contro<\/h4>\n<p>Pro:<br \/>\n- Modalit\u00e0 di trasporto conveniente<br \/>\n- Libert\u00e0 di esplorare al proprio ritmo<br \/>\n- Opzione conveniente<br \/>\n- Flessibilit\u00e0 nella creazione di un itinerario<br \/>\n- Esperienza di guida confortevole<\/p>\n<p>Contro:<br \/>\n- Traffico potenziale nelle ore di punta<br \/>\n- Necessit\u00e0 di competenze di navigazione<\/p>\n<h4>Domande frequenti (FAQ)<\/h4>\n<p><img loading=\"lazy\" decoding=\"async\" class=\"alignright\" src=\"\/wp-content\/uploads\/images\/rent_car_566.png\" alt=\"noleggio auto salisbury\" width=\"350\" height=\"350\" \/><\/p>\n<p>D: Ho bisogno di una patente internazionale per noleggiare un'auto a Salisbury?<br \/>\nR: No, se avete una patente di guida valida del vostro Paese \u00e8 sufficiente.<\/p>\n<p>D: C'\u00e8 un limite di et\u00e0 per noleggiare un'auto a Salisbury?<br \/>\nR: S\u00ec, l'et\u00e0 minima richiesta \u00e8 solitamente di 21 anni, ma alcune compagnie richiedono che i conducenti abbiano 25 anni o pi\u00f9.<\/p>\n<p>D: Che tipo di copertura assicurativa \u00e8 inclusa nel noleggio?<br \/>\nR: I nostri noleggi vengono forniti con una copertura assicurativa di base, ma offriamo anche opzioni di copertura aggiuntive per una maggiore tranquillit\u00e0.<\/p>\n<p>D: Posso restituire la mia auto a noleggio al di fuori dell&#039;orario di lavoro?<br \/>\nR: S\u00ec, offriamo opzioni di consegna dopo l'orario di lavoro per la comodit\u00e0 dei nostri clienti.<\/p>\n<p>In conclusione, l'autonoleggio a Salisbury \u00e8 sicuramente da prendere in considerazione quando si pianifica un viaggio. Grazie alla comodit\u00e0, all'economicit\u00e0 e alla flessibilit\u00e0 che offre, potrete sfruttare al meglio il tempo trascorso in questa splendida citt\u00e0. E con rental-car.company come fornitore di fiducia di auto a noleggio, potete stare certi che il vostro viaggio sar\u00e0 tranquillo e piacevole. Prenotate con noi oggi stesso e preparatevi a vivere un'esperienza indimenticabile a Salisbury!<\/p>\n<\/div>","protected":false},"excerpt":{"rendered":"<p>Why Car Hire Salisbury is the Best Choice for Your Next Trip If you are planning a trip to Salisbury, UK, then car hire is definitely something you should consider. With stunning architecture, rich history, and beautiful landscapes, this city has so much to offer. And what better way to explore it all than by [&hellip;]<\/p>\n","protected":false},"author":1,"featured_media":3903,"parent":0,"menu_order":0,"comment_status":"closed","ping_status":"closed","template":"","meta":{"rs_blank_template":"","rs_page_bg_color":"","slide_template_v7":"","footnotes":""},"categories":[1],"tags":[],"class_list":["post-7852","page","type-page","status-publish","has-post-thumbnail","hentry","category-blog"],"_links":{"self":[{"href":"https:\/\/rental-car.company\/it\/wp-json\/wp\/v2\/pages\/7852","targetHints":{"allow":["GET"]}}],"collection":[{"href":"https:\/\/rental-car.company\/it\/wp-json\/wp\/v2\/pages"}],"about":[{"href":"https:\/\/rental-car.company\/it\/wp-json\/wp\/v2\/types\/page"}],"author":[{"embeddable":true,"href":"https:\/\/rental-car.company\/it\/wp-json\/wp\/v2\/users\/1"}],"replies":[{"embeddable":true,"href":"https:\/\/rental-car.company\/it\/wp-json\/wp\/v2\/comments?post=7852"}],"version-history":[{"count":0,"href":"https:\/\/rental-car.company\/it\/wp-json\/wp\/v2\/pages\/7852\/revisions"}],"wp:featuredmedia":[{"embeddable":true,"href":"https:\/\/rental-car.company\/it\/wp-json\/wp\/v2\/media\/3903"}],"wp:attachment":[{"href":"https:\/\/rental-car.company\/it\/wp-json\/wp\/v2\/media?parent=7852"}],"wp:term":[{"taxonomy":"category","embeddable":true,"href":"https:\/\/rental-car.company\/it\/wp-json\/wp\/v2\/categories?post=7852"},{"taxonomy":"post_tag","embeddable":true,"href":"https:\/\/rental-car.company\/it\/wp-json\/wp\/v2\/tags?post=7852"}],"curies":[{"name":"wp","href":"https:\/\/api.w.org\/{rel}","templated":true}]}}