{"id":7854,"date":"2024-09-10T07:05:19","date_gmt":"2024-09-10T07:05:19","guid":{"rendered":"https:\/\/rental-car.company\/?page_id=7854"},"modified":"2024-09-10T07:05:19","modified_gmt":"2024-09-10T07:05:19","slug":"noleggio-auto-tuscaloosa","status":"publish","type":"page","link":"https:\/\/rental-car.company\/it\/noleggio-auto-tuscaloosa\/","title":{"rendered":"noleggio auto tuscaloosa - Introduzione sull'argomento"},"content":{"rendered":"<div class=\"wpb-content-wrapper\"><p>Se state programmando un viaggio a Tuscaloosa, in Alabama, una delle prime cose che dovrete considerare \u00e8 come vi sposterete. Sebbene i mezzi pubblici siano disponibili in citt\u00e0, potrebbero non essere l'opzione pi\u00f9 conveniente per i turisti. \u00c8 qui che entra in gioco il noleggio auto a Tuscaloosa. Con un'auto a noleggio, potrete facilmente esplorare tutto ci\u00f2 che questa vivace citt\u00e0 ha da offrire al vostro ritmo.<\/p>\n<div class=\"vc_row wpb_row vc_row-fluid\"><div class=\"wpb_column vc_column_container vc_col-sm-12\"><div class=\"vc_column-inner\"><div class=\"wpb_wrapper\">\n\t<div class=\"wpb_text_column wpb_content_element\" >\n\t\t<div class=\"wpb_wrapper\">\n\t\t\t<p><script id=\"dchwidget\" src=\"https:\/\/www.discovercars.com\/wg.js\" async=\"\" data-dev-env=\"com\" data-location=\"\" data-lang=\"en\" data-utm-source=\"malina\" data-utm-medium=\"widget\" data-aff-code=\"a_aid\" data-autocomplete=\"on\" data-style-submit-bg-color=\"00A200\" data-style-submit-font-color=\"white\" data-style-form-bg-color=\"FAD130\" data-style-form-font-color=\"333\" data-style-submit-text=\"Search now\"><\/script><\/p>\n\n\t\t<\/div>\n\t<\/div>\n<\/div><\/div><\/div><\/div>\n<p>&nbsp;<\/p>\n<h2>Opzioni di noleggio auto a Tuscaloosa<\/h2>\n<p><img loading=\"lazy\" decoding=\"async\" class=\"alignleft\" src=\"\/wp-content\/uploads\/images\/rent_car_1109.png\" alt=\"noleggio auto tuscaloosa\" width=\"350\" height=\"350\" \/><\/p>\n<p>Quando si tratta di noleggiare un'auto a Tuscaloosa, ci sono diverse opzioni disponibili per i viaggiatori. \u00c8 possibile noleggiare un veicolo da societ\u00e0 famose come Enterprise, Hertz o Avis presso l'aeroporto internazionale di Birmingham-Shuttlesworth (BHM), che si trova a circa un'ora di distanza da Tuscaloosa. In alternativa, ci sono anche societ\u00e0 di noleggio locali come Tuscaloosa Discount Auto Rentals e Affordable Rent-A-Car che offrono tariffe competitive.<\/p>\n<h3>Noleggiare un'auto a Tuscaloosa: quello che c'\u00e8 da sapere<\/h3>\n<p>Prima di prenotare il noleggio auto a Tuscaloosa, ci sono alcune cose da tenere a mente. Innanzitutto, assicuratevi di avere una patente di guida valida e una carta di credito con fondi sufficienti a coprire il costo del noleggio ed eventuali spese o addebiti aggiuntivi.<\/p>\n<p>\u00c8 inoltre importante leggere attentamente i termini e le condizioni della societ\u00e0 di noleggio scelta. Questo vi dar\u00e0 un'idea di ci\u00f2 che \u00e8 incluso nella tariffa e di quali costi aggiuntivi possono essere applicati.<\/p>\n<p>Un'altra considerazione importante \u00e8 la copertura assicurativa. La maggior parte delle principali carte di credito offre un certo livello di copertura assicurativa quando si noleggia un veicolo; tuttavia, \u00e8 sempre meglio verificare prima con la societ\u00e0 di carte di credito. Se non \u00e8 coperta dalla carta di credito o dalla polizza assicurativa personale, pu\u00f2 valere la pena di acquistare una copertura aggiuntiva dalla societ\u00e0 di noleggio per essere pi\u00f9 tranquilli.<\/p>\n<h3>Pro \/ Contro del noleggio auto a Tuscaloosa<\/h3>\n<p>Pro:<br \/>\n- Convenienza: Con un'auto a noleggio, avrete la libert\u00e0 di esplorare Tuscaloosa e le aree circostanti al vostro ritmo.<br \/>\n- Economico: A seconda del tipo di veicolo e della durata del viaggio, il noleggio di un'auto pu\u00f2 spesso essere pi\u00f9 conveniente che affidarsi ad altri mezzi di trasporto.<br \/>\n- Comfort: Avere un veicolo proprio vi permette di viaggiare comodamente, soprattutto se avete bambini o se avete intenzione di visitare pi\u00f9 attrazioni in un giorno.<\/p>\n<p>Contro:<br \/>\n- Costi aggiuntivi: Tenete presente che le societ\u00e0 di noleggio possono addebitare costi aggiuntivi per cose come sistemi di navigazione GPS, seggiolini auto o conducenti aggiuntivi.<br \/>\n- Possibilit\u00e0 di parcheggio limitate: Il parcheggio pu\u00f2 essere limitato in alcune zone della citt\u00e0 e pu\u00f2 comportare un costo aggiuntivo.<br \/>\n- Responsabilit\u00e0 per i danni: Quando si noleggia un'auto, si \u00e8 responsabili di eventuali danni subiti durante il periodo di noleggio. \u00c8 importante ispezionare accuratamente il veicolo prima di partire e segnalare eventuali danni preesistenti per evitare che vengano addebitati in seguito.<\/p>\n<h4>Domande frequenti sul noleggio auto a Tuscaloosa<\/h4>\n<p><img loading=\"lazy\" decoding=\"async\" class=\"alignright\" src=\"\/wp-content\/uploads\/images\/rent_car_1134.png\" alt=\"noleggio auto tuscaloosa\" width=\"350\" height=\"350\" \/><\/p>\n<p>D: Posso noleggiare un'auto senza carta di credito?<br \/>\nR: La maggior parte delle principali societ\u00e0 di noleggio richiede una carta di credito come deposito cauzionale. Tuttavia, alcune societ\u00e0 locali possono accettare carte di debito o depositi in contanti.<\/p>\n<p>D: C'\u00e8 un requisito di et\u00e0 per noleggiare un'auto a Tuscaloosa?<br \/>\nR: L'et\u00e0 minima richiesta varia a seconda della compagnia, ma in genere \u00e8 compresa tra i 21 e i 25 anni. Alcune compagnie applicano una tariffa aggiuntiva per i conducenti di et\u00e0 inferiore ai 25 anni.<\/p>\n<p>D: Posso restituire l'auto a noleggio in un luogo diverso?<br \/>\nR: S\u00ec, la maggior parte delle principali societ\u00e0 di noleggio offre noleggi di sola andata in cui \u00e8 possibile riconsegnare l'auto in un luogo diverso da quello in cui \u00e8 stata ritirata. Potrebbero essere applicati costi aggiuntivi.<\/p>\n<p>In conclusione, il noleggio auto a Tuscaloosa \u00e8 un modo comodo ed economico per esplorare la citt\u00e0 di Tuscaloosa e le aree circostanti. Assicuratevi di fare le vostre ricerche e di leggere i termini e le condizioni prima di prenotare il noleggio per assicurarvi un'esperienza senza problemi. Buon viaggio!<\/p>\n<\/div>","protected":false},"excerpt":{"rendered":"<p>If you&#8217;re planning a trip to Tuscaloosa, Alabama, one of the first things you&#8217;ll need to consider is how you&#8217;ll get around. While public transportation is available in the city, it may not be the most convenient option for tourists. That&#8217;s where tuscaloosa car rental comes in. With a rental car, you can easily explore [&hellip;]<\/p>\n","protected":false},"author":1,"featured_media":3658,"parent":0,"menu_order":0,"comment_status":"closed","ping_status":"closed","template":"","meta":{"rs_blank_template":"","rs_page_bg_color":"","slide_template_v7":"","footnotes":""},"categories":[1],"tags":[],"class_list":["post-7854","page","type-page","status-publish","has-post-thumbnail","hentry","category-blog"],"_links":{"self":[{"href":"https:\/\/rental-car.company\/it\/wp-json\/wp\/v2\/pages\/7854","targetHints":{"allow":["GET"]}}],"collection":[{"href":"https:\/\/rental-car.company\/it\/wp-json\/wp\/v2\/pages"}],"about":[{"href":"https:\/\/rental-car.company\/it\/wp-json\/wp\/v2\/types\/page"}],"author":[{"embeddable":true,"href":"https:\/\/rental-car.company\/it\/wp-json\/wp\/v2\/users\/1"}],"replies":[{"embeddable":true,"href":"https:\/\/rental-car.company\/it\/wp-json\/wp\/v2\/comments?post=7854"}],"version-history":[{"count":0,"href":"https:\/\/rental-car.company\/it\/wp-json\/wp\/v2\/pages\/7854\/revisions"}],"wp:featuredmedia":[{"embeddable":true,"href":"https:\/\/rental-car.company\/it\/wp-json\/wp\/v2\/media\/3658"}],"wp:attachment":[{"href":"https:\/\/rental-car.company\/it\/wp-json\/wp\/v2\/media?parent=7854"}],"wp:term":[{"taxonomy":"category","embeddable":true,"href":"https:\/\/rental-car.company\/it\/wp-json\/wp\/v2\/categories?post=7854"},{"taxonomy":"post_tag","embeddable":true,"href":"https:\/\/rental-car.company\/it\/wp-json\/wp\/v2\/tags?post=7854"}],"curies":[{"name":"wp","href":"https:\/\/api.w.org\/{rel}","templated":true}]}}