{"id":7872,"date":"2024-09-10T15:05:19","date_gmt":"2024-09-10T15:05:19","guid":{"rendered":"https:\/\/rental-car.company\/?page_id=7872"},"modified":"2024-09-10T15:05:19","modified_gmt":"2024-09-10T15:05:19","slug":"noleggio-auto-mercedes","status":"publish","type":"page","link":"https:\/\/rental-car.company\/it\/noleggio-auto-mercedes\/","title":{"rendered":"Noleggio auto Mercedes: l'esperienza di lusso per eccellenza"},"content":{"rendered":"<div class=\"wpb-content-wrapper\"><h2>Noleggiare una Mercedes: Elevare la vostra esperienza di viaggio<\/h2>\n<p>Quando si parla di auto di lusso, Mercedes \u00e8 uno dei nomi pi\u00f9 importanti che vengono in mente. Conosciuta per il suo design elegante, la tecnologia avanzata e le prestazioni impeccabili, l'autonoleggio Mercedes \u00e8 la scelta perfetta per chi desidera aggiungere un tocco di raffinatezza ed eleganza ai propri viaggi.<\/p>\n<p>Su rental-car.company offriamo un'ampia gamma di veicoli di lusso a noleggio, compresi i modelli Mercedes. Grazie al nostro processo di prenotazione facile e conveniente, ora potete provare l'emozione di guidare una Mercedes senza doverne possedere una. Continuate a leggere per scoprire di pi\u00f9 sulle nostre opzioni di noleggio di auto Mercedes e perch\u00e9 \u00e8 l'esperienza di lusso per eccellenza.<\/p>\n<div class=\"vc_row wpb_row vc_row-fluid\"><div class=\"wpb_column vc_column_container vc_col-sm-12\"><div class=\"vc_column-inner\"><div class=\"wpb_wrapper\">\n\t<div class=\"wpb_text_column wpb_content_element\" >\n\t\t<div class=\"wpb_wrapper\">\n\t\t\t<p><script id=\"dchwidget\" src=\"https:\/\/www.discovercars.com\/wg.js\" async=\"\" data-dev-env=\"com\" data-location=\"\" data-lang=\"en\" data-utm-source=\"malina\" data-utm-medium=\"widget\" data-aff-code=\"a_aid\" data-autocomplete=\"on\" data-style-submit-bg-color=\"00A200\" data-style-submit-font-color=\"white\" data-style-form-bg-color=\"FAD130\" data-style-form-font-color=\"333\" data-style-submit-text=\"Search now\"><\/script><\/p>\n\n\t\t<\/div>\n\t<\/div>\n<\/div><\/div><\/div><\/div>\n<p>&nbsp;<\/p>\n<h2>Scoprire il noleggio auto Mercedes<\/h2>\n<p><img loading=\"lazy\" decoding=\"async\" class=\"alignleft\" src=\"\/wp-content\/uploads\/images\/rent_car_495.png\" alt=\"noleggio auto mercedes\" width=\"350\" height=\"350\" \/><\/p>\n<p>Noi di rental-car.company disponiamo di un'impressionante flotta di veicoli lussuosi, tra cui vari modelli Mercedes, come le berline Classe C, Classe E, Classe S e i SUV GLA e GLC. Ogni modello offre caratteristiche uniche, ma tutti condividono lo stesso livello di alta qualit\u00e0 artigianale che rende la guida di una Mercedes un'esperienza indimenticabile.<\/p>\n<p>Che siate in viaggio per affari o per piacere, il noleggio di un'auto mercedes pu\u00f2 migliorare il vostro viaggio in molti modi. Ecco alcuni dei principali vantaggi che potete aspettarvi dal nostro servizio di noleggio auto mercedes:<\/p>\n<h3>Il lusso al suo massimo splendore<\/h3>\n<p>Le auto Mercedes sono rinomate per i loro interni lussuosi che trasudano comfort e stile. Dai sedili in pelle pregiata ai sistemi di infotainment ad alta tecnologia, ogni dettaglio \u00e8 stato accuratamente progettato per offrire ai passeggeri un'esperienza di viaggio senza pari. I nostri noleggi Mercedes vi permettono di abbandonarvi a questo stile di vita lussuoso senza sforare il vostro budget.<\/p>\n<h3>Tecnologia avanzata<\/h3>\n<p>Una caratteristica che distingue Mercedes dagli altri marchi di lusso \u00e8 la sua costante innovazione tecnologica. Tutte le nostre Mercedes a noleggio sono dotate di funzioni avanzate come i sistemi di navigazione a controllo vocale, le funzionalit\u00e0 di integrazione degli smartphone e i sistemi di assistenza alla guida per un'esperienza di guida sicura e fluida.<\/p>\n<h3>Prestazioni ineguagliabili<\/h3>\n<p>Le auto Mercedes sono note per i loro potenti motori e le eccezionali prestazioni su strada. Dall'accelerazione rapida alla maneggevolezza precisa, un'auto Mercedes a noleggio non solo far\u00e0 girare la testa, ma vi offrir\u00e0 anche un'esperienza di guida entusiasmante.<\/p>\n<h4>Pro e contro<\/h4>\n<p>Pro:<br \/>\n- Vivere il lusso senza possedere una Mercedes<br \/>\n- Tecnologia e caratteristiche avanzate<br \/>\n- Prestazioni eccezionali su strada<br \/>\n- Ampia gamma di modelli tra cui scegliere<\/p>\n<p>Contro:<br \/>\n- Costi di noleggio pi\u00f9 elevati rispetto ai veicoli standard<br \/>\n- Disponibilit\u00e0 limitata in alcune localit\u00e0<\/p>\n<h4>Domande frequenti (FAQ)<\/h4>\n<p><img loading=\"lazy\" decoding=\"async\" class=\"alignright\" src=\"\/wp-content\/uploads\/images\/rent_car_201.png\" alt=\"noleggio auto mercedes\" width=\"350\" height=\"350\" \/><\/p>\n<p>D: Come faccio a noleggiare un'auto Mercedes?<br \/>\nR: \u00c8 sufficiente visitare il nostro sito web rental-car.company, selezionare la localit\u00e0 e le date desiderate e scegliere un modello Mercedes dalla nostra flotta. Potete anche contattare il nostro servizio clienti per ricevere assistenza.<\/p>\n<p>D: Posso scegliere il modello esatto di Mercedes che voglio noleggiare?<br \/>\nR: S\u00ec, \u00e8 possibile selezionare il modello preferito tra le opzioni disponibili al momento della prenotazione.<\/p>\n<p>D: C'\u00e8 una restrizione di et\u00e0 per il noleggio di una Mercedes?<br \/>\nR: S\u00ec, tutti i conducenti devono avere almeno 25 anni, una patente di guida valida e l'assicurazione.<\/p>\n<p>D: Posso noleggiare una Mercedes per un solo giorno?<br \/>\nR: S\u00ec, offriamo noleggi giornalieri e a lungo termine, a seconda delle vostre esigenze.<\/p>\n<p>In conclusione, noleggiare un'auto Mercedes \u00e8 il modo perfetto per aggiungere lusso e stile ai vostri viaggi. Grazie all'ampia selezione di modelli e al facile processo di prenotazione di rental-car.company, ora potete provare l'emozione di guidare una Mercedes senza doverne possedere una. Prenotate oggi stesso il noleggio di un'auto Mercedes ed elevate la vostra esperienza di viaggio!<\/p>\n<\/div>","protected":false},"excerpt":{"rendered":"<p>Renting a Mercedes: Elevating Your Travel Experience When it comes to luxury cars, Mercedes is one of the top names that come to mind. Known for their sleek designs, advanced technology, and impeccable performance, a Mercedes car rental is the perfect choice for those looking to add a touch of sophistication and elegance to their [&hellip;]<\/p>\n","protected":false},"author":1,"featured_media":2359,"parent":0,"menu_order":0,"comment_status":"closed","ping_status":"closed","template":"","meta":{"rs_blank_template":"","rs_page_bg_color":"","slide_template_v7":"","footnotes":""},"categories":[1],"tags":[],"class_list":["post-7872","page","type-page","status-publish","has-post-thumbnail","hentry","category-blog"],"_links":{"self":[{"href":"https:\/\/rental-car.company\/it\/wp-json\/wp\/v2\/pages\/7872","targetHints":{"allow":["GET"]}}],"collection":[{"href":"https:\/\/rental-car.company\/it\/wp-json\/wp\/v2\/pages"}],"about":[{"href":"https:\/\/rental-car.company\/it\/wp-json\/wp\/v2\/types\/page"}],"author":[{"embeddable":true,"href":"https:\/\/rental-car.company\/it\/wp-json\/wp\/v2\/users\/1"}],"replies":[{"embeddable":true,"href":"https:\/\/rental-car.company\/it\/wp-json\/wp\/v2\/comments?post=7872"}],"version-history":[{"count":0,"href":"https:\/\/rental-car.company\/it\/wp-json\/wp\/v2\/pages\/7872\/revisions"}],"wp:featuredmedia":[{"embeddable":true,"href":"https:\/\/rental-car.company\/it\/wp-json\/wp\/v2\/media\/2359"}],"wp:attachment":[{"href":"https:\/\/rental-car.company\/it\/wp-json\/wp\/v2\/media?parent=7872"}],"wp:term":[{"taxonomy":"category","embeddable":true,"href":"https:\/\/rental-car.company\/it\/wp-json\/wp\/v2\/categories?post=7872"},{"taxonomy":"post_tag","embeddable":true,"href":"https:\/\/rental-car.company\/it\/wp-json\/wp\/v2\/tags?post=7872"}],"curies":[{"name":"wp","href":"https:\/\/api.w.org\/{rel}","templated":true}]}}